{"id":97562,"date":"2025-12-05T16:27:55","date_gmt":"2025-12-05T13:27:55","guid":{"rendered":"https:\/\/baldumarket.lt\/product\/mevel-07-piasek-pustyni-millennial-pink-biurko-1d\/"},"modified":"2026-02-03T23:53:32","modified_gmt":"2026-02-03T20:53:32","slug":"mevel-07-piasek-pustyni-millennial-pink-biurko-1d","status":"publish","type":"product","link":"https:\/\/baldumarket.lt\/ru\/product\/mevel-07-piasek-pustyni-millennial-pink-biurko-1d\/","title":{"rendered":"Mevel 07 Desert Sand\/T\u016bkstantme\u010dio ro\u017einis \u2013 1D ra\u0161omasis stalas"},"content":{"rendered":"<p>\u0421\u0442\u043e\u043b Mevel 07 \u2014 \u0438\u0434\u0435\u0430\u043b\u044c\u043d\u044b\u0439 \u043f\u0440\u0435\u0434\u043c\u0435\u0442 \u043c\u0435\u0431\u0435\u043b\u0438 \u0434\u043b\u044f \u043a\u043e\u043c\u043d\u0430\u0442\u044b \u0448\u043a\u043e\u043b\u044c\u043d\u0438\u043a\u0430. \u0428\u0438\u0440\u043e\u043a\u0430\u044f \u0441\u0442\u043e\u043b\u0435\u0448\u043d\u0438\u0446\u0430 \u043e\u0431\u0435\u0441\u043f\u0435\u0447\u0438\u0432\u0430\u0435\u0442 \u043a\u043e\u043c\u0444\u043e\u0440\u0442\u043d\u043e\u0435 \u0432\u044b\u043f\u043e\u043b\u043d\u0435\u043d\u0438\u0435 \u0434\u043e\u043c\u0430\u0448\u043d\u0438\u0445 \u0437\u0430\u0434\u0430\u043d\u0438\u0439, \u044d\u0444\u0444\u0435\u043a\u0442\u0438\u0432\u043d\u043e\u0435 \u043e\u0431\u0443\u0447\u0435\u043d\u0438\u0435 \u0438 \u043f\u0440\u043e\u0441\u0442\u0440\u0430\u043d\u0441\u0442\u0432\u043e \u0434\u043b\u044f \u0437\u0430\u043d\u044f\u0442\u0438\u0439 \u043b\u044e\u0431\u0438\u043c\u044b\u043c\u0438 \u0434\u0435\u043b\u0430\u043c\u0438. \u041a\u043e\u043d\u0441\u0442\u0440\u0443\u043a\u0446\u0438\u044f \u0432\u043a\u043b\u044e\u0447\u0430\u0435\u0442 \u0432 \u0441\u0435\u0431\u044f \u0443\u0434\u043e\u0431\u043d\u043e\u0435 \u0443\u0433\u043b\u0443\u0431\u043b\u0435\u043d\u0438\u0435 \u043f\u043e\u0434 \u0441\u0442\u043e\u043b\u0435\u0448\u043d\u0438\u0446\u0435\u0439, \u043f\u043e\u0437\u0432\u043e\u043b\u044f\u044e\u0449\u0435\u0435 \u0440\u0435\u0431\u0435\u043d\u043a\u0443 \u043b\u0435\u0433\u043a\u043e \u0445\u0440\u0430\u043d\u0438\u0442\u044c \u0442\u0435\u0442\u0440\u0430\u0434\u0438 \u0438\u043b\u0438 \u043a\u043d\u0438\u0433\u0438, \u043a\u043e\u0442\u043e\u0440\u044b\u0435 \u0435\u043c\u0443 \u0431\u043e\u043b\u044c\u0448\u0435 \u043d\u0435 \u043d\u0443\u0436\u043d\u044b. \u0421 \u043f\u0440\u0430\u0432\u043e\u0439 \u0441\u0442\u043e\u0440\u043e\u043d\u044b \u0441\u0442\u043e\u043b\u0430 \u0442\u0430\u043a\u0436\u0435 \u0440\u0430\u0441\u043f\u043e\u043b\u043e\u0436\u0435\u043d\u044b \u0434\u0432\u0430 \u043f\u0440\u043e\u0441\u0442\u043e\u0440\u043d\u044b\u0445 \u0437\u0430\u043f\u0438\u0440\u0430\u0435\u043c\u044b\u0445 \u0443\u0433\u043b\u0443\u0431\u043b\u0435\u043d\u0438\u044f \u0434\u043b\u044f \u0445\u0440\u0430\u043d\u0435\u043d\u0438\u044f \u0443\u0447\u0435\u0431\u043d\u0438\u043a\u043e\u0432 \u0438 \u0448\u043a\u043e\u043b\u044c\u043d\u044b\u0445 \u043f\u0440\u0438\u043d\u0430\u0434\u043b\u0435\u0436\u043d\u043e\u0441\u0442\u0435\u0439. \u0417\u0430\u043d\u0438\u0436\u0435\u043d\u043d\u0430\u044f \u0441\u0442\u043e\u043b\u0435\u0448\u043d\u0438\u0446\u0430 \u0438 \u0434\u043e\u043f\u043e\u043b\u043d\u0438\u0442\u0435\u043b\u044c\u043d\u0430\u044f \u0437\u0430\u0434\u043d\u044f\u044f \u043f\u0430\u043d\u0435\u043b\u044c \u0437\u0430\u0449\u0438\u0449\u0430\u044e\u0442 \u0432\u0435\u0449\u0438 \u0440\u0435\u0431\u0435\u043d\u043a\u0430 \u043e\u0442 \u043f\u0430\u0434\u0435\u043d\u0438\u044f. \u0411\u043e\u043b\u044c\u0448\u0435 \u043d\u0438\u043a\u0430\u043a\u0438\u0445 \u043a\u0430\u0440\u0430\u043d\u0434\u0430\u0448\u0435\u0439 \u0438\u043b\u0438 \u0440\u0443\u0447\u0435\u043a, \u043f\u0430\u0434\u0430\u044e\u0449\u0438\u0445 \u0441\u043e \u0441\u0442\u043e\u043b\u0430.<br \/>\n\u2022 \u0421\u043e\u0432\u0440\u0435\u043c\u0435\u043d\u043d\u044b\u0439 \u0434\u0438\u0437\u0430\u0439\u043d.<br \/>\n\u2022 \u0417\u0430\u043a\u0440\u0443\u0433\u043b\u0435\u043d\u043d\u044b\u0435 \u0443\u0433\u043b\u044b.<br \/>\n\u2022 \u0412\u044b\u0441\u043e\u043a\u0430\u044f \u0444\u0443\u043d\u043a\u0446\u0438\u043e\u043d\u0430\u043b\u044c\u043d\u043e\u0441\u0442\u044c.<br \/>\n\u2022 \u0411\u043e\u043b\u044c\u0448\u0438\u0435 \u044d\u0440\u0433\u043e\u043d\u043e\u043c\u0438\u0447\u043d\u044b\u0435 \u0440\u0443\u0447\u043a\u0438.<br \/>\n\u2022 \u041d\u043e\u0436\u043a\u0438 \u0441 \u0440\u0435\u0433\u0443\u043b\u0438\u0440\u043e\u0432\u043a\u043e\u0439 \u0432\u044b\u0441\u043e\u0442\u044b.<br \/>\n\u2022 \u0421\u0438\u0441\u0442\u0435\u043c\u0430 \u043f\u043b\u0430\u0432\u043d\u043e\u0433\u043e \u0437\u0430\u043a\u0440\u044b\u0432\u0430\u043d\u0438\u044f.<\/p>","protected":false},"excerpt":{"rendered":"<p>\u0421\u0442\u043e\u043b Mevel 07 \u2014 \u0438\u0434\u0435\u0430\u043b\u044c\u043d\u044b\u0439 \u043f\u0440\u0435\u0434\u043c\u0435\u0442 \u043c\u0435\u0431\u0435\u043b\u0438 \u0434\u043b\u044f \u043a\u043e\u043c\u043d\u0430\u0442\u044b \u0448\u043a\u043e\u043b\u044c\u043d\u0438\u043a\u0430. \u0428\u0438\u0440\u043e\u043a\u0430\u044f \u0441\u0442\u043e\u043b\u0435\u0448\u043d\u0438\u0446\u0430 \u043e\u0431\u0435\u0441\u043f\u0435\u0447\u0438\u0432\u0430\u0435\u0442 \u043a\u043e\u043c\u0444\u043e\u0440\u0442\u043d\u043e\u0435 \u0432\u044b\u043f\u043e\u043b\u043d\u0435\u043d\u0438\u0435 \u0434\u043e\u043c\u0430\u0448\u043d\u0438\u0445 \u0437\u0430\u0434\u0430\u043d\u0438\u0439, \u044d\u0444\u0444\u0435\u043a\u0442\u0438\u0432\u043d\u043e\u0435 \u043e\u0431\u0443\u0447\u0435\u043d\u0438\u0435 \u0438 \u043f\u0440\u0435\u0434\u043e\u0441\u0442\u0430\u0432\u043b\u044f\u0435\u0442 \u043f\u0440\u043e\u0441\u0442\u0440\u0430\u043d\u0441\u0442\u0432\u043e \u0434\u043b\u044f \u0437\u0430\u043d\u044f\u0442\u0438\u0439 \u043b\u044e\u0431\u0438\u043c\u044b\u043c\u0438 \u0434\u0435\u043b\u0430\u043c\u0438. \u041a\u043e\u043d\u0441\u0442\u0440\u0443\u043a\u0446\u0438\u044f \u0432\u043a\u043b\u044e\u0447\u0430\u0435\u0442 \u0432 \u0441\u0435\u0431\u044f \u0443\u0434\u043e\u0431\u043d\u043e\u0435 \u0443\u0433\u043b\u0443\u0431\u043b\u0435\u043d\u0438\u0435 \u043f\u043e\u0434 \u0441\u0442\u043e\u043b\u0435\u0448\u043d\u0438\u0446\u0435\u0439, \u043f\u043e\u0437\u0432\u043e\u043b\u044f\u044e\u0449\u0435\u0435 \u0440\u0435\u0431\u0435\u043d\u043a\u0443 \u043b\u0435\u0433\u043a\u043e \u0445\u0440\u0430\u043d\u0438\u0442\u044c \u0442\u0435\u0442\u0440\u0430\u0434\u0438 \u0438\u043b\u0438 \u043a\u043d\u0438\u0433\u0438, \u043a\u043e\u0442\u043e\u0440\u044b\u0435 \u0435\u043c\u0443 \u0431\u043e\u043b\u044c\u0448\u0435 \u043d\u0435 \u043d\u0443\u0436\u043d\u044b. \u041f\u0440\u0430\u0432\u0438\u043b\u044c\u043d\u044b\u0439 [\u2026]<\/p>","protected":false},"featured_media":97563,"comment_status":"open","ping_status":"open","template":"","meta":[],"product_brand":[],"product_cat":[9245,1312,2255],"product_tag":[],"class_list":{"0":"post-97562","1":"product","2":"type-product","3":"status-publish","4":"has-post-thumbnail","6":"product_cat-furniture-system-mevel-ml-meble","7":"product_cat-desks","8":"product_cat-ml-meble","10":"first","11":"instock","12":"purchasable","13":"product-type-simple"},"_links":{"self":[{"href":"https:\/\/baldumarket.lt\/ru\/wp-json\/wp\/v2\/product\/97562","targetHints":{"allow":["GET"]}}],"collection":[{"href":"https:\/\/baldumarket.lt\/ru\/wp-json\/wp\/v2\/product"}],"about":[{"href":"https:\/\/baldumarket.lt\/ru\/wp-json\/wp\/v2\/types\/product"}],"replies":[{"embeddable":true,"href":"https:\/\/baldumarket.lt\/ru\/wp-json\/wp\/v2\/comments?post=97562"}],"wp:featuredmedia":[{"embeddable":true,"href":"https:\/\/baldumarket.lt\/ru\/wp-json\/wp\/v2\/media\/97563"}],"wp:attachment":[{"href":"https:\/\/baldumarket.lt\/ru\/wp-json\/wp\/v2\/media?parent=97562"}],"wp:term":[{"taxonomy":"product_brand","embeddable":true,"href":"https:\/\/baldumarket.lt\/ru\/wp-json\/wp\/v2\/product_brand?post=97562"},{"taxonomy":"product_cat","embeddable":true,"href":"https:\/\/baldumarket.lt\/ru\/wp-json\/wp\/v2\/product_cat?post=97562"},{"taxonomy":"product_tag","embeddable":true,"href":"https:\/\/baldumarket.lt\/ru\/wp-json\/wp\/v2\/product_tag?post=97562"}],"curies":[{"name":"WP","href":"https:\/\/api.w.org\/{rel}","templated":true}]}}