{"id":97530,"date":"2025-12-05T16:27:21","date_gmt":"2025-12-05T13:27:21","guid":{"rendered":"https:\/\/baldumarket.lt\/product\/toscania-06-dab-baltic-dune-jesion-prestige-czarny-rtv-2d1s\/"},"modified":"2026-02-03T23:53:32","modified_gmt":"2026-02-03T20:53:32","slug":"toscania-06-dab-baltic-dune-jesion-prestige-czarny-rtv-2d1s","status":"publish","type":"product","link":"https:\/\/baldumarket.lt\/ru\/product\/toscania-06-dab-baltic-dune-jesion-prestige-czarny-rtv-2d1s\/","title":{"rendered":"\u201e\u0422\u043e\u0441\u043a\u0430\u043d\u0438\u044f 06\u201c \u2013 \u201eBaltijos kop\u0173 \u0105\u017euolas\u201c \/ \u201e\u041f\u0440\u0435\u0441\u0442\u0438\u0436 \u0427\u0435\u0440\u043d\u044b\u0439 \u042f\u0441\u0435\u043d\u044c\u201c \u2013 RTV 2D1S"},"content":{"rendered":"<p>\u0422\u0443\u043c\u0431\u0430 \u043f\u043e\u0434 \u0442\u0435\u043b\u0435\u0432\u0438\u0437\u043e\u0440 Toscania 06 \u2014 \u0438\u0434\u0435\u0430\u043b\u044c\u043d\u044b\u0439 \u043f\u0440\u0435\u0434\u043c\u0435\u0442 \u043c\u0435\u0431\u0435\u043b\u0438 \u0434\u043b\u044f \u0432\u0430\u0448\u0435\u0433\u043e \u0442\u0435\u043b\u0435\u0432\u0438\u0437\u043e\u0440\u0430. \u0414\u0432\u0435 \u0437\u0430\u043a\u0440\u044b\u0442\u044b\u0435 \u043d\u0438\u0448\u0438 \u0441\u043e\u0437\u0434\u0430\u044e\u0442 \u0434\u043e\u0441\u0442\u0430\u0442\u043e\u0447\u043d\u043e \u043c\u0435\u0441\u0442\u0430 \u0434\u043b\u044f \u0445\u0440\u0430\u043d\u0435\u043d\u0438\u044f, \u0430 \u043e\u0442\u043a\u0440\u044b\u0442\u044b\u0435 \u043f\u043e\u043b\u043a\u0438 \u0438 \u0448\u0438\u0440\u043e\u043a\u0430\u044f \u0441\u0442\u043e\u043b\u0435\u0448\u043d\u0438\u0446\u0430 \u043f\u043e\u0437\u0432\u043e\u043b\u044f\u044e\u0442 \u043b\u0435\u0433\u043a\u043e \u043e\u0440\u0433\u0430\u043d\u0438\u0437\u043e\u0432\u0430\u0442\u044c \u0432\u0430\u0448\u0443 \u043c\u0443\u043b\u044c\u0442\u0438\u043c\u0435\u0434\u0438\u0439\u043d\u0443\u044e \u0442\u0435\u0445\u043d\u0438\u043a\u0443. \u0422\u0443\u043c\u0431\u0430 Toscania 06 \u0441\u043e\u0447\u0435\u0442\u0430\u0435\u0442 \u0432 \u0441\u0435\u0431\u0435 \u0432\u044b\u0441\u043e\u043a\u0443\u044e \u0444\u0443\u043d\u043a\u0446\u0438\u043e\u043d\u0430\u043b\u044c\u043d\u043e\u0441\u0442\u044c \u0438 \u0441\u043e\u0432\u0440\u0435\u043c\u0435\u043d\u043d\u044b\u0439 \u0434\u0438\u0437\u0430\u0439\u043d. \u041e\u0442\u0441\u0443\u0442\u0441\u0442\u0432\u0438\u0435 \u0440\u0443\u0447\u0435\u043a \u043d\u0430 \u0444\u0430\u0441\u0430\u0434\u0430\u0445 \u0435\u0449\u0435 \u0431\u043e\u043b\u044c\u0448\u0435 \u043f\u043e\u0434\u0447\u0435\u0440\u043a\u0438\u0432\u0430\u0435\u0442 \u0441\u043e\u0432\u0440\u0435\u043c\u0435\u043d\u043d\u044b\u0439 \u0441\u0442\u0438\u043b\u044c \u044d\u0442\u043e\u0433\u043e \u043f\u0440\u0435\u0434\u043c\u0435\u0442\u0430 \u043c\u0435\u0431\u0435\u043b\u0438, \u043a\u043e\u0442\u043e\u0440\u044b\u0439 \u043e\u043f\u0440\u0430\u0432\u0434\u0430\u0435\u0442 \u0432\u0430\u0448\u0438 \u043e\u0436\u0438\u0434\u0430\u043d\u0438\u044f.<br \/>\n\u2022 \u0424\u0443\u043d\u043a\u0446\u0438\u043e\u043d\u0430\u043b\u044c\u043d\u044b\u0439 \u043f\u0440\u0435\u0434\u043c\u0435\u0442 \u043c\u0435\u0431\u0435\u043b\u0438 \u0441 \u043a\u0440\u0430\u0441\u0438\u0432\u044b\u043c \u0434\u0438\u0437\u0430\u0439\u043d\u043e\u043c.<br \/>\n\u2022 \u0423\u0434\u043e\u0431\u043d\u043e\u0435 \u043e\u0442\u043a\u0440\u044b\u0432\u0430\u043d\u0438\u0435 \u0434\u0432\u0435\u0440\u0438 \u043d\u0430\u0436\u0430\u0442\u0438\u0435\u043c.<br \/>\n\u2022 \u042f\u0449\u0438\u043a\u0438 \u0441 \u0443\u0441\u0438\u043b\u0435\u043d\u043d\u044b\u043c \u0434\u043d\u043e\u043c \u0438 \u0444\u0443\u043d\u043a\u0446\u0438\u0435\u0439 \u043f\u043e\u043b\u043d\u043e\u0433\u043e \u0432\u044b\u0434\u0432\u0438\u0436\u0435\u043d\u0438\u044f.<br \/>\n\u2022 \u041c\u0435\u0442\u0430\u043b\u043b\u0438\u0447\u0435\u0441\u043a\u0438\u0435 \u043d\u043e\u0436\u043a\u0438 \u043e\u0441\u043e\u0431\u043e\u0439 \u0444\u043e\u0440\u043c\u044b.<\/p>","protected":false},"excerpt":{"rendered":"<p>\u0422\u0443\u043c\u0431\u0430 \u043f\u043e\u0434 \u0442\u0435\u043b\u0435\u0432\u0438\u0437\u043e\u0440 Toscania 06 \u2014 \u0438\u0434\u0435\u0430\u043b\u044c\u043d\u044b\u0439 \u043f\u0440\u0435\u0434\u043c\u0435\u0442 \u043c\u0435\u0431\u0435\u043b\u0438 \u0434\u043b\u044f \u0432\u0430\u0448\u0435\u0433\u043e \u0442\u0435\u043b\u0435\u0432\u0438\u0437\u043e\u0440\u0430. \u0414\u0432\u0435 \u0437\u0430\u043a\u0440\u044b\u0442\u044b\u0435 \u043d\u0438\u0448\u0438 \u0441\u043e\u0437\u0434\u0430\u044e\u0442 \u0434\u043e\u0441\u0442\u0430\u0442\u043e\u0447\u043d\u043e \u043c\u0435\u0441\u0442\u0430 \u0434\u043b\u044f \u0445\u0440\u0430\u043d\u0435\u043d\u0438\u044f, \u0430 \u043e\u0442\u043a\u0440\u044b\u0442\u044b\u0435 \u043f\u043e\u043b\u043a\u0438 \u0438 \u0448\u0438\u0440\u043e\u043a\u0430\u044f \u0441\u0442\u043e\u043b\u0435\u0448\u043d\u0438\u0446\u0430 \u043f\u043e\u0437\u0432\u043e\u043b\u044f\u044e\u0442 \u043b\u0435\u0433\u043a\u043e \u043e\u0440\u0433\u0430\u043d\u0438\u0437\u043e\u0432\u0430\u0442\u044c \u043f\u0440\u043e\u0441\u0442\u0440\u0430\u043d\u0441\u0442\u0432\u043e \u0434\u043b\u044f \u043c\u0443\u043b\u044c\u0442\u0438\u043c\u0435\u0434\u0438\u0439\u043d\u043e\u0439 \u0442\u0435\u0445\u043d\u0438\u043a\u0438. \u0422\u0443\u043c\u0431\u0430 Toscania 06 \u0441\u043e\u0447\u0435\u0442\u0430\u0435\u0442 \u0432 \u0441\u0435\u0431\u0435 \u0432\u044b\u0441\u043e\u043a\u0443\u044e \u0444\u0443\u043d\u043a\u0446\u0438\u043e\u043d\u0430\u043b\u044c\u043d\u043e\u0441\u0442\u044c \u0438 \u0441\u043e\u0432\u0440\u0435\u043c\u0435\u043d\u043d\u044b\u0439 \u0434\u0438\u0437\u0430\u0439\u043d. \u041e\u0442\u0441\u0443\u0442\u0441\u0442\u0432\u0438\u0435 \u0440\u0443\u0447\u0435\u043a \u043d\u0430 \u0444\u0430\u0441\u0430\u0434\u0430\u0445 \u0435\u0449\u0435 \u0431\u043e\u043b\u044c\u0448\u0435 \u043f\u043e\u0434\u0447\u0435\u0440\u043a\u0438\u0432\u0430\u0435\u0442 \u0441\u043e\u0432\u0440\u0435\u043c\u0435\u043d\u043d\u044b\u0439 \u0441\u0442\u0438\u043b\u044c \u044d\u0442\u043e\u0439 [\u2026]<\/p>","protected":false},"featured_media":97531,"comment_status":"open","ping_status":"open","template":"","meta":[],"product_brand":[],"product_cat":[2255,9213,9116,1175],"product_tag":[],"class_list":{"0":"post-97530","1":"product","2":"type-product","3":"status-publish","4":"has-post-thumbnail","6":"product_cat-ml-meble","7":"product_cat-furniture-system-toscania-ml-meble","8":"product_cat-toscania","9":"product_cat-tv-stands","11":"first","12":"instock","13":"purchasable","14":"product-type-simple"},"_links":{"self":[{"href":"https:\/\/baldumarket.lt\/ru\/wp-json\/wp\/v2\/product\/97530","targetHints":{"allow":["GET"]}}],"collection":[{"href":"https:\/\/baldumarket.lt\/ru\/wp-json\/wp\/v2\/product"}],"about":[{"href":"https:\/\/baldumarket.lt\/ru\/wp-json\/wp\/v2\/types\/product"}],"replies":[{"embeddable":true,"href":"https:\/\/baldumarket.lt\/ru\/wp-json\/wp\/v2\/comments?post=97530"}],"wp:featuredmedia":[{"embeddable":true,"href":"https:\/\/baldumarket.lt\/ru\/wp-json\/wp\/v2\/media\/97531"}],"wp:attachment":[{"href":"https:\/\/baldumarket.lt\/ru\/wp-json\/wp\/v2\/media?parent=97530"}],"wp:term":[{"taxonomy":"product_brand","embeddable":true,"href":"https:\/\/baldumarket.lt\/ru\/wp-json\/wp\/v2\/product_brand?post=97530"},{"taxonomy":"product_cat","embeddable":true,"href":"https:\/\/baldumarket.lt\/ru\/wp-json\/wp\/v2\/product_cat?post=97530"},{"taxonomy":"product_tag","embeddable":true,"href":"https:\/\/baldumarket.lt\/ru\/wp-json\/wp\/v2\/product_tag?post=97530"}],"curies":[{"name":"WP","href":"https:\/\/api.w.org\/{rel}","templated":true}]}}