{"id":97302,"date":"2025-12-05T16:23:31","date_gmt":"2025-12-05T13:23:31","guid":{"rendered":"https:\/\/baldumarket.lt\/product\/colt-03-dab-craft-zloty-czarny-stal-premium-regal-1d1s\/"},"modified":"2026-04-07T13:46:26","modified_gmt":"2026-04-07T10:46:26","slug":"colt-03-dab-craft-zloty-czarny-stal-premium-regal-1d1s","status":"publish","type":"product","link":"https:\/\/baldumarket.lt\/ru\/product\/colt-03-dab-craft-zloty-czarny-stal-premium-regal-1d1s\/","title":{"rendered":"Colt 03 Gold Craft \u0105\u017euolo\/juodo alaus\/auk\u0161\u010diausios kokyb\u0117s plieno lentyna \u2013 1D1S"},"content":{"rendered":"<p>\u0412\u044b\u0441\u043e\u043a\u0438\u0439 \u043a\u043d\u0438\u0436\u043d\u044b\u0439 \u0448\u043a\u0430\u0444 Colt 03 \u043e\u0431\u0435\u0441\u043f\u0435\u0447\u0438\u0432\u0430\u0435\u0442 \u0434\u043e\u0441\u0442\u0430\u0442\u043e\u0447\u043d\u043e \u043c\u0435\u0441\u0442\u0430 \u0434\u043b\u044f \u0445\u0440\u0430\u043d\u0435\u043d\u0438\u044f \u0438 \u043f\u043e\u0437\u0432\u043e\u043b\u044f\u0435\u0442 \u0440\u0430\u0437\u043c\u0435\u0441\u0442\u0438\u0442\u044c \u0432\u0430\u0448\u0438 \u043b\u044e\u0431\u0438\u043c\u044b\u0435 \u0432\u0435\u0449\u0438. \u0427\u0435\u0442\u044b\u0440\u0435 \u043e\u0442\u043a\u0440\u044b\u0442\u044b\u0435 \u043d\u0438\u0448\u0438 \u0438\u0434\u0435\u0430\u043b\u044c\u043d\u043e \u043f\u043e\u0434\u0445\u043e\u0434\u044f\u0442 \u0434\u043b\u044f \u043a\u043d\u0438\u0433, \u0441\u0443\u0432\u0435\u043d\u0438\u0440\u043e\u0432 \u0438\u0437 \u043f\u0443\u0442\u0435\u0448\u0435\u0441\u0442\u0432\u0438\u0439 \u0438\u043b\u0438 \u0434\u0440\u0443\u0433\u0438\u0445 \u0433\u0430\u0434\u0436\u0435\u0442\u043e\u0432, \u043a \u043a\u043e\u0442\u043e\u0440\u044b\u043c \u043d\u0443\u0436\u0435\u043d \u0431\u044b\u0441\u0442\u0440\u044b\u0439 \u0434\u043e\u0441\u0442\u0443\u043f. \u0412 \u043d\u0438\u0436\u043d\u0435\u0439 \u0441\u0435\u043a\u0446\u0438\u0438 \u0440\u0430\u0441\u043f\u043e\u043b\u043e\u0436\u0435\u043d \u0432\u043c\u0435\u0441\u0442\u0438\u0442\u0435\u043b\u044c\u043d\u044b\u0439 \u044f\u0449\u0438\u043a \u0441 \u0443\u0434\u043e\u0431\u043d\u044b\u043c \u0432\u044b\u0434\u0432\u0438\u0436\u043d\u044b\u043c \u043c\u0435\u0445\u0430\u043d\u0438\u0437\u043c\u043e\u043c. \u0414\u0438\u0437\u0430\u0439\u043d \u0438 \u0434\u0438\u043d\u0430\u043c\u0438\u0447\u043d\u043e\u0435 \u0441\u043e\u0447\u0435\u0442\u0430\u043d\u0438\u0435 \u0434\u0435\u043a\u043e\u0440\u0430\u0442\u0438\u0432\u043d\u044b\u0445 \u044d\u043b\u0435\u043c\u0435\u043d\u0442\u043e\u0432 \u2013 \u0442\u0435\u043f\u043b\u044b\u0439 \u0434\u0443\u0431 Craft Oak \u0438 \u043d\u0435\u043e\u0431\u0440\u0430\u0431\u043e\u0442\u0430\u043d\u043d\u0430\u044f \u0441\u0442\u0430\u043b\u044c Premium Steel, \u043a\u043e\u043d\u0442\u0440\u0430\u0441\u0442\u0438\u0440\u0443\u044e\u0449\u0438\u0435 \u0441 \u0447\u0435\u0440\u043d\u044b\u043c \u0446\u0432\u0435\u0442\u043e\u043c \u2013 \u043f\u043e\u0434\u0447\u0435\u0440\u043a\u043d\u0443\u0442 \u0438\u043d\u0434\u0438\u0432\u0438\u0434\u0443\u0430\u043b\u044c\u043d\u044b\u0439 \u0441\u0442\u0438\u043b\u044c \u0438 \u0445\u0430\u0440\u0430\u043a\u0442\u0435\u0440 \u043c\u043e\u043b\u043e\u0434\u0435\u0436\u0438. \u0412\u044b\u0441\u043e\u043a\u0438\u0435 \u043c\u0435\u0442\u0430\u043b\u043b\u0438\u0447\u0435\u0441\u043a\u0438\u0435 \u043d\u043e\u0436\u043a\u0438 \u043e\u0431\u043b\u0435\u0433\u0447\u0430\u044e\u0442 \u0443\u0431\u043e\u0440\u043a\u0443.<br \/>\n\u2022 \u0421\u043e\u0432\u0440\u0435\u043c\u0435\u043d\u043d\u044b\u0439 \u0434\u0438\u0437\u0430\u0439\u043d.<br \/>\n\u2022 \u0412\u044b\u0441\u043e\u043a\u0430\u044f \u0444\u0443\u043d\u043a\u0446\u0438\u043e\u043d\u0430\u043b\u044c\u043d\u043e\u0441\u0442\u044c.<br \/>\n\u2022 \u042d\u0440\u0433\u043e\u043d\u043e\u043c\u0438\u0447\u043d\u044b\u0435 \u0440\u0443\u0447\u043a\u0438.<br \/>\n\u2022 \u041f\u0440\u043e\u0441\u0442\u043e\u0440\u043d\u043e\u0435 \u043c\u0435\u0441\u0442\u043e \u0434\u043b\u044f \u0445\u0440\u0430\u043d\u0435\u043d\u0438\u044f \u0432\u0435\u0449\u0435\u0439.<br \/>\n\u2022 \u0412\u044b\u0434\u0432\u0438\u0436\u043d\u043e\u0439 \u044f\u0449\u0438\u043a \u043f\u043e\u043b\u043d\u043e\u0433\u043e \u0432\u044b\u0434\u0432\u0438\u0436\u0435\u043d\u0438\u044f.<br \/>\n\u2022 \u0428\u0438\u0440\u043e\u043a\u0438\u0439 \u0432\u044b\u0431\u043e\u0440 \u0441\u0442\u0438\u043b\u0435\u0439 \u0432\u043e \u0432\u0441\u0435\u0439 \u043a\u043e\u043b\u043b\u0435\u043a\u0446\u0438\u0438 Colt.<\/p>","protected":false},"excerpt":{"rendered":"<p>\u0412\u044b\u0441\u043e\u043a\u0438\u0439 \u043a\u043d\u0438\u0436\u043d\u044b\u0439 \u0448\u043a\u0430\u0444 Colt 03 \u043e\u0431\u0435\u0441\u043f\u0435\u0447\u0438\u0432\u0430\u0435\u0442 \u0434\u043e\u0441\u0442\u0430\u0442\u043e\u0447\u043d\u043e \u043c\u0435\u0441\u0442\u0430 \u0434\u043b\u044f \u0445\u0440\u0430\u043d\u0435\u043d\u0438\u044f \u0438 \u043f\u043e\u0437\u0432\u043e\u043b\u044f\u0435\u0442 \u0440\u0430\u0437\u043c\u0435\u0441\u0442\u0438\u0442\u044c \u0432\u0430\u0448\u0438 \u043b\u044e\u0431\u0438\u043c\u044b\u0435 \u0432\u0435\u0449\u0438. \u0427\u0435\u0442\u044b\u0440\u0435 \u043e\u0442\u043a\u0440\u044b\u0442\u044b\u0435 \u043d\u0438\u0448\u0438 \u0438\u0434\u0435\u0430\u043b\u044c\u043d\u043e \u043f\u043e\u0434\u0445\u043e\u0434\u044f\u0442 \u0434\u043b\u044f \u043a\u043d\u0438\u0433, \u0441\u0443\u0432\u0435\u043d\u0438\u0440\u043e\u0432 \u0438\u0437 \u043f\u0443\u0442\u0435\u0448\u0435\u0441\u0442\u0432\u0438\u0439 \u0438\u043b\u0438 \u0434\u0440\u0443\u0433\u0438\u0445 \u0433\u0430\u0434\u0436\u0435\u0442\u043e\u0432, \u043a \u043a\u043e\u0442\u043e\u0440\u044b\u043c \u043d\u0443\u0436\u0435\u043d \u0431\u044b\u0441\u0442\u0440\u044b\u0439 \u0434\u043e\u0441\u0442\u0443\u043f. \u0412 \u043d\u0438\u0436\u043d\u0435\u0439 \u0441\u0435\u043a\u0446\u0438\u0438 \u0440\u0430\u0441\u043f\u043e\u043b\u043e\u0436\u0435\u043d \u0432\u043c\u0435\u0441\u0442\u0438\u0442\u0435\u043b\u044c\u043d\u044b\u0439 \u044f\u0449\u0438\u043a \u0441 \u0443\u0434\u043e\u0431\u043d\u044b\u043c \u043c\u0435\u0445\u0430\u043d\u0438\u0437\u043c\u043e\u043c \u043f\u043e\u043b\u043d\u043e\u0433\u043e \u0432\u044b\u0434\u0432\u0438\u0436\u0435\u043d\u0438\u044f. \u0414\u0438\u0437\u0430\u0439\u043d \u0438 \u0434\u0438\u043d\u0430\u043c\u0438\u0447\u043d\u043e\u0435 \u0441\u043e\u0447\u0435\u0442\u0430\u043d\u0438\u0435 \u0434\u0435\u043a\u043e\u0440\u0430\u0442\u0438\u0432\u043d\u044b\u0445 \u044d\u043b\u0435\u043c\u0435\u043d\u0442\u043e\u0432 \u2013 \u0442\u0435\u043f\u043b\u044b\u0439 [\u2026]<\/p>","protected":false},"featured_media":97303,"comment_status":"open","ping_status":"open","template":"","meta":[],"product_brand":[],"product_cat":[2255,9230,1987],"product_tag":[],"class_list":{"0":"post-97302","1":"product","2":"type-product","3":"status-publish","4":"has-post-thumbnail","6":"product_cat-ml-meble","7":"product_cat-furniture-system-colf-ml-meble","8":"product_cat-shelving-units","10":"first","11":"instock","12":"purchasable","13":"product-type-simple"},"_links":{"self":[{"href":"https:\/\/baldumarket.lt\/ru\/wp-json\/wp\/v2\/product\/97302","targetHints":{"allow":["GET"]}}],"collection":[{"href":"https:\/\/baldumarket.lt\/ru\/wp-json\/wp\/v2\/product"}],"about":[{"href":"https:\/\/baldumarket.lt\/ru\/wp-json\/wp\/v2\/types\/product"}],"replies":[{"embeddable":true,"href":"https:\/\/baldumarket.lt\/ru\/wp-json\/wp\/v2\/comments?post=97302"}],"wp:featuredmedia":[{"embeddable":true,"href":"https:\/\/baldumarket.lt\/ru\/wp-json\/wp\/v2\/media\/97303"}],"wp:attachment":[{"href":"https:\/\/baldumarket.lt\/ru\/wp-json\/wp\/v2\/media?parent=97302"}],"wp:term":[{"taxonomy":"product_brand","embeddable":true,"href":"https:\/\/baldumarket.lt\/ru\/wp-json\/wp\/v2\/product_brand?post=97302"},{"taxonomy":"product_cat","embeddable":true,"href":"https:\/\/baldumarket.lt\/ru\/wp-json\/wp\/v2\/product_cat?post=97302"},{"taxonomy":"product_tag","embeddable":true,"href":"https:\/\/baldumarket.lt\/ru\/wp-json\/wp\/v2\/product_tag?post=97302"}],"curies":[{"name":"WP","href":"https:\/\/api.w.org\/{rel}","templated":true}]}}