{"id":94659,"date":"2025-12-05T15:41:12","date_gmt":"2025-12-05T12:41:12","guid":{"rendered":"https:\/\/baldumarket.lt\/product\/artis-04-dab-artisan-witryna\/"},"modified":"2026-04-07T14:47:18","modified_gmt":"2026-04-07T11:47:18","slug":"artis-04-dab-artisan-witryna","status":"publish","type":"product","link":"https:\/\/baldumarket.lt\/ru\/product\/artis-04-dab-artisan-witryna\/","title":{"rendered":"ARTIS 04 \u0105\u017euolo spalvos dailylent\u0117 \u2013 vitrina"},"content":{"rendered":"<p>\u0412\u0438\u0442\u0440\u0438\u043d\u0430 ARTIS 04 \u0434\u043e\u0431\u0430\u0432\u0438\u0442 \u0441\u0432\u0435\u0436\u0435\u0441\u0442\u0438 \u0438 \u044d\u043b\u0435\u0433\u0430\u043d\u0442\u043d\u043e\u0441\u0442\u0438 \u0432\u0430\u0448\u0435\u043c\u0443 \u0438\u043d\u0442\u0435\u0440\u044c\u0435\u0440\u0443.<\/p>\n<p>\u0412\u0438\u0442\u0440\u0438\u043d\u0430 \u0438\u043c\u0435\u0435\u0442 \u0434\u0432\u0435\u0440\u0446\u044b, \u043a\u043e\u0442\u043e\u0440\u044b\u0435 \u043e\u0434\u043d\u043e\u0432\u0440\u0435\u043c\u0435\u043d\u043d\u043e \u0437\u0430\u0441\u0442\u0435\u043a\u043b\u0435\u043d\u044b \u0438 \u0438\u0437\u0433\u043e\u0442\u043e\u0432\u043b\u0435\u043d\u044b \u0438\u0437 \u0432\u044b\u0441\u043e\u043a\u043e\u043a\u0430\u0447\u0435\u0441\u0442\u0432\u0435\u043d\u043d\u043e\u0439 \u043c\u0435\u0431\u0435\u043b\u044c\u043d\u043e\u0439 \u043f\u043b\u0438\u0442\u044b. \u0412 \u0437\u0430\u0432\u0438\u0441\u0438\u043c\u043e\u0441\u0442\u0438 \u043e\u0442 \u0432\u043d\u0443\u0442\u0440\u0435\u043d\u043d\u0435\u0433\u043e \u043e\u0444\u043e\u0440\u043c\u043b\u0435\u043d\u0438\u044f, \u0432 \u043d\u0435\u0439 \u043c\u043e\u0436\u043d\u043e \u0440\u0430\u0437\u043c\u0435\u0441\u0442\u0438\u0442\u044c \u043a\u043d\u0438\u0433\u0438, \u0441\u0443\u0432\u0435\u043d\u0438\u0440\u044b, \u043f\u043e\u0441\u0443\u0434\u0443 \u0438 \u043c\u043d\u043e\u0433\u043e\u0435 \u0434\u0440\u0443\u0433\u043e\u0435.<\/p>","protected":false},"excerpt":{"rendered":"<p>\u0412\u0438\u0442\u0440\u0438\u043d\u0430 ARTIS 04 \u0434\u043e\u0431\u0430\u0432\u0438\u0442 \u0441\u0432\u0435\u0436\u0435\u0441\u0442\u0438 \u0438 \u044d\u043b\u0435\u0433\u0430\u043d\u0442\u043d\u043e\u0441\u0442\u0438 \u0432\u0430\u0448\u0435\u043c\u0443 \u0438\u043d\u0442\u0435\u0440\u044c\u0435\u0440\u0443. \u0414\u0432\u0435\u0440\u0438 \u0432\u0438\u0442\u0440\u0438\u043d\u044b \u0432\u044b\u043f\u043e\u043b\u043d\u0435\u043d\u044b \u0438\u0437 \u0432\u044b\u0441\u043e\u043a\u043e\u043a\u0430\u0447\u0435\u0441\u0442\u0432\u0435\u043d\u043d\u043e\u0433\u043e \u043c\u0435\u0431\u0435\u043b\u044c\u043d\u043e\u0433\u043e \u043c\u0430\u0442\u0435\u0440\u0438\u0430\u043b\u0430 \u0438 \u0438\u043c\u0435\u044e\u0442 \u0441\u0442\u0435\u043a\u043b\u044f\u043d\u043d\u043e\u0435 \u043f\u043e\u043a\u0440\u044b\u0442\u0438\u0435. \u0412 \u0437\u0430\u0432\u0438\u0441\u0438\u043c\u043e\u0441\u0442\u0438 \u043e\u0442 \u0434\u0438\u0437\u0430\u0439\u043d\u0430 \u0438\u043d\u0442\u0435\u0440\u044c\u0435\u0440\u0430, \u0432 \u043d\u0435\u0439 \u043c\u043e\u0436\u043d\u043e \u0440\u0430\u0437\u043c\u0435\u0441\u0442\u0438\u0442\u044c \u043a\u043d\u0438\u0433\u0438, \u0441\u0443\u0432\u0435\u043d\u0438\u0440\u044b, \u043f\u043e\u0441\u0443\u0434\u0443 \u0438 \u043c\u043d\u043e\u0433\u043e\u0435 \u0434\u0440\u0443\u0433\u043e\u0435.<\/p>","protected":false},"featured_media":94660,"comment_status":"open","ping_status":"open","template":"","meta":[],"product_brand":[],"product_cat":[2255,9222,2006],"product_tag":[],"class_list":{"0":"post-94659","1":"product","2":"type-product","3":"status-publish","4":"has-post-thumbnail","6":"product_cat-ml-meble","7":"product_cat-furniture-system-artis-ml-meble","8":"product_cat-vitrines","10":"first","11":"instock","12":"purchasable","13":"product-type-simple"},"_links":{"self":[{"href":"https:\/\/baldumarket.lt\/ru\/wp-json\/wp\/v2\/product\/94659","targetHints":{"allow":["GET"]}}],"collection":[{"href":"https:\/\/baldumarket.lt\/ru\/wp-json\/wp\/v2\/product"}],"about":[{"href":"https:\/\/baldumarket.lt\/ru\/wp-json\/wp\/v2\/types\/product"}],"replies":[{"embeddable":true,"href":"https:\/\/baldumarket.lt\/ru\/wp-json\/wp\/v2\/comments?post=94659"}],"wp:featuredmedia":[{"embeddable":true,"href":"https:\/\/baldumarket.lt\/ru\/wp-json\/wp\/v2\/media\/94660"}],"wp:attachment":[{"href":"https:\/\/baldumarket.lt\/ru\/wp-json\/wp\/v2\/media?parent=94659"}],"wp:term":[{"taxonomy":"product_brand","embeddable":true,"href":"https:\/\/baldumarket.lt\/ru\/wp-json\/wp\/v2\/product_brand?post=94659"},{"taxonomy":"product_cat","embeddable":true,"href":"https:\/\/baldumarket.lt\/ru\/wp-json\/wp\/v2\/product_cat?post=94659"},{"taxonomy":"product_tag","embeddable":true,"href":"https:\/\/baldumarket.lt\/ru\/wp-json\/wp\/v2\/product_tag?post=94659"}],"curies":[{"name":"WP","href":"https:\/\/api.w.org\/{rel}","templated":true}]}}