{"id":94572,"date":"2025-12-05T15:39:39","date_gmt":"2025-12-05T12:39:39","guid":{"rendered":"https:\/\/baldumarket.lt\/product\/fini-13-korpus-dab-artisan-front-bialy-wstawka-antracyt-szafa-narozna\/"},"modified":"2026-04-07T15:16:26","modified_gmt":"2026-04-07T12:16:26","slug":"fini-13-korpus-dab-artisan-front-bialy-wstawka-antracyt-szafa-narozna","status":"publish","type":"product","link":"https:\/\/baldumarket.lt\/ru\/product\/fini-13-korpus-dab-artisan-front-bialy-wstawka-antracyt-szafa-narozna\/","title":{"rendered":"FINI 13 kampin\u0117 spinta, \u0105\u017euolo spalvos korpusas \/ baltas priekis \/ antracito spalvos \u012fd\u0117klas"},"content":{"rendered":"<p>\u0423\u0433\u043b\u043e\u0432\u043e\u0439 \u0448\u043a\u0430\u0444 FINI 13 \u043e\u0447\u0435\u043d\u044c \u0432\u043c\u0435\u0441\u0442\u0438\u0442\u0435\u043b\u044c\u043d\u044b\u0439 \u0438 \u044d\u0440\u0433\u043e\u043d\u043e\u043c\u0438\u0447\u043d\u044b\u0439.<\/p>\n<p>\u041e\u043d \u0438\u0434\u0435\u0430\u043b\u044c\u043d\u043e \u0432\u043f\u0438\u0448\u0435\u0442\u0441\u044f \u0432 \u0434\u0438\u0437\u0430\u0439\u043d \u043b\u044e\u0431\u043e\u0439 \u043a\u043e\u043c\u043d\u0430\u0442\u044b, \u0441\u043e\u0447\u0435\u0442\u0430\u044f\u0441\u044c \u0441 \u0434\u0432\u0443\u0445- \u0438\u043b\u0438 \u0442\u0440\u0435\u0445\u0434\u0432\u0435\u0440\u043d\u044b\u043c \u0448\u043a\u0430\u0444\u043e\u043c \u0441 \u043e\u0434\u043d\u043e\u0439 \u0441\u0442\u043e\u0440\u043e\u043d\u044b \u0438 \u043a\u043d\u0438\u0436\u043d\u044b\u043c \u0448\u043a\u0430\u0444\u043e\u043c \u0441 \u0434\u0440\u0443\u0433\u043e\u0439.<\/p>","protected":false},"excerpt":{"rendered":"<p>\u0423\u0433\u043b\u043e\u0432\u043e\u0439 \u0448\u043a\u0430\u0444 FINI 13 \u043e\u0447\u0435\u043d\u044c \u0432\u043c\u0435\u0441\u0442\u0438\u0442\u0435\u043b\u044c\u043d\u044b\u0439 \u0438 \u044d\u0440\u0433\u043e\u043d\u043e\u043c\u0438\u0447\u043d\u044b\u0439. \u041e\u043d \u0438\u0434\u0435\u0430\u043b\u044c\u043d\u043e \u0432\u043f\u0438\u0448\u0435\u0442\u0441\u044f \u0432 \u0434\u0438\u0437\u0430\u0439\u043d \u043b\u044e\u0431\u043e\u0439 \u043a\u043e\u043c\u043d\u0430\u0442\u044b, \u0441\u043e\u0447\u0435\u0442\u0430\u044f\u0441\u044c \u0441 \u0434\u0432\u0443\u0445- \u0438\u043b\u0438 \u0442\u0440\u0435\u0445\u0434\u0432\u0435\u0440\u043d\u044b\u043c \u0448\u043a\u0430\u0444\u043e\u043c \u0441 \u043e\u0434\u043d\u043e\u0439 \u0441\u0442\u043e\u0440\u043e\u043d\u044b \u0438 \u043a\u043d\u0438\u0436\u043d\u044b\u043c \u0448\u043a\u0430\u0444\u043e\u043c \u0441 \u0434\u0440\u0443\u0433\u043e\u0439.<\/p>","protected":false},"featured_media":94573,"comment_status":"open","ping_status":"open","template":"","meta":[],"product_brand":[],"product_cat":[2255,9233,1177],"product_tag":[],"class_list":{"0":"post-94572","1":"product","2":"type-product","3":"status-publish","4":"has-post-thumbnail","6":"product_cat-ml-meble","7":"product_cat-furniture-system-fini-ml-meble","8":"product_cat-wardrobes","10":"first","11":"instock","12":"purchasable","13":"product-type-simple"},"_links":{"self":[{"href":"https:\/\/baldumarket.lt\/ru\/wp-json\/wp\/v2\/product\/94572","targetHints":{"allow":["GET"]}}],"collection":[{"href":"https:\/\/baldumarket.lt\/ru\/wp-json\/wp\/v2\/product"}],"about":[{"href":"https:\/\/baldumarket.lt\/ru\/wp-json\/wp\/v2\/types\/product"}],"replies":[{"embeddable":true,"href":"https:\/\/baldumarket.lt\/ru\/wp-json\/wp\/v2\/comments?post=94572"}],"wp:featuredmedia":[{"embeddable":true,"href":"https:\/\/baldumarket.lt\/ru\/wp-json\/wp\/v2\/media\/94573"}],"wp:attachment":[{"href":"https:\/\/baldumarket.lt\/ru\/wp-json\/wp\/v2\/media?parent=94572"}],"wp:term":[{"taxonomy":"product_brand","embeddable":true,"href":"https:\/\/baldumarket.lt\/ru\/wp-json\/wp\/v2\/product_brand?post=94572"},{"taxonomy":"product_cat","embeddable":true,"href":"https:\/\/baldumarket.lt\/ru\/wp-json\/wp\/v2\/product_cat?post=94572"},{"taxonomy":"product_tag","embeddable":true,"href":"https:\/\/baldumarket.lt\/ru\/wp-json\/wp\/v2\/product_tag?post=94572"}],"curies":[{"name":"WP","href":"https:\/\/api.w.org\/{rel}","templated":true}]}}