{"id":94260,"date":"2025-12-05T02:44:15","date_gmt":"2025-12-04T23:44:15","guid":{"rendered":"https:\/\/baldumarket.lt\/product\/drewniane-klocki-dla-dzieci-ad402-naturalny\/"},"modified":"2026-02-03T23:53:57","modified_gmt":"2026-02-03T20:53:57","slug":"drewniane-klocki-dla-dzieci-ad402-naturalny","status":"publish","type":"product","link":"https:\/\/baldumarket.lt\/ru\/product\/drewniane-klocki-dla-dzieci-ad402-naturalny\/","title":{"rendered":"Mediniai kalad\u0117l\u0117s vaikams AD402 nat\u016bralios"},"content":{"rendered":"<p>\u0422\u043e\u0432\u0430\u0440 \u0438\u043c\u0435\u0435\u0442\u0441\u044f \u0432 \u043d\u0430\u043b\u0438\u0447\u0438\u0438 \u043d\u0430 \u0441\u043a\u043b\u0430\u0434\u0435 \u0432 \u043e\u0442\u0434\u0435\u043b\u044c\u043d\u044b\u0445 \u0446\u0432\u0435\u0442\u0430\u0445 \u0438 \u0440\u0430\u0437\u043c\u0435\u0440\u0430\u0445 \u2013 \u043f\u043e\u0436\u0430\u043b\u0443\u0439\u0441\u0442\u0430, \u0443\u0442\u043e\u0447\u043d\u0438\u0442\u0435 \u043d\u0430\u043b\u0438\u0447\u0438\u0435 \u0443 \u0432\u0430\u0448\u0435\u0433\u043e \u043f\u0440\u043e\u0434\u0430\u0432\u0446\u0430.<\/p>\n<p>\u0414\u0435\u0440\u0435\u0432\u044f\u043d\u043d\u044b\u0435 \u043a\u0443\u0431\u0438\u043a\u0438 \u2014 \u043e\u0434\u043d\u0430 \u0438\u0437 \u0441\u0430\u043c\u044b\u0445 \u043f\u043e\u043f\u0443\u043b\u044f\u0440\u043d\u044b\u0445 \u0438\u0433\u0440\u0443\u0448\u0435\u043a \u0434\u043b\u044f \u0434\u0435\u0442\u0435\u0439. \u041e\u043d\u0438 \u0440\u0430\u0437\u0432\u0438\u0432\u0430\u044e\u0442 \u0432\u043e\u043e\u0431\u0440\u0430\u0436\u0435\u043d\u0438\u0435 \u0438 \u043c\u0435\u043b\u043a\u0443\u044e \u043c\u043e\u0442\u043e\u0440\u0438\u043a\u0443. \u0418\u0437\u0433\u043e\u0442\u043e\u0432\u043b\u0435\u043d\u043d\u044b\u0435 \u0438\u0437 \u043c\u0430\u0441\u0441\u0438\u0432\u0430 \u0431\u0443\u043a\u0430, \u043e\u043d\u0438 \u0434\u043e\u043b\u0433\u043e\u0432\u0435\u0447\u043d\u044b \u0438 \u043f\u0440\u043e\u0441\u043b\u0443\u0436\u0430\u0442 \u0434\u043e\u043b\u0433\u0438\u0435 \u0433\u043e\u0434\u044b. \u0414\u0435\u0440\u0435\u0432\u044f\u043d\u043d\u044b\u0435 \u043a\u0443\u0431\u0438\u043a\u0438 \u2014 \u0438\u0434\u0435\u0430\u043b\u044c\u043d\u0430\u044f \u0438\u0433\u0440\u0443\u0448\u043a\u0430 \u043a\u0430\u043a \u0434\u043b\u044f \u043c\u0430\u043b\u044c\u0447\u0438\u043a\u043e\u0432, \u0442\u0430\u043a \u0438 \u0434\u043b\u044f \u0434\u0435\u0432\u043e\u0447\u0435\u043a.<br \/>\n\u0414\u0435\u0440\u0435\u0432\u044f\u043d\u043d\u044b\u0435 \u0434\u043e\u043c\u0438\u043d\u043e 5 \u0446\u0432\u0435\u0442\u043e\u0432 \u2013 800 \u0448\u0442\u0443\u043a<\/p>","protected":false},"excerpt":{"rendered":"<p>\u0422\u043e\u0432\u0430\u0440 \u0435\u0441\u0442\u044c \u0432 \u043d\u0430\u043b\u0438\u0447\u0438\u0438 \u0432 \u043d\u0435\u043a\u043e\u0442\u043e\u0440\u044b\u0445 \u0446\u0432\u0435\u0442\u0430\u0445 \u0438 \u0440\u0430\u0437\u043c\u0435\u0440\u0430\u0445 \u2013 \u043f\u043e\u0436\u0430\u043b\u0443\u0439\u0441\u0442\u0430, \u0443\u0442\u043e\u0447\u043d\u0438\u0442\u0435 \u043d\u0430\u043b\u0438\u0447\u0438\u0435 \u0443 \u043f\u0440\u043e\u0434\u0430\u0432\u0446\u0430. \u0414\u0435\u0440\u0435\u0432\u044f\u043d\u043d\u044b\u0435 \u043a\u0443\u0431\u0438\u043a\u0438 \u2013 \u043e\u0434\u043d\u0430 \u0438\u0437 \u0441\u0430\u043c\u044b\u0445 \u043f\u043e\u043f\u0443\u043b\u044f\u0440\u043d\u044b\u0445 \u0438\u0433\u0440\u0443\u0448\u0435\u043a \u0434\u043b\u044f \u0434\u0435\u0442\u0435\u0439. \u041e\u043d\u0438 \u0440\u0430\u0437\u0432\u0438\u0432\u0430\u044e\u0442 \u0432\u043e\u043e\u0431\u0440\u0430\u0436\u0435\u043d\u0438\u0435 \u0438 \u043c\u0435\u043b\u043a\u0443\u044e \u043c\u043e\u0442\u043e\u0440\u0438\u043a\u0443. \u0418\u0437\u0433\u043e\u0442\u043e\u0432\u043b\u0435\u043d\u043d\u044b\u0435 \u0438\u0437 \u043c\u0430\u0441\u0441\u0438\u0432\u0430 \u0431\u0443\u043a\u0430, \u043e\u043d\u0438 \u0434\u043e\u043b\u0433\u043e\u0432\u0435\u0447\u043d\u044b \u0438 \u043f\u0440\u043e\u0441\u043b\u0443\u0436\u0430\u0442 \u0434\u043e\u043b\u0433\u0438\u0435 \u0433\u043e\u0434\u044b. \u0414\u0435\u0440\u0435\u0432\u044f\u043d\u043d\u044b\u0435 \u043a\u0443\u0431\u0438\u043a\u0438 \u2013 \u0438\u0434\u0435\u0430\u043b\u044c\u043d\u0430\u044f \u0438\u0433\u0440\u0443\u0448\u043a\u0430 \u0434\u043b\u044f [\u2026]<\/p>","protected":false},"featured_media":94261,"comment_status":"open","ping_status":"open","template":"","meta":[],"product_brand":[],"product_cat":[9309,9251,2113],"product_tag":[],"class_list":{"0":"post-94260","1":"product","2":"type-product","3":"status-publish","4":"has-post-thumbnail","6":"product_cat-garden-taps-drewmax","7":"product_cat-musor","8":"product_cat-drewmax","10":"first","11":"instock","12":"purchasable","13":"product-type-simple"},"_links":{"self":[{"href":"https:\/\/baldumarket.lt\/ru\/wp-json\/wp\/v2\/product\/94260","targetHints":{"allow":["GET"]}}],"collection":[{"href":"https:\/\/baldumarket.lt\/ru\/wp-json\/wp\/v2\/product"}],"about":[{"href":"https:\/\/baldumarket.lt\/ru\/wp-json\/wp\/v2\/types\/product"}],"replies":[{"embeddable":true,"href":"https:\/\/baldumarket.lt\/ru\/wp-json\/wp\/v2\/comments?post=94260"}],"wp:featuredmedia":[{"embeddable":true,"href":"https:\/\/baldumarket.lt\/ru\/wp-json\/wp\/v2\/media\/94261"}],"wp:attachment":[{"href":"https:\/\/baldumarket.lt\/ru\/wp-json\/wp\/v2\/media?parent=94260"}],"wp:term":[{"taxonomy":"product_brand","embeddable":true,"href":"https:\/\/baldumarket.lt\/ru\/wp-json\/wp\/v2\/product_brand?post=94260"},{"taxonomy":"product_cat","embeddable":true,"href":"https:\/\/baldumarket.lt\/ru\/wp-json\/wp\/v2\/product_cat?post=94260"},{"taxonomy":"product_tag","embeddable":true,"href":"https:\/\/baldumarket.lt\/ru\/wp-json\/wp\/v2\/product_tag?post=94260"}],"curies":[{"name":"WP","href":"https:\/\/api.w.org\/{rel}","templated":true}]}}