{"id":93351,"date":"2025-12-05T02:24:17","date_gmt":"2025-12-04T23:24:17","guid":{"rendered":"https:\/\/baldumarket.lt\/product\/drewniane-krzeselko-dzieciece-ad251-buk-szary\/"},"modified":"2026-02-03T23:57:16","modified_gmt":"2026-02-03T20:57:16","slug":"drewniane-krzeselko-dzieciece-ad251-buk-szary","status":"publish","type":"product","link":"https:\/\/baldumarket.lt\/ru\/product\/drewniane-krzeselko-dzieciece-ad251-buk-szary\/","title":{"rendered":"Medin\u0117 vaiki\u0161ka k\u0117d\u0117 AD251, buko pilka"},"content":{"rendered":"<p>\u0421\u0442\u0443\u043b AD251 \u0438\u0437\u0433\u043e\u0442\u043e\u0432\u043b\u0435\u043d \u0438\u0437 \u043c\u0430\u0441\u0441\u0438\u0432\u0430 \u0431\u0443\u043a\u0430. \u041e\u043d \u0438\u043c\u0435\u0435\u0442 \u044f\u0440\u043a\u0443\u044e \u043e\u0442\u0434\u0435\u043b\u043a\u0443 \u0441\u0438\u0434\u0435\u043d\u044c\u044f \u0438 \u0441\u043f\u0438\u043d\u043a\u0438. \u0414\u043e\u0441\u0442\u0443\u043f\u043d\u044b\u0435 \u0446\u0432\u0435\u0442\u0430: \u0436\u0435\u043b\u0442\u044b\u0439, \u0440\u043e\u0437\u043e\u0432\u044b\u0439, \u0431\u0435\u043b\u044b\u0439, \u0441\u0438\u043d\u0438\u0439, \u0437\u0435\u043b\u0435\u043d\u044b\u0439 \u0438 \u043a\u0440\u0430\u0441\u043d\u044b\u0439. \u0412 \u0441\u043e\u0447\u0435\u0442\u0430\u043d\u0438\u0438 \u0441\u043e \u0441\u0442\u043e\u043b\u043e\u043c \u0438\u0437 \u0442\u043e\u0439 \u0436\u0435 \u0441\u0435\u0440\u0438\u0438 (AD252) \u0432\u044b \u043c\u043e\u0436\u0435\u0442\u0435 \u0432\u044b\u0431\u0440\u0430\u0442\u044c \u043e\u0434\u0438\u043d \u0438\u0437 \u043c\u043d\u043e\u0436\u0435\u0441\u0442\u0432\u0430 \u0446\u0432\u0435\u0442\u043e\u0432 \u0441\u0442\u0443\u043b\u0430, \u0447\u0442\u043e\u0431\u044b \u0441\u043e\u0437\u0434\u0430\u0442\u044c \u044f\u0440\u043a\u0443\u044e \u0438 \u043f\u0440\u0438\u0432\u043b\u0435\u043a\u0430\u0442\u0435\u043b\u044c\u043d\u0443\u044e \u0438\u0433\u0440\u043e\u0432\u0443\u044e \u0437\u043e\u043d\u0443 \u0434\u043b\u044f \u0432\u0430\u0448\u0435\u0433\u043e \u0440\u0435\u0431\u0435\u043d\u043a\u0430.<\/p>","protected":false},"excerpt":{"rendered":"<p>\u0421\u0442\u0443\u043b AD251 \u0438\u0437\u0433\u043e\u0442\u043e\u0432\u043b\u0435\u043d \u0438\u0437 \u043c\u0430\u0441\u0441\u0438\u0432\u0430 \u0431\u0443\u043a\u0430. \u041e\u043d \u0438\u043c\u0435\u0435\u0442 \u044f\u0440\u043a\u0443\u044e \u043e\u0442\u0434\u0435\u043b\u043a\u0443 \u0441\u0438\u0434\u0435\u043d\u044c\u044f \u0438 \u0441\u043f\u0438\u043d\u043a\u0438. \u0414\u043e\u0441\u0442\u0443\u043f\u043d\u044b\u0435 \u0446\u0432\u0435\u0442\u0430: \u0436\u0435\u043b\u0442\u044b\u0439, \u0440\u043e\u0437\u043e\u0432\u044b\u0439, \u0431\u0435\u043b\u044b\u0439, \u0441\u0438\u043d\u0438\u0439, \u0437\u0435\u043b\u0435\u043d\u044b\u0439 \u0438 \u043a\u0440\u0430\u0441\u043d\u044b\u0439. \u0412 \u0441\u043e\u0447\u0435\u0442\u0430\u043d\u0438\u0438 \u0441\u043e \u0441\u0442\u043e\u043b\u043e\u043c \u0438\u0437 \u0442\u043e\u0439 \u0436\u0435 \u0441\u0435\u0440\u0438\u0438 (AD252) \u0432\u044b \u043c\u043e\u0436\u0435\u0442\u0435 \u0432\u044b\u0431\u0440\u0430\u0442\u044c \u043e\u0434\u0438\u043d \u0438\u0437 \u043c\u043d\u043e\u0436\u0435\u0441\u0442\u0432\u0430 \u0446\u0432\u0435\u0442\u043e\u0432 \u0441\u0442\u0443\u043b\u0430, \u0447\u0442\u043e\u0431\u044b \u0441\u043e\u0437\u0434\u0430\u0442\u044c \u043a\u0440\u0430\u0441\u043e\u0447\u043d\u0443\u044e \u0438 \u043f\u0440\u0438\u0432\u043b\u0435\u043a\u0430\u0442\u0435\u043b\u044c\u043d\u0443\u044e \u0438\u0433\u0440\u043e\u0432\u0443\u044e \u0437\u043e\u043d\u0443 \u0434\u043b\u044f \u0432\u0430\u0448\u0435\u0433\u043e \u0440\u0435\u0431\u0435\u043d\u043a\u0430 [\u2026]<\/p>","protected":false},"featured_media":84408,"comment_status":"open","ping_status":"open","template":"","meta":[],"product_brand":[],"product_cat":[9307,1930,2113],"product_tag":[],"class_list":{"0":"post-93351","1":"product","2":"type-product","3":"status-publish","4":"has-post-thumbnail","6":"product_cat-garden-furniture-drewmax","7":"product_cat-chairs","8":"product_cat-drewmax","10":"first","11":"instock","12":"purchasable","13":"product-type-simple"},"_links":{"self":[{"href":"https:\/\/baldumarket.lt\/ru\/wp-json\/wp\/v2\/product\/93351","targetHints":{"allow":["GET"]}}],"collection":[{"href":"https:\/\/baldumarket.lt\/ru\/wp-json\/wp\/v2\/product"}],"about":[{"href":"https:\/\/baldumarket.lt\/ru\/wp-json\/wp\/v2\/types\/product"}],"replies":[{"embeddable":true,"href":"https:\/\/baldumarket.lt\/ru\/wp-json\/wp\/v2\/comments?post=93351"}],"wp:featuredmedia":[{"embeddable":true,"href":"https:\/\/baldumarket.lt\/ru\/wp-json\/wp\/v2\/media\/84408"}],"wp:attachment":[{"href":"https:\/\/baldumarket.lt\/ru\/wp-json\/wp\/v2\/media?parent=93351"}],"wp:term":[{"taxonomy":"product_brand","embeddable":true,"href":"https:\/\/baldumarket.lt\/ru\/wp-json\/wp\/v2\/product_brand?post=93351"},{"taxonomy":"product_cat","embeddable":true,"href":"https:\/\/baldumarket.lt\/ru\/wp-json\/wp\/v2\/product_cat?post=93351"},{"taxonomy":"product_tag","embeddable":true,"href":"https:\/\/baldumarket.lt\/ru\/wp-json\/wp\/v2\/product_tag?post=93351"}],"curies":[{"name":"WP","href":"https:\/\/api.w.org\/{rel}","templated":true}]}}