{"id":92715,"date":"2025-12-05T02:12:25","date_gmt":"2025-12-04T23:12:25","guid":{"rendered":"https:\/\/baldumarket.lt\/product\/krzeslko-do-karmienia-ad220-buk-naturalny\/"},"modified":"2026-02-03T23:59:17","modified_gmt":"2026-02-03T20:59:17","slug":"krzeslko-do-karmienia-ad220-buk-naturalny","status":"publish","type":"product","link":"https:\/\/baldumarket.lt\/ru\/product\/krzeslko-do-karmienia-ad220-buk-naturalny\/","title":{"rendered":"AD220 maitinimo k\u0117dut\u0117, nat\u016bralus bukas"},"content":{"rendered":"<p>\u041c\u043d\u043e\u0433\u043e\u0444\u0443\u043d\u043a\u0446\u0438\u043e\u043d\u0430\u043b\u044c\u043d\u044b\u0439 \u0441\u0442\u0443\u043b\u044c\u0447\u0438\u043a \u0434\u043b\u044f \u043a\u043e\u0440\u043c\u043b\u0435\u043d\u0438\u044f AD220 \u043f\u0440\u0435\u0434\u043d\u0430\u0437\u043d\u0430\u0447\u0435\u043d \u0434\u043b\u044f \u043a\u043e\u0440\u043c\u043b\u0435\u043d\u0438\u044f \u043c\u0430\u043b\u044b\u0448\u0435\u0439, \u0430 \u0432 \u0440\u0430\u0437\u043b\u043e\u0436\u0435\u043d\u043d\u043e\u043c \u0432\u0438\u0434\u0435 \u043f\u0440\u0435\u0432\u0440\u0430\u0449\u0430\u0435\u0442\u0441\u044f \u0432 \u043e\u0442\u0434\u0435\u043b\u044c\u043d\u044b\u0439 \u0441\u0442\u043e\u043b\u0438\u043a \u0438 \u0441\u0442\u0443\u043b\u044c\u0447\u0438\u043a \u0434\u043b\u044f \u0434\u0435\u0442\u0435\u0439 \u043f\u043e\u0441\u0442\u0430\u0440\u0448\u0435. \u0418\u0437\u0433\u043e\u0442\u043e\u0432\u043b\u0435\u043d\u043d\u044b\u0439 \u0438\u0437 \u0431\u0443\u043a\u0430, \u043e\u043d \u043e\u0441\u043d\u0430\u0449\u0435\u043d \u0440\u0435\u043c\u043d\u044f\u043c\u0438 \u0431\u0435\u0437\u043e\u043f\u0430\u0441\u043d\u043e\u0441\u0442\u0438 \u0434\u043b\u044f \u0434\u043e\u043f\u043e\u043b\u043d\u0438\u0442\u0435\u043b\u044c\u043d\u043e\u0439 \u0437\u0430\u0449\u0438\u0442\u044b \u0432\u043e \u0432\u0440\u0435\u043c\u044f \u043a\u043e\u0440\u043c\u043b\u0435\u043d\u0438\u044f.<\/p>","protected":false},"excerpt":{"rendered":"<p>\u041c\u043d\u043e\u0433\u043e\u0444\u0443\u043d\u043a\u0446\u0438\u043e\u043d\u0430\u043b\u044c\u043d\u044b\u0439 \u0441\u0442\u0443\u043b\u044c\u0447\u0438\u043a \u0434\u043b\u044f \u043a\u043e\u0440\u043c\u043b\u0435\u043d\u0438\u044f AD220 \u043f\u0440\u0435\u0434\u043d\u0430\u0437\u043d\u0430\u0447\u0435\u043d \u0434\u043b\u044f \u043a\u043e\u0440\u043c\u043b\u0435\u043d\u0438\u044f \u043c\u0430\u043b\u044b\u0448\u0435\u0439, \u0430 \u0432 \u0440\u0430\u0437\u043b\u043e\u0436\u0435\u043d\u043d\u043e\u043c \u0432\u0438\u0434\u0435 \u043f\u0440\u0435\u0432\u0440\u0430\u0449\u0430\u0435\u0442\u0441\u044f \u0432 \u043e\u0442\u0434\u0435\u043b\u044c\u043d\u044b\u0439 \u0441\u0442\u043e\u043b\u0438\u043a \u0438 \u0441\u0442\u0443\u043b\u044c\u0447\u0438\u043a \u0434\u043b\u044f \u0434\u0435\u0442\u0435\u0439 \u043f\u043e\u0441\u0442\u0430\u0440\u0448\u0435. \u0418\u0437\u0433\u043e\u0442\u043e\u0432\u043b\u0435\u043d\u043d\u044b\u0439 \u0438\u0437 \u0431\u0443\u043a\u0430, \u043e\u043d \u043e\u0441\u043d\u0430\u0449\u0435\u043d \u0440\u0435\u043c\u043d\u044f\u043c\u0438 \u0431\u0435\u0437\u043e\u043f\u0430\u0441\u043d\u043e\u0441\u0442\u0438 \u0434\u043b\u044f \u0434\u043e\u043f\u043e\u043b\u043d\u0438\u0442\u0435\u043b\u044c\u043d\u043e\u0439 \u0437\u0430\u0449\u0438\u0442\u044b \u0432\u043e \u0432\u0440\u0435\u043c\u044f \u043a\u043e\u0440\u043c\u043b\u0435\u043d\u0438\u044f.<\/p>","protected":false},"featured_media":92716,"comment_status":"open","ping_status":"open","template":"","meta":[],"product_brand":[],"product_cat":[2113,1043],"product_tag":[],"class_list":{"0":"post-92715","1":"product","2":"type-product","3":"status-publish","4":"has-post-thumbnail","6":"product_cat-drewmax","7":"product_cat-extras","9":"first","10":"instock","11":"purchasable","12":"product-type-simple"},"_links":{"self":[{"href":"https:\/\/baldumarket.lt\/ru\/wp-json\/wp\/v2\/product\/92715","targetHints":{"allow":["GET"]}}],"collection":[{"href":"https:\/\/baldumarket.lt\/ru\/wp-json\/wp\/v2\/product"}],"about":[{"href":"https:\/\/baldumarket.lt\/ru\/wp-json\/wp\/v2\/types\/product"}],"replies":[{"embeddable":true,"href":"https:\/\/baldumarket.lt\/ru\/wp-json\/wp\/v2\/comments?post=92715"}],"wp:featuredmedia":[{"embeddable":true,"href":"https:\/\/baldumarket.lt\/ru\/wp-json\/wp\/v2\/media\/92716"}],"wp:attachment":[{"href":"https:\/\/baldumarket.lt\/ru\/wp-json\/wp\/v2\/media?parent=92715"}],"wp:term":[{"taxonomy":"product_brand","embeddable":true,"href":"https:\/\/baldumarket.lt\/ru\/wp-json\/wp\/v2\/product_brand?post=92715"},{"taxonomy":"product_cat","embeddable":true,"href":"https:\/\/baldumarket.lt\/ru\/wp-json\/wp\/v2\/product_cat?post=92715"},{"taxonomy":"product_tag","embeddable":true,"href":"https:\/\/baldumarket.lt\/ru\/wp-json\/wp\/v2\/product_tag?post=92715"}],"curies":[{"name":"WP","href":"https:\/\/api.w.org\/{rel}","templated":true}]}}