{"id":92603,"date":"2025-12-05T02:10:01","date_gmt":"2025-12-04T23:10:01","guid":{"rendered":"https:\/\/baldumarket.lt\/product\/krzeslo-bukowe-kt242-buk-orzech\/"},"modified":"2026-02-03T23:59:44","modified_gmt":"2026-02-03T20:59:44","slug":"krzeslo-bukowe-kt242-buk-orzech","status":"publish","type":"product","link":"https:\/\/baldumarket.lt\/ru\/product\/krzeslo-bukowe-kt242-buk-orzech\/","title":{"rendered":"Buko k\u0117d\u0117 KT242 buko riesutmed\u017eio spalvos"},"content":{"rendered":"<p>\u041a\u043b\u0430\u0441\u0441\u0438\u0447\u0435\u0441\u043a\u0438\u0439 \u0442\u0430\u0431\u0443\u0440\u0435\u0442 KT242 \u0438\u0437\u0433\u043e\u0442\u043e\u0432\u043b\u0435\u043d \u0438\u0437 \u043c\u0430\u0441\u0441\u0438\u0432\u0430 \u0431\u0443\u043a\u0430. \u0415\u0433\u043e \u0432\u044b\u0441\u043e\u0442\u0430 \u0441\u043e\u0441\u0442\u0430\u0432\u043b\u044f\u0435\u0442 60 \u0441\u043c, \u0430 \u043f\u0440\u043e\u0441\u0442\u043e\u0439, \u043a\u043b\u0430\u0441\u0441\u0438\u0447\u0435\u0441\u043a\u0438\u0439 \u0441\u0442\u0438\u043b\u044c \u0443\u043a\u0440\u0430\u0441\u0438\u0442 \u043b\u044e\u0431\u043e\u0439 \u0438\u043d\u0442\u0435\u0440\u044c\u0435\u0440.<\/p>","protected":false},"excerpt":{"rendered":"<p>\u041a\u043b\u0430\u0441\u0441\u0438\u0447\u0435\u0441\u043a\u0438\u0439 \u0442\u0430\u0431\u0443\u0440\u0435\u0442 KT242 \u0438\u0437\u0433\u043e\u0442\u043e\u0432\u043b\u0435\u043d \u0438\u0437 \u043c\u0430\u0441\u0441\u0438\u0432\u0430 \u0431\u0443\u043a\u0430. \u0415\u0433\u043e \u0432\u044b\u0441\u043e\u0442\u0430 \u0441\u043e\u0441\u0442\u0430\u0432\u043b\u044f\u0435\u0442 60 \u0441\u043c, \u0430 \u043f\u0440\u043e\u0441\u0442\u043e\u0439, \u043a\u043b\u0430\u0441\u0441\u0438\u0447\u0435\u0441\u043a\u0438\u0439 \u0441\u0442\u0438\u043b\u044c \u0443\u043a\u0440\u0430\u0441\u0438\u0442 \u043b\u044e\u0431\u043e\u0439 \u0438\u043d\u0442\u0435\u0440\u044c\u0435\u0440.<\/p>","protected":false},"featured_media":92600,"comment_status":"open","ping_status":"open","template":"","meta":[],"product_brand":[],"product_cat":[9304,1930,2113],"product_tag":[],"class_list":{"0":"post-92603","1":"product","2":"type-product","3":"status-publish","4":"has-post-thumbnail","6":"product_cat-beech-furniture-drewmax","7":"product_cat-chairs","8":"product_cat-drewmax","10":"first","11":"instock","12":"purchasable","13":"product-type-simple"},"_links":{"self":[{"href":"https:\/\/baldumarket.lt\/ru\/wp-json\/wp\/v2\/product\/92603","targetHints":{"allow":["GET"]}}],"collection":[{"href":"https:\/\/baldumarket.lt\/ru\/wp-json\/wp\/v2\/product"}],"about":[{"href":"https:\/\/baldumarket.lt\/ru\/wp-json\/wp\/v2\/types\/product"}],"replies":[{"embeddable":true,"href":"https:\/\/baldumarket.lt\/ru\/wp-json\/wp\/v2\/comments?post=92603"}],"wp:featuredmedia":[{"embeddable":true,"href":"https:\/\/baldumarket.lt\/ru\/wp-json\/wp\/v2\/media\/92600"}],"wp:attachment":[{"href":"https:\/\/baldumarket.lt\/ru\/wp-json\/wp\/v2\/media?parent=92603"}],"wp:term":[{"taxonomy":"product_brand","embeddable":true,"href":"https:\/\/baldumarket.lt\/ru\/wp-json\/wp\/v2\/product_brand?post=92603"},{"taxonomy":"product_cat","embeddable":true,"href":"https:\/\/baldumarket.lt\/ru\/wp-json\/wp\/v2\/product_cat?post=92603"},{"taxonomy":"product_tag","embeddable":true,"href":"https:\/\/baldumarket.lt\/ru\/wp-json\/wp\/v2\/product_tag?post=92603"}],"curies":[{"name":"WP","href":"https:\/\/api.w.org\/{rel}","templated":true}]}}