{"id":92506,"date":"2025-12-05T02:08:17","date_gmt":"2025-12-04T23:08:17","guid":{"rendered":"https:\/\/baldumarket.lt\/product\/krzeslo-debowe-kt376-dab-miodowy\/"},"modified":"2026-02-04T00:00:05","modified_gmt":"2026-02-03T21:00:05","slug":"krzeslo-debowe-kt376-dab-miodowy","status":"publish","type":"product","link":"https:\/\/baldumarket.lt\/ru\/product\/krzeslo-debowe-kt376-dab-miodowy\/","title":{"rendered":"\u0104\u017euolin\u0117 k\u0117d\u0117 KT376 medaus \u0105\u017euolo spalvos"},"content":{"rendered":"<p>\u0421\u0442\u0443\u043b KT376 \u0438\u0437\u0433\u043e\u0442\u043e\u0432\u043b\u0435\u043d \u0438\u0437 \u043c\u0430\u0441\u0441\u0438\u0432\u0430 \u0434\u0443\u0431\u0430. \u0415\u0433\u043e \u043c\u043e\u0434\u043d\u044b\u0439, \u0441\u043e\u0432\u0440\u0435\u043c\u0435\u043d\u043d\u044b\u0439 \u0434\u0438\u0437\u0430\u0439\u043d, \u043e\u0442\u043b\u0438\u0447\u0430\u044e\u0449\u0438\u0439\u0441\u044f \u043c\u0438\u043d\u0438\u043c\u0430\u043b\u0438\u0437\u043c\u043e\u043c, \u043f\u0440\u0438\u0434\u0430\u0435\u0442 \u0435\u043c\u0443 \u0432\u043d\u0435\u0432\u0440\u0435\u043c\u0435\u043d\u043d\u043e\u0439 \u0441\u0442\u0438\u043b\u044c. \u041a\u043e\u043c\u0444\u043e\u0440\u0442 \u043e\u0431\u0435\u0441\u043f\u0435\u0447\u0438\u0432\u0430\u0435\u0442\u0441\u044f \u043c\u044f\u0433\u043a\u0438\u043c \u0441\u0438\u0434\u0435\u043d\u044c\u0435\u043c \u0438 \u043f\u043b\u0430\u0432\u043d\u043e \u0438\u0437\u043e\u0433\u043d\u0443\u0442\u043e\u0439 \u0441\u043f\u0438\u043d\u043a\u043e\u0439. \u0415\u0433\u043e \u0432\u043d\u0435\u0432\u0440\u0435\u043c\u0435\u043d\u043d\u043e\u0439 \u0441\u0442\u0438\u043b\u044c \u0432 \u0441\u043e\u0447\u0435\u0442\u0430\u043d\u0438\u0438 \u0441 \u0432\u0438\u0434\u0438\u043c\u043e\u0439 \u0442\u0435\u043a\u0441\u0442\u0443\u0440\u043e\u0439 \u043d\u0430\u0442\u0443\u0440\u0430\u043b\u044c\u043d\u043e\u0433\u043e \u0434\u0435\u0440\u0435\u0432\u0430, \u0438\u0437 \u043a\u043e\u0442\u043e\u0440\u043e\u0433\u043e \u043e\u043d \u0438\u0437\u0433\u043e\u0442\u043e\u0432\u043b\u0435\u043d, \u0443\u043a\u0440\u0430\u0441\u0438\u0442 \u043b\u044e\u0431\u043e\u0439 \u0438\u043d\u0442\u0435\u0440\u044c\u0435\u0440.<\/p>\n<p>\u041e\u0431\u0438\u0432\u043e\u0447\u043d\u044b\u0439 \u043c\u0430\u0442\u0435\u0440\u0438\u0430\u043b \u0434\u043e\u0441\u0442\u0443\u043f\u0435\u043d \u0432 \u043e\u0442\u0434\u0435\u043b\u044c\u043d\u044b\u0445 \u043a\u043e\u043b\u043b\u0435\u043a\u0446\u0438\u044f\u0445 Toptextil \u0438\u0437 \u043a\u0430\u0442\u0430\u043b\u043e\u0433\u0430 Drewmax.<\/p>","protected":false},"excerpt":{"rendered":"<p>\u0421\u0442\u0443\u043b KT376 \u0438\u0437\u0433\u043e\u0442\u043e\u0432\u043b\u0435\u043d \u0438\u0437 \u043c\u0430\u0441\u0441\u0438\u0432\u0430 \u0434\u0443\u0431\u0430. \u0415\u0433\u043e \u043c\u043e\u0434\u043d\u044b\u0439, \u0441\u043e\u0432\u0440\u0435\u043c\u0435\u043d\u043d\u044b\u0439 \u0434\u0438\u0437\u0430\u0439\u043d, \u043e\u0442\u043b\u0438\u0447\u0430\u044e\u0449\u0438\u0439\u0441\u044f \u043c\u0438\u043d\u0438\u043c\u0430\u043b\u0438\u0437\u043c\u043e\u043c, \u043f\u0440\u0438\u0434\u0430\u0435\u0442 \u0435\u043c\u0443 \u0432\u043d\u0435\u0432\u0440\u0435\u043c\u0435\u043d\u043d\u043e\u0439 \u0441\u0442\u0438\u043b\u044c. \u041a\u043e\u043c\u0444\u043e\u0440\u0442 \u043e\u0431\u0435\u0441\u043f\u0435\u0447\u0438\u0432\u0430\u0435\u0442\u0441\u044f \u043c\u044f\u0433\u043a\u0438\u043c \u0441\u0438\u0434\u0435\u043d\u044c\u0435\u043c \u0438 \u043f\u043b\u0430\u0432\u043d\u043e \u0438\u0437\u043e\u0433\u043d\u0443\u0442\u043e\u0439 \u0441\u043f\u0438\u043d\u043a\u043e\u0439. \u0415\u0433\u043e \u0432\u043d\u0435\u0432\u0440\u0435\u043c\u0435\u043d\u043d\u043e\u0439 \u0441\u0442\u0438\u043b\u044c \u0432 \u0441\u043e\u0447\u0435\u0442\u0430\u043d\u0438\u0438 \u0441 \u0432\u0438\u0434\u0438\u043c\u043e\u0439 \u0442\u0435\u043a\u0441\u0442\u0443\u0440\u043e\u0439 \u043d\u0430\u0442\u0443\u0440\u0430\u043b\u044c\u043d\u043e\u0433\u043e \u0434\u0435\u0440\u0435\u0432\u0430, \u0438\u0437 \u043a\u043e\u0442\u043e\u0440\u043e\u0433\u043e \u043e\u043d \u0438\u0437\u0433\u043e\u0442\u043e\u0432\u043b\u0435\u043d, \u0443\u043a\u0440\u0430\u0441\u0438\u0442 \u043b\u044e\u0431\u043e\u0439 \u0438\u043d\u0442\u0435\u0440\u044c\u0435\u0440. \u041e\u0431\u0438\u0432\u043a\u0430 [\u2026]<\/p>","protected":false},"featured_media":92500,"comment_status":"open","ping_status":"open","template":"","meta":[],"product_brand":[],"product_cat":[9303,1930,2113],"product_tag":[],"class_list":{"0":"post-92506","1":"product","2":"type-product","3":"status-publish","4":"has-post-thumbnail","6":"product_cat-oak-furniture-drewmax","7":"product_cat-chairs","8":"product_cat-drewmax","9":"pa_upholstery-material-leather","11":"first","12":"instock","13":"purchasable","14":"product-type-simple"},"_links":{"self":[{"href":"https:\/\/baldumarket.lt\/ru\/wp-json\/wp\/v2\/product\/92506","targetHints":{"allow":["GET"]}}],"collection":[{"href":"https:\/\/baldumarket.lt\/ru\/wp-json\/wp\/v2\/product"}],"about":[{"href":"https:\/\/baldumarket.lt\/ru\/wp-json\/wp\/v2\/types\/product"}],"replies":[{"embeddable":true,"href":"https:\/\/baldumarket.lt\/ru\/wp-json\/wp\/v2\/comments?post=92506"}],"wp:featuredmedia":[{"embeddable":true,"href":"https:\/\/baldumarket.lt\/ru\/wp-json\/wp\/v2\/media\/92500"}],"wp:attachment":[{"href":"https:\/\/baldumarket.lt\/ru\/wp-json\/wp\/v2\/media?parent=92506"}],"wp:term":[{"taxonomy":"product_brand","embeddable":true,"href":"https:\/\/baldumarket.lt\/ru\/wp-json\/wp\/v2\/product_brand?post=92506"},{"taxonomy":"product_cat","embeddable":true,"href":"https:\/\/baldumarket.lt\/ru\/wp-json\/wp\/v2\/product_cat?post=92506"},{"taxonomy":"product_tag","embeddable":true,"href":"https:\/\/baldumarket.lt\/ru\/wp-json\/wp\/v2\/product_tag?post=92506"}],"curies":[{"name":"WP","href":"https:\/\/api.w.org\/{rel}","templated":true}]}}