{"id":92451,"date":"2025-12-05T02:07:17","date_gmt":"2025-12-04T23:07:17","guid":{"rendered":"https:\/\/baldumarket.lt\/product\/krzeslo-sosnowe-kt101-sosna-naturalny\/"},"modified":"2026-02-04T00:00:16","modified_gmt":"2026-02-03T21:00:16","slug":"krzeslo-sosnowe-kt101-sosna-naturalny","status":"publish","type":"product","link":"https:\/\/baldumarket.lt\/ru\/product\/krzeslo-sosnowe-kt101-sosna-naturalny\/","title":{"rendered":"Pu\u0161in\u0117 k\u0117d\u0117 KT101 \u043d\u0430\u0442\u0443\u0440\u0430\u043b\u044c\u043d\u044b\u0435 \u043f\u0443\u0448\u0438\u0441\u044b"},"content":{"rendered":"<p>\u0421\u0442\u0443\u043b KT101 \u0438\u0437 \u0441\u043e\u0441\u043d\u044b \u043e\u0442\u043b\u0438\u0447\u0430\u0435\u0442\u0441\u044f \u043f\u0440\u043e\u0441\u0442\u044b\u043c \u0434\u0438\u0437\u0430\u0439\u043d\u043e\u043c, \u043a\u043e\u0442\u043e\u0440\u044b\u0439 \u043e\u0447\u0430\u0440\u043e\u0432\u044b\u0432\u0430\u0435\u0442 \u0441\u0432\u043e\u0435\u0439 \u0444\u0443\u043d\u043a\u0446\u0438\u043e\u043d\u0430\u043b\u044c\u043d\u043e\u0441\u0442\u044c\u044e \u0438 \u0432\u043d\u0435\u0432\u0440\u0435\u043c\u0435\u043d\u043d\u044b\u043c \u0445\u0430\u0440\u0430\u043a\u0442\u0435\u0440\u043e\u043c. \u0423\u0434\u043e\u0431\u043d\u0430\u044f \u0432\u044b\u0441\u043e\u043a\u0430\u044f \u0441\u043f\u0438\u043d\u043a\u0430, \u043f\u043e\u0434\u0434\u0435\u0440\u0436\u0438\u0432\u0430\u0435\u043c\u0430\u044f \u043f\u0435\u0440\u0435\u043a\u043b\u0430\u0434\u0438\u043d\u0430\u043c\u0438, \u0434\u043e\u0431\u0430\u0432\u043b\u044f\u0435\u0442 \u0435\u043c\u0443 \u043e\u0447\u0430\u0440\u043e\u0432\u0430\u043d\u0438\u044f. \u041e\u043d \u043f\u0440\u0435\u043a\u0440\u0430\u0441\u043d\u043e \u0432\u043f\u0438\u0448\u0435\u0442\u0441\u044f \u0432 \u043a\u043b\u0430\u0441\u0441\u0438\u0447\u0435\u0441\u043a\u0438\u0435 \u0438\u043d\u0442\u0435\u0440\u044c\u0435\u0440\u044b.<\/p>","protected":false},"excerpt":{"rendered":"<p>\u0421\u0442\u0443\u043b KT101 \u0438\u0437 \u0441\u043e\u0441\u043d\u044b \u043e\u0442\u043b\u0438\u0447\u0430\u0435\u0442\u0441\u044f \u043f\u0440\u043e\u0441\u0442\u044b\u043c \u0434\u0438\u0437\u0430\u0439\u043d\u043e\u043c, \u043a\u043e\u0442\u043e\u0440\u044b\u0439 \u043e\u0447\u0430\u0440\u043e\u0432\u044b\u0432\u0430\u0435\u0442 \u0441\u0432\u043e\u0435\u0439 \u0444\u0443\u043d\u043a\u0446\u0438\u043e\u043d\u0430\u043b\u044c\u043d\u043e\u0441\u0442\u044c\u044e \u0438 \u0432\u043d\u0435\u0432\u0440\u0435\u043c\u0435\u043d\u043d\u044b\u043c \u0445\u0430\u0440\u0430\u043a\u0442\u0435\u0440\u043e\u043c. \u0423\u0434\u043e\u0431\u043d\u0430\u044f \u0432\u044b\u0441\u043e\u043a\u0430\u044f \u0441\u043f\u0438\u043d\u043a\u0430, \u043f\u043e\u0434\u0434\u0435\u0440\u0436\u0438\u0432\u0430\u0435\u043c\u0430\u044f \u043f\u0435\u0440\u0435\u043a\u043b\u0430\u0434\u0438\u043d\u0430\u043c\u0438, \u0434\u043e\u0431\u0430\u0432\u043b\u044f\u0435\u0442 \u0435\u043c\u0443 \u043e\u0447\u0430\u0440\u043e\u0432\u0430\u043d\u0438\u044f. \u041e\u043d \u043f\u0440\u0435\u043a\u0440\u0430\u0441\u043d\u043e \u0432\u043f\u0438\u0448\u0435\u0442\u0441\u044f \u0432 \u043a\u043b\u0430\u0441\u0441\u0438\u0447\u0435\u0441\u043a\u0438\u0435 \u0438\u043d\u0442\u0435\u0440\u044c\u0435\u0440\u044b.<\/p>","protected":false},"featured_media":92450,"comment_status":"open","ping_status":"open","template":"","meta":[],"product_brand":[],"product_cat":[9305,1930,2113],"product_tag":[],"class_list":{"0":"post-92451","1":"product","2":"type-product","3":"status-publish","4":"has-post-thumbnail","6":"product_cat-pine-furniture-drewmax","7":"product_cat-chairs","8":"product_cat-drewmax","10":"first","11":"instock","12":"purchasable","13":"product-type-simple"},"_links":{"self":[{"href":"https:\/\/baldumarket.lt\/ru\/wp-json\/wp\/v2\/product\/92451","targetHints":{"allow":["GET"]}}],"collection":[{"href":"https:\/\/baldumarket.lt\/ru\/wp-json\/wp\/v2\/product"}],"about":[{"href":"https:\/\/baldumarket.lt\/ru\/wp-json\/wp\/v2\/types\/product"}],"replies":[{"embeddable":true,"href":"https:\/\/baldumarket.lt\/ru\/wp-json\/wp\/v2\/comments?post=92451"}],"wp:featuredmedia":[{"embeddable":true,"href":"https:\/\/baldumarket.lt\/ru\/wp-json\/wp\/v2\/media\/92450"}],"wp:attachment":[{"href":"https:\/\/baldumarket.lt\/ru\/wp-json\/wp\/v2\/media?parent=92451"}],"wp:term":[{"taxonomy":"product_brand","embeddable":true,"href":"https:\/\/baldumarket.lt\/ru\/wp-json\/wp\/v2\/product_brand?post=92451"},{"taxonomy":"product_cat","embeddable":true,"href":"https:\/\/baldumarket.lt\/ru\/wp-json\/wp\/v2\/product_cat?post=92451"},{"taxonomy":"product_tag","embeddable":true,"href":"https:\/\/baldumarket.lt\/ru\/wp-json\/wp\/v2\/product_tag?post=92451"}],"curies":[{"name":"WP","href":"https:\/\/api.w.org\/{rel}","templated":true}]}}