{"id":92422,"date":"2025-12-05T02:06:41","date_gmt":"2025-12-04T23:06:41","guid":{"rendered":"https:\/\/baldumarket.lt\/product\/krzeslo-sosnowe-kt108-sosna-dab\/"},"modified":"2026-02-04T00:00:23","modified_gmt":"2026-02-03T21:00:23","slug":"krzeslo-sosnowe-kt108-sosna-dab","status":"publish","type":"product","link":"https:\/\/baldumarket.lt\/ru\/product\/krzeslo-sosnowe-kt108-sosna-dab\/","title":{"rendered":"Pu\u0161in\u0117 k\u0117d\u0117 KT108 pu\u0161is \u0105\u017euolas"},"content":{"rendered":"<p>\u041a\u043b\u0430\u0441\u0441\u0438\u0447\u0435\u0441\u043a\u0438\u0439 \u0441\u043e\u0441\u043d\u043e\u0432\u044b\u0439 \u0441\u0442\u0443\u043b KT108 \u0438\u0434\u0435\u0430\u043b\u044c\u043d\u043e \u043f\u043e\u0434\u0445\u043e\u0434\u0438\u0442 \u043a\u0430\u043a \u0434\u043b\u044f \u043a\u0443\u0445\u043d\u0438, \u0442\u0430\u043a \u0438 \u0434\u043b\u044f \u0441\u0442\u043e\u043b\u043e\u0432\u043e\u0439. \u0415\u0433\u043e \u043f\u0440\u043e\u0441\u0442\u043e\u0439 \u0434\u0438\u0437\u0430\u0439\u043d, \u0434\u043e\u043f\u043e\u043b\u043d\u0435\u043d\u043d\u044b\u0439 \u0430\u0436\u0443\u0440\u043d\u043e\u0439 \u0441\u043f\u0438\u043d\u043a\u043e\u0439, \u043f\u0440\u0438\u0432\u043b\u0435\u043a\u0430\u0435\u0442 \u0432\u043d\u0438\u043c\u0430\u043d\u0438\u0435. \u0423\u0434\u043e\u0431\u043d\u044b\u0439 \u0438 \u0444\u0443\u043d\u043a\u0446\u0438\u043e\u043d\u0430\u043b\u044c\u043d\u044b\u0439, \u043e\u043d \u0438\u0437\u0433\u043e\u0442\u043e\u0432\u043b\u0435\u043d \u0438\u0437 \u043d\u0430\u0442\u0443\u0440\u0430\u043b\u044c\u043d\u043e\u0433\u043e \u0434\u0435\u0440\u0435\u0432\u0430 \u0438 \u0434\u043e\u0431\u0430\u0432\u0438\u0442 \u043e\u0447\u0430\u0440\u043e\u0432\u0430\u043d\u0438\u044f \u0438 \u0442\u0435\u043f\u043b\u0430 \u043b\u044e\u0431\u043e\u043c\u0443 \u0438\u043d\u0442\u0435\u0440\u044c\u0435\u0440\u0443, \u0432 \u043a\u043e\u0442\u043e\u0440\u043e\u043c \u0431\u0443\u0434\u0435\u0442 \u0440\u0430\u0437\u043c\u0435\u0449\u0435\u043d.<\/p>","protected":false},"excerpt":{"rendered":"<p>\u041a\u043b\u0430\u0441\u0441\u0438\u0447\u0435\u0441\u043a\u0438\u0439 \u0441\u043e\u0441\u043d\u043e\u0432\u044b\u0439 \u0441\u0442\u0443\u043b KT108 \u0438\u0434\u0435\u0430\u043b\u044c\u043d\u043e \u043f\u043e\u0434\u0445\u043e\u0434\u0438\u0442 \u043a\u0430\u043a \u0434\u043b\u044f \u043a\u0443\u0445\u043d\u0438, \u0442\u0430\u043a \u0438 \u0434\u043b\u044f \u0441\u0442\u043e\u043b\u043e\u0432\u043e\u0439. \u0415\u0433\u043e \u043f\u0440\u043e\u0441\u0442\u043e\u0439 \u0434\u0438\u0437\u0430\u0439\u043d, \u0434\u043e\u043f\u043e\u043b\u043d\u0435\u043d\u043d\u044b\u0439 \u0430\u0436\u0443\u0440\u043d\u043e\u0439 \u0441\u043f\u0438\u043d\u043a\u043e\u0439, \u043f\u0440\u0438\u0432\u043b\u0435\u043a\u0430\u0435\u0442 \u0432\u043d\u0438\u043c\u0430\u043d\u0438\u0435. \u0423\u0434\u043e\u0431\u043d\u044b\u0439 \u0438 \u0444\u0443\u043d\u043a\u0446\u0438\u043e\u043d\u0430\u043b\u044c\u043d\u044b\u0439, \u043e\u043d \u0438\u0437\u0433\u043e\u0442\u043e\u0432\u043b\u0435\u043d \u0438\u0437 \u043d\u0430\u0442\u0443\u0440\u0430\u043b\u044c\u043d\u043e\u0433\u043e \u0434\u0435\u0440\u0435\u0432\u0430 \u0438 \u0434\u043e\u0431\u0430\u0432\u0438\u0442 \u043e\u0447\u0430\u0440\u043e\u0432\u0430\u043d\u0438\u044f \u0438 \u0442\u0435\u043f\u043b\u0430 \u043b\u044e\u0431\u043e\u043c\u0443 \u0438\u043d\u0442\u0435\u0440\u044c\u0435\u0440\u0443, \u0432 \u043a\u043e\u0442\u043e\u0440\u043e\u043c \u0431\u0443\u0434\u0435\u0442 \u0440\u0430\u0437\u043c\u0435\u0449\u0435\u043d.<\/p>","protected":false},"featured_media":92413,"comment_status":"open","ping_status":"open","template":"","meta":[],"product_brand":[],"product_cat":[9305,1930,2113],"product_tag":[],"class_list":{"0":"post-92422","1":"product","2":"type-product","3":"status-publish","4":"has-post-thumbnail","6":"product_cat-pine-furniture-drewmax","7":"product_cat-chairs","8":"product_cat-drewmax","10":"first","11":"instock","12":"purchasable","13":"product-type-simple"},"_links":{"self":[{"href":"https:\/\/baldumarket.lt\/ru\/wp-json\/wp\/v2\/product\/92422","targetHints":{"allow":["GET"]}}],"collection":[{"href":"https:\/\/baldumarket.lt\/ru\/wp-json\/wp\/v2\/product"}],"about":[{"href":"https:\/\/baldumarket.lt\/ru\/wp-json\/wp\/v2\/types\/product"}],"replies":[{"embeddable":true,"href":"https:\/\/baldumarket.lt\/ru\/wp-json\/wp\/v2\/comments?post=92422"}],"wp:featuredmedia":[{"embeddable":true,"href":"https:\/\/baldumarket.lt\/ru\/wp-json\/wp\/v2\/media\/92413"}],"wp:attachment":[{"href":"https:\/\/baldumarket.lt\/ru\/wp-json\/wp\/v2\/media?parent=92422"}],"wp:term":[{"taxonomy":"product_brand","embeddable":true,"href":"https:\/\/baldumarket.lt\/ru\/wp-json\/wp\/v2\/product_brand?post=92422"},{"taxonomy":"product_cat","embeddable":true,"href":"https:\/\/baldumarket.lt\/ru\/wp-json\/wp\/v2\/product_cat?post=92422"},{"taxonomy":"product_tag","embeddable":true,"href":"https:\/\/baldumarket.lt\/ru\/wp-json\/wp\/v2\/product_tag?post=92422"}],"curies":[{"name":"WP","href":"https:\/\/api.w.org\/{rel}","templated":true}]}}