{"id":90950,"date":"2025-12-05T01:37:09","date_gmt":"2025-12-04T22:37:09","guid":{"rendered":"https:\/\/baldumarket.lt\/product\/polka-sosnowa-pk131-sosna-orzech\/"},"modified":"2026-02-04T00:05:38","modified_gmt":"2026-02-03T21:05:38","slug":"polka-sosnowa-pk131-sosna-orzech","status":"publish","type":"product","link":"https:\/\/baldumarket.lt\/ru\/product\/polka-sosnowa-pk131-sosna-orzech\/","title":{"rendered":"Pu\u0161in\u0117 lentyna PK131 pu\u0161ies rie\u0161utmed\u017eio"},"content":{"rendered":"<p>\u0423\u0433\u043b\u043e\u0432\u0430\u044f \u043d\u0430\u0441\u0442\u0435\u043d\u043d\u0430\u044f \u043f\u043e\u043b\u043a\u0430 PK131 \u043e\u0442\u043b\u0438\u0447\u0430\u0435\u0442\u0441\u044f \u0443\u043d\u0438\u043a\u0430\u043b\u044c\u043d\u044b\u043c \u0434\u0438\u0437\u0430\u0439\u043d\u043e\u043c. \u041d\u0435\u0441\u043c\u043e\u0442\u0440\u044f \u043d\u0430 \u0441\u0432\u043e\u0438 \u043d\u0435\u0431\u043e\u043b\u044c\u0448\u0438\u0435 \u0440\u0430\u0437\u043c\u0435\u0440\u044b, \u043e\u043d\u0430 \u043f\u0440\u0438\u0434\u0430\u0441\u0442 \u043d\u0435\u043f\u043e\u0432\u0442\u043e\u0440\u0438\u043c\u044b\u0439 \u0448\u0430\u0440\u043c \u043b\u044e\u0431\u043e\u0439 \u043a\u043e\u043c\u043d\u0430\u0442\u0435, \u0433\u0434\u0435 \u0431\u0443\u0434\u0435\u0442 \u0440\u0430\u0437\u043c\u0435\u0449\u0435\u043d\u0430. \u041e\u043d\u0430 \u0442\u0430\u043a\u0436\u0435 \u0438\u0434\u0435\u0430\u043b\u044c\u043d\u043e \u043f\u043e\u0434\u0445\u043e\u0434\u0438\u0442 \u0434\u043b\u044f \u0445\u0440\u0430\u043d\u0435\u043d\u0438\u044f \u043a\u043d\u0438\u0433 \u0438\u043b\u0438 \u0441\u0435\u043c\u0435\u0439\u043d\u044b\u0445 \u0440\u0435\u043b\u0438\u043a\u0432\u0438\u0439.<\/p>","protected":false},"excerpt":{"rendered":"<p>\u0423\u0433\u043b\u043e\u0432\u0430\u044f \u043d\u0430\u0441\u0442\u0435\u043d\u043d\u0430\u044f \u043f\u043e\u043b\u043a\u0430 PK131 \u043e\u0442\u043b\u0438\u0447\u0430\u0435\u0442\u0441\u044f \u0443\u043d\u0438\u043a\u0430\u043b\u044c\u043d\u044b\u043c \u0434\u0438\u0437\u0430\u0439\u043d\u043e\u043c. \u041d\u0435\u0441\u043c\u043e\u0442\u0440\u044f \u043d\u0430 \u0441\u0432\u043e\u0438 \u043d\u0435\u0431\u043e\u043b\u044c\u0448\u0438\u0435 \u0440\u0430\u0437\u043c\u0435\u0440\u044b, \u043e\u043d\u0430 \u043f\u0440\u0438\u0434\u0430\u0441\u0442 \u043d\u0435\u043f\u043e\u0432\u0442\u043e\u0440\u0438\u043c\u044b\u0439 \u0448\u0430\u0440\u043c \u043b\u044e\u0431\u043e\u0439 \u043a\u043e\u043c\u043d\u0430\u0442\u0435, \u0433\u0434\u0435 \u0431\u0443\u0434\u0435\u0442 \u0440\u0430\u0437\u043c\u0435\u0449\u0435\u043d\u0430. \u041e\u043d\u0430 \u0442\u0430\u043a\u0436\u0435 \u0438\u0434\u0435\u0430\u043b\u044c\u043d\u043e \u043f\u043e\u0434\u0445\u043e\u0434\u0438\u0442 \u0434\u043b\u044f \u0445\u0440\u0430\u043d\u0435\u043d\u0438\u044f \u043a\u043d\u0438\u0433 \u0438\u043b\u0438 \u0441\u0435\u043c\u0435\u0439\u043d\u044b\u0445 \u0440\u0435\u043b\u0438\u043a\u0432\u0438\u0439.<\/p>","protected":false},"featured_media":90951,"comment_status":"open","ping_status":"open","template":"","meta":[],"product_brand":[],"product_cat":[9305,2113,1174],"product_tag":[],"class_list":{"0":"post-90950","1":"product","2":"type-product","3":"status-publish","4":"has-post-thumbnail","6":"product_cat-pine-furniture-drewmax","7":"product_cat-drewmax","8":"product_cat-hanging-shelves","10":"first","11":"instock","12":"purchasable","13":"product-type-simple"},"_links":{"self":[{"href":"https:\/\/baldumarket.lt\/ru\/wp-json\/wp\/v2\/product\/90950","targetHints":{"allow":["GET"]}}],"collection":[{"href":"https:\/\/baldumarket.lt\/ru\/wp-json\/wp\/v2\/product"}],"about":[{"href":"https:\/\/baldumarket.lt\/ru\/wp-json\/wp\/v2\/types\/product"}],"replies":[{"embeddable":true,"href":"https:\/\/baldumarket.lt\/ru\/wp-json\/wp\/v2\/comments?post=90950"}],"wp:featuredmedia":[{"embeddable":true,"href":"https:\/\/baldumarket.lt\/ru\/wp-json\/wp\/v2\/media\/90951"}],"wp:attachment":[{"href":"https:\/\/baldumarket.lt\/ru\/wp-json\/wp\/v2\/media?parent=90950"}],"wp:term":[{"taxonomy":"product_brand","embeddable":true,"href":"https:\/\/baldumarket.lt\/ru\/wp-json\/wp\/v2\/product_brand?post=90950"},{"taxonomy":"product_cat","embeddable":true,"href":"https:\/\/baldumarket.lt\/ru\/wp-json\/wp\/v2\/product_cat?post=90950"},{"taxonomy":"product_tag","embeddable":true,"href":"https:\/\/baldumarket.lt\/ru\/wp-json\/wp\/v2\/product_tag?post=90950"}],"curies":[{"name":"WP","href":"https:\/\/api.w.org\/{rel}","templated":true}]}}