{"id":90783,"date":"2025-12-05T01:34:17","date_gmt":"2025-12-04T22:34:17","guid":{"rendered":"https:\/\/baldumarket.lt\/product\/skrzynia-sosnowa-ks106-sosna-grey\/"},"modified":"2026-02-04T00:06:16","modified_gmt":"2026-02-03T21:06:16","slug":"skrzynia-sosnowa-ks106-sosna-grey","status":"publish","type":"product","link":"https:\/\/baldumarket.lt\/ru\/product\/skrzynia-sosnowa-ks106-sosna-grey\/","title":{"rendered":"Pu\u0161in\u0117 komoda KS106 pu\u0161ies pilka"},"content":{"rendered":"<p>\u0421\u0442\u0438\u043b\u044c\u043d\u044b\u0439 \u043a\u043e\u043c\u043e\u0434 KS106 \u0438\u0437\u0433\u043e\u0442\u043e\u0432\u043b\u0435\u043d \u0438\u0437 \u043c\u0430\u0441\u0441\u0438\u0432\u0430 \u0441\u043e\u0441\u043d\u044b. \u0415\u0433\u043e \u0434\u0438\u0437\u0430\u0439\u043d \u0434\u043e\u043f\u043e\u043b\u043d\u044f\u0435\u0442 \u0441\u0442\u0438\u043b\u044c \u00ab\u0433\u043e\u0440\u0446\u0430\u00bb. \u041e\u043d \u0438\u0434\u0435\u0430\u043b\u044c\u043d\u043e \u043f\u043e\u0434\u0445\u043e\u0434\u0438\u0442 \u0434\u043b\u044f \u0445\u0440\u0430\u043d\u0435\u043d\u0438\u044f \u043c\u0435\u043b\u043a\u0438\u0445 \u043f\u0440\u0435\u0434\u043c\u0435\u0442\u043e\u0432, \u0432 \u043f\u0440\u0438\u0445\u043e\u0436\u0435\u0439 \u0438\u043b\u0438 \u0432 \u0434\u0435\u0442\u0441\u043a\u043e\u0439 \u043a\u043e\u043c\u043d\u0430\u0442\u0435.<\/p>","protected":false},"excerpt":{"rendered":"<p>\u0421\u0442\u0438\u043b\u044c\u043d\u044b\u0439 \u043a\u043e\u043c\u043e\u0434 KS106 \u0438\u0437\u0433\u043e\u0442\u043e\u0432\u043b\u0435\u043d \u0438\u0437 \u043c\u0430\u0441\u0441\u0438\u0432\u0430 \u0441\u043e\u0441\u043d\u044b. \u0415\u0433\u043e \u0434\u0438\u0437\u0430\u0439\u043d \u0434\u043e\u043f\u043e\u043b\u043d\u044f\u0435\u0442 \u0441\u0442\u0438\u043b\u044c \u00ab\u0433\u043e\u0440\u0446\u0430\u00bb. \u041e\u043d \u0438\u0434\u0435\u0430\u043b\u044c\u043d\u043e \u043f\u043e\u0434\u0445\u043e\u0434\u0438\u0442 \u0434\u043b\u044f \u0445\u0440\u0430\u043d\u0435\u043d\u0438\u044f \u043c\u0435\u043b\u043a\u0438\u0445 \u043f\u0440\u0435\u0434\u043c\u0435\u0442\u043e\u0432, \u0432 \u043f\u0440\u0438\u0445\u043e\u0436\u0435\u0439 \u0438\u043b\u0438 \u0432 \u0434\u0435\u0442\u0441\u043a\u043e\u0439 \u043a\u043e\u043c\u043d\u0430\u0442\u0435.<\/p>","protected":false},"featured_media":90782,"comment_status":"open","ping_status":"open","template":"","meta":[],"product_brand":[],"product_cat":[9305,9120,2113],"product_tag":[],"class_list":{"0":"post-90783","1":"product","2":"type-product","3":"status-publish","4":"has-post-thumbnail","6":"product_cat-pine-furniture-drewmax","7":"product_cat-cabinets","8":"product_cat-drewmax","10":"first","11":"instock","12":"purchasable","13":"product-type-simple"},"_links":{"self":[{"href":"https:\/\/baldumarket.lt\/ru\/wp-json\/wp\/v2\/product\/90783","targetHints":{"allow":["GET"]}}],"collection":[{"href":"https:\/\/baldumarket.lt\/ru\/wp-json\/wp\/v2\/product"}],"about":[{"href":"https:\/\/baldumarket.lt\/ru\/wp-json\/wp\/v2\/types\/product"}],"replies":[{"embeddable":true,"href":"https:\/\/baldumarket.lt\/ru\/wp-json\/wp\/v2\/comments?post=90783"}],"wp:featuredmedia":[{"embeddable":true,"href":"https:\/\/baldumarket.lt\/ru\/wp-json\/wp\/v2\/media\/90782"}],"wp:attachment":[{"href":"https:\/\/baldumarket.lt\/ru\/wp-json\/wp\/v2\/media?parent=90783"}],"wp:term":[{"taxonomy":"product_brand","embeddable":true,"href":"https:\/\/baldumarket.lt\/ru\/wp-json\/wp\/v2\/product_brand?post=90783"},{"taxonomy":"product_cat","embeddable":true,"href":"https:\/\/baldumarket.lt\/ru\/wp-json\/wp\/v2\/product_cat?post=90783"},{"taxonomy":"product_tag","embeddable":true,"href":"https:\/\/baldumarket.lt\/ru\/wp-json\/wp\/v2\/product_tag?post=90783"}],"curies":[{"name":"WP","href":"https:\/\/api.w.org\/{rel}","templated":true}]}}