{"id":90707,"date":"2025-12-05T01:32:54","date_gmt":"2025-12-04T22:32:54","guid":{"rendered":"https:\/\/baldumarket.lt\/product\/stol-sosnowy-st103-sosna-dab\/"},"modified":"2026-02-04T00:06:34","modified_gmt":"2026-02-03T21:06:34","slug":"stol-sosnowy-st103-sosna-dab","status":"publish","type":"product","link":"https:\/\/baldumarket.lt\/ru\/product\/stol-sosnowy-st103-sosna-dab\/","title":{"rendered":"Pu\u0161inis stalas ST103 pu\u0161is \u0105\u017euolas"},"content":{"rendered":"<p>\u041a\u0443\u0445\u043e\u043d\u043d\u044b\u0439 \u0441\u0442\u043e\u043b ST103 \u0438\u0437 \u0441\u043e\u0441\u043d\u044b \u0438\u043c\u0435\u0435\u0442 \u043f\u0440\u044f\u043c\u043e\u0443\u0433\u043e\u043b\u044c\u043d\u0443\u044e \u0441\u0442\u043e\u043b\u0435\u0448\u043d\u0438\u0446\u0443 \u043d\u0430 \u0434\u0432\u0443\u0445 \u0434\u0435\u043a\u043e\u0440\u0430\u0442\u0438\u0432\u043d\u044b\u0445 \u043d\u043e\u0436\u043a\u0430\u0445, \u0447\u0442\u043e \u0434\u0435\u043b\u0430\u0435\u0442 \u0435\u0433\u043e \u0438\u0434\u0435\u0430\u043b\u044c\u043d\u044b\u043c \u0434\u043e\u043f\u043e\u043b\u043d\u0435\u043d\u0438\u0435\u043c \u043a \u0438\u043d\u0442\u0435\u0440\u044c\u0435\u0440\u0443 \u0432 \u0433\u043e\u0440\u043d\u043e\u043c \u0441\u0442\u0438\u043b\u0435. \u0412 \u0441\u043e\u0447\u0435\u0442\u0430\u043d\u0438\u0438 \u0441 \u0443\u0433\u043b\u043e\u0432\u044b\u043c \u0434\u0438\u0432\u0430\u043d\u043e\u043c \u0432 \u0442\u043e\u043d \u043e\u043d \u043e\u0431\u0440\u0430\u0437\u0443\u0435\u0442 \u0438\u0434\u0435\u0430\u043b\u044c\u043d\u044b\u0439 \u043a\u043e\u043c\u043f\u043b\u0435\u043a\u0442.<\/p>","protected":false},"excerpt":{"rendered":"<p>\u041a\u0443\u0445\u043e\u043d\u043d\u044b\u0439 \u0441\u0442\u043e\u043b ST103 \u0438\u0437 \u0441\u043e\u0441\u043d\u044b \u0438\u043c\u0435\u0435\u0442 \u043f\u0440\u044f\u043c\u043e\u0443\u0433\u043e\u043b\u044c\u043d\u0443\u044e \u0441\u0442\u043e\u043b\u0435\u0448\u043d\u0438\u0446\u0443 \u043d\u0430 \u0434\u0432\u0443\u0445 \u0434\u0435\u043a\u043e\u0440\u0430\u0442\u0438\u0432\u043d\u044b\u0445 \u043d\u043e\u0436\u043a\u0430\u0445, \u0447\u0442\u043e \u0434\u0435\u043b\u0430\u0435\u0442 \u0435\u0433\u043e \u0438\u0434\u0435\u0430\u043b\u044c\u043d\u044b\u043c \u0434\u043e\u043f\u043e\u043b\u043d\u0435\u043d\u0438\u0435\u043c \u043a \u0438\u043d\u0442\u0435\u0440\u044c\u0435\u0440\u0443 \u0432 \u0433\u043e\u0440\u043d\u043e\u043c \u0441\u0442\u0438\u043b\u0435. \u0412 \u0441\u043e\u0447\u0435\u0442\u0430\u043d\u0438\u0438 \u0441 \u0443\u0433\u043b\u043e\u0432\u044b\u043c \u0434\u0438\u0432\u0430\u043d\u043e\u043c \u0432 \u0442\u043e\u043d \u043e\u043d \u043e\u0431\u0440\u0430\u0437\u0443\u0435\u0442 \u0438\u0434\u0435\u0430\u043b\u044c\u043d\u044b\u0439 \u043a\u043e\u043c\u043f\u043b\u0435\u043a\u0442.<\/p>","protected":false},"featured_media":90708,"comment_status":"open","ping_status":"open","template":"","meta":[],"product_brand":[],"product_cat":[9305,2113,1934],"product_tag":[],"class_list":{"0":"post-90707","1":"product","2":"type-product","3":"status-publish","4":"has-post-thumbnail","6":"product_cat-pine-furniture-drewmax","7":"product_cat-drewmax","8":"product_cat-tables","10":"first","11":"instock","12":"purchasable","13":"product-type-simple"},"_links":{"self":[{"href":"https:\/\/baldumarket.lt\/ru\/wp-json\/wp\/v2\/product\/90707","targetHints":{"allow":["GET"]}}],"collection":[{"href":"https:\/\/baldumarket.lt\/ru\/wp-json\/wp\/v2\/product"}],"about":[{"href":"https:\/\/baldumarket.lt\/ru\/wp-json\/wp\/v2\/types\/product"}],"replies":[{"embeddable":true,"href":"https:\/\/baldumarket.lt\/ru\/wp-json\/wp\/v2\/comments?post=90707"}],"wp:featuredmedia":[{"embeddable":true,"href":"https:\/\/baldumarket.lt\/ru\/wp-json\/wp\/v2\/media\/90708"}],"wp:attachment":[{"href":"https:\/\/baldumarket.lt\/ru\/wp-json\/wp\/v2\/media?parent=90707"}],"wp:term":[{"taxonomy":"product_brand","embeddable":true,"href":"https:\/\/baldumarket.lt\/ru\/wp-json\/wp\/v2\/product_brand?post=90707"},{"taxonomy":"product_cat","embeddable":true,"href":"https:\/\/baldumarket.lt\/ru\/wp-json\/wp\/v2\/product_cat?post=90707"},{"taxonomy":"product_tag","embeddable":true,"href":"https:\/\/baldumarket.lt\/ru\/wp-json\/wp\/v2\/product_tag?post=90707"}],"curies":[{"name":"WP","href":"https:\/\/api.w.org\/{rel}","templated":true}]}}