{"id":90639,"date":"2025-12-05T01:31:46","date_gmt":"2025-12-04T22:31:46","guid":{"rendered":"https:\/\/baldumarket.lt\/product\/stol-sosnowy-st107-sosna-orzech\/"},"modified":"2026-02-04T00:06:52","modified_gmt":"2026-02-03T21:06:52","slug":"stol-sosnowy-st107-sosna-orzech","status":"publish","type":"product","link":"https:\/\/baldumarket.lt\/ru\/product\/stol-sosnowy-st107-sosna-orzech\/","title":{"rendered":"Pu\u0161inis stalas ST107 pu\u0161ies rie\u0161utmed\u017eio"},"content":{"rendered":"<p>\u0421\u0442\u043e\u043b ST107 \u0438\u0437\u0433\u043e\u0442\u043e\u0432\u043b\u0435\u043d \u0438\u0437 \u0441\u043e\u0441\u043d\u044b 100%. \u0415\u0433\u043e \u043f\u0440\u043e\u0441\u0442\u043e\u0439 \u0441\u0442\u0438\u043b\u044c \u0438\u0434\u0435\u0430\u043b\u044c\u043d\u043e \u0434\u043e\u043f\u043e\u043b\u043d\u0438\u0442 \u043a\u043b\u0430\u0441\u0441\u0438\u0447\u0435\u0441\u043a\u0438\u0439 \u0434\u0438\u0437\u0430\u0439\u043d \u043a\u0443\u0445\u043d\u0438. \u0411\u043e\u043b\u044c\u0448\u0430\u044f \u043f\u0440\u044f\u043c\u043e\u0443\u0433\u043e\u043b\u044c\u043d\u0430\u044f \u0441\u0442\u043e\u043b\u0435\u0448\u043d\u0438\u0446\u0430 \u0438 \u043e\u0442\u0447\u0435\u0442\u043b\u0438\u0432\u043e \u0432\u0438\u0434\u0438\u043c\u0430\u044f, \u0445\u0430\u0440\u0430\u043a\u0442\u0435\u0440\u043d\u0430\u044f \u0442\u0435\u043a\u0441\u0442\u0443\u0440\u0430 \u0434\u0440\u0435\u0432\u0435\u0441\u0438\u043d\u044b \u043f\u0440\u0438\u0434\u0430\u044e\u0442 \u0435\u043c\u0443 \u0438\u043d\u0434\u0438\u0432\u0438\u0434\u0443\u0430\u043b\u044c\u043d\u043e\u0441\u0442\u044c \u0438 \u0434\u043e\u0431\u0430\u0432\u043b\u044f\u044e\u0442 \u0442\u0435\u043f\u043b\u0430 \u043b\u044e\u0431\u043e\u043c\u0443 \u0438\u043d\u0442\u0435\u0440\u044c\u0435\u0440\u0443, \u0432 \u043a\u043e\u0442\u043e\u0440\u043e\u043c \u043e\u043d \u0431\u0443\u0434\u0435\u0442 \u0440\u0430\u0437\u043c\u0435\u0449\u0435\u043d.<\/p>","protected":false},"excerpt":{"rendered":"<p>\u0421\u0442\u043e\u043b ST107 \u0438\u0437\u0433\u043e\u0442\u043e\u0432\u043b\u0435\u043d \u0438\u0437 \u0441\u043e\u0441\u043d\u044b 100%. \u0415\u0433\u043e \u043f\u0440\u043e\u0441\u0442\u043e\u0439 \u0441\u0442\u0438\u043b\u044c \u0438\u0434\u0435\u0430\u043b\u044c\u043d\u043e \u0434\u043e\u043f\u043e\u043b\u043d\u0438\u0442 \u043a\u043b\u0430\u0441\u0441\u0438\u0447\u0435\u0441\u043a\u0438\u0439 \u0434\u0438\u0437\u0430\u0439\u043d \u043a\u0443\u0445\u043d\u0438. \u0411\u043e\u043b\u044c\u0448\u0430\u044f \u043f\u0440\u044f\u043c\u043e\u0443\u0433\u043e\u043b\u044c\u043d\u0430\u044f \u0441\u0442\u043e\u043b\u0435\u0448\u043d\u0438\u0446\u0430 \u0438 \u043e\u0442\u0447\u0435\u0442\u043b\u0438\u0432\u043e \u0432\u0438\u0434\u0438\u043c\u0430\u044f, \u0445\u0430\u0440\u0430\u043a\u0442\u0435\u0440\u043d\u0430\u044f \u0442\u0435\u043a\u0441\u0442\u0443\u0440\u0430 \u0434\u0440\u0435\u0432\u0435\u0441\u0438\u043d\u044b \u043f\u0440\u0438\u0434\u0430\u044e\u0442 \u0435\u043c\u0443 \u0438\u043d\u0434\u0438\u0432\u0438\u0434\u0443\u0430\u043b\u044c\u043d\u043e\u0441\u0442\u044c \u0438 \u0434\u043e\u0431\u0430\u0432\u043b\u044f\u044e\u0442 \u0442\u0435\u043f\u043b\u0430 \u043b\u044e\u0431\u043e\u043c\u0443 \u0438\u043d\u0442\u0435\u0440\u044c\u0435\u0440\u0443, \u0432 \u043a\u043e\u0442\u043e\u0440\u043e\u043c \u043e\u043d \u0431\u0443\u0434\u0435\u0442 \u0440\u0430\u0437\u043c\u0435\u0449\u0435\u043d.<\/p>","protected":false},"featured_media":90636,"comment_status":"open","ping_status":"open","template":"","meta":[],"product_brand":[],"product_cat":[9305,2113,1934],"product_tag":[],"class_list":{"0":"post-90639","1":"product","2":"type-product","3":"status-publish","4":"has-post-thumbnail","6":"product_cat-pine-furniture-drewmax","7":"product_cat-drewmax","8":"product_cat-tables","10":"first","11":"instock","12":"purchasable","13":"product-type-simple"},"_links":{"self":[{"href":"https:\/\/baldumarket.lt\/ru\/wp-json\/wp\/v2\/product\/90639","targetHints":{"allow":["GET"]}}],"collection":[{"href":"https:\/\/baldumarket.lt\/ru\/wp-json\/wp\/v2\/product"}],"about":[{"href":"https:\/\/baldumarket.lt\/ru\/wp-json\/wp\/v2\/types\/product"}],"replies":[{"embeddable":true,"href":"https:\/\/baldumarket.lt\/ru\/wp-json\/wp\/v2\/comments?post=90639"}],"wp:featuredmedia":[{"embeddable":true,"href":"https:\/\/baldumarket.lt\/ru\/wp-json\/wp\/v2\/media\/90636"}],"wp:attachment":[{"href":"https:\/\/baldumarket.lt\/ru\/wp-json\/wp\/v2\/media?parent=90639"}],"wp:term":[{"taxonomy":"product_brand","embeddable":true,"href":"https:\/\/baldumarket.lt\/ru\/wp-json\/wp\/v2\/product_brand?post=90639"},{"taxonomy":"product_cat","embeddable":true,"href":"https:\/\/baldumarket.lt\/ru\/wp-json\/wp\/v2\/product_cat?post=90639"},{"taxonomy":"product_tag","embeddable":true,"href":"https:\/\/baldumarket.lt\/ru\/wp-json\/wp\/v2\/product_tag?post=90639"}],"curies":[{"name":"WP","href":"https:\/\/api.w.org\/{rel}","templated":true}]}}