{"id":90631,"date":"2025-12-05T01:31:38","date_gmt":"2025-12-04T22:31:38","guid":{"rendered":"https:\/\/baldumarket.lt\/product\/stol-sosnowy-st108-sosna-dab\/"},"modified":"2026-02-04T00:06:54","modified_gmt":"2026-02-03T21:06:54","slug":"stol-sosnowy-st108-sosna-dab","status":"publish","type":"product","link":"https:\/\/baldumarket.lt\/ru\/product\/stol-sosnowy-st108-sosna-dab\/","title":{"rendered":"Pu\u0161inis stalas ST108 pu\u0161is \u0105\u017euolas"},"content":{"rendered":"<p>\u0412 \u041d\u0410\u041b\u0418\u0427\u0418\u0418 \u041d\u0410 \u0421\u041a\u041b\u0410\u0414\u0415 \u0412 \u0412\u042b\u0411\u0420\u0410\u041d\u041d\u042b\u0425 \u0426\u0412\u0415\u0422\u0410\u0425 \u0418 \u0420\u0410\u0417\u041c\u0415\u0420\u0410\u0425 \u2013 \u043f\u043e\u0436\u0430\u043b\u0443\u0439\u0441\u0442\u0430, \u0443\u0442\u043e\u0447\u043d\u0438\u0442\u0435 \u043d\u0430\u043b\u0438\u0447\u0438\u0435 \u0443 \u0432\u0430\u0448\u0435\u0433\u043e \u0442\u043e\u0440\u0433\u043e\u0432\u043e\u0433\u043e \u043f\u0440\u0435\u0434\u0441\u0442\u0430\u0432\u0438\u0442\u0435\u043b\u044f.<br \/>\n\u0421\u0442\u043e\u043b ST108 \u0438\u0437\u0433\u043e\u0442\u043e\u0432\u043b\u0435\u043d \u0438\u0437 \u0441\u043e\u0441\u043d\u044b 100%. \u0415\u0433\u043e \u043f\u0440\u043e\u0441\u0442\u043e\u0439 \u0441\u0442\u0438\u043b\u044c \u0434\u043e\u043f\u043e\u043b\u043d\u0438\u0442 \u043a\u043b\u0430\u0441\u0441\u0438\u0447\u0435\u0441\u043a\u0438\u0439 \u0434\u0438\u0437\u0430\u0439\u043d \u043a\u0443\u0445\u043d\u0438. \u041f\u0440\u044f\u043c\u043e\u0443\u0433\u043e\u043b\u044c\u043d\u0430\u044f \u0441\u0442\u043e\u043b\u0435\u0448\u043d\u0438\u0446\u0430 \u0441\u043e \u0441\u043a\u0440\u0443\u0433\u043b\u0435\u043d\u043d\u044b\u043c\u0438 \u0443\u0433\u043b\u0430\u043c\u0438 \u0434\u043e\u0441\u0442\u0443\u043f\u043d\u0430 \u0432 \u0434\u0432\u0443\u0445 \u0440\u0430\u0437\u043c\u0435\u0440\u0430\u0445.<\/p>","protected":false},"excerpt":{"rendered":"<p>\u0412 \u041d\u0410\u041b\u0418\u0427\u0418\u0418 \u041d\u0410 \u0421\u041a\u041b\u0410\u0414\u0415 \u0412 \u0412\u042b\u0411\u0420\u0410\u041d\u041d\u042b\u0425 \u0426\u0412\u0415\u0422\u0410\u0425 \u0418 \u0420\u0410\u0417\u041c\u0415\u0420\u0410\u0425 \u2013 \u043f\u043e\u0436\u0430\u043b\u0443\u0439\u0441\u0442\u0430, \u0443\u0442\u043e\u0447\u043d\u0438\u0442\u0435 \u043d\u0430\u043b\u0438\u0447\u0438\u0435 \u0443 \u0432\u0430\u0448\u0435\u0433\u043e \u0442\u043e\u0440\u0433\u043e\u0432\u043e\u0433\u043e \u043f\u0440\u0435\u0434\u0441\u0442\u0430\u0432\u0438\u0442\u0435\u043b\u044f. \u0421\u0442\u043e\u043b ST108 \u0438\u0437\u0433\u043e\u0442\u043e\u0432\u043b\u0435\u043d \u0438\u0437 \u0441\u043e\u0441\u043d\u044b 100%. \u0415\u0433\u043e \u043f\u0440\u043e\u0441\u0442\u043e\u0439 \u0441\u0442\u0438\u043b\u044c \u0434\u043e\u043f\u043e\u043b\u043d\u0438\u0442 \u043a\u043b\u0430\u0441\u0441\u0438\u0447\u0435\u0441\u043a\u0438\u0439 \u0434\u0438\u0437\u0430\u0439\u043d \u043a\u0443\u0445\u043d\u0438. \u041f\u0440\u044f\u043c\u043e\u0443\u0433\u043e\u043b\u044c\u043d\u0430\u044f \u0441\u0442\u043e\u043b\u0435\u0448\u043d\u0438\u0446\u0430 \u0441\u043e \u0441\u043a\u0440\u0443\u0433\u043b\u0435\u043d\u043d\u044b\u043c\u0438 \u0443\u0433\u043b\u0430\u043c\u0438 \u0434\u043e\u0441\u0442\u0443\u043f\u043d\u0430 \u0432 \u0434\u0432\u0443\u0445 \u0440\u0430\u0437\u043c\u0435\u0440\u0430\u0445.<\/p>","protected":false},"featured_media":90628,"comment_status":"open","ping_status":"open","template":"","meta":[],"product_brand":[],"product_cat":[9305,2113,1934],"product_tag":[],"class_list":{"0":"post-90631","1":"product","2":"type-product","3":"status-publish","4":"has-post-thumbnail","6":"product_cat-pine-furniture-drewmax","7":"product_cat-drewmax","8":"product_cat-tables","10":"first","11":"instock","12":"purchasable","13":"product-type-simple"},"_links":{"self":[{"href":"https:\/\/baldumarket.lt\/ru\/wp-json\/wp\/v2\/product\/90631","targetHints":{"allow":["GET"]}}],"collection":[{"href":"https:\/\/baldumarket.lt\/ru\/wp-json\/wp\/v2\/product"}],"about":[{"href":"https:\/\/baldumarket.lt\/ru\/wp-json\/wp\/v2\/types\/product"}],"replies":[{"embeddable":true,"href":"https:\/\/baldumarket.lt\/ru\/wp-json\/wp\/v2\/comments?post=90631"}],"wp:featuredmedia":[{"embeddable":true,"href":"https:\/\/baldumarket.lt\/ru\/wp-json\/wp\/v2\/media\/90628"}],"wp:attachment":[{"href":"https:\/\/baldumarket.lt\/ru\/wp-json\/wp\/v2\/media?parent=90631"}],"wp:term":[{"taxonomy":"product_brand","embeddable":true,"href":"https:\/\/baldumarket.lt\/ru\/wp-json\/wp\/v2\/product_brand?post=90631"},{"taxonomy":"product_cat","embeddable":true,"href":"https:\/\/baldumarket.lt\/ru\/wp-json\/wp\/v2\/product_cat?post=90631"},{"taxonomy":"product_tag","embeddable":true,"href":"https:\/\/baldumarket.lt\/ru\/wp-json\/wp\/v2\/product_tag?post=90631"}],"curies":[{"name":"WP","href":"https:\/\/api.w.org\/{rel}","templated":true}]}}