{"id":90502,"date":"2025-12-05T01:29:12","date_gmt":"2025-12-04T22:29:12","guid":{"rendered":"https:\/\/baldumarket.lt\/product\/szafa-sosnowa-mugo-sf101-sosna-dab\/"},"modified":"2026-02-04T00:07:14","modified_gmt":"2026-02-03T21:07:14","slug":"szafa-sosnowa-mugo-sf101-sosna-dab","status":"publish","type":"product","link":"https:\/\/baldumarket.lt\/ru\/product\/szafa-sosnowa-mugo-sf101-sosna-dab\/","title":{"rendered":"Pu\u0161in\u0117 spinta MUGO SF101 pu\u0161is \u0105\u017euolas"},"content":{"rendered":"<p>\u0421\u043e\u0441\u043d\u043e\u0432\u044b\u0439 \u0448\u043a\u0430\u0444 SF101 \u043f\u043e\u0437\u0432\u043e\u043b\u044f\u0435\u0442 \u043b\u0435\u0433\u043a\u043e \u0441\u043e\u0437\u0434\u0430\u0442\u044c \u0441\u043e\u0432\u0440\u0435\u043c\u0435\u043d\u043d\u044b\u0439 \u0438 \u044d\u0441\u0442\u0435\u0442\u0438\u0447\u0435\u0441\u043a\u0438 \u043f\u0440\u0438\u0432\u043b\u0435\u043a\u0430\u0442\u0435\u043b\u044c\u043d\u044b\u0439 \u0438\u043d\u0442\u0435\u0440\u044c\u0435\u0440. \u041f\u0440\u043e\u0441\u0442\u043e\u0439 \u0434\u0438\u0437\u0430\u0439\u043d \u0438\u0437\u0434\u0435\u043b\u0438\u044f \u043f\u043e\u0434\u0447\u0435\u0440\u043a\u0438\u0432\u0430\u0435\u0442\u0441\u044f \u043e\u0442\u0447\u0435\u0442\u043b\u0438\u0432\u043e \u0432\u0438\u0434\u0438\u043c\u043e\u0439 \u0442\u0435\u043a\u0441\u0442\u0443\u0440\u043e\u0439 \u043d\u0430\u0442\u0443\u0440\u0430\u043b\u044c\u043d\u043e\u0433\u043e \u0434\u0435\u0440\u0435\u0432\u0430, \u0438\u0437 \u043a\u043e\u0442\u043e\u0440\u043e\u0433\u043e \u043e\u043d \u0438\u0437\u0433\u043e\u0442\u043e\u0432\u043b\u0435\u043d. \u0428\u043a\u0430\u0444 \u0442\u0430\u043a\u0436\u0435 \u043f\u0440\u0435\u0434\u043b\u0430\u0433\u0430\u0435\u0442 \u0444\u0443\u043d\u043a\u0446\u0438\u043e\u043d\u0430\u043b\u044c\u043d\u043e\u0435 \u043f\u0440\u043e\u0441\u0442\u0440\u0430\u043d\u0441\u0442\u0432\u043e \u0434\u043b\u044f \u0445\u0440\u0430\u043d\u0435\u043d\u0438\u044f. \u0412\u043d\u0443\u0442\u0440\u0438 \u043d\u0430\u0445\u043e\u0434\u0438\u0442\u0441\u044f \u0432\u0435\u0448\u0430\u043b\u043a\u0430 \u0434\u043b\u044f \u043e\u0434\u0435\u0436\u0434\u044b. \u0426\u0435\u043d\u0442\u0440\u0430\u043b\u044c\u043d\u0430\u044f \u0447\u0430\u0441\u0442\u044c \u0448\u043a\u0430\u0444\u0430 \u0443\u0434\u043e\u0431\u043d\u043e \u0437\u0430\u043d\u044f\u0442\u0430 \u0442\u0440\u0435\u043c\u044f \u0432\u044b\u0434\u0432\u0438\u0436\u043d\u044b\u043c\u0438 \u044f\u0449\u0438\u043a\u0430\u043c\u0438. \u041f\u043e \u0431\u043e\u043a\u0430\u043c \u0440\u0430\u0441\u043f\u043e\u043b\u043e\u0436\u0435\u043d\u044b \u0443\u0434\u043e\u0431\u043d\u044b\u0435 \u043f\u043e\u043b\u043a\u0438, \u043b\u0435\u0433\u043a\u043e \u0432\u043c\u0435\u0449\u0430\u044e\u0449\u0438\u0435 \u043c\u0435\u043b\u043a\u0438\u0435 \u043f\u0440\u0435\u0434\u043c\u0435\u0442\u044b.<\/p>","protected":false},"excerpt":{"rendered":"<p>\u0421\u043e\u0441\u043d\u043e\u0432\u044b\u0439 \u0448\u043a\u0430\u0444 SF101 \u043f\u043e\u0437\u0432\u043e\u043b\u044f\u0435\u0442 \u043b\u0435\u0433\u043a\u043e \u0441\u043e\u0437\u0434\u0430\u0442\u044c \u0441\u043e\u0432\u0440\u0435\u043c\u0435\u043d\u043d\u044b\u0439 \u0438 \u044d\u0441\u0442\u0435\u0442\u0438\u0447\u0435\u0441\u043a\u0438 \u043f\u0440\u0438\u0432\u043b\u0435\u043a\u0430\u0442\u0435\u043b\u044c\u043d\u044b\u0439 \u0438\u043d\u0442\u0435\u0440\u044c\u0435\u0440. \u041f\u0440\u043e\u0441\u0442\u043e\u0439 \u0434\u0438\u0437\u0430\u0439\u043d \u0438\u0437\u0434\u0435\u043b\u0438\u044f \u043f\u043e\u0434\u0447\u0435\u0440\u043a\u0438\u0432\u0430\u0435\u0442\u0441\u044f \u043e\u0442\u0447\u0435\u0442\u043b\u0438\u0432\u043e \u0432\u0438\u0434\u0438\u043c\u043e\u0439 \u0442\u0435\u043a\u0441\u0442\u0443\u0440\u043e\u0439 \u043d\u0430\u0442\u0443\u0440\u0430\u043b\u044c\u043d\u043e\u0433\u043e \u0434\u0435\u0440\u0435\u0432\u0430, \u0438\u0437 \u043a\u043e\u0442\u043e\u0440\u043e\u0433\u043e \u043e\u043d \u0438\u0437\u0433\u043e\u0442\u043e\u0432\u043b\u0435\u043d. \u0428\u043a\u0430\u0444 \u0442\u0430\u043a\u0436\u0435 \u043f\u0440\u0435\u0434\u043b\u0430\u0433\u0430\u0435\u0442 \u0444\u0443\u043d\u043a\u0446\u0438\u043e\u043d\u0430\u043b\u044c\u043d\u043e\u0435 \u043f\u0440\u043e\u0441\u0442\u0440\u0430\u043d\u0441\u0442\u0432\u043e \u0434\u043b\u044f \u0445\u0440\u0430\u043d\u0435\u043d\u0438\u044f. \u0412\u043d\u0443\u0442\u0440\u0438 \u0435\u0441\u0442\u044c \u0432\u0435\u0448\u0430\u043b\u043a\u0430 \u0434\u043b\u044f \u043e\u0434\u0435\u0436\u0434\u044b. \u0426\u0435\u043d\u0442\u0440\u0430\u043b\u044c\u043d\u0430\u044f \u0441\u0435\u043a\u0446\u0438\u044f \u0448\u043a\u0430\u0444\u0430 [\u2026]<\/p>","protected":false},"featured_media":90493,"comment_status":"open","ping_status":"open","template":"","meta":[],"product_brand":[],"product_cat":[9320,2113,1177],"product_tag":[],"class_list":{"0":"post-90502","1":"product","2":"type-product","3":"status-publish","4":"has-post-thumbnail","6":"product_cat-mugo-collection-drewmax","7":"product_cat-drewmax","8":"product_cat-wardrobes","10":"first","11":"instock","12":"purchasable","13":"product-type-simple"},"_links":{"self":[{"href":"https:\/\/baldumarket.lt\/ru\/wp-json\/wp\/v2\/product\/90502","targetHints":{"allow":["GET"]}}],"collection":[{"href":"https:\/\/baldumarket.lt\/ru\/wp-json\/wp\/v2\/product"}],"about":[{"href":"https:\/\/baldumarket.lt\/ru\/wp-json\/wp\/v2\/types\/product"}],"replies":[{"embeddable":true,"href":"https:\/\/baldumarket.lt\/ru\/wp-json\/wp\/v2\/comments?post=90502"}],"wp:featuredmedia":[{"embeddable":true,"href":"https:\/\/baldumarket.lt\/ru\/wp-json\/wp\/v2\/media\/90493"}],"wp:attachment":[{"href":"https:\/\/baldumarket.lt\/ru\/wp-json\/wp\/v2\/media?parent=90502"}],"wp:term":[{"taxonomy":"product_brand","embeddable":true,"href":"https:\/\/baldumarket.lt\/ru\/wp-json\/wp\/v2\/product_brand?post=90502"},{"taxonomy":"product_cat","embeddable":true,"href":"https:\/\/baldumarket.lt\/ru\/wp-json\/wp\/v2\/product_cat?post=90502"},{"taxonomy":"product_tag","embeddable":true,"href":"https:\/\/baldumarket.lt\/ru\/wp-json\/wp\/v2\/product_tag?post=90502"}],"curies":[{"name":"WP","href":"https:\/\/api.w.org\/{rel}","templated":true}]}}