{"id":89748,"date":"2025-12-05T01:14:57","date_gmt":"2025-12-04T22:14:57","guid":{"rendered":"https:\/\/baldumarket.lt\/product\/witryna-debowa-vip-kw307-dab-dark\/"},"modified":"2026-02-04T00:09:53","modified_gmt":"2026-02-03T21:09:53","slug":"witryna-debowa-vip-kw307-dab-dark","status":"publish","type":"product","link":"https:\/\/baldumarket.lt\/ru\/product\/witryna-debowa-vip-kw307-dab-dark\/","title":{"rendered":"VIP-\u0432\u0438\u0442\u0440\u0438\u043d\u0430 \u0105\u017euoline\u0117 KW307 tamsaus \u0105\u017euolo"},"content":{"rendered":"<p>\u0414\u0443\u0431\u043e\u0432\u044b\u0439 \u0432\u0438\u0442\u0440\u0438\u043d\u043d\u044b\u0439 \u0448\u043a\u0430\u0444 KW307 \u043f\u043e\u0437\u0432\u043e\u043b\u0438\u0442 \u0441\u043e\u0437\u0434\u0430\u0442\u044c \u0442\u0435\u043f\u043b\u0443\u044e, \u0443\u044e\u0442\u043d\u0443\u044e, \u0441\u0442\u0438\u043b\u044c\u043d\u0443\u044e \u0438 \u0441\u043e\u0432\u0440\u0435\u043c\u0435\u043d\u043d\u0443\u044e \u0430\u0442\u043c\u043e\u0441\u0444\u0435\u0440\u0443 \u0432 \u0432\u0430\u0448\u0435\u0439 \u0441\u0442\u043e\u043b\u043e\u0432\u043e\u0439 \u0438\u043b\u0438 \u0433\u043e\u0441\u0442\u0438\u043d\u043e\u0439. \u0411\u043b\u0430\u0433\u043e\u0434\u0430\u0440\u044f \u0431\u043e\u043b\u044c\u0448\u043e\u043c\u0443 \u0441\u0442\u0435\u043a\u043b\u044f\u043d\u043d\u043e\u043c\u0443 \u0444\u0430\u0441\u0430\u0434\u0443 \u0438 \u0434\u0432\u0443\u043c \u0432\u043c\u0435\u0441\u0442\u0438\u0442\u0435\u043b\u044c\u043d\u044b\u043c \u044f\u0449\u0438\u043a\u0430\u043c, \u043e\u043d \u0438\u0434\u0435\u0430\u043b\u044c\u043d\u043e \u043f\u043e\u0434\u0445\u043e\u0434\u0438\u0442 \u0434\u043b\u044f \u0445\u0440\u0430\u043d\u0435\u043d\u0438\u044f \u0441\u0442\u043e\u043b\u043e\u0432\u044b\u0445 \u0441\u0435\u0440\u0432\u0438\u0437\u043e\u0432 \u0438\u043b\u0438 \u0441\u0435\u043c\u0435\u0439\u043d\u044b\u0445 \u0440\u0435\u043b\u0438\u043a\u0432\u0438\u0439, \u043a\u043e\u0442\u043e\u0440\u044b\u0435 \u0432\u044b \u0445\u043e\u0442\u0435\u043b\u0438 \u0431\u044b \u0432\u044b\u0441\u0442\u0430\u0432\u0438\u0442\u044c \u043d\u0430\u043f\u043e\u043a\u0430\u0437.<\/p>","protected":false},"excerpt":{"rendered":"<p>\u0414\u0443\u0431\u043e\u0432\u044b\u0439 \u0432\u0438\u0442\u0440\u0438\u043d\u043d\u044b\u0439 \u0448\u043a\u0430\u0444 KW307 \u043f\u043e\u0437\u0432\u043e\u043b\u0438\u0442 \u0441\u043e\u0437\u0434\u0430\u0442\u044c \u0442\u0435\u043f\u043b\u0443\u044e, \u0443\u044e\u0442\u043d\u0443\u044e, \u0441\u0442\u0438\u043b\u044c\u043d\u0443\u044e \u0438 \u0441\u043e\u0432\u0440\u0435\u043c\u0435\u043d\u043d\u0443\u044e \u0430\u0442\u043c\u043e\u0441\u0444\u0435\u0440\u0443 \u0432 \u0432\u0430\u0448\u0435\u0439 \u0441\u0442\u043e\u043b\u043e\u0432\u043e\u0439 \u0438\u043b\u0438 \u0433\u043e\u0441\u0442\u0438\u043d\u043e\u0439. \u0411\u043b\u0430\u0433\u043e\u0434\u0430\u0440\u044f \u0431\u043e\u043b\u044c\u0448\u043e\u043c\u0443 \u0441\u0442\u0435\u043a\u043b\u044f\u043d\u043d\u043e\u043c\u0443 \u0444\u0430\u0441\u0430\u0434\u0443 \u0438 \u0434\u0432\u0443\u043c \u0432\u043c\u0435\u0441\u0442\u0438\u0442\u0435\u043b\u044c\u043d\u044b\u043c \u044f\u0449\u0438\u043a\u0430\u043c, \u043e\u043d \u0438\u0434\u0435\u0430\u043b\u044c\u043d\u043e \u043f\u043e\u0434\u0445\u043e\u0434\u0438\u0442 \u0434\u043b\u044f \u0445\u0440\u0430\u043d\u0435\u043d\u0438\u044f \u0441\u0442\u043e\u043b\u043e\u0432\u044b\u0445 \u0441\u0435\u0440\u0432\u0438\u0437\u043e\u0432 \u0438\u043b\u0438 \u0441\u0435\u043c\u0435\u0439\u043d\u044b\u0445 \u0440\u0435\u043b\u0438\u043a\u0432\u0438\u0439, \u043a\u043e\u0442\u043e\u0440\u044b\u0435 \u0432\u044b \u0445\u043e\u0442\u0435\u043b\u0438 \u0431\u044b \u0432\u044b\u0441\u0442\u0430\u0432\u0438\u0442\u044c \u043d\u0430\u043f\u043e\u043a\u0430\u0437.<\/p>","protected":false},"featured_media":89743,"comment_status":"open","ping_status":"open","template":"","meta":[],"product_brand":[],"product_cat":[9314,2113,2006],"product_tag":[],"class_list":{"0":"post-89748","1":"product","2":"type-product","3":"status-publish","4":"has-post-thumbnail","6":"product_cat-kolekcja-vip-drewmax","7":"product_cat-drewmax","8":"product_cat-vitrines","10":"first","11":"instock","12":"purchasable","13":"product-type-simple"},"_links":{"self":[{"href":"https:\/\/baldumarket.lt\/ru\/wp-json\/wp\/v2\/product\/89748","targetHints":{"allow":["GET"]}}],"collection":[{"href":"https:\/\/baldumarket.lt\/ru\/wp-json\/wp\/v2\/product"}],"about":[{"href":"https:\/\/baldumarket.lt\/ru\/wp-json\/wp\/v2\/types\/product"}],"replies":[{"embeddable":true,"href":"https:\/\/baldumarket.lt\/ru\/wp-json\/wp\/v2\/comments?post=89748"}],"wp:featuredmedia":[{"embeddable":true,"href":"https:\/\/baldumarket.lt\/ru\/wp-json\/wp\/v2\/media\/89743"}],"wp:attachment":[{"href":"https:\/\/baldumarket.lt\/ru\/wp-json\/wp\/v2\/media?parent=89748"}],"wp:term":[{"taxonomy":"product_brand","embeddable":true,"href":"https:\/\/baldumarket.lt\/ru\/wp-json\/wp\/v2\/product_brand?post=89748"},{"taxonomy":"product_cat","embeddable":true,"href":"https:\/\/baldumarket.lt\/ru\/wp-json\/wp\/v2\/product_cat?post=89748"},{"taxonomy":"product_tag","embeddable":true,"href":"https:\/\/baldumarket.lt\/ru\/wp-json\/wp\/v2\/product_tag?post=89748"}],"curies":[{"name":"WP","href":"https:\/\/api.w.org\/{rel}","templated":true}]}}