{"id":88632,"date":"2025-12-05T00:53:29","date_gmt":"2025-12-04T21:53:29","guid":{"rendered":"https:\/\/baldumarket.lt\/product\/drewniany-kwietnik-rustikal-gd701-sosna-biala-patyna\/"},"modified":"2026-02-04T00:12:51","modified_gmt":"2026-02-03T21:12:51","slug":"drewniany-kwietnik-rustikal-gd701-sosna-biala-patyna","status":"publish","type":"product","link":"https:\/\/baldumarket.lt\/ru\/product\/drewniany-kwietnik-rustikal-gd701-sosna-biala-patyna\/","title":{"rendered":"Medinis g\u0117li\u0173 stovas RUSTIKAL GD701 pu\u0161is, \u0431\u0435\u043b\u0430\u044f \u043f\u0430\u0442\u0438\u043d\u0430"},"content":{"rendered":"<p>\u0414\u0435\u0440\u0435\u0432\u044f\u043d\u043d\u0430\u044f \u043f\u043e\u0434\u0441\u0442\u0430\u0432\u043a\u0430 \u0434\u043b\u044f \u0440\u0430\u0441\u0442\u0435\u043d\u0438\u0439 \u0438\u0437 \u0432\u043e\u0449\u0435\u043d\u043e\u0439 \u0441\u043e\u0441\u043d\u044b. \u041f\u043e\u0434\u0441\u0442\u0430\u0432\u043a\u0443 \u0442\u0430\u043a\u0436\u0435 \u043c\u043e\u0436\u043d\u043e \u0438\u0441\u043f\u043e\u043b\u044c\u0437\u043e\u0432\u0430\u0442\u044c \u043a\u0430\u043a \u043f\u0440\u0438\u0441\u0442\u0430\u0432\u043d\u043e\u0439 \u0441\u0442\u043e\u043b\u0438\u043a. \u042d\u0442\u0430 \u043f\u043e\u0434\u0441\u0442\u0430\u0432\u043a\u0430 \u0438\u0434\u0435\u0430\u043b\u044c\u043d\u043e \u0434\u043e\u043f\u043e\u043b\u043d\u0438\u0442 \u0438\u043d\u0442\u0435\u0440\u044c\u0435\u0440 \u0432 \u0434\u0435\u0440\u0435\u0432\u0435\u043d\u0441\u043a\u043e\u043c \u0441\u0442\u0438\u043b\u0435. \u042d\u0442\u043e\u0442 \u0441\u0442\u043e\u043b\u0438\u043a\/\u043f\u043e\u0434\u0441\u0442\u0430\u0432\u043a\u0430 \u0434\u043b\u044f \u0440\u0430\u0441\u0442\u0435\u043d\u0438\u0439 \u0443\u043d\u0438\u0432\u0435\u0440\u0441\u0430\u043b\u0435\u043d \u0438 \u0444\u0443\u043d\u043a\u0446\u0438\u043e\u043d\u0430\u043b\u0435\u043d. \u0415\u0433\u043e \u043c\u043e\u0436\u043d\u043e \u0438\u0441\u043f\u043e\u043b\u044c\u0437\u043e\u0432\u0430\u0442\u044c \u043a\u0430\u043a \u043f\u043e\u0434\u0441\u0442\u0430\u0432\u043a\u0443 \u0434\u043b\u044f \u0440\u0430\u0441\u0442\u0435\u043d\u0438\u0439, \u043f\u043e\u0434\u0441\u0442\u0430\u0432\u043a\u0443 \u0434\u043b\u044f \u0446\u0432\u0435\u0442\u043e\u0432, \u0436\u0443\u0440\u043d\u0430\u043b\u044c\u043d\u044b\u0439 \u0441\u0442\u043e\u043b\u0438\u043a, \u0436\u0443\u0440\u043d\u0430\u043b\u044c\u043d\u044b\u0439 \u0441\u0442\u043e\u043b\u0438\u043a, \u0441\u0442\u043e\u043b\u0438\u043a \u0434\u043b\u044f \u0434\u0438\u0432\u0430\u043d\u0430, \u0441\u0442\u043e\u043b\u0438\u043a \u0434\u043b\u044f \u0433\u043e\u0441\u0442\u0438\u043d\u043e\u0439 \u0438\u043b\u0438 \u0441\u0442\u043e\u043b\u0438\u043a \u0434\u043b\u044f \u043f\u0440\u0438\u0445\u043e\u0436\u0435\u0439.<\/p>\n<p>\u041f\u043e\u0434\u0441\u0442\u0430\u0432\u043a\u0430 \u043f\u043e\u043a\u0440\u044b\u0442\u0430 \u043d\u0430\u0442\u0443\u0440\u0430\u043b\u044c\u043d\u044b\u043c \u043f\u0447\u0435\u043b\u0438\u043d\u044b\u043c \u0432\u043e\u0441\u043a\u043e\u043c, \u043a\u043e\u0442\u043e\u0440\u044b\u0439 \u0441\u043e\u0437\u0434\u0430\u0435\u0442 \u0437\u0430\u0449\u0438\u0442\u043d\u044b\u0439 \u0441\u043b\u043e\u0439 \u043e\u0442 \u0432\u043b\u0430\u0433\u0438, \u043e\u0434\u043d\u043e\u0432\u0440\u0435\u043c\u0435\u043d\u043d\u043e \u043f\u0438\u0442\u0430\u044f \u0434\u0440\u0435\u0432\u0435\u0441\u0438\u043d\u0443. \u041f\u0440\u043e\u0446\u0435\u0441\u0441 \u0432\u043e\u0441\u043a\u043e\u0432\u0430\u043d\u0438\u044f \u043f\u043e\u0434\u0447\u0435\u0440\u043a\u0438\u0432\u0430\u0435\u0442 \u0435\u0441\u0442\u0435\u0441\u0442\u0432\u0435\u043d\u043d\u0443\u044e \u0442\u0435\u043a\u0441\u0442\u0443\u0440\u0443 \u0434\u0435\u0440\u0435\u0432\u0430 \u0438 \u0443\u0433\u043b\u0443\u0431\u043b\u044f\u0435\u0442 \u0435\u0433\u043e \u043d\u0430\u0442\u0443\u0440\u0430\u043b\u044c\u043d\u044b\u0439 \u0446\u0432\u0435\u0442. \u041f\u0447\u0435\u043b\u0438\u043d\u044b\u0439 \u0432\u043e\u0441\u043a \u2014 \u043d\u0430\u0442\u0443\u0440\u0430\u043b\u044c\u043d\u044b\u0439 \u043f\u0440\u043e\u0434\u0443\u043a\u0442, \u043f\u043e\u044d\u0442\u043e\u043c\u0443 \u0432\u043e\u0449\u0435\u043d\u0430\u044f \u043c\u0435\u0431\u0435\u043b\u044c \u043f\u0440\u0438\u043e\u0431\u0440\u0435\u0442\u0430\u0435\u0442 \u0430\u043d\u0442\u0438\u0441\u0442\u0430\u0442\u0438\u0447\u0435\u0441\u043a\u0438\u0435 \u0441\u0432\u043e\u0439\u0441\u0442\u0432\u0430, \u0443\u043c\u0435\u043d\u044c\u0448\u0430\u044f \u0441\u043a\u043e\u043f\u043b\u0435\u043d\u0438\u0435 \u043f\u044b\u043b\u0438. \u0414\u043e\u043f\u043e\u043b\u043d\u0438\u0442\u0435\u043b\u044c\u043d\u044b\u043c \u043f\u0440\u0435\u0438\u043c\u0443\u0449\u0435\u0441\u0442\u0432\u043e\u043c \u0432\u043e\u0449\u0435\u043d\u043e\u0439 \u043c\u0435\u0431\u0435\u043b\u0438 \u044f\u0432\u043b\u044f\u0435\u0442\u0441\u044f \u0435\u0435 \u0448\u0435\u043b\u043a\u043e\u0432\u0438\u0441\u0442\u043e-\u0433\u043b\u0430\u0434\u043a\u0430\u044f \u043f\u043e\u0432\u0435\u0440\u0445\u043d\u043e\u0441\u0442\u044c \u0438 \u043f\u0440\u0438\u044f\u0442\u043d\u044b\u0439 \u0430\u0440\u043e\u043c\u0430\u0442 \u043d\u0430\u0442\u0443\u0440\u0430\u043b\u044c\u043d\u043e\u0433\u043e \u0434\u0435\u0440\u0435\u0432\u0430.<\/p>\n<p>\u0421\u043e\u0445\u0440\u0430\u043d\u0435\u043d\u0438\u0435 \u0437\u0434\u043e\u0440\u043e\u0432\u043e\u0439 \u0442\u0435\u043a\u0441\u0442\u0443\u0440\u044b \u0434\u0440\u0435\u0432\u0435\u0441\u0438\u043d\u044b \u0438\u043c\u0435\u0435\u0442 \u0432\u0430\u0436\u043d\u043e\u0435 \u0437\u043d\u0430\u0447\u0435\u043d\u0438\u0435 \u0434\u043b\u044f \u0434\u043e\u043b\u0433\u043e\u0432\u0435\u0447\u043d\u043e\u0441\u0442\u0438 \u043c\u0435\u0431\u0435\u043b\u0438, \u043f\u043e\u043a\u0440\u044b\u0442\u043e\u0439 \u0432\u043e\u0441\u043a\u043e\u043c. \u0412\u043e \u0432\u043a\u043b\u0430\u0434\u043a\u0435 \u201c\u0423\u0445\u043e\u0434 \u0438 \u0438\u0441\u043f\u043e\u043b\u044c\u0437\u043e\u0432\u0430\u043d\u0438\u0435 \u043c\u0435\u0431\u0435\u043b\u0438, \u043f\u043e\u043a\u0440\u044b\u0442\u043e\u0439 \u0432\u043e\u0441\u043a\u043e\u043c\u201d \u0432\u044b \u043d\u0430\u0439\u0434\u0435\u0442\u0435 \u043f\u043e\u043b\u0435\u0437\u043d\u044b\u0435 \u0441\u043e\u0432\u0435\u0442\u044b \u043f\u043e \u0443\u0445\u043e\u0434\u0443 \u0437\u0430 \u043c\u0435\u0431\u0435\u043b\u044c\u044e \u0438\u0437 \u043a\u043e\u043b\u043b\u0435\u043a\u0446\u0438\u0438 Rustikal.<\/p>","protected":false},"excerpt":{"rendered":"<p>\u0414\u0435\u0440\u0435\u0432\u044f\u043d\u043d\u0430\u044f \u043f\u043e\u0434\u0441\u0442\u0430\u0432\u043a\u0430 \u0434\u043b\u044f \u0440\u0430\u0441\u0442\u0435\u043d\u0438\u0439 \u0438\u0437 \u0432\u043e\u0449\u0435\u043d\u043e\u0439 \u0441\u043e\u0441\u043d\u044b. \u041f\u043e\u0434\u0441\u0442\u0430\u0432\u043a\u0443 \u0442\u0430\u043a\u0436\u0435 \u043c\u043e\u0436\u043d\u043e \u0438\u0441\u043f\u043e\u043b\u044c\u0437\u043e\u0432\u0430\u0442\u044c \u043a\u0430\u043a \u043f\u0440\u0438\u0441\u0442\u0430\u0432\u043d\u043e\u0439 \u0441\u0442\u043e\u043b\u0438\u043a. \u042d\u0442\u0430 \u043f\u043e\u0434\u0441\u0442\u0430\u0432\u043a\u0430 \u0434\u043b\u044f \u0440\u0430\u0441\u0442\u0435\u043d\u0438\u0439 \u0438\u0434\u0435\u0430\u043b\u044c\u043d\u043e \u0434\u043e\u043f\u043e\u043b\u043d\u0438\u0442 \u0438\u043d\u0442\u0435\u0440\u044c\u0435\u0440 \u0432 \u0434\u0435\u0440\u0435\u0432\u0435\u043d\u0441\u043a\u043e\u043c \u0441\u0442\u0438\u043b\u0435. \u042d\u0442\u043e\u0442 \u0441\u0442\u043e\u043b\u0438\u043a\/\u043f\u043e\u0434\u0441\u0442\u0430\u0432\u043a\u0430 \u0434\u043b\u044f \u0440\u0430\u0441\u0442\u0435\u043d\u0438\u0439 \u0443\u043d\u0438\u0432\u0435\u0440\u0441\u0430\u043b\u0435\u043d \u0438 \u0444\u0443\u043d\u043a\u0446\u0438\u043e\u043d\u0430\u043b\u0435\u043d. \u0415\u0433\u043e \u043c\u043e\u0436\u043d\u043e \u0438\u0441\u043f\u043e\u043b\u044c\u0437\u043e\u0432\u0430\u0442\u044c \u043a\u0430\u043a \u043f\u043e\u0434\u0441\u0442\u0430\u0432\u043a\u0443 \u0434\u043b\u044f \u0440\u0430\u0441\u0442\u0435\u043d\u0438\u0439, \u043f\u043e\u0434\u0441\u0442\u0430\u0432\u043a\u0443 \u0434\u043b\u044f \u0446\u0432\u0435\u0442\u043e\u0432, \u0436\u0443\u0440\u043d\u0430\u043b\u044c\u043d\u044b\u0439 \u0441\u0442\u043e\u043b\u0438\u043a, \u0436\u0443\u0440\u043d\u0430\u043b\u044c\u043d\u044b\u0439 \u0441\u0442\u043e\u043b\u0438\u043a, \u0436\u0443\u0440\u043d\u0430\u043b\u044c\u043d\u044b\u0439 \u0441\u0442\u043e\u043b\u0438\u043a \u0434\u043b\u044f \u0433\u043e\u0441\u0442\u0438\u043d\u043e\u0439 \u0438 \u0442.\u0434.<\/p>","protected":false},"featured_media":88627,"comment_status":"open","ping_status":"open","template":"","meta":[],"product_brand":[],"product_cat":[9317,9307,9251,2113],"product_tag":[],"class_list":{"0":"post-88632","1":"product","2":"type-product","3":"status-publish","4":"has-post-thumbnail","6":"product_cat-collection-rustikal-drewmax","7":"product_cat-garden-furniture-drewmax","8":"product_cat-musor","9":"product_cat-drewmax","11":"first","12":"instock","13":"purchasable","14":"product-type-simple"},"_links":{"self":[{"href":"https:\/\/baldumarket.lt\/ru\/wp-json\/wp\/v2\/product\/88632","targetHints":{"allow":["GET"]}}],"collection":[{"href":"https:\/\/baldumarket.lt\/ru\/wp-json\/wp\/v2\/product"}],"about":[{"href":"https:\/\/baldumarket.lt\/ru\/wp-json\/wp\/v2\/types\/product"}],"replies":[{"embeddable":true,"href":"https:\/\/baldumarket.lt\/ru\/wp-json\/wp\/v2\/comments?post=88632"}],"wp:featuredmedia":[{"embeddable":true,"href":"https:\/\/baldumarket.lt\/ru\/wp-json\/wp\/v2\/media\/88627"}],"wp:attachment":[{"href":"https:\/\/baldumarket.lt\/ru\/wp-json\/wp\/v2\/media?parent=88632"}],"wp:term":[{"taxonomy":"product_brand","embeddable":true,"href":"https:\/\/baldumarket.lt\/ru\/wp-json\/wp\/v2\/product_brand?post=88632"},{"taxonomy":"product_cat","embeddable":true,"href":"https:\/\/baldumarket.lt\/ru\/wp-json\/wp\/v2\/product_cat?post=88632"},{"taxonomy":"product_tag","embeddable":true,"href":"https:\/\/baldumarket.lt\/ru\/wp-json\/wp\/v2\/product_tag?post=88632"}],"curies":[{"name":"WP","href":"https:\/\/api.w.org\/{rel}","templated":true}]}}