{"id":83989,"date":"2025-12-04T23:20:54","date_gmt":"2025-12-04T20:20:54","guid":{"rendered":"https:\/\/baldumarket.lt\/product\/slizg-tosia-party-max-tworzywo-czerwony\/"},"modified":"2026-02-04T00:25:49","modified_gmt":"2026-02-03T21:25:49","slug":"slizg-tosia-party-max-tworzywo-czerwony","status":"publish","type":"product","link":"https:\/\/baldumarket.lt\/ru\/product\/slizg-tosia-party-max-tworzywo-czerwony\/","title":{"rendered":"TOSIA PARTY MAX \u010diuo\u017eykla, plastikin\u0117, raudona"},"content":{"rendered":"<p>\u0413\u043e\u0440\u043a\u0430 TOSIA PARTY MAX \u2013 \u0441\u043a\u043b\u0430\u0434\u043d\u0430\u044f \u0433\u043e\u0440\u043a\u0430 \u0434\u043b\u044f \u0434\u0435\u0442\u0435\u0439<\/p>\n<p>\u0421\u0430\u0434\u043e\u0432\u0430\u044f \u0433\u043e\u0440\u043a\u0430 TOSIA PARTY MAX \u2014 \u043e\u0442\u043b\u0438\u0447\u043d\u044b\u0439 \u0432\u044b\u0431\u043e\u0440 \u0434\u043b\u044f \u0441\u0435\u043c\u0435\u0439, \u0438\u0449\u0443\u0449\u0438\u0445 \u043f\u0440\u043e\u0447\u043d\u0443\u044e, \u0431\u0435\u0437\u043e\u043f\u0430\u0441\u043d\u0443\u044e \u0438 \u043b\u0435\u0433\u043a\u043e \u0441\u043e\u0431\u0438\u0440\u0430\u0435\u043c\u0443\u044e \u0433\u043e\u0440\u043a\u0443. \u0421\u043a\u043b\u0430\u0434\u043d\u0430\u044f \u043a\u043e\u043d\u0441\u0442\u0440\u0443\u043a\u0446\u0438\u044f \u0434\u0435\u043b\u0430\u0435\u0442 \u0435\u0451 \u043d\u0435\u0432\u0435\u0440\u043e\u044f\u0442\u043d\u043e \u0443\u0434\u043e\u0431\u043d\u043e\u0439 \u0434\u043b\u044f \u0442\u0440\u0430\u043d\u0441\u043f\u043e\u0440\u0442\u0438\u0440\u043e\u0432\u043a\u0438 \u0438 \u0445\u0440\u0430\u043d\u0435\u043d\u0438\u044f. \u042d\u0442\u043e \u0438\u0434\u0435\u0430\u043b\u044c\u043d\u044b\u0439 \u0430\u0442\u0442\u0440\u0430\u043a\u0446\u0438\u043e\u043d \u0434\u043b\u044f \u043c\u0430\u043b\u044b\u0448\u0435\u0439, \u043e\u0431\u0435\u0441\u043f\u0435\u0447\u0438\u0432\u0430\u044e\u0449\u0438\u0439 \u0447\u0430\u0441\u044b \u0432\u0435\u0441\u0435\u043b\u044c\u044f \u043d\u0430 \u0441\u0432\u0435\u0436\u0435\u043c \u0432\u043e\u0437\u0434\u0443\u0445\u0435!<\/p>\n<p>\u0425\u0430\u0440\u0430\u043a\u0442\u0435\u0440\u0438\u0441\u0442\u0438\u043a\u0438 \u043f\u0440\u043e\u0434\u0443\u043a\u0442\u0430:<br \/>\n\u2705 \u0414\u043b\u0438\u043d\u0430: 3 \u043c\u0435\u0442\u0440\u0430 \u2013 \u0433\u0430\u0440\u0430\u043d\u0442\u0438\u0440\u0443\u0435\u0442 \u043f\u043b\u0430\u0432\u043d\u043e\u0435 \u0438 \u0437\u0430\u0445\u0432\u0430\u0442\u044b\u0432\u0430\u044e\u0449\u0435\u0435 \u043a\u0430\u0442\u0430\u043d\u0438\u0435. \u2705 \u0412\u044b\u0441\u043e\u0442\u0430 \u0443\u0441\u0442\u0430\u043d\u043e\u0432\u043a\u0438: \u043f\u043e\u0434\u0445\u043e\u0434\u0438\u0442 \u0434\u043b\u044f \u043f\u043b\u0430\u0442\u0444\u043e\u0440\u043c \u0432\u044b\u0441\u043e\u0442\u043e\u0439 \u0434\u043e 1,50 \u043c. \u2705 \u0421\u043a\u043b\u0430\u0434\u043d\u0430\u044f \u043a\u043e\u043d\u0441\u0442\u0440\u0443\u043a\u0446\u0438\u044f \u2013 \u0443\u0434\u043e\u0431\u043d\u0430 \u0434\u043b\u044f \u0442\u0440\u0430\u043d\u0441\u043f\u043e\u0440\u0442\u0438\u0440\u043e\u0432\u043a\u0438 \u0438 \u0445\u0440\u0430\u043d\u0435\u043d\u0438\u044f. \u2705 \u041f\u0440\u043e\u0447\u043d\u044b\u0439 \u043c\u0430\u0442\u0435\u0440\u0438\u0430\u043b: \u0438\u0437\u0433\u043e\u0442\u043e\u0432\u043b\u0435\u043d \u0438\u0437 \u0430\u0442\u043c\u043e\u0441\u0444\u0435\u0440\u043e\u0441\u0442\u043e\u0439\u043a\u043e\u0433\u043e \u043f\u043e\u043b\u0438\u044d\u0442\u0438\u043b\u0435\u043d\u0430 \u0432\u044b\u0441\u043e\u043a\u043e\u0439 \u043f\u043b\u043e\u0442\u043d\u043e\u0441\u0442\u0438 (HDPE), \u043e\u0431\u0435\u0441\u043f\u0435\u0447\u0438\u0432\u0430\u044e\u0449\u0435\u0433\u043e \u0434\u043b\u0438\u0442\u0435\u043b\u044c\u043d\u044b\u0439 \u0441\u0440\u043e\u043a \u0441\u043b\u0443\u0436\u0431\u044b. \u2705 \u0428\u0438\u0440\u043e\u043a\u0438\u0439 \u0432\u044b\u0431\u043e\u0440 \u0446\u0432\u0435\u0442\u043e\u0432 \u2013 \u043f\u043e\u0434\u043e\u0439\u0434\u0435\u0442 \u043a \u0441\u0442\u0438\u043b\u044e \u0432\u0430\u0448\u0435\u0433\u043e \u0441\u0430\u0434\u0430 \u0438\u043b\u0438 \u0434\u0435\u0442\u0441\u043a\u043e\u0439 \u043f\u043b\u043e\u0449\u0430\u0434\u043a\u0438. \u2705 \u0411\u0435\u0437\u043e\u043f\u0430\u0441\u043d\u043e\u0441\u0442\u044c \u043f\u043e\u0434\u0442\u0432\u0435\u0440\u0436\u0434\u0435\u043d\u0430 \u0441\u0435\u0440\u0442\u0438\u0444\u0438\u043a\u0430\u0442\u043e\u043c T\u00dcV Rheinland \u2013 \u0433\u0430\u0440\u0430\u043d\u0442\u0438\u0440\u0443\u0435\u0442 \u043a\u0430\u0447\u0435\u0441\u0442\u0432\u043e \u0438 \u0441\u043e\u043e\u0442\u0432\u0435\u0442\u0441\u0442\u0432\u0438\u0435 \u0435\u0432\u0440\u043e\u043f\u0435\u0439\u0441\u043a\u0438\u043c \u0441\u0442\u0430\u043d\u0434\u0430\u0440\u0442\u0430\u043c.<\/p>\n<p>\u0422\u0435\u0445\u043d\u0438\u0447\u0435\u0441\u043a\u0438\u0435 \u0445\u0430\u0440\u0430\u043a\u0442\u0435\u0440\u0438\u0441\u0442\u0438\u043a\u0438:<\/p>\n<p>\u2705 \u041c\u043e\u0434\u0435\u043b\u044c: TOSIA PARTY MAX<\/p>\n<p>\u2705 \u0412\u043d\u0435\u0448\u043d\u0438\u0435 \u0440\u0430\u0437\u043c\u0435\u0440\u044b, \u0438\u0437\u043c\u0435\u0440\u0435\u043d\u043d\u044b\u0435 \u043f\u043e \u043f\u0440\u044f\u043c\u043e\u0439 \u043b\u0438\u043d\u0438\u0438: 2870 \u00d7 485 \u00d7 240 \u043c\u043c<\/p>\n<p>\u2705 \u0412\u043d\u0443\u0442\u0440\u0435\u043d\u043d\u044f\u044f \u0448\u0438\u0440\u0438\u043d\u0430 \u0441\u043b\u0430\u0439\u0434\u0435\u0440\u0430: \u043e\u043a\u043e\u043b\u043e 35 \u0441\u043c<\/p>\n<p>\u2705 \u0420\u0435\u043a\u043e\u043c\u0435\u043d\u0434\u0443\u0435\u043c\u0430\u044f \u0432\u044b\u0441\u043e\u0442\u0430 \u043c\u043e\u043d\u0442\u0430\u0436\u043d\u043e\u0439 \u043f\u043b\u0430\u0442\u0444\u043e\u0440\u043c\u044b: 1,5 \u043c<\/p>\n<p>\u2705 \u041c\u0430\u043a\u0441\u0438\u043c\u0430\u043b\u044c\u043d\u0430\u044f \u0442\u043e\u0447\u0435\u0447\u043d\u0430\u044f \u043d\u0430\u0433\u0440\u0443\u0437\u043a\u0430: 50 \u043a\u0433<\/p>\n<p>\u2705 \u0423\u0433\u043e\u043b \u0443\u0441\u0442\u0430\u043d\u043e\u0432\u043a\u0438: \u043f\u0440\u0438\u0431\u043b\u0438\u0437\u0438\u0442\u0435\u043b\u044c\u043d\u043e 35 \u0433\u0440\u0430\u0434\u0443\u0441\u043e\u0432<\/p>\n<p>\u2705 \u0420\u0435\u043a\u043e\u043c\u0435\u043d\u0434\u0443\u0435\u043c\u044b\u0439 \u0432\u043e\u0437\u0440\u0430\u0441\u0442 \u0440\u0435\u0431\u0435\u043d\u043a\u0430: \u043e\u0442 3 \u043b\u0435\u0442 \u0438 \u0441\u0442\u0430\u0440\u0448\u0435<\/p>\n<p>\u2705 \u041c\u043e\u043d\u0442\u0430\u0436: \u0432\u0438\u043d\u0442\u044b \u0441 \u043f\u043e\u0442\u0430\u0439\u043d\u043e\u0439 \u0433\u043e\u043b\u043e\u0432\u043a\u043e\u0439, \u0434\u0438\u0430\u043c\u0435\u0442\u0440 5 \u0438\u043b\u0438 6 \u043c\u043c<\/p>\n<p>\u041f\u0440\u043e\u0441\u0442\u0430\u044f \u0441\u0431\u043e\u0440\u043a\u0430 \u0438 \u0442\u0440\u0430\u043d\u0441\u043f\u043e\u0440\u0442\u0438\u0440\u043e\u0432\u043a\u0430<br \/>\n\u0411\u043b\u0430\u0433\u043e\u0434\u0430\u0440\u044f \u043a\u043e\u043c\u043f\u0430\u043a\u0442\u043d\u043e\u0439 \u0443\u043f\u0430\u043a\u043e\u0432\u043a\u0435 \u0433\u043e\u0440\u043a\u0443 TOSIA PARTY MAX \u0443\u0434\u043e\u0431\u043d\u043e \u0442\u0440\u0430\u043d\u0441\u043f\u043e\u0440\u0442\u0438\u0440\u043e\u0432\u0430\u0442\u044c \u0438 \u0443\u0441\u0442\u0430\u043d\u0430\u0432\u043b\u0438\u0432\u0430\u0442\u044c \u0432 \u043b\u044e\u0431\u043e\u043c \u043c\u0435\u0441\u0442\u0435. \u0421\u043a\u043b\u0430\u0434\u043d\u0430\u044f \u043a\u043e\u043d\u0441\u0442\u0440\u0443\u043a\u0446\u0438\u044f \u0437\u043d\u0430\u0447\u0438\u0442\u0435\u043b\u044c\u043d\u043e \u0443\u043f\u0440\u043e\u0449\u0430\u0435\u0442 \u0445\u0440\u0430\u043d\u0435\u043d\u0438\u0435, \u0430 \u0441\u0431\u043e\u0440\u043a\u0430 \u0431\u044b\u0441\u0442\u0440\u0430\u044f \u0438 \u0438\u043d\u0442\u0443\u0438\u0442\u0438\u0432\u043d\u043e \u043f\u043e\u043d\u044f\u0442\u043d\u0430\u044f. \u0411\u0435\u0437\u043e\u043f\u0430\u0441\u043d\u043e\u0441\u0442\u044c \u0438 \u043a\u0430\u0447\u0435\u0441\u0442\u0432\u043e.<br \/>\n\u0413\u043e\u0440\u043a\u0430 \u0441\u0435\u0440\u0442\u0438\u0444\u0438\u0446\u0438\u0440\u043e\u0432\u0430\u043d\u0430 T\u00dcV Rheinland, \u0447\u0442\u043e \u043e\u0437\u043d\u0430\u0447\u0430\u0435\u0442, \u0447\u0442\u043e \u043e\u043d\u0430 \u0441\u043e\u043e\u0442\u0432\u0435\u0442\u0441\u0442\u0432\u0443\u0435\u0442 \u0441\u0442\u0440\u043e\u0433\u0438\u043c \u0441\u0442\u0430\u043d\u0434\u0430\u0440\u0442\u0430\u043c \u0431\u0435\u0437\u043e\u043f\u0430\u0441\u043d\u043e\u0441\u0442\u0438 \u0438 \u0430\u0431\u0441\u043e\u043b\u044e\u0442\u043d\u043e \u0431\u0435\u0437\u043e\u043f\u0430\u0441\u043d\u0430 \u0434\u043b\u044f \u0434\u0435\u0442\u0435\u0439.<\/p>","protected":false},"excerpt":{"rendered":"<p>\u0413\u043e\u0440\u043a\u0430 TOSIA PARTY MAX \u2013 \u0441\u043a\u043b\u0430\u0434\u043d\u0430\u044f \u0433\u043e\u0440\u043a\u0430 \u0434\u043b\u044f \u0434\u0435\u0442\u0435\u0439. \u0413\u043e\u0440\u043a\u0430 TOSIA PARTY MAX \u2013 \u043e\u0442\u043b\u0438\u0447\u043d\u044b\u0439 \u0432\u044b\u0431\u043e\u0440 \u0434\u043b\u044f \u0441\u0435\u043c\u0435\u0439, \u0438\u0449\u0443\u0449\u0438\u0445 \u043f\u0440\u043e\u0447\u043d\u0443\u044e, \u0431\u0435\u0437\u043e\u043f\u0430\u0441\u043d\u0443\u044e \u0438 \u043b\u0435\u0433\u043a\u043e \u0441\u043e\u0431\u0438\u0440\u0430\u0435\u043c\u0443\u044e \u0441\u0430\u0434\u043e\u0432\u0443\u044e \u0433\u043e\u0440\u043a\u0443. \u0415\u0435 \u0441\u043a\u043b\u0430\u0434\u043d\u0430\u044f \u043a\u043e\u043d\u0441\u0442\u0440\u0443\u043a\u0446\u0438\u044f \u0434\u0435\u043b\u0430\u0435\u0442 \u0435\u0435 \u043d\u0435\u0432\u0435\u0440\u043e\u044f\u0442\u043d\u043e \u0443\u0434\u043e\u0431\u043d\u043e\u0439 \u0434\u043b\u044f \u0442\u0440\u0430\u043d\u0441\u043f\u043e\u0440\u0442\u0438\u0440\u043e\u0432\u043a\u0438 \u0438 \u0445\u0440\u0430\u043d\u0435\u043d\u0438\u044f. \u042d\u0442\u043e \u0438\u0434\u0435\u0430\u043b\u044c\u043d\u044b\u0439 \u0430\u0442\u0442\u0440\u0430\u043a\u0446\u0438\u043e\u043d \u0434\u043b\u044f \u043c\u0430\u043b\u044b\u0448\u0435\u0439, \u043e\u0431\u0435\u0441\u043f\u0435\u0447\u0438\u0432\u0430\u044e\u0449\u0438\u0439 \u0447\u0430\u0441\u044b \u0432\u0435\u0441\u0435\u043b\u044c\u044f \u043d\u0430 \u0441\u0432\u0435\u0436\u0435\u043c \u0432\u043e\u0437\u0434\u0443\u0445\u0435! \u0425\u0430\u0440\u0430\u043a\u0442\u0435\u0440\u0438\u0441\u0442\u0438\u043a\u0438 \u043f\u0440\u043e\u0434\u0443\u043a\u0442\u0430: [\u2026]<\/p>","protected":false},"featured_media":83990,"comment_status":"open","ping_status":"open","template":"","meta":[],"product_brand":[],"product_cat":[9307,9251,2113],"product_tag":[],"class_list":{"0":"post-83989","1":"product","2":"type-product","3":"status-publish","4":"has-post-thumbnail","6":"product_cat-garden-furniture-drewmax","7":"product_cat-musor","8":"product_cat-drewmax","10":"first","11":"instock","12":"purchasable","13":"product-type-simple"},"_links":{"self":[{"href":"https:\/\/baldumarket.lt\/ru\/wp-json\/wp\/v2\/product\/83989","targetHints":{"allow":["GET"]}}],"collection":[{"href":"https:\/\/baldumarket.lt\/ru\/wp-json\/wp\/v2\/product"}],"about":[{"href":"https:\/\/baldumarket.lt\/ru\/wp-json\/wp\/v2\/types\/product"}],"replies":[{"embeddable":true,"href":"https:\/\/baldumarket.lt\/ru\/wp-json\/wp\/v2\/comments?post=83989"}],"wp:featuredmedia":[{"embeddable":true,"href":"https:\/\/baldumarket.lt\/ru\/wp-json\/wp\/v2\/media\/83990"}],"wp:attachment":[{"href":"https:\/\/baldumarket.lt\/ru\/wp-json\/wp\/v2\/media?parent=83989"}],"wp:term":[{"taxonomy":"product_brand","embeddable":true,"href":"https:\/\/baldumarket.lt\/ru\/wp-json\/wp\/v2\/product_brand?post=83989"},{"taxonomy":"product_cat","embeddable":true,"href":"https:\/\/baldumarket.lt\/ru\/wp-json\/wp\/v2\/product_cat?post=83989"},{"taxonomy":"product_tag","embeddable":true,"href":"https:\/\/baldumarket.lt\/ru\/wp-json\/wp\/v2\/product_tag?post=83989"}],"curies":[{"name":"WP","href":"https:\/\/api.w.org\/{rel}","templated":true}]}}