{"id":83731,"date":"2025-12-04T23:11:41","date_gmt":"2025-12-04T20:11:41","guid":{"rendered":"https:\/\/baldumarket.lt\/product\/stol-debowy-st300-dab-miodowy-53\/"},"modified":"2026-02-04T00:26:57","modified_gmt":"2026-02-03T21:26:57","slug":"stol-debowy-st300-dab-miodowy-53","status":"publish","type":"product","link":"https:\/\/baldumarket.lt\/ru\/product\/stol-debowy-st300-dab-miodowy-53\/","title":{"rendered":"\u0104\u017euolinis stalas ST300 medaus \u0105\u017euolo spalvos"},"content":{"rendered":"<p>\u0414\u0443\u0431\u043e\u0432\u044b\u0439 \u0441\u0442\u043e\u043b ST300 \u0441\u043e\u0447\u0435\u0442\u0430\u0435\u0442 \u0432 \u0441\u0435\u0431\u0435 \u043f\u0440\u043e\u0447\u043d\u043e\u0441\u0442\u044c \u043c\u0430\u0441\u0441\u0438\u0432\u0430 \u0434\u0443\u0431\u0430 \u0441 \u043f\u0440\u043e\u0441\u0442\u044b\u043c \u0434\u0438\u0437\u0430\u0439\u043d\u043e\u043c, \u043a\u043e\u0442\u043e\u0440\u044b\u0439 \u0438\u0434\u0435\u0430\u043b\u044c\u043d\u043e \u0434\u043e\u043f\u043e\u043b\u043d\u0438\u0442 \u043a\u0430\u043a \u043a\u043b\u0430\u0441\u0441\u0438\u0447\u0435\u0441\u043a\u0438\u0435, \u0442\u0430\u043a \u0438 \u0441\u043e\u0432\u0440\u0435\u043c\u0435\u043d\u043d\u044b\u0435 \u0438\u043d\u0442\u0435\u0440\u044c\u0435\u0440\u044b. \u0421\u0442\u043e\u043b\u0435\u0448\u043d\u0438\u0446\u0430 \u0438\u0437\u0433\u043e\u0442\u043e\u0432\u043b\u0435\u043d\u0430 \u0438\u0437 \u043c\u0430\u0441\u0441\u0438\u0432\u043d\u044b\u0445 \u0434\u0443\u0431\u043e\u0432\u044b\u0445 \u043f\u043b\u0430\u043d\u043e\u043a, \u0447\u0442\u043e \u0433\u0430\u0440\u0430\u043d\u0442\u0438\u0440\u0443\u0435\u0442 \u0441\u043e\u0445\u0440\u0430\u043d\u0435\u043d\u0438\u0435 \u0435\u0441\u0442\u0435\u0441\u0442\u0432\u0435\u043d\u043d\u043e\u0439 \u043a\u0440\u0430\u0441\u043e\u0442\u044b \u0438 \u0434\u043e\u043b\u0433\u043e\u0432\u0435\u0447\u043d\u043e\u0441\u0442\u0438 \u0441\u0442\u043e\u043b\u0430 \u043d\u0430 \u0434\u043e\u043b\u0433\u0438\u0435 \u0433\u043e\u0434\u044b. \u0411\u043b\u0430\u0433\u043e\u0434\u0430\u0440\u044f \u043f\u0440\u043e\u0447\u043d\u043e\u0439 \u043a\u043e\u043d\u0441\u0442\u0440\u0443\u043a\u0446\u0438\u0438 \u0438 \u0443\u043d\u0438\u0432\u0435\u0440\u0441\u0430\u043b\u044c\u043d\u043e\u043c\u0443 \u0434\u0438\u0437\u0430\u0439\u043d\u0443, \u0434\u0443\u0431\u043e\u0432\u044b\u0439 \u0441\u0442\u043e\u043b ST300 \u0431\u0443\u0434\u0435\u0442 \u043e\u0442\u043b\u0438\u0447\u043d\u043e \u0441\u043c\u043e\u0442\u0440\u0435\u0442\u044c\u0441\u044f \u0432 \u0441\u0442\u043e\u043b\u043e\u0432\u043e\u0439, \u043a\u0443\u0445\u043d\u0435 \u0438\u043b\u0438 \u0433\u043e\u0441\u0442\u0438\u043d\u043e\u0439, \u0441\u0442\u0430\u043d\u043e\u0432\u044f\u0441\u044c \u0446\u0435\u043d\u0442\u0440\u0430\u043b\u044c\u043d\u044b\u043c \u044d\u043b\u0435\u043c\u0435\u043d\u0442\u043e\u043c \u043b\u044e\u0431\u043e\u0433\u043e \u0438\u043d\u0442\u0435\u0440\u044c\u0435\u0440\u0430.<\/p>\n<p>\u0421\u0442\u043e\u043b\u0435\u0448\u043d\u0438\u0446\u0430 \u0434\u043e\u0441\u0442\u0443\u043f\u043d\u0430 \u0432 \u0434\u0432\u0443\u0445 \u0432\u0430\u0440\u0438\u0430\u043d\u0442\u0430\u0445 \u043e\u0442\u0434\u0435\u043b\u043a\u0438:<\/p>\n<p>S3 \u2013 \u043f\u0440\u044f\u043c\u0430\u044f \u043a\u0440\u043e\u043c\u043a\u0430, \u0432\u044b\u0441\u0442\u0443\u043f\u0430\u044e\u0449\u0430\u044f \u0437\u0430 \u043d\u043e\u0436\u043a\u0443 \u0441\u0442\u043e\u043b\u0430, \u0447\u0442\u043e \u043f\u0440\u0438\u0434\u0430\u0435\u0442 \u0435\u043c\u0443 \u0431\u043e\u043b\u0435\u0435 \u043a\u043b\u0430\u0441\u0441\u0438\u0447\u0435\u0441\u043a\u0438\u0439 \u0438 \u044d\u043b\u0435\u0433\u0430\u043d\u0442\u043d\u044b\u0439 \u0432\u0438\u0434.<\/p>\n<p>S5 \u2013 \u043f\u0440\u044f\u043c\u0430\u044f \u043a\u0440\u043e\u043c\u043a\u0430, \u0440\u0430\u0441\u043f\u043e\u043b\u043e\u0436\u0435\u043d\u043d\u0430\u044f \u0432\u0440\u043e\u0432\u0435\u043d\u044c \u0441 \u043d\u043e\u0436\u043a\u043e\u0439, \u0441\u043e\u0437\u0434\u0430\u044e\u0449\u0430\u044f \u0431\u043e\u043b\u0435\u0435 \u043c\u0438\u043d\u0438\u043c\u0430\u043b\u0438\u0441\u0442\u0438\u0447\u043d\u044b\u0439 \u0438 \u0441\u043e\u0432\u0440\u0435\u043c\u0435\u043d\u043d\u044b\u0439 \u0432\u0438\u0434.<\/p>\n<p>\u041e\u0437\u043d\u0430\u043a\u043e\u043c\u044c\u0442\u0435\u0441\u044c \u0441 \u0442\u0435\u043a\u0441\u0442\u0443\u0440\u043e\u0439 \u0438 \u043e\u0442\u0434\u0435\u043b\u043a\u043e\u0439 \u0441\u0442\u043e\u043b\u0435\u0448\u043d\u0438\u0446.<\/p>","protected":false},"excerpt":{"rendered":"<p>\u0414\u0443\u0431\u043e\u0432\u044b\u0439 \u0441\u0442\u043e\u043b ST300 \u0441\u043e\u0447\u0435\u0442\u0430\u0435\u0442 \u0432 \u0441\u0435\u0431\u0435 \u043f\u0440\u043e\u0447\u043d\u043e\u0441\u0442\u044c \u043c\u0430\u0441\u0441\u0438\u0432\u0430 \u0434\u0443\u0431\u0430 \u0441 \u043f\u0440\u043e\u0441\u0442\u044b\u043c \u0434\u0438\u0437\u0430\u0439\u043d\u043e\u043c, \u043a\u043e\u0442\u043e\u0440\u044b\u0439 \u0438\u0434\u0435\u0430\u043b\u044c\u043d\u043e \u0434\u043e\u043f\u043e\u043b\u043d\u0438\u0442 \u043a\u0430\u043a \u043a\u043b\u0430\u0441\u0441\u0438\u0447\u0435\u0441\u043a\u0438\u0435, \u0442\u0430\u043a \u0438 \u0441\u043e\u0432\u0440\u0435\u043c\u0435\u043d\u043d\u044b\u0435 \u0438\u043d\u0442\u0435\u0440\u044c\u0435\u0440\u044b. \u0421\u0442\u043e\u043b\u0435\u0448\u043d\u0438\u0446\u0430 \u0438\u0437\u0433\u043e\u0442\u043e\u0432\u043b\u0435\u043d\u0430 \u0438\u0437 \u043c\u0430\u0441\u0441\u0438\u0432\u043d\u044b\u0445 \u0434\u0443\u0431\u043e\u0432\u044b\u0445 \u043f\u043b\u0430\u043d\u043e\u043a, \u0447\u0442\u043e \u0433\u0430\u0440\u0430\u043d\u0442\u0438\u0440\u0443\u0435\u0442 \u0441\u043e\u0445\u0440\u0430\u043d\u0435\u043d\u0438\u0435 \u0435\u0441\u0442\u0435\u0441\u0442\u0432\u0435\u043d\u043d\u043e\u0439 \u043a\u0440\u0430\u0441\u043e\u0442\u044b \u0438 \u0434\u043e\u043b\u0433\u043e\u0432\u0435\u0447\u043d\u043e\u0441\u0442\u0438 \u0441\u0442\u043e\u043b\u0430 \u043d\u0430 \u0434\u043e\u043b\u0433\u0438\u0435 \u0433\u043e\u0434\u044b. \u0411\u043b\u0430\u0433\u043e\u0434\u0430\u0440\u044f \u043f\u0440\u043e\u0447\u043d\u043e\u0439 \u043a\u043e\u043d\u0441\u0442\u0440\u0443\u043a\u0446\u0438\u0438 \u0438 \u0443\u043d\u0438\u0432\u0435\u0440\u0441\u0430\u043b\u044c\u043d\u043e\u043c\u0443 \u0434\u0438\u0437\u0430\u0439\u043d\u0443, \u0434\u0443\u0431\u043e\u0432\u044b\u0439 \u0441\u0442\u043e\u043b ST300 [\u2026]<\/p>","protected":false},"featured_media":82840,"comment_status":"open","ping_status":"open","template":"","meta":[],"product_brand":[],"product_cat":[9303,2113,1934],"product_tag":[],"class_list":{"0":"post-83731","1":"product","2":"type-product","3":"status-publish","4":"has-post-thumbnail","6":"product_cat-oak-furniture-drewmax","7":"product_cat-drewmax","8":"product_cat-tables","9":"pa_tabletop-tabletop-4-cm","10":"pa_tabletop-material-solid-lamellas","12":"first","13":"instock","14":"purchasable","15":"product-type-simple"},"_links":{"self":[{"href":"https:\/\/baldumarket.lt\/ru\/wp-json\/wp\/v2\/product\/83731","targetHints":{"allow":["GET"]}}],"collection":[{"href":"https:\/\/baldumarket.lt\/ru\/wp-json\/wp\/v2\/product"}],"about":[{"href":"https:\/\/baldumarket.lt\/ru\/wp-json\/wp\/v2\/types\/product"}],"replies":[{"embeddable":true,"href":"https:\/\/baldumarket.lt\/ru\/wp-json\/wp\/v2\/comments?post=83731"}],"wp:featuredmedia":[{"embeddable":true,"href":"https:\/\/baldumarket.lt\/ru\/wp-json\/wp\/v2\/media\/82840"}],"wp:attachment":[{"href":"https:\/\/baldumarket.lt\/ru\/wp-json\/wp\/v2\/media?parent=83731"}],"wp:term":[{"taxonomy":"product_brand","embeddable":true,"href":"https:\/\/baldumarket.lt\/ru\/wp-json\/wp\/v2\/product_brand?post=83731"},{"taxonomy":"product_cat","embeddable":true,"href":"https:\/\/baldumarket.lt\/ru\/wp-json\/wp\/v2\/product_cat?post=83731"},{"taxonomy":"product_tag","embeddable":true,"href":"https:\/\/baldumarket.lt\/ru\/wp-json\/wp\/v2\/product_tag?post=83731"}],"curies":[{"name":"WP","href":"https:\/\/api.w.org\/{rel}","templated":true}]}}