{"id":82831,"date":"2025-12-04T22:52:32","date_gmt":"2025-12-04T19:52:32","guid":{"rendered":"https:\/\/baldumarket.lt\/product\/naroznik-sosnowy-nr111-sosna-dab\/"},"modified":"2026-02-04T00:30:17","modified_gmt":"2026-02-03T21:30:17","slug":"naroznik-sosnowy-nr111-sosna-dab","status":"publish","type":"product","link":"https:\/\/baldumarket.lt\/ru\/product\/naroznik-sosnowy-nr111-sosna-dab\/","title":{"rendered":"Pu\u0161in\u0117 kampin\u0117 \u0434\u0438\u0432\u0430\u043d NR111, pu\u0161is, \u0105\u017euolas"},"content":{"rendered":"<p>\u0423\u0433\u043b\u043e\u0432\u043e\u0439 \u0434\u0438\u0432\u0430\u043d NR111 \u0438\u0437 \u0441\u043e\u0441\u043d\u044b, \u0431\u043b\u0430\u0433\u043e\u0434\u0430\u0440\u044f \u0441\u0432\u043e\u0435\u043c\u0443 \u0442\u0440\u0430\u0434\u0438\u0446\u0438\u043e\u043d\u043d\u043e\u043c\u0443, \u043f\u0440\u043e\u0441\u0442\u043e\u043c\u0443 \u0434\u0438\u0437\u0430\u0439\u043d\u0443, \u0438\u0434\u0435\u0430\u043b\u044c\u043d\u043e \u0434\u043e\u043f\u043e\u043b\u043d\u0438\u0442 \u043a\u0443\u0445\u043d\u044e \u0438\u043b\u0438 \u0441\u0442\u043e\u043b\u043e\u0432\u0443\u044e, \u043e\u0444\u043e\u0440\u043c\u043b\u0435\u043d\u043d\u044b\u0435 \u0432 \u0442\u0440\u0430\u0434\u0438\u0446\u0438\u043e\u043d\u043d\u043e\u043c \u0441\u0442\u0438\u043b\u0435. \u042d\u0442\u043e\u0442 \u0443\u0433\u043b\u043e\u0432\u043e\u0439 \u0434\u0438\u0432\u0430\u043d \u0441\u043e\u0437\u0434\u0430\u043d \u0434\u043b\u044f \u0442\u0435\u0445, \u043a\u0442\u043e \u0446\u0435\u043d\u0438\u0442 \u043a\u043b\u0430\u0441\u0441\u0438\u0447\u0435\u0441\u043a\u0443\u044e \u0438 \u0444\u0443\u043d\u043a\u0446\u0438\u043e\u043d\u0430\u043b\u044c\u043d\u0443\u044e \u043c\u0435\u0431\u0435\u043b\u044c. \u041c\u044f\u0433\u043a\u0430\u044f, \u0441\u0432\u0435\u0442\u043b\u0430\u044f \u043e\u0442\u0434\u0435\u043b\u043a\u0430 \u0441\u0438\u0434\u0435\u043d\u044c\u044f \u0438 \u0441\u043f\u0438\u043d\u043a\u0438 \u0434\u043e\u0431\u0430\u0432\u043b\u044f\u0435\u0442 \u043a\u043e\u043c\u0444\u043e\u0440\u0442\u0430. \u0412 \u0441\u043e\u0447\u0435\u0442\u0430\u043d\u0438\u0438 \u0441\u043e \u0441\u0442\u043e\u043b\u043e\u043c (ST104) \u0438 \u0434\u043e\u043f\u043e\u043b\u043d\u0438\u0442\u0435\u043b\u044c\u043d\u044b\u043c\u0438 \u0442\u0430\u0431\u0443\u0440\u0435\u0442\u0430\u043c\u0438 \u0438\u0437 \u044d\u0442\u043e\u0439 \u043a\u043e\u043b\u043b\u0435\u043a\u0446\u0438\u0438 (NR114) \u0432\u044b \u043c\u043e\u0436\u0435\u0442\u0435 \u0441\u043e\u0437\u0434\u0430\u0442\u044c \u043a\u043e\u043c\u043f\u043b\u0435\u043a\u0442, \u043a\u043e\u0442\u043e\u0440\u044b\u0439 \u0432\u043c\u0435\u0441\u0442\u0438\u0442 \u0435\u0449\u0435 \u0431\u043e\u043b\u044c\u0448\u0435 \u0433\u043e\u0441\u0442\u0435\u0439.<\/p>","protected":false},"excerpt":{"rendered":"<p>\u0423\u0433\u043b\u043e\u0432\u043e\u0439 \u0434\u0438\u0432\u0430\u043d NR111 \u0438\u0437 \u0441\u043e\u0441\u043d\u044b, \u0431\u043b\u0430\u0433\u043e\u0434\u0430\u0440\u044f \u0441\u0432\u043e\u0435\u043c\u0443 \u0442\u0440\u0430\u0434\u0438\u0446\u0438\u043e\u043d\u043d\u043e\u043c\u0443, \u043f\u0440\u043e\u0441\u0442\u043e\u043c\u0443 \u0434\u0438\u0437\u0430\u0439\u043d\u0443, \u0438\u0434\u0435\u0430\u043b\u044c\u043d\u043e \u0434\u043e\u043f\u043e\u043b\u043d\u0438\u0442 \u043a\u0443\u0445\u043d\u044e \u0438\u043b\u0438 \u0441\u0442\u043e\u043b\u043e\u0432\u0443\u044e, \u043e\u0444\u043e\u0440\u043c\u043b\u0435\u043d\u043d\u044b\u0435 \u0432 \u0442\u0440\u0430\u0434\u0438\u0446\u0438\u043e\u043d\u043d\u043e\u043c \u0441\u0442\u0438\u043b\u0435. \u042d\u0442\u043e\u0442 \u0443\u0433\u043b\u043e\u0432\u043e\u0439 \u0434\u0438\u0432\u0430\u043d \u0441\u043e\u0437\u0434\u0430\u043d \u0434\u043b\u044f \u0442\u0435\u0445, \u043a\u0442\u043e \u0446\u0435\u043d\u0438\u0442 \u043a\u043b\u0430\u0441\u0441\u0438\u0447\u0435\u0441\u043a\u0443\u044e \u0438 \u0444\u0443\u043d\u043a\u0446\u0438\u043e\u043d\u0430\u043b\u044c\u043d\u0443\u044e \u043c\u0435\u0431\u0435\u043b\u044c. \u041c\u044f\u0433\u043a\u0430\u044f, \u0441\u0432\u0435\u0442\u043b\u0430\u044f \u043e\u0442\u0434\u0435\u043b\u043a\u0430 \u0441\u0438\u0434\u0435\u043d\u044c\u044f \u0438 \u0441\u043f\u0438\u043d\u043a\u0438 \u0434\u043e\u0431\u0430\u0432\u043b\u044f\u0435\u0442 \u043a\u043e\u043c\u0444\u043e\u0440\u0442\u0430. \u0412 \u0441\u043e\u0447\u0435\u0442\u0430\u043d\u0438\u0438 \u0441\u043e \u0441\u0442\u043e\u043b\u043e\u043c (ST104) \u0438 \u0434\u043e\u043f\u043e\u043b\u043d\u0438\u0442\u0435\u043b\u044c\u043d\u044b\u043c\u0438 \u0442\u0430\u0431\u0443\u0440\u0435\u0442\u0430\u043c\u0438 [\u2026]<\/p>","protected":false},"featured_media":82832,"comment_status":"open","ping_status":"open","template":"","meta":[],"product_brand":[],"product_cat":[9307,1928,2113],"product_tag":[],"class_list":{"0":"post-82831","1":"product","2":"type-product","3":"status-publish","4":"has-post-thumbnail","6":"product_cat-garden-furniture-drewmax","7":"product_cat-benches","8":"product_cat-drewmax","10":"first","11":"instock","12":"purchasable","13":"product-type-simple"},"_links":{"self":[{"href":"https:\/\/baldumarket.lt\/ru\/wp-json\/wp\/v2\/product\/82831","targetHints":{"allow":["GET"]}}],"collection":[{"href":"https:\/\/baldumarket.lt\/ru\/wp-json\/wp\/v2\/product"}],"about":[{"href":"https:\/\/baldumarket.lt\/ru\/wp-json\/wp\/v2\/types\/product"}],"replies":[{"embeddable":true,"href":"https:\/\/baldumarket.lt\/ru\/wp-json\/wp\/v2\/comments?post=82831"}],"wp:featuredmedia":[{"embeddable":true,"href":"https:\/\/baldumarket.lt\/ru\/wp-json\/wp\/v2\/media\/82832"}],"wp:attachment":[{"href":"https:\/\/baldumarket.lt\/ru\/wp-json\/wp\/v2\/media?parent=82831"}],"wp:term":[{"taxonomy":"product_brand","embeddable":true,"href":"https:\/\/baldumarket.lt\/ru\/wp-json\/wp\/v2\/product_brand?post=82831"},{"taxonomy":"product_cat","embeddable":true,"href":"https:\/\/baldumarket.lt\/ru\/wp-json\/wp\/v2\/product_cat?post=82831"},{"taxonomy":"product_tag","embeddable":true,"href":"https:\/\/baldumarket.lt\/ru\/wp-json\/wp\/v2\/product_tag?post=82831"}],"curies":[{"name":"WP","href":"https:\/\/api.w.org\/{rel}","templated":true}]}}