{"id":82544,"date":"2025-12-04T22:48:00","date_gmt":"2025-12-04T19:48:00","guid":{"rendered":"https:\/\/baldumarket.lt\/product\/szuflada-debowa-lk270-dab-bielony\/"},"modified":"2026-02-04T00:30:59","modified_gmt":"2026-02-03T21:30:59","slug":"szuflada-debowa-lk270-dab-bielony","status":"publish","type":"product","link":"https:\/\/baldumarket.lt\/ru\/product\/szuflada-debowa-lk270-dab-bielony\/","title":{"rendered":"\u0104\u017euolinis stal\u010dius LK270 balintas \u0105\u017euolas"},"content":{"rendered":"<p>\u0412\u044b\u0434\u0432\u0438\u0436\u043d\u043e\u0439 \u044f\u0449\u0438\u043a \u0434\u043b\u044f \u043f\u043e\u0441\u0442\u0435\u043b\u044c\u043d\u043e\u0433\u043e \u0431\u0435\u043b\u044c\u044f LK270 \u0438\u0437 \u0434\u0443\u0431\u0430, \u043f\u0440\u0435\u0434\u043d\u0430\u0437\u043d\u0430\u0447\u0435\u043d\u043d\u044b\u0439 \u0434\u043b\u044f \u0443\u0441\u0442\u0430\u043d\u043e\u0432\u043a\u0438 \u043f\u043e\u0434 \u043a\u0440\u043e\u0432\u0430\u0442\u044c, \u044f\u0432\u043b\u044f\u0435\u0442\u0441\u044f \u0438\u0434\u0435\u0430\u043b\u044c\u043d\u044b\u043c \u0440\u0435\u0448\u0435\u043d\u0438\u0435\u043c \u0434\u043b\u044f \u043d\u0435\u0431\u043e\u043b\u044c\u0448\u0438\u0445 \u043f\u043e\u043c\u0435\u0449\u0435\u043d\u0438\u0439.<\/p>\n<p>\u0418\u0434\u0435\u0430\u043b\u044c\u043d\u043e \u043f\u043e\u0434\u0445\u043e\u0434\u0438\u0442 \u0434\u043b\u044f \u0445\u0440\u0430\u043d\u0435\u043d\u0438\u044f \u043f\u043e\u0441\u0442\u0435\u043b\u044c\u043d\u043e\u0433\u043e \u0431\u0435\u043b\u044c\u044f, \u043f\u043e\u0434\u0443\u0448\u0435\u043a \u0438 \u043e\u0434\u0435\u044f\u043b. \u041f\u043b\u0430\u0432\u043d\u043e\u0435 \u043f\u0435\u0440\u0435\u043c\u0435\u0449\u0435\u043d\u0438\u0435 \u043e\u0431\u0435\u0441\u043f\u0435\u0447\u0438\u0432\u0430\u0435\u0442\u0441\u044f \u0431\u043b\u0430\u0433\u043e\u0434\u0430\u0440\u044f \u0443\u0441\u0442\u0430\u043d\u043e\u0432\u043b\u0435\u043d\u043d\u044b\u043c \u0441\u043d\u0438\u0437\u0443 \u043a\u043e\u043b\u0435\u0441\u0438\u043a\u0430\u043c.<\/p>\n<p>\u0420\u0410\u0417\u041c\u0415\u0420\u042b:<\/p>\n<p>\u0428\u0438\u0440\u0438\u043d\u0430: 98 \u0441\u043c \u2013 \u043f\u043e\u043b\u043e\u0432\u0438\u043d\u0430 \u0434\u043b\u0438\u043d\u044b \u043a\u0440\u043e\u0432\u0430\u0442\u0438.<\/p>\n<p>\u0413\u043b\u0443\u0431\u0438\u043d\u0430: 67 \u0441\u043c \u2013 \u043f\u043e\u0434\u0445\u043e\u0434\u0438\u0442 \u0434\u043b\u044f \u0432\u0441\u0435\u0445 \u0441\u0442\u0430\u043d\u0434\u0430\u0440\u0442\u043d\u044b\u0445 \u0440\u0430\u0437\u043c\u0435\u0440\u043e\u0432 \u043a\u0440\u043e\u0432\u0430\u0442\u0435\u0439, \u043a\u0440\u043e\u043c\u0435 \u043a\u0440\u043e\u0432\u0430\u0442\u0438 \u0448\u0438\u0440\u0438\u043d\u043e\u0439 120 \u0441\u043c. \u0414\u043b\u044f \u043a\u0440\u043e\u0432\u0430\u0442\u0435\u0439 \u0448\u0438\u0440\u0438\u043d\u043e\u0439 120 \u0441\u043c \u0432\u044b\u0431\u0435\u0440\u0438\u0442\u0435 \u0432\u044b\u0434\u0432\u0438\u0436\u043d\u043e\u0439 \u044f\u0449\u0438\u043a LK273.<\/p>\n<p>\u0412\u044b\u0441\u043e\u0442\u0430: 24 \u0441\u043c<\/p>\n<p>\u041f\u0440\u043e\u0432\u0435\u0440\u044c\u0442\u0435 \u0442\u0430\u0431\u043b\u0438\u0446\u0443 \u0440\u0430\u0437\u043c\u0435\u0440\u043e\u0432, \u0447\u0442\u043e\u0431\u044b \u0443\u0431\u0435\u0434\u0438\u0442\u044c\u0441\u044f, \u0447\u0442\u043e \u044d\u0442\u043e\u0442 \u044f\u0449\u0438\u043a \u043f\u043e\u0434\u0445\u043e\u0434\u0438\u0442 \u043a \u0432\u044b\u0431\u0440\u0430\u043d\u043d\u043e\u0439 \u0432\u0430\u043c\u0438 \u043c\u043e\u0434\u0435\u043b\u0438 \u043a\u0440\u043e\u0432\u0430\u0442\u0438.<\/p>","protected":false},"excerpt":{"rendered":"<p>\u0412\u044b\u0434\u0432\u0438\u0436\u043d\u043e\u0439 \u044f\u0449\u0438\u043a \u0434\u043b\u044f \u043f\u043e\u0441\u0442\u0435\u043b\u044c\u043d\u043e\u0433\u043e \u0431\u0435\u043b\u044c\u044f LK270 \u0438\u0437 \u0434\u0443\u0431\u0430, \u043f\u0440\u0435\u0434\u043d\u0430\u0437\u043d\u0430\u0447\u0435\u043d\u043d\u044b\u0439 \u0434\u043b\u044f \u0443\u0441\u0442\u0430\u043d\u043e\u0432\u043a\u0438 \u043f\u043e\u0434 \u043a\u0440\u043e\u0432\u0430\u0442\u044c\u044e, \u2014 \u0438\u0434\u0435\u0430\u043b\u044c\u043d\u043e\u0435 \u0440\u0435\u0448\u0435\u043d\u0438\u0435 \u0434\u043b\u044f \u043d\u0435\u0431\u043e\u043b\u044c\u0448\u0438\u0445 \u043f\u043e\u043c\u0435\u0449\u0435\u043d\u0438\u0439. \u041e\u043d \u0438\u0434\u0435\u0430\u043b\u044c\u043d\u043e \u043f\u043e\u0434\u0445\u043e\u0434\u0438\u0442 \u0434\u043b\u044f \u0445\u0440\u0430\u043d\u0435\u043d\u0438\u044f \u043f\u043e\u0441\u0442\u0435\u043b\u044c\u043d\u043e\u0433\u043e \u0431\u0435\u043b\u044c\u044f, \u043f\u043e\u0434\u0443\u0448\u0435\u043a \u0438 \u043e\u0434\u0435\u044f\u043b. \u041f\u043b\u0430\u0432\u043d\u043e\u0435 \u043f\u0435\u0440\u0435\u043c\u0435\u0449\u0435\u043d\u0438\u0435 \u043e\u0431\u0435\u0441\u043f\u0435\u0447\u0438\u0432\u0430\u0435\u0442\u0441\u044f \u0431\u043b\u0430\u0433\u043e\u0434\u0430\u0440\u044f \u0443\u0441\u0442\u0430\u043d\u043e\u0432\u043b\u0435\u043d\u043d\u044b\u043c \u0441\u043d\u0438\u0437\u0443 \u043a\u043e\u043b\u0435\u0441\u0438\u043a\u0430\u043c. \u0420\u0410\u0417\u041c\u0415\u0420\u042b: \u0428\u0438\u0440\u0438\u043d\u0430: 98 \u0441\u043c \u2014 \u043f\u043e\u043b\u043e\u0432\u0438\u043d\u0430 \u0434\u043b\u0438\u043d\u044b \u043a\u0440\u043e\u0432\u0430\u0442\u0438. \u0413\u043b\u0443\u0431\u0438\u043d\u0430: 67 \u0441\u043c \u2014 \u043f\u043e\u0434\u0445\u043e\u0434\u0438\u0442 \u0434\u043b\u044f \u0432\u0441\u0435\u0445 \u0441\u0442\u0430\u043d\u0434\u0430\u0440\u0442\u043d\u044b\u0445 [\u2026]<\/p>","protected":false},"featured_media":82545,"comment_status":"open","ping_status":"open","template":"","meta":[],"product_brand":[],"product_cat":[9251,9303,2113],"product_tag":[],"class_list":{"0":"post-82544","1":"product","2":"type-product","3":"status-publish","4":"has-post-thumbnail","6":"product_cat-musor","7":"product_cat-oak-furniture-drewmax","8":"product_cat-drewmax","10":"first","11":"instock","12":"purchasable","13":"product-type-simple"},"_links":{"self":[{"href":"https:\/\/baldumarket.lt\/ru\/wp-json\/wp\/v2\/product\/82544","targetHints":{"allow":["GET"]}}],"collection":[{"href":"https:\/\/baldumarket.lt\/ru\/wp-json\/wp\/v2\/product"}],"about":[{"href":"https:\/\/baldumarket.lt\/ru\/wp-json\/wp\/v2\/types\/product"}],"replies":[{"embeddable":true,"href":"https:\/\/baldumarket.lt\/ru\/wp-json\/wp\/v2\/comments?post=82544"}],"wp:featuredmedia":[{"embeddable":true,"href":"https:\/\/baldumarket.lt\/ru\/wp-json\/wp\/v2\/media\/82545"}],"wp:attachment":[{"href":"https:\/\/baldumarket.lt\/ru\/wp-json\/wp\/v2\/media?parent=82544"}],"wp:term":[{"taxonomy":"product_brand","embeddable":true,"href":"https:\/\/baldumarket.lt\/ru\/wp-json\/wp\/v2\/product_brand?post=82544"},{"taxonomy":"product_cat","embeddable":true,"href":"https:\/\/baldumarket.lt\/ru\/wp-json\/wp\/v2\/product_cat?post=82544"},{"taxonomy":"product_tag","embeddable":true,"href":"https:\/\/baldumarket.lt\/ru\/wp-json\/wp\/v2\/product_tag?post=82544"}],"curies":[{"name":"WP","href":"https:\/\/api.w.org\/{rel}","templated":true}]}}