{"id":82516,"date":"2025-12-04T22:47:35","date_gmt":"2025-12-04T19:47:35","guid":{"rendered":"https:\/\/baldumarket.lt\/product\/stelaz-drewniany-z-listew-gietych-brzoza-naturalna-7\/"},"modified":"2026-02-04T00:31:03","modified_gmt":"2026-02-03T21:31:03","slug":"stelaz-drewniany-z-listew-gietych-brzoza-naturalna-7","status":"publish","type":"product","link":"https:\/\/baldumarket.lt\/ru\/product\/stelaz-drewniany-z-listew-gietych-brzoza-naturalna-7\/","title":{"rendered":"Medinis r\u0117mas pagamintas \u0438 lenkt\u0173 lenteli\u0173, nat\u016bralaus ber\u017eo"},"content":{"rendered":"<p>\u0420\u0435\u0435\u0447\u043d\u044b\u0439 \u043a\u0430\u0440\u043a\u0430\u0441 \u0438\u0437 \u0433\u043d\u0443\u0442\u043e\u0439 \u0431\u0435\u0440\u0435\u0437\u044b \u2013 20 \u0440\u0435\u0435\u043a<br \/>\n\u042d\u0442\u043e\u0442 \u043f\u0440\u043e\u0447\u043d\u044b\u0439 \u043a\u0430\u0440\u043a\u0430\u0441 \u0438\u0437\u0433\u043e\u0442\u043e\u0432\u043b\u0435\u043d \u0438\u0437 20 \u0433\u0438\u0431\u043a\u0438\u0445 \u0431\u0435\u0440\u0435\u0437\u043e\u0432\u044b\u0445 \u0440\u0435\u0435\u043a, \u0441\u043e\u0435\u0434\u0438\u043d\u0435\u043d\u043d\u044b\u0445 \u0442\u0435\u043a\u0441\u0442\u0438\u043b\u044c\u043d\u043e\u0439 \u043b\u0435\u043d\u0442\u043e\u0439. \u041a\u043e\u043d\u0446\u044b \u0440\u0435\u0435\u043a \u043e\u0441\u043d\u0430\u0449\u0435\u043d\u044b \u043f\u0440\u043e\u0442\u0438\u0432\u043e\u0441\u043a\u0440\u0438\u043f\u043d\u044b\u043c\u0438 \u043d\u0430\u043a\u043b\u0430\u0434\u043a\u0430\u043c\u0438, \u043e\u0431\u0435\u0441\u043f\u0435\u0447\u0438\u0432\u0430\u044e\u0449\u0438\u043c\u0438 \u0431\u0435\u0441\u0448\u0443\u043c\u043d\u0443\u044e \u0438 \u0441\u0442\u0430\u0431\u0438\u043b\u044c\u043d\u0443\u044e \u0440\u0430\u0431\u043e\u0442\u0443. \u041a\u0430\u0440\u043a\u0430\u0441 \u0433\u0430\u0440\u0430\u043d\u0442\u0438\u0440\u0443\u0435\u0442 \u0440\u0430\u0432\u043d\u043e\u043c\u0435\u0440\u043d\u0443\u044e \u043f\u043e\u0434\u0434\u0435\u0440\u0436\u043a\u0443 \u043c\u0430\u0442\u0440\u0430\u0441\u0430 \u0438 \u043d\u0430\u0434\u043b\u0435\u0436\u0430\u0449\u0443\u044e \u0432\u0435\u043d\u0442\u0438\u043b\u044f\u0446\u0438\u044e.<br \/>\n\u0420\u0430\u0437\u043c\u0435\u0440\u044b \/ \u0412\u0430\u0440\u0438\u0430\u043d\u0442\u044b:<br \/>\n\u0428\u0438\u0440\u0438\u043d\u0430: 80 \/ 90 \/ 100 \/ 120 \u0441\u043c<br \/>\n80\/90\/100 \u0441\u043c \u2013 \u043b\u0430\u043c\u0435\u043b\u0438 \u0442\u043e\u043b\u0449\u0438\u043d\u043e\u0439 8 \u043c\u043c, \u0448\u0438\u0440\u0438\u043d\u043e\u0439 53 \u043c\u043c.<br \/>\n120 \u0441\u043c \u2013 \u043b\u0430\u043c\u0435\u043b\u0438 \u0442\u043e\u043b\u0449\u0438\u043d\u043e\u0439 10 \u043c\u043c, \u0448\u0438\u0440\u0438\u043d\u043e\u0439 53 \u043c\u043c.<br \/>\n\u0414\u043b\u0438\u043d\u0430 D200: \u043f\u0440\u0438\u0431\u043b\u0438\u0437\u0438\u0442\u0435\u043b\u044c\u043d\u043e 190 \u0441\u043c.<br \/>\n\u0414\u043e\u043f\u0443\u0441\u043a \u043f\u043e \u0448\u0438\u0440\u0438\u043d\u0435: \u043f\u043b\u0430\u043d\u043a\u0438 \u043d\u0430 5 \u043c\u043c \u043a\u043e\u0440\u043e\u0447\u0435 (\u043d\u0430\u043f\u0440\u0438\u043c\u0435\u0440, S80 = 79,5 \u0441\u043c, S90 = 89,5 \u0441\u043c).<br \/>\n\u0418\u0434\u0435\u0430\u043b\u044c\u043d\u043e \u043f\u043e\u0434\u0445\u043e\u0434\u0438\u0442 \u0434\u043b\u044f \u043f\u043e\u0440\u043e\u043b\u043e\u043d\u043e\u0432\u044b\u0445, \u043b\u0430\u0442\u0435\u043a\u0441\u043d\u044b\u0445 \u0438 \u043f\u0440\u0443\u0436\u0438\u043d\u043d\u044b\u0445 \u043c\u0430\u0442\u0440\u0430\u0441\u043e\u0432.<\/p>","protected":false},"excerpt":{"rendered":"<p>\u041a\u0430\u0440\u043a\u0430\u0441 \u043a\u0440\u043e\u0432\u0430\u0442\u0438 \u0438\u0437 \u0433\u043d\u0443\u0442\u044b\u0445 \u0431\u0435\u0440\u0435\u0437\u043e\u0432\u044b\u0445 \u0440\u0435\u0435\u043a \u2013 20 \u0440\u0435\u0435\u043a. \u042d\u0442\u043e\u0442 \u043f\u0440\u043e\u0447\u043d\u044b\u0439 \u043a\u0430\u0440\u043a\u0430\u0441 \u0438\u0437\u0433\u043e\u0442\u043e\u0432\u043b\u0435\u043d \u0438\u0437 20 \u0433\u0438\u0431\u043a\u0438\u0445 \u0431\u0435\u0440\u0435\u0437\u043e\u0432\u044b\u0445 \u0440\u0435\u0435\u043a, \u0441\u043e\u0435\u0434\u0438\u043d\u0435\u043d\u043d\u044b\u0445 \u0442\u0435\u043a\u0441\u0442\u0438\u043b\u044c\u043d\u043e\u0439 \u043b\u0435\u043d\u0442\u043e\u0439. \u041a\u043e\u043d\u0446\u044b \u0440\u0435\u0435\u043a \u043e\u0441\u043d\u0430\u0449\u0435\u043d\u044b \u043f\u0440\u043e\u0442\u0438\u0432\u043e\u0441\u043a\u0440\u0438\u043f\u043d\u044b\u043c\u0438 \u043d\u0430\u043a\u043b\u0430\u0434\u043a\u0430\u043c\u0438, \u043e\u0431\u0435\u0441\u043f\u0435\u0447\u0438\u0432\u0430\u044e\u0449\u0438\u043c\u0438 \u0442\u0438\u0445\u0443\u044e \u0438 \u0441\u0442\u0430\u0431\u0438\u043b\u044c\u043d\u0443\u044e \u0440\u0430\u0431\u043e\u0442\u0443. \u041a\u0430\u0440\u043a\u0430\u0441 \u0433\u0430\u0440\u0430\u043d\u0442\u0438\u0440\u0443\u0435\u0442 \u0440\u0430\u0432\u043d\u043e\u043c\u0435\u0440\u043d\u0443\u044e \u043f\u043e\u0434\u0434\u0435\u0440\u0436\u043a\u0443 \u043c\u0430\u0442\u0440\u0430\u0441\u0430 \u0438 \u043d\u0430\u0434\u043b\u0435\u0436\u0430\u0449\u0443\u044e \u0432\u0435\u043d\u0442\u0438\u043b\u044f\u0446\u0438\u044e. \u0420\u0430\u0437\u043c\u0435\u0440\u044b \/ \u0412\u0430\u0440\u0438\u0430\u043d\u0442\u044b: \u0428\u0438\u0440\u0438\u043d\u0430: 80 \/ 90 \/ 100 \/ 120 \u0441\u043c [\u2026]<\/p>","protected":false},"featured_media":82507,"comment_status":"open","ping_status":"open","template":"","meta":[],"product_brand":[],"product_cat":[9310,2113,1043],"product_tag":[],"class_list":{"0":"post-82516","1":"product","2":"type-product","3":"status-publish","4":"has-post-thumbnail","6":"product_cat-bed-racks-drewmax","7":"product_cat-drewmax","8":"product_cat-extras","10":"first","11":"instock","12":"purchasable","13":"product-type-simple"},"_links":{"self":[{"href":"https:\/\/baldumarket.lt\/ru\/wp-json\/wp\/v2\/product\/82516","targetHints":{"allow":["GET"]}}],"collection":[{"href":"https:\/\/baldumarket.lt\/ru\/wp-json\/wp\/v2\/product"}],"about":[{"href":"https:\/\/baldumarket.lt\/ru\/wp-json\/wp\/v2\/types\/product"}],"replies":[{"embeddable":true,"href":"https:\/\/baldumarket.lt\/ru\/wp-json\/wp\/v2\/comments?post=82516"}],"wp:featuredmedia":[{"embeddable":true,"href":"https:\/\/baldumarket.lt\/ru\/wp-json\/wp\/v2\/media\/82507"}],"wp:attachment":[{"href":"https:\/\/baldumarket.lt\/ru\/wp-json\/wp\/v2\/media?parent=82516"}],"wp:term":[{"taxonomy":"product_brand","embeddable":true,"href":"https:\/\/baldumarket.lt\/ru\/wp-json\/wp\/v2\/product_brand?post=82516"},{"taxonomy":"product_cat","embeddable":true,"href":"https:\/\/baldumarket.lt\/ru\/wp-json\/wp\/v2\/product_cat?post=82516"},{"taxonomy":"product_tag","embeddable":true,"href":"https:\/\/baldumarket.lt\/ru\/wp-json\/wp\/v2\/product_tag?post=82516"}],"curies":[{"name":"WP","href":"https:\/\/api.w.org\/{rel}","templated":true}]}}