{"id":73638,"date":"2025-12-03T20:40:38","date_gmt":"2025-12-03T17:40:38","guid":{"rendered":"https:\/\/baldumarket.lt\/product\/lozko-dzieciece-pojedyncze-julia-80x160-z-szuflada-biale\/"},"modified":"2026-02-04T00:33:27","modified_gmt":"2026-02-03T21:33:27","slug":"lozko-dzieciece-pojedyncze-julia-80x160-z-szuflada-biale","status":"publish","type":"product","link":"https:\/\/baldumarket.lt\/ru\/product\/lozko-dzieciece-pojedyncze-julia-80x160-z-szuflada-biale\/","title":{"rendered":"\u042e\u043b\u0438\u044f viengul\u0117 vaiki\u0161ka lova 80\u00d7160 \u0432 \u0441\u0442\u0430\u043b\u0438, \u0431\u0430\u043b\u0442\u0430"},"content":{"rendered":"<p>\u041a\u0430\u0440\u043a\u0430\u0441 \u043a\u0440\u043e\u0432\u0430\u0442\u0438 \u2013 \u0438\u0437\u0433\u043e\u0442\u043e\u0432\u043b\u0435\u043d \u0438\u0437 \u0441\u043e\u0441\u043d\u044b, \u043f\u043e\u043a\u0440\u044b\u0442\u043e\u0439 \u043b\u0430\u043a\u043e\u043c \u043d\u0430 \u0432\u043e\u0434\u043d\u043e\u0439 \u043e\u0441\u043d\u043e\u0432\u0435. \u0423\u043d\u0438\u0432\u0435\u0440\u0441\u0430\u043b\u044c\u043d\u0430\u044f \u043d\u0430\u043f\u0440\u0430\u0432\u043b\u044f\u044e\u0449\u0430\u044f \u2013 \u0434\u0432\u0443\u0441\u0442\u043e\u0440\u043e\u043d\u043d\u044f\u044f \u0443\u0441\u0442\u0430\u043d\u043e\u0432\u043a\u0430. \u041a\u043e\u043c\u043f\u043b\u0435\u043a\u0442\u0443\u044e\u0449\u0438\u0435 \u0434\u043b\u044f \u0441\u0431\u043e\u0440\u043a\u0438 \u2013 \u0431\u044b\u0441\u0442\u0440\u0430\u044f \u0438 \u043f\u0440\u043e\u0441\u0442\u0430\u044f \u0441\u0431\u043e\u0440\u043a\u0430. \u041c\u0414\u0424 \u2013 \u043f\u043e\u043a\u0440\u044b\u0442 \u043b\u0430\u043a\u043e\u043c \u043d\u0430 \u0432\u043e\u0434\u043d\u043e\u0439 \u043e\u0441\u043d\u043e\u0432\u0435. \u041c\u0430\u0442\u0440\u0430\u0441: \u043e\u0442\u0441\u0443\u0442\u0441\u0442\u0432\u0443\u0435\u0442. \u041a\u0430\u0440\u043a\u0430\u0441 \u2013 \u043f\u043b\u0438\u0442\u0430 HDF. \u041c\u0435\u0431\u0435\u043b\u044c\u043d\u0430\u044f \u043f\u043b\u0438\u0442\u0430. \u042f\u0449\u0438\u043a \u2013 \u043b\u0430\u043c\u0438\u043d\u0438\u0440\u043e\u0432\u0430\u043d\u043d\u0430\u044f \u0414\u0421\u041f. \u0420\u0443\u0447\u043a\u0430 \u0438\u0437 \u041f\u0412\u0425. \u041a\u043e\u043b\u0435\u0441\u0438\u043a\u0438 \u044f\u0449\u0438\u043a\u0430 \u2013 \u0431\u0435\u0437 \u043d\u0430\u043f\u0440\u0430\u0432\u043b\u044f\u044e\u0449\u0438\u0445. \u0413\u043b\u0443\u0431\u0438\u043d\u0430 \u044f\u0449\u0438\u043a\u0430 48,5 \u0441\u043c. \u0417\u0430\u043a\u0440\u0443\u0433\u043b\u0435\u043d\u0438\u0435 \u2013 \u0440\u0430\u0434\u0438\u0443\u0441 R2.<\/p>","protected":false},"excerpt":{"rendered":"<p>\u041a\u0430\u0440\u043a\u0430\u0441 \u043a\u0440\u043e\u0432\u0430\u0442\u0438 \u2013 \u0438\u0437\u0433\u043e\u0442\u043e\u0432\u043b\u0435\u043d \u0438\u0437 \u0441\u043e\u0441\u043d\u044b, \u043f\u043e\u043a\u0440\u044b\u0442\u043e\u0439 \u043b\u0430\u043a\u043e\u043c \u043d\u0430 \u0432\u043e\u0434\u043d\u043e\u0439 \u043e\u0441\u043d\u043e\u0432\u0435. \u0423\u043d\u0438\u0432\u0435\u0440\u0441\u0430\u043b\u044c\u043d\u0430\u044f \u043d\u0430\u043f\u0440\u0430\u0432\u043b\u044f\u044e\u0449\u0430\u044f \u2013 \u0434\u0432\u0443\u0441\u0442\u043e\u0440\u043e\u043d\u043d\u044f\u044f \u0443\u0441\u0442\u0430\u043d\u043e\u0432\u043a\u0430. \u041a\u043e\u043c\u043f\u043b\u0435\u043a\u0442\u0443\u044e\u0449\u0438\u0435 \u0434\u043b\u044f \u0441\u0431\u043e\u0440\u043a\u0438 \u2013 \u0431\u044b\u0441\u0442\u0440\u0430\u044f \u0438 \u043f\u0440\u043e\u0441\u0442\u0430\u044f \u0441\u0431\u043e\u0440\u043a\u0430. \u041c\u0414\u0424 \u2013 \u043f\u043e\u043a\u0440\u044b\u0442 \u043b\u0430\u043a\u043e\u043c \u043d\u0430 \u0432\u043e\u0434\u043d\u043e\u0439 \u043e\u0441\u043d\u043e\u0432\u0435. \u041c\u0430\u0442\u0440\u0430\u0441: \u043e\u0442\u0441\u0443\u0442\u0441\u0442\u0432\u0443\u0435\u0442. \u041a\u0430\u0440\u043a\u0430\u0441 \u2013 \u043f\u043b\u0438\u0442\u0430 HDF. \u041c\u0435\u0431\u0435\u043b\u044c\u043d\u0430\u044f \u043f\u043b\u0438\u0442\u0430. \u042f\u0449\u0438\u043a \u2013 \u043b\u0430\u043c\u0438\u043d\u0438\u0440\u043e\u0432\u0430\u043d\u043d\u0430\u044f \u0414\u0421\u041f. \u0420\u0443\u0447\u043a\u0430 \u0438\u0437 \u041f\u0412\u0425. \u041a\u043e\u043b\u0435\u0441\u0438\u043a\u0438 \u044f\u0449\u0438\u043a\u0430 \u2013 \u0431\u0435\u0437 \u043d\u0430\u043f\u0440\u0430\u0432\u043b\u044f\u044e\u0449\u0438\u0445. \u0413\u043b\u0443\u0431\u0438\u043d\u0430 \u044f\u0449\u0438\u043a\u0430 48,5 \u0441\u043c. \u0417\u0430\u043a\u0440\u0443\u0433\u043b\u0435\u043d\u0438\u0435 [\u2026]<\/p>","protected":false},"featured_media":73639,"comment_status":"open","ping_status":"open","template":"","meta":[],"product_brand":[],"product_cat":[505,2014,9179],"product_tag":[],"class_list":{"0":"post-73638","1":"product","2":"type-product","3":"status-publish","4":"has-post-thumbnail","6":"product_cat-bedroom-beds","7":"product_cat-bms-group","8":"product_cat-beds-for-children-bms","10":"first","11":"instock","12":"purchasable","13":"product-type-simple"},"_links":{"self":[{"href":"https:\/\/baldumarket.lt\/ru\/wp-json\/wp\/v2\/product\/73638","targetHints":{"allow":["GET"]}}],"collection":[{"href":"https:\/\/baldumarket.lt\/ru\/wp-json\/wp\/v2\/product"}],"about":[{"href":"https:\/\/baldumarket.lt\/ru\/wp-json\/wp\/v2\/types\/product"}],"replies":[{"embeddable":true,"href":"https:\/\/baldumarket.lt\/ru\/wp-json\/wp\/v2\/comments?post=73638"}],"wp:featuredmedia":[{"embeddable":true,"href":"https:\/\/baldumarket.lt\/ru\/wp-json\/wp\/v2\/media\/73639"}],"wp:attachment":[{"href":"https:\/\/baldumarket.lt\/ru\/wp-json\/wp\/v2\/media?parent=73638"}],"wp:term":[{"taxonomy":"product_brand","embeddable":true,"href":"https:\/\/baldumarket.lt\/ru\/wp-json\/wp\/v2\/product_brand?post=73638"},{"taxonomy":"product_cat","embeddable":true,"href":"https:\/\/baldumarket.lt\/ru\/wp-json\/wp\/v2\/product_cat?post=73638"},{"taxonomy":"product_tag","embeddable":true,"href":"https:\/\/baldumarket.lt\/ru\/wp-json\/wp\/v2\/product_tag?post=73638"}],"curies":[{"name":"WP","href":"https:\/\/api.w.org\/{rel}","templated":true}]}}