{"id":69525,"date":"2025-12-03T19:51:19","date_gmt":"2025-12-03T16:51:19","guid":{"rendered":"https:\/\/baldumarket.lt\/product\/lozko-drewniane-140x200-continental-sosnowy-z-podnoszonym-stelazem\/"},"modified":"2026-04-07T02:46:23","modified_gmt":"2026-04-06T23:46:23","slug":"lozko-drewniane-140x200-continental-sosnowy-z-podnoszonym-stelazem","status":"publish","type":"product","link":"https:\/\/baldumarket.lt\/ru\/product\/lozko-drewniane-140x200-continental-sosnowy-z-podnoszonym-stelazem\/","title":{"rendered":"Medin\u0117 lova 140\u00d7200 \u2013 Kontinentin\u0117 pu\u0161is su pak\u0117limo r\u0117mu"},"content":{"rendered":"<p>\u041d\u0435\u043e\u043a\u0440\u0430\u0448\u0435\u043d\u043d\u044b\u0439 \u0441\u043e\u0441\u043d\u043e\u0432\u044b\u0439 \u0434\u0435\u0440\u0435\u0432\u044f\u043d\u043d\u044b\u0439 \u043a\u0430\u0440\u043a\u0430\u0441. \u041c\u043e\u043d\u0442\u0430\u0436\u043d\u044b\u0435 \u043f\u0440\u0438\u043d\u0430\u0434\u043b\u0435\u0436\u043d\u043e\u0441\u0442\u0438 \u0432\u0445\u043e\u0434\u044f\u0442 \u0432 \u043a\u043e\u043c\u043f\u043b\u0435\u043a\u0442. \u0411\u044b\u0441\u0442\u0440\u0430\u044f \u0438 \u043f\u0440\u043e\u0441\u0442\u0430\u044f \u0441\u0431\u043e\u0440\u043a\u0430. \u041c\u0435\u0442\u0430\u043b\u043b\u0438\u0447\u0435\u0441\u043a\u0438\u0439 \u043a\u0430\u0440\u043a\u0430\u0441: \u0443\u0441\u0442\u0430\u043d\u043e\u0432\u043b\u0435\u043d \u043d\u0430 \u0434\u0432\u0443\u0445 \u043c\u0435\u0442\u0430\u043b\u043b\u0438\u0447\u0435\u0441\u043a\u0438\u0445 \u043f\u0440\u0443\u0436\u0438\u043d\u043d\u044b\u0445 \u043c\u0435\u0445\u0430\u043d\u0438\u0437\u043c\u0430\u0445, \u0441\u043e\u0441\u0442\u043e\u044f\u0449\u0438\u0445 \u0438\u0437 \u043f\u0440\u043e\u0447\u043d\u044b\u0445 \u0431\u0435\u0440\u0435\u0437\u043e\u0432\u044b\u0445 \u0430\u043c\u043e\u0440\u0442\u0438\u0437\u0438\u0440\u0443\u044e\u0449\u0438\u0445 \u043f\u043b\u0430\u043d\u043e\u043a, \u0437\u0430\u043a\u0440\u0435\u043f\u043b\u0435\u043d\u043d\u044b\u0445 \u043d\u0430 \u043c\u0435\u0442\u0430\u043b\u043b\u0438\u0447\u0435\u0441\u043a\u043e\u0439 \u043a\u043e\u043d\u0441\u0442\u0440\u0443\u043a\u0446\u0438\u0438. \u041c\u0430\u0442\u0440\u0430\u0441 \u2013 \u043d\u0435 \u0432\u0445\u043e\u0434\u0438\u0442 \u0432 \u043a\u043e\u043c\u043f\u043b\u0435\u043a\u0442. \u041f\u0440\u0443\u0436\u0438\u043d\u043d\u044b\u0439 \u043c\u0435\u0445\u0430\u043d\u0438\u0437\u043c. \u0423\u0441\u0442\u043e\u0439\u0447\u0438\u0432\u0430\u044f \u0434\u0435\u0440\u0435\u0432\u044f\u043d\u043d\u0430\u044f \u043a\u043e\u043d\u0441\u0442\u0440\u0443\u043a\u0446\u0438\u044f. \u041c\u0430\u043a\u0441\u0438\u043c\u0430\u043b\u044c\u043d\u0430\u044f \u0433\u0440\u0443\u0437\u043e\u043f\u043e\u0434\u044a\u0435\u043c\u043d\u043e\u0441\u0442\u044c: 400 \u043a\u0433.<\/p>","protected":false},"excerpt":{"rendered":"<p>\u041d\u0435\u043e\u043a\u0440\u0430\u0448\u0435\u043d\u043d\u044b\u0439 \u0441\u043e\u0441\u043d\u043e\u0432\u044b\u0439 \u0434\u0435\u0440\u0435\u0432\u044f\u043d\u043d\u044b\u0439 \u043a\u0430\u0440\u043a\u0430\u0441. \u041c\u043e\u043d\u0442\u0430\u0436\u043d\u044b\u0435 \u043f\u0440\u0438\u043d\u0430\u0434\u043b\u0435\u0436\u043d\u043e\u0441\u0442\u0438 \u0432\u0445\u043e\u0434\u044f\u0442 \u0432 \u043a\u043e\u043c\u043f\u043b\u0435\u043a\u0442. \u0411\u044b\u0441\u0442\u0440\u0430\u044f \u0438 \u043f\u0440\u043e\u0441\u0442\u0430\u044f \u0441\u0431\u043e\u0440\u043a\u0430. \u041c\u0435\u0442\u0430\u043b\u043b\u0438\u0447\u0435\u0441\u043a\u0438\u0439 \u043a\u0430\u0440\u043a\u0430\u0441: \u0443\u0441\u0442\u0430\u043d\u043e\u0432\u043b\u0435\u043d \u043d\u0430 \u0434\u0432\u0443\u0445 \u043c\u0435\u0442\u0430\u043b\u043b\u0438\u0447\u0435\u0441\u043a\u0438\u0445 \u043f\u0440\u0443\u0436\u0438\u043d\u043d\u044b\u0445 \u043c\u0435\u0445\u0430\u043d\u0438\u0437\u043c\u0430\u0445, \u0441\u043e\u0441\u0442\u043e\u044f\u0449\u0438\u0445 \u0438\u0437 \u043f\u0440\u043e\u0447\u043d\u044b\u0445 \u0431\u0435\u0440\u0435\u0437\u043e\u0432\u044b\u0445 \u0430\u043c\u043e\u0440\u0442\u0438\u0437\u0438\u0440\u0443\u044e\u0449\u0438\u0445 \u043f\u043b\u0430\u043d\u043e\u043a, \u0437\u0430\u043a\u0440\u0435\u043f\u043b\u0435\u043d\u043d\u044b\u0445 \u043d\u0430 \u043c\u0435\u0442\u0430\u043b\u043b\u0438\u0447\u0435\u0441\u043a\u043e\u0439 \u043a\u043e\u043d\u0441\u0442\u0440\u0443\u043a\u0446\u0438\u0438. \u041c\u0430\u0442\u0440\u0430\u0441 \u2013 \u043d\u0435 \u0432\u0445\u043e\u0434\u0438\u0442 \u0432 \u043a\u043e\u043c\u043f\u043b\u0435\u043a\u0442. \u041f\u0440\u0443\u0436\u0438\u043d\u043d\u044b\u0439 \u043c\u0435\u0445\u0430\u043d\u0438\u0437\u043c. \u0423\u0441\u0442\u043e\u0439\u0447\u0438\u0432\u0430\u044f \u0434\u0435\u0440\u0435\u0432\u044f\u043d\u043d\u0430\u044f \u043a\u043e\u043d\u0441\u0442\u0440\u0443\u043a\u0446\u0438\u044f. \u041c\u0430\u043a\u0441\u0438\u043c\u0430\u043b\u044c\u043d\u0430\u044f \u0433\u0440\u0443\u0437\u043e\u043f\u043e\u0434\u044a\u0435\u043c\u043d\u043e\u0441\u0442\u044c: 400 \u043a\u0433.<\/p>","protected":false},"featured_media":69526,"comment_status":"open","ping_status":"open","template":"","meta":[],"product_brand":[],"product_cat":[505,1970,2014,9182,514],"product_tag":[],"class_list":{"0":"post-69525","1":"product","2":"type-product","3":"status-publish","4":"has-post-thumbnail","6":"product_cat-bedroom-beds","7":"product_cat-beds-140x200","8":"product_cat-bms-group","9":"product_cat-bedroom-beds-bms","10":"product_cat-continental-beds","12":"first","13":"instock","14":"purchasable","15":"product-type-simple"},"_links":{"self":[{"href":"https:\/\/baldumarket.lt\/ru\/wp-json\/wp\/v2\/product\/69525","targetHints":{"allow":["GET"]}}],"collection":[{"href":"https:\/\/baldumarket.lt\/ru\/wp-json\/wp\/v2\/product"}],"about":[{"href":"https:\/\/baldumarket.lt\/ru\/wp-json\/wp\/v2\/types\/product"}],"replies":[{"embeddable":true,"href":"https:\/\/baldumarket.lt\/ru\/wp-json\/wp\/v2\/comments?post=69525"}],"wp:featuredmedia":[{"embeddable":true,"href":"https:\/\/baldumarket.lt\/ru\/wp-json\/wp\/v2\/media\/69526"}],"wp:attachment":[{"href":"https:\/\/baldumarket.lt\/ru\/wp-json\/wp\/v2\/media?parent=69525"}],"wp:term":[{"taxonomy":"product_brand","embeddable":true,"href":"https:\/\/baldumarket.lt\/ru\/wp-json\/wp\/v2\/product_brand?post=69525"},{"taxonomy":"product_cat","embeddable":true,"href":"https:\/\/baldumarket.lt\/ru\/wp-json\/wp\/v2\/product_cat?post=69525"},{"taxonomy":"product_tag","embeddable":true,"href":"https:\/\/baldumarket.lt\/ru\/wp-json\/wp\/v2\/product_tag?post=69525"}],"curies":[{"name":"WP","href":"https:\/\/api.w.org\/{rel}","templated":true}]}}