{"id":69386,"date":"2025-12-03T19:49:43","date_gmt":"2025-12-03T16:49:43","guid":{"rendered":"https:\/\/baldumarket.lt\/product\/lozko-pietrowe-domek-ze-schodami-i-daszkiem-antresola-z-naturalnego-drewna-90x200-z-materacem\/"},"modified":"2026-04-07T02:32:48","modified_gmt":"2026-04-06T23:32:48","slug":"lozko-pietrowe-domek-ze-schodami-i-daszkiem-antresola-z-naturalnego-drewna-90x200-z-materacem","status":"publish","type":"product","link":"https:\/\/baldumarket.lt\/ru\/product\/lozko-pietrowe-domek-ze-schodami-i-daszkiem-antresola-z-naturalnego-drewna-90x200-z-materacem\/","title":{"rendered":"\u0414\u0432\u044f\u0443\u043a\u0448\u0442\u0435 \u043b\u043e\u0432\u0430 \u201e\u041a\u043e\u0442\u0442\u0435\u0434\u0436\u201c \u0432 \u0441\u0442\u0438\u043b\u0435 \u00ab\u043a\u043e\u0442\u0442\u0435\u0434\u0436\u00bb \u2013 antresol\u0117 i\u0161 nat\u016bralios medienos 90\u00d7200 \u0432 \u0434\u043e\u043c\u0435"},"content":{"rendered":"<p>\u0412 \u043a\u043e\u043c\u043f\u043b\u0435\u043a\u0442 \u0432\u0445\u043e\u0434\u044f\u0442: \u041a\u0430\u0440\u043a\u0430\u0441 \u043a\u0440\u043e\u0432\u0430\u0442\u0438 \u0438\u0437 \u043d\u0435\u043e\u043a\u0440\u0430\u0448\u0435\u043d\u043d\u043e\u0439 \u0441\u043e\u0441\u043d\u043e\u0432\u043e\u0439 \u0434\u0440\u0435\u0432\u0435\u0441\u0438\u043d\u044b. 1 \u043c\u0430\u0442\u0440\u0430\u0441 200\u00d790 (\u0441\u0442\u0435\u0433\u0430\u043d\u0430\u044f \u0433\u0438\u043f\u043e\u0430\u043b\u043b\u0435\u0440\u0433\u0435\u043d\u043d\u0430\u044f \u0442\u043a\u0430\u043d\u044c \u0438\u0437 \u043f\u043e\u043b\u0438\u044d\u0441\u0442\u0435\u0440\u0430 + \u0441\u0438\u043d\u0442\u0435\u0442\u0438\u0447\u0435\u0441\u043a\u043e\u0435 \u0432\u043e\u043b\u043e\u043a\u043d\u043e + \u043f\u0435\u043d\u043e\u043f\u043e\u043b\u0438\u0443\u0440\u0435\u0442\u0430\u043d + \u043c\u043e\u043b\u043d\u0438\u044f). \u0414\u043e\u043f\u043e\u043b\u043d\u0435\u043d\u0438\u0435 \u2013 \u0431\u0430\u043b\u0434\u0430\u0445\u0438\u043d \u0441 \u043e\u043a\u043d\u043e\u043c. \u041b\u0435\u0441\u0442\u043d\u0438\u0446\u0430 \u043a \u043a\u0440\u043e\u0432\u0430\u0442\u0438 \u2013 \u0443\u0434\u043e\u0431\u043d\u044b\u0439 \u0432\u0445\u043e\u0434 \u0434\u043b\u044f \u0440\u0435\u0431\u0435\u043d\u043a\u0430, \u0434\u043e\u043f\u043e\u043b\u043d\u0438\u0442\u0435\u043b\u044c\u043d\u043e\u0435 \u043c\u0435\u0441\u0442\u043e \u0434\u043b\u044f \u0445\u0440\u0430\u043d\u0435\u043d\u0438\u044f. \u0417\u0430\u0449\u0438\u0442\u043d\u044b\u0439 \u0431\u043e\u0440\u0442\u0438\u043a. \u041c\u0435\u0431\u0435\u043b\u044c\u043d\u044b\u0435 \u0430\u043a\u0441\u0435\u0441\u0441\u0443\u0430\u0440\u044b \u0441 \u0438\u043d\u0441\u0442\u0440\u0443\u043a\u0446\u0438\u0435\u0439. \u041a\u0430\u0440\u043a\u0430\u0441 \u2013 \u043c\u044b \u043f\u0440\u0435\u0434\u043b\u0430\u0433\u0430\u0435\u043c \u043a\u0430\u0440\u043a\u0430\u0441 \u0438\u0437 \u043f\u0440\u0443\u0436\u0438\u043d\u043d\u044b\u0445 \u0440\u0435\u0435\u043a \u0438\u0437 \u0431\u0435\u0440\u0435\u0437\u043e\u0432\u043e\u0439 \u0434\u0440\u0435\u0432\u0435\u0441\u0438\u043d\u044b, \u043a\u0440\u0435\u043f\u044f\u0449\u0438\u0445\u0441\u044f \u041f\u0412\u0425-\u043a\u0440\u043e\u043d\u0448\u0442\u0435\u0439\u043d\u043e\u043c \u043a \u043c\u0435\u0442\u0430\u043b\u043b\u0438\u0447\u0435\u0441\u043a\u043e\u0439 \u043f\u043b\u0430\u043d\u043a\u0435 \u0441 \u043f\u043e\u043c\u043e\u0449\u044c\u044e \u0441\u0438\u0441\u0442\u0435\u043c\u044b \u00ab\u043a\u043b\u0438\u043a-\u043a\u043b\u0430\u043a\u00bb (\u0431\u044b\u0441\u0442\u0440\u0430\u044f \u0441\u0431\u043e\u0440\u043a\u0430). \u0417\u0430\u043a\u0440\u0443\u0433\u043b\u0435\u043d\u043d\u044b\u0435 \u043a\u0440\u0430\u044f R2 \u2013 \u0437\u0430\u043a\u0440\u0443\u0433\u043b\u0435\u043d\u043d\u044b\u0435 \u043a\u0440\u0430\u044f \u043a\u0440\u043e\u0432\u0430\u0442\u0438 \u044d\u0444\u0444\u0435\u043a\u0442\u0438\u0432\u043d\u043e \u0441\u043d\u0438\u0436\u0430\u044e\u0442 \u0440\u0438\u0441\u043a \u0442\u0440\u0430\u0432\u043c, \u0437\u0430\u0449\u0438\u0449\u0430\u044f \u0440\u0435\u0431\u0435\u043d\u043a\u0430 \u043e\u0442 \u0441\u0441\u0430\u0434\u0438\u043d \u0438 \u0443\u0448\u0438\u0431\u043e\u0432 \u0432\u043e \u0432\u0440\u0435\u043c\u044f \u0438\u0433\u0440 \u0438\u043b\u0438 \u043f\u043e\u0434\u044a\u0435\u043c\u0430. \u041c\u0430\u043a\u0441\u0438\u043c\u0430\u043b\u044c\u043d\u0430\u044f \u043d\u0430\u0433\u0440\u0443\u0437\u043a\u0430 100 \u043a\u0433.<\/p>","protected":false},"excerpt":{"rendered":"<p>\u0412 \u043a\u043e\u043c\u043f\u043b\u0435\u043a\u0442 \u0432\u0445\u043e\u0434\u0438\u0442: \u043a\u0430\u0440\u043a\u0430\u0441 \u043a\u0440\u043e\u0432\u0430\u0442\u0438 \u0438\u0437 \u043d\u0435\u043e\u043a\u0440\u0430\u0448\u0435\u043d\u043d\u043e\u0439 \u0441\u043e\u0441\u043d\u043e\u0432\u043e\u0439 \u0434\u0440\u0435\u0432\u0435\u0441\u0438\u043d\u044b. 1 \u043c\u0430\u0442\u0440\u0430\u0441 200\u00d790 (\u0441\u0442\u0435\u0433\u0430\u043d\u0430\u044f \u0433\u0438\u043f\u043e\u0430\u043b\u043b\u0435\u0440\u0433\u0435\u043d\u043d\u0430\u044f \u0442\u043a\u0430\u043d\u044c \u0438\u0437 \u043f\u043e\u043b\u0438\u044d\u0441\u0442\u0435\u0440\u0430 + \u0441\u0438\u043d\u0442\u0435\u0442\u0438\u0447\u0435\u0441\u043a\u043e\u0435 \u0432\u043e\u043b\u043e\u043a\u043d\u043e + \u043f\u0435\u043d\u043e\u043f\u043e\u043b\u0438\u0443\u0440\u0435\u0442\u0430\u043d + \u043c\u043e\u043b\u043d\u0438\u044f). \u0414\u043e\u043f\u043e\u043b\u043d\u0438\u0442\u0435\u043b\u044c\u043d\u044b\u0439 \u044d\u043b\u0435\u043c\u0435\u043d\u0442 \u2013 \u0431\u0430\u043b\u0434\u0430\u0445\u0438\u043d \u0441 \u043e\u043a\u043d\u043e\u043c. \u041b\u0435\u0441\u0442\u043d\u0438\u0446\u0430 \u043a \u043a\u0440\u043e\u0432\u0430\u0442\u0438 \u2013 \u0443\u0434\u043e\u0431\u043d\u044b\u0439 \u0432\u0445\u043e\u0434 \u0434\u043b\u044f \u0440\u0435\u0431\u0435\u043d\u043a\u0430, \u0434\u043e\u043f\u043e\u043b\u043d\u0438\u0442\u0435\u043b\u044c\u043d\u043e\u0435 \u043c\u0435\u0441\u0442\u043e \u0434\u043b\u044f \u0445\u0440\u0430\u043d\u0435\u043d\u0438\u044f. \u0417\u0430\u0449\u0438\u0442\u043d\u044b\u0439 \u0431\u043e\u0440\u0442\u0438\u043a. \u041c\u0435\u0431\u0435\u043b\u044c\u043d\u044b\u0435 \u0430\u043a\u0441\u0435\u0441\u0441\u0443\u0430\u0440\u044b \u0441 \u0438\u043d\u0441\u0442\u0440\u0443\u043a\u0446\u0438\u0435\u0439. \u041a\u0430\u0440\u043a\u0430\u0441 \u2013 \u043c\u044b \u043f\u0440\u0435\u0434\u043b\u0430\u0433\u0430\u0435\u043c [\u2026]<\/p>","protected":false},"featured_media":69387,"comment_status":"open","ping_status":"open","template":"","meta":[],"product_brand":[],"product_cat":[505,1968,2014,9195],"product_tag":[],"class_list":{"0":"post-69386","1":"product","2":"type-product","3":"status-publish","4":"has-post-thumbnail","6":"product_cat-bedroom-beds","7":"product_cat-beds-90x200","8":"product_cat-bms-group","9":"product_cat-cottage-bunk-beds-bms","11":"first","12":"instock","13":"purchasable","14":"product-type-simple"},"_links":{"self":[{"href":"https:\/\/baldumarket.lt\/ru\/wp-json\/wp\/v2\/product\/69386","targetHints":{"allow":["GET"]}}],"collection":[{"href":"https:\/\/baldumarket.lt\/ru\/wp-json\/wp\/v2\/product"}],"about":[{"href":"https:\/\/baldumarket.lt\/ru\/wp-json\/wp\/v2\/types\/product"}],"replies":[{"embeddable":true,"href":"https:\/\/baldumarket.lt\/ru\/wp-json\/wp\/v2\/comments?post=69386"}],"wp:featuredmedia":[{"embeddable":true,"href":"https:\/\/baldumarket.lt\/ru\/wp-json\/wp\/v2\/media\/69387"}],"wp:attachment":[{"href":"https:\/\/baldumarket.lt\/ru\/wp-json\/wp\/v2\/media?parent=69386"}],"wp:term":[{"taxonomy":"product_brand","embeddable":true,"href":"https:\/\/baldumarket.lt\/ru\/wp-json\/wp\/v2\/product_brand?post=69386"},{"taxonomy":"product_cat","embeddable":true,"href":"https:\/\/baldumarket.lt\/ru\/wp-json\/wp\/v2\/product_cat?post=69386"},{"taxonomy":"product_tag","embeddable":true,"href":"https:\/\/baldumarket.lt\/ru\/wp-json\/wp\/v2\/product_tag?post=69386"}],"curies":[{"name":"WP","href":"https:\/\/api.w.org\/{rel}","templated":true}]}}