{"id":68915,"date":"2025-12-03T19:43:52","date_gmt":"2025-12-03T16:43:52","guid":{"rendered":"https:\/\/baldumarket.lt\/product\/lozko-dzieciece-pojedyncze-hugo-80x160-ze-schowkiem-sosna\/"},"modified":"2026-02-04T00:35:08","modified_gmt":"2026-02-03T21:35:08","slug":"lozko-dzieciece-pojedyncze-hugo-80x160-ze-schowkiem-sosna","status":"publish","type":"product","link":"https:\/\/baldumarket.lt\/ru\/product\/lozko-dzieciece-pojedyncze-hugo-80x160-ze-schowkiem-sosna\/","title":{"rendered":"HUGO viengul\u0117 vaiki\u0161ka lova 80\u00d7160 \u043d\u0430 \u0434\u0430\u0439\u043a\u0442\u0430\u0434\u0435\u0436\u0435, \u0432 \u0442\u043e\u043b\u0447\u043a\u0435"},"content":{"rendered":"<p>\u041a\u0430\u0440\u043a\u0430\u0441 \u043a\u0440\u043e\u0432\u0430\u0442\u0438 \u0438\u0437 \u043d\u0435\u043e\u043a\u0440\u0430\u0448\u0435\u043d\u043d\u043e\u0439 \u0441\u043e\u0441\u043d\u043e\u0432\u043e\u0439 \u0434\u0440\u0435\u0432\u0435\u0441\u0438\u043d\u044b. \u0421\u0442\u0430\u043b\u044c\u043d\u044b\u0435 \u0432\u0438\u043d\u0442\u044b \u2013 \u043c\u0435\u0431\u0435\u043b\u044c\u043d\u0430\u044f \u0444\u0443\u0440\u043d\u0438\u0442\u0443\u0440\u0430. \u0411\u0435\u043b\u0430\u044f \u043f\u043b\u0438\u0442\u0430 HDF. \u041a\u043e\u043d\u0442\u0435\u0439\u043d\u0435\u0440 \u0431\u0435\u0437 \u043d\u0438\u0436\u043d\u0435\u0439 \u0434\u043e\u0441\u043a\u0438. \u041c\u0430\u0442\u0440\u0430\u0441: \u043e\u0442\u0441\u0443\u0442\u0441\u0442\u0432\u0443\u0435\u0442. \u0414\u0435\u0440\u0435\u0432\u044f\u043d\u043d\u044b\u0439 \u043a\u0430\u0440\u043a\u0430\u0441 (\u0441\u043e\u0441\u043d\u043e\u0432\u044b\u0435 \u043b\u0430\u043c\u0435\u043b\u0438). \u0420\u0443\u0447\u043a\u0430 \u0438\u0437 \u041f\u0412\u0425. \u041f\u043b\u0438\u0442\u0430 HDF. \u041c\u0430\u043a\u0441\u0438\u043c\u0430\u043b\u044c\u043d\u0430\u044f \u043d\u0430\u0433\u0440\u0443\u0437\u043a\u0430 \u043d\u0430 \u043a\u0430\u0440\u043a\u0430\u0441 \u2013 100 \u043a\u0433. \u0420\u0430\u0434\u0438\u0443\u0441 \u0437\u0430\u043a\u0440\u0443\u0433\u043b\u0435\u043d\u0438\u044f R2.<\/p>","protected":false},"excerpt":{"rendered":"<p>\u041a\u0430\u0440\u043a\u0430\u0441 \u043a\u0440\u043e\u0432\u0430\u0442\u0438 \u0438\u0437 \u043d\u0435\u043e\u043a\u0440\u0430\u0448\u0435\u043d\u043d\u043e\u0439 \u0441\u043e\u0441\u043d\u043e\u0432\u043e\u0439 \u0434\u0440\u0435\u0432\u0435\u0441\u0438\u043d\u044b. \u0421\u0442\u0430\u043b\u044c\u043d\u044b\u0435 \u0432\u0438\u043d\u0442\u044b \u2013 \u043c\u0435\u0431\u0435\u043b\u044c\u043d\u0430\u044f \u0444\u0443\u0440\u043d\u0438\u0442\u0443\u0440\u0430. \u0411\u0435\u043b\u0430\u044f \u043f\u043b\u0438\u0442\u0430 HDF. \u041a\u043e\u043d\u0442\u0435\u0439\u043d\u0435\u0440 \u0431\u0435\u0437 \u043d\u0438\u0436\u043d\u0435\u0439 \u0434\u043e\u0441\u043a\u0438. \u041c\u0430\u0442\u0440\u0430\u0441: \u043e\u0442\u0441\u0443\u0442\u0441\u0442\u0432\u0443\u0435\u0442. \u0414\u0435\u0440\u0435\u0432\u044f\u043d\u043d\u044b\u0439 \u043a\u0430\u0440\u043a\u0430\u0441 (\u0441\u043e\u0441\u043d\u043e\u0432\u044b\u0435 \u043b\u0430\u043c\u0435\u043b\u0438). \u0420\u0443\u0447\u043a\u0430 \u0438\u0437 \u041f\u0412\u0425. \u041f\u043b\u0438\u0442\u0430 HDF. \u041c\u0430\u043a\u0441\u0438\u043c\u0430\u043b\u044c\u043d\u0430\u044f \u043d\u0430\u0433\u0440\u0443\u0437\u043a\u0430 \u043d\u0430 \u043a\u0430\u0440\u043a\u0430\u0441 \u2013 100 \u043a\u0433. \u0420\u0430\u0434\u0438\u0443\u0441 \u0437\u0430\u043a\u0440\u0443\u0433\u043b\u0435\u043d\u0438\u044f R2.<\/p>","protected":false},"featured_media":68916,"comment_status":"open","ping_status":"open","template":"","meta":[],"product_brand":[],"product_cat":[505,2014,9179],"product_tag":[],"class_list":{"0":"post-68915","1":"product","2":"type-product","3":"status-publish","4":"has-post-thumbnail","6":"product_cat-bedroom-beds","7":"product_cat-bms-group","8":"product_cat-beds-for-children-bms","10":"first","11":"instock","12":"purchasable","13":"product-type-simple"},"_links":{"self":[{"href":"https:\/\/baldumarket.lt\/ru\/wp-json\/wp\/v2\/product\/68915","targetHints":{"allow":["GET"]}}],"collection":[{"href":"https:\/\/baldumarket.lt\/ru\/wp-json\/wp\/v2\/product"}],"about":[{"href":"https:\/\/baldumarket.lt\/ru\/wp-json\/wp\/v2\/types\/product"}],"replies":[{"embeddable":true,"href":"https:\/\/baldumarket.lt\/ru\/wp-json\/wp\/v2\/comments?post=68915"}],"wp:featuredmedia":[{"embeddable":true,"href":"https:\/\/baldumarket.lt\/ru\/wp-json\/wp\/v2\/media\/68916"}],"wp:attachment":[{"href":"https:\/\/baldumarket.lt\/ru\/wp-json\/wp\/v2\/media?parent=68915"}],"wp:term":[{"taxonomy":"product_brand","embeddable":true,"href":"https:\/\/baldumarket.lt\/ru\/wp-json\/wp\/v2\/product_brand?post=68915"},{"taxonomy":"product_cat","embeddable":true,"href":"https:\/\/baldumarket.lt\/ru\/wp-json\/wp\/v2\/product_cat?post=68915"},{"taxonomy":"product_tag","embeddable":true,"href":"https:\/\/baldumarket.lt\/ru\/wp-json\/wp\/v2\/product_tag?post=68915"}],"curies":[{"name":"WP","href":"https:\/\/api.w.org\/{rel}","templated":true}]}}