{"id":57753,"date":"2025-11-22T00:23:55","date_gmt":"2025-11-21T21:23:55","guid":{"rendered":"https:\/\/baldumarket.lt\/product\/tutti-2-chair-dark-blue-cloth-inari-95\/"},"modified":"2026-02-04T00:37:24","modified_gmt":"2026-02-03T21:37:24","slug":"tutti-2-chair-dark-blue-cloth-inari-95","status":"publish","type":"product","link":"https:\/\/baldumarket.lt\/ru\/product\/tutti-2-chair-dark-blue-cloth-inari-95\/","title":{"rendered":"TUTTI 2 k\u0117d\u0117, tamsiai m\u0117lynas audinys: Inari 95"},"content":{"rendered":"<h5><span style=\"color: #54859b\">\u041f\u043e\u0441\u0435\u0442\u0438\u0442\u0435 \u043d\u0430\u0448 \u0432\u0438\u0440\u0442\u0443\u0430\u043b\u044c\u043d\u044b\u0439 \u043c\u0430\u0433\u0430\u0437\u0438\u043d \u0431\u0440\u0435\u043d\u0434\u0430 HALMAR MEBLE.<\/span><\/h5>\n<p> <a href=\"https:\/\/my.matterport.com\/show\/?m=A37Zvh6YfmB\" target=\"_blank\" rel=\"noopener\"><span style=\"color: #e47025\">https:\/\/my.matterport.com\/<\/span><\/a><\/p>","protected":false},"excerpt":{"rendered":"<p>\u0420\u0430\u0437\u043c\u0435\u0440\u044b: 45\/49\/90\/45 \u0441\u043c, \u043c\u0430\u0442\u0435\u0440\u0438\u0430\u043b: \u043c\u0430\u0441\u0441\u0438\u0432 \u0431\u0443\u043a\u0430 \/ \u0442\u043a\u0430\u043d\u044c, \u0446\u0432\u0435\u0442: \u0442\u0435\u043c\u043d\u043e-\u0441\u0438\u043d\u0438\u0439 \/ Inari 95<\/p>","protected":false},"featured_media":57754,"comment_status":"open","ping_status":"open","template":"","meta":[],"product_brand":[],"product_cat":[1930,2013,9153],"product_tag":[],"class_list":{"0":"post-57753","1":"product","2":"type-product","3":"status-publish","4":"has-post-thumbnail","6":"product_cat-chairs","7":"product_cat-halmar","8":"product_cat-chairs-halmar","10":"first","11":"instock","12":"purchasable","13":"product-type-simple"},"_links":{"self":[{"href":"https:\/\/baldumarket.lt\/ru\/wp-json\/wp\/v2\/product\/57753","targetHints":{"allow":["GET"]}}],"collection":[{"href":"https:\/\/baldumarket.lt\/ru\/wp-json\/wp\/v2\/product"}],"about":[{"href":"https:\/\/baldumarket.lt\/ru\/wp-json\/wp\/v2\/types\/product"}],"replies":[{"embeddable":true,"href":"https:\/\/baldumarket.lt\/ru\/wp-json\/wp\/v2\/comments?post=57753"}],"wp:featuredmedia":[{"embeddable":true,"href":"https:\/\/baldumarket.lt\/ru\/wp-json\/wp\/v2\/media\/57754"}],"wp:attachment":[{"href":"https:\/\/baldumarket.lt\/ru\/wp-json\/wp\/v2\/media?parent=57753"}],"wp:term":[{"taxonomy":"product_brand","embeddable":true,"href":"https:\/\/baldumarket.lt\/ru\/wp-json\/wp\/v2\/product_brand?post=57753"},{"taxonomy":"product_cat","embeddable":true,"href":"https:\/\/baldumarket.lt\/ru\/wp-json\/wp\/v2\/product_cat?post=57753"},{"taxonomy":"product_tag","embeddable":true,"href":"https:\/\/baldumarket.lt\/ru\/wp-json\/wp\/v2\/product_tag?post=57753"}],"curies":[{"name":"WP","href":"https:\/\/api.w.org\/{rel}","templated":true}]}}