{"id":54280,"date":"2025-11-21T23:12:42","date_gmt":"2025-11-21T20:12:42","guid":{"rendered":"https:\/\/baldumarket.lt\/product\/k563-chair-walnut-grey-black\/"},"modified":"2026-02-04T00:38:09","modified_gmt":"2026-02-03T21:38:09","slug":"k563-chair-walnut-grey-black","status":"publish","type":"product","link":"https:\/\/baldumarket.lt\/ru\/product\/k563-chair-walnut-grey-black\/","title":{"rendered":"K563 k\u0117d\u0117, rie\u0161utmed\u017eio \/ pilka \/ juoda"},"content":{"rendered":"<h5><span style=\"color: #54859b\">\u041f\u043e\u0441\u0435\u0442\u0438\u0442\u0435 \u043d\u0430\u0448 \u0432\u0438\u0440\u0442\u0443\u0430\u043b\u044c\u043d\u044b\u0439 \u043c\u0430\u0433\u0430\u0437\u0438\u043d \u0431\u0440\u0435\u043d\u0434\u0430 HALMAR MEBLE.<\/span><\/h5>\n<p> <a href=\"https:\/\/my.matterport.com\/show\/?m=A37Zvh6YfmB\" target=\"_blank\" rel=\"noopener\"><span style=\"color: #e47025\">https:\/\/my.matterport.com\/<\/span><\/a><\/p>","protected":false},"excerpt":{"rendered":"<p>\u0420\u0430\u0437\u043c\u0435\u0440\u044b: 54\/45\/81\/45 \u0441\u043c, \u043c\u0430\u0442\u0435\u0440\u0438\u0430\u043b: \u043c\u0430\u0441\u0441\u0438\u0432 \u043a\u0430\u0443\u0447\u0443\u043a\u043e\u0432\u043e\u0433\u043e \u0434\u0435\u0440\u0435\u0432\u0430 \/ \u0433\u043d\u0443\u0442\u0430\u044f \u0444\u0430\u043d\u0435\u0440\u0430 \/ \u0442\u043a\u0430\u043d\u044c, \u0446\u0432\u0435\u0442: \u043e\u0440\u0435\u0445 \/ \u0441\u0435\u0440\u044b\u0439 \/ \u0447\u0435\u0440\u043d\u044b\u0439<\/p>","protected":false},"featured_media":54281,"comment_status":"open","ping_status":"open","template":"","meta":[],"product_brand":[],"product_cat":[1930,2013,9153],"product_tag":[],"class_list":{"0":"post-54280","1":"product","2":"type-product","3":"status-publish","4":"has-post-thumbnail","6":"product_cat-chairs","7":"product_cat-halmar","8":"product_cat-chairs-halmar","10":"first","11":"instock","12":"purchasable","13":"product-type-simple"},"_links":{"self":[{"href":"https:\/\/baldumarket.lt\/ru\/wp-json\/wp\/v2\/product\/54280","targetHints":{"allow":["GET"]}}],"collection":[{"href":"https:\/\/baldumarket.lt\/ru\/wp-json\/wp\/v2\/product"}],"about":[{"href":"https:\/\/baldumarket.lt\/ru\/wp-json\/wp\/v2\/types\/product"}],"replies":[{"embeddable":true,"href":"https:\/\/baldumarket.lt\/ru\/wp-json\/wp\/v2\/comments?post=54280"}],"wp:featuredmedia":[{"embeddable":true,"href":"https:\/\/baldumarket.lt\/ru\/wp-json\/wp\/v2\/media\/54281"}],"wp:attachment":[{"href":"https:\/\/baldumarket.lt\/ru\/wp-json\/wp\/v2\/media?parent=54280"}],"wp:term":[{"taxonomy":"product_brand","embeddable":true,"href":"https:\/\/baldumarket.lt\/ru\/wp-json\/wp\/v2\/product_brand?post=54280"},{"taxonomy":"product_cat","embeddable":true,"href":"https:\/\/baldumarket.lt\/ru\/wp-json\/wp\/v2\/product_cat?post=54280"},{"taxonomy":"product_tag","embeddable":true,"href":"https:\/\/baldumarket.lt\/ru\/wp-json\/wp\/v2\/product_tag?post=54280"}],"curies":[{"name":"WP","href":"https:\/\/api.w.org\/{rel}","templated":true}]}}