{"id":44649,"date":"2025-11-21T20:52:13","date_gmt":"2025-11-21T17:52:13","guid":{"rendered":"https:\/\/baldumarket.lt\/product\/standing-cabinet-alma-sand-beige-cashmire\/"},"modified":"2026-02-04T00:46:31","modified_gmt":"2026-02-03T21:46:31","slug":"standing-cabinet-alma-sand-beige-cashmire","status":"publish","type":"product","link":"https:\/\/baldumarket.lt\/ru\/product\/standing-cabinet-alma-sand-beige-cashmire\/","title":{"rendered":"Stovi spintel\u0117 ALMA sm\u0117lio sm\u0117lio spalvos (\u043a\u0430\u0448\u043c\u044b\u0440\u0430\u0441)"},"content":{"rendered":"<h5><span style=\"color: #54859b\">\u041f\u043e\u0441\u0435\u0442\u0438\u0442\u0435 \u043d\u0430\u0448 \u0432\u0438\u0440\u0442\u0443\u0430\u043b\u044c\u043d\u044b\u0439 \u043c\u0430\u0433\u0430\u0437\u0438\u043d \u0431\u0440\u0435\u043d\u0434\u0430 HALMAR MEBLE.<\/span><\/h5>\n<p> <a href=\"https:\/\/my.matterport.com\/show\/?m=A37Zvh6YfmB\" target=\"_blank\" rel=\"noopener\"><span style=\"color: #e47025\">https:\/\/my.matterport.com\/<\/span><\/a><\/p>","protected":false},"excerpt":{"rendered":"<p>\u0413\u0430\u0431\u0430\u0440\u0438\u0442\u044b: \u0432\u044b\u0441\u043e\u0442\u0430\/\u0448\u0438\u0440\u0438\u043d\u0430\/\u0433\u043b\u0443\u0431\u0438\u043d\u0430 90 \u0441\u043c\/170 \u0441\u043c\/41,5 \u0441\u043c.,<br \/>\n\u043c\u0430\u0442\u0435\u0440\u0438\u0430\u043b:<br \/>\n\u041a\u043e\u0440\u043f\u0443\u0441: \u043b\u0430\u043c\u0438\u043d\u0438\u0440\u043e\u0432\u0430\u043d\u043d\u0430\u044f \u0414\u0421\u041f, 16 \u043c\u043c<br \/>\n\u041b\u0438\u0446\u0435\u0432\u0430\u044f \u0441\u0442\u043e\u0440\u043e\u043d\u0430: \u043b\u0430\u043c\u0438\u043d\u0438\u0440\u043e\u0432\u0430\u043d\u043d\u0430\u044f \u0414\u0421\u041f \u0442\u043e\u043b\u0449\u0438\u043d\u043e\u0439 16 \u043c\u043c.<br \/>\n\u041a\u0440\u0430\u044f: \u041f\u0412\u0425<br \/>\n\u041d\u043e\u0433\u0438: \u043f\u043b\u0430\u043d\u0435\u0440 \u0441 \u043a\u043e\u0433\u0442\u0435\u043c<br \/>\n\u0420\u0443\u043a\u043e\u044f\u0442\u043a\u0430: \u0447\u0435\u0440\u043d\u0430\u044f \u043d\u0430\u043a\u043b\u0430\u0434\u043a\u0430 HEXI 150<br \/>\n\u041f\u0435\u0442\u043b\u044f: \u0441 \u043c\u0435\u0445\u0430\u043d\u0438\u0437\u043c\u043e\u043c \u043f\u043b\u0430\u0432\u043d\u043e\u0433\u043e \u0437\u0430\u043a\u0440\u044b\u0432\u0430\u043d\u0438\u044f<\/p>","protected":false},"featured_media":44650,"comment_status":"open","ping_status":"open","template":"","meta":[],"product_brand":[],"product_cat":[2013,1177],"product_tag":[],"class_list":{"0":"post-44649","1":"product","2":"type-product","3":"status-publish","4":"has-post-thumbnail","6":"product_cat-halmar","7":"product_cat-wardrobes","9":"first","10":"instock","11":"purchasable","12":"product-type-simple"},"_links":{"self":[{"href":"https:\/\/baldumarket.lt\/ru\/wp-json\/wp\/v2\/product\/44649","targetHints":{"allow":["GET"]}}],"collection":[{"href":"https:\/\/baldumarket.lt\/ru\/wp-json\/wp\/v2\/product"}],"about":[{"href":"https:\/\/baldumarket.lt\/ru\/wp-json\/wp\/v2\/types\/product"}],"replies":[{"embeddable":true,"href":"https:\/\/baldumarket.lt\/ru\/wp-json\/wp\/v2\/comments?post=44649"}],"wp:featuredmedia":[{"embeddable":true,"href":"https:\/\/baldumarket.lt\/ru\/wp-json\/wp\/v2\/media\/44650"}],"wp:attachment":[{"href":"https:\/\/baldumarket.lt\/ru\/wp-json\/wp\/v2\/media?parent=44649"}],"wp:term":[{"taxonomy":"product_brand","embeddable":true,"href":"https:\/\/baldumarket.lt\/ru\/wp-json\/wp\/v2\/product_brand?post=44649"},{"taxonomy":"product_cat","embeddable":true,"href":"https:\/\/baldumarket.lt\/ru\/wp-json\/wp\/v2\/product_cat?post=44649"},{"taxonomy":"product_tag","embeddable":true,"href":"https:\/\/baldumarket.lt\/ru\/wp-json\/wp\/v2\/product_tag?post=44649"}],"curies":[{"name":"WP","href":"https:\/\/api.w.org\/{rel}","templated":true}]}}