{"id":44247,"date":"2025-11-21T20:46:20","date_gmt":"2025-11-21T17:46:20","guid":{"rendered":"https:\/\/baldumarket.lt\/product\/cabinet-nord-votan-oak-antracyt\/"},"modified":"2026-02-04T00:47:39","modified_gmt":"2026-02-03T21:47:39","slug":"cabinet-nord-votan-oak-antracyt","status":"publish","type":"product","link":"https:\/\/baldumarket.lt\/ru\/product\/cabinet-nord-votan-oak-antracyt\/","title":{"rendered":"spintel\u0117 NORD votan \u0105\u017euolas\/antracitas"},"content":{"rendered":"<h5><span style=\"color: #54859b\">\u041f\u043e\u0441\u0435\u0442\u0438\u0442\u0435 \u043d\u0430\u0448 \u0432\u0438\u0440\u0442\u0443\u0430\u043b\u044c\u043d\u044b\u0439 \u043c\u0430\u0433\u0430\u0437\u0438\u043d \u0431\u0440\u0435\u043d\u0434\u0430 HALMAR MEBLE.<\/span><\/h5>\n<p> <a href=\"https:\/\/my.matterport.com\/show\/?m=A37Zvh6YfmB\" target=\"_blank\" rel=\"noopener\"><span style=\"color: #e47025\">https:\/\/my.matterport.com\/<\/span><\/a><\/p>","protected":false},"excerpt":{"rendered":"<p>\u0440\u0430\u0437\u043c\u0435\u0440\u044b:<br \/>\n\u0432\u044b\u0441\u043e\u0442\u0430\/\u0448\u0438\u0440\u0438\u043d\u0430\/\u0433\u043b\u0443\u0431\u0438\u043d\u0430 - 182,5 \u0441\u043c\/60 \u0441\u043c\/38 \u0441\u043c<br \/>\n\u043c\u0430\u0442\u0435\u0440\u0438\u0430\u043b<br \/>\n\u041a\u043e\u0440\u043f\u0443\u0441 \u0438 \u0444\u0430\u0441\u0430\u0434\u044b: \u043b\u0430\u043c\u0438\u043d\u0438\u0440\u043e\u0432\u0430\u043d\u043d\u0430\u044f \u0414\u0421\u041f \u0442\u043e\u043b\u0449\u0438\u043d\u043e\u0439 16 \u043c\u043c.<br \/>\n\u041d\u043e\u0436\u043a\u0438: \u043f\u043b\u0430\u0441\u0442\u0438\u043a\u043e\u0432\u044b\u0435, \u0447\u0451\u0440\u043d\u044b\u0435<br \/>\n\u041e\u0431\u0440\u0430\u0431\u043e\u0442\u0447\u0438\u043a: \u043e\u0442\u0441\u0443\u0442\u0441\u0442\u0432\u0438\u0435, \u0441\u0438\u0441\u0442\u0435\u043c\u043d\u043e\u0435 \u043d\u0430\u0436\u0430\u0442\u0438\u0435 \u2013 \u0449\u0435\u043b\u0447\u043e\u043a<br \/>\n\u0423\u043d\u0438\u0432\u0435\u0440\u0441\u0430\u043b\u044c\u043d\u0430\u044f \u043f\u043b\u043e\u0449\u0430\u0434\u043a\u0430, \u0444\u0430\u0441\u0430\u0434\u044b \u043c\u043e\u0436\u043d\u043e \u0441\u043e\u0431\u0440\u0430\u0442\u044c.<br \/>\n\u043f\u0440\u0430\u0432\u043e\u0435 \u0438\u043b\u0438 \u043b\u0435\u0432\u043e\u0435 \u043e\u0442\u0432\u0435\u0440\u0441\u0442\u0438\u0435.<\/p>","protected":false},"featured_media":44248,"comment_status":"open","ping_status":"open","template":"","meta":[],"product_brand":[],"product_cat":[2013,2006],"product_tag":[],"class_list":{"0":"post-44247","1":"product","2":"type-product","3":"status-publish","4":"has-post-thumbnail","6":"product_cat-halmar","7":"product_cat-vitrines","9":"first","10":"instock","11":"purchasable","12":"product-type-simple"},"_links":{"self":[{"href":"https:\/\/baldumarket.lt\/ru\/wp-json\/wp\/v2\/product\/44247","targetHints":{"allow":["GET"]}}],"collection":[{"href":"https:\/\/baldumarket.lt\/ru\/wp-json\/wp\/v2\/product"}],"about":[{"href":"https:\/\/baldumarket.lt\/ru\/wp-json\/wp\/v2\/types\/product"}],"replies":[{"embeddable":true,"href":"https:\/\/baldumarket.lt\/ru\/wp-json\/wp\/v2\/comments?post=44247"}],"wp:featuredmedia":[{"embeddable":true,"href":"https:\/\/baldumarket.lt\/ru\/wp-json\/wp\/v2\/media\/44248"}],"wp:attachment":[{"href":"https:\/\/baldumarket.lt\/ru\/wp-json\/wp\/v2\/media?parent=44247"}],"wp:term":[{"taxonomy":"product_brand","embeddable":true,"href":"https:\/\/baldumarket.lt\/ru\/wp-json\/wp\/v2\/product_brand?post=44247"},{"taxonomy":"product_cat","embeddable":true,"href":"https:\/\/baldumarket.lt\/ru\/wp-json\/wp\/v2\/product_cat?post=44247"},{"taxonomy":"product_tag","embeddable":true,"href":"https:\/\/baldumarket.lt\/ru\/wp-json\/wp\/v2\/product_tag?post=44247"}],"curies":[{"name":"WP","href":"https:\/\/api.w.org\/{rel}","templated":true}]}}