{"id":42773,"date":"2025-11-21T20:24:57","date_gmt":"2025-11-21T17:24:57","guid":{"rendered":"https:\/\/baldumarket.lt\/product\/piza-foldable-foam-mattress-color-light-ecru\/"},"modified":"2026-02-04T00:51:03","modified_gmt":"2026-02-03T21:51:03","slug":"piza-foldable-foam-mattress-color-light-ecru","status":"publish","type":"product","link":"https:\/\/baldumarket.lt\/ru\/product\/piza-foldable-foam-mattress-color-light-ecru\/","title":{"rendered":"\u041f\u0418\u0417\u0410 sulankstomas put\u0173 \u010diu\u017einys, spalva: \u0161viesiai gelsvai ruda"},"content":{"rendered":"<h5><span style=\"color: #54859b\">\u041f\u043e\u0441\u0435\u0442\u0438\u0442\u0435 \u043d\u0430\u0448 \u0432\u0438\u0440\u0442\u0443\u0430\u043b\u044c\u043d\u044b\u0439 \u043c\u0430\u0433\u0430\u0437\u0438\u043d \u0431\u0440\u0435\u043d\u0434\u0430 HALMAR MEBLE.<\/span><\/h5>\n<p> <a href=\"https:\/\/my.matterport.com\/show\/?m=A37Zvh6YfmB\" target=\"_blank\" rel=\"noopener\"><span style=\"color: #e47025\">https:\/\/my.matterport.com\/<\/span><\/a><\/p>","protected":false},"excerpt":{"rendered":"<p>\u0421\u043a\u043b\u0430\u0434\u043d\u043e\u0439 \u043f\u043e\u0440\u043e\u043b\u043e\u043d\u043e\u0432\u044b\u0439 \u043c\u0430\u0442\u0440\u0430\u0441, \u0440\u0430\u0437\u043c\u0435\u0440\u044b: 200x90x18 \u0441\u043c \u2013 200x180x9 \u0441\u043c \u0432 \u0440\u0430\u0437\u043b\u043e\u0436\u0435\u043d\u043d\u043e\u043c \u0432\u0438\u0434\u0435, \u043c\u0430\u0442\u0435\u0440\u0438\u0430\u043b: \u043d\u0430\u043f\u043e\u043b\u043d\u0438\u0442\u0435\u043b\u044c \u2013 \u043f\u0435\u043d\u043e\u043f\u043e\u043b\u0438\u0443\u0440\u0435\u0442\u0430\u043d T18, \u0447\u0435\u0445\u043e\u043b \u2013 \u0442\u043a\u0430\u043d\u044c \u0434\u043b\u044f \u043c\u0430\u0442\u0440\u0430\u0441\u043e\u0432 ALASKA BED, \u0441\u043e\u0441\u0442\u0430\u0432: \u043f\u043e\u043b\u0438\u043f\u0440\u043e\u043f\u0438\u043b\u0435\u043d\/\u043f\u043e\u043b\u0438\u044d\u0441\u0442\u0435\u0440, \u0446\u0432\u0435\u0442: \u0441\u0432\u0435\u0442\u043b\u043e-\u0431\u0435\u0436\u0435\u0432\u044b\u0439<\/p>","protected":false},"featured_media":42774,"comment_status":"open","ping_status":"open","template":"","meta":[],"product_brand":[],"product_cat":[2013,1099],"product_tag":[],"class_list":{"0":"post-42773","1":"product","2":"type-product","3":"status-publish","4":"has-post-thumbnail","6":"product_cat-halmar","7":"product_cat-mattresses","9":"first","10":"instock","11":"purchasable","12":"product-type-simple"},"_links":{"self":[{"href":"https:\/\/baldumarket.lt\/ru\/wp-json\/wp\/v2\/product\/42773","targetHints":{"allow":["GET"]}}],"collection":[{"href":"https:\/\/baldumarket.lt\/ru\/wp-json\/wp\/v2\/product"}],"about":[{"href":"https:\/\/baldumarket.lt\/ru\/wp-json\/wp\/v2\/types\/product"}],"replies":[{"embeddable":true,"href":"https:\/\/baldumarket.lt\/ru\/wp-json\/wp\/v2\/comments?post=42773"}],"wp:featuredmedia":[{"embeddable":true,"href":"https:\/\/baldumarket.lt\/ru\/wp-json\/wp\/v2\/media\/42774"}],"wp:attachment":[{"href":"https:\/\/baldumarket.lt\/ru\/wp-json\/wp\/v2\/media?parent=42773"}],"wp:term":[{"taxonomy":"product_brand","embeddable":true,"href":"https:\/\/baldumarket.lt\/ru\/wp-json\/wp\/v2\/product_brand?post=42773"},{"taxonomy":"product_cat","embeddable":true,"href":"https:\/\/baldumarket.lt\/ru\/wp-json\/wp\/v2\/product_cat?post=42773"},{"taxonomy":"product_tag","embeddable":true,"href":"https:\/\/baldumarket.lt\/ru\/wp-json\/wp\/v2\/product_tag?post=42773"}],"curies":[{"name":"WP","href":"https:\/\/api.w.org\/{rel}","templated":true}]}}