{"id":42666,"date":"2025-11-21T20:23:33","date_gmt":"2025-11-21T17:23:33","guid":{"rendered":"https:\/\/baldumarket.lt\/product\/ovo-tv-book-case-dark-concrete-primeval-oak\/"},"modified":"2026-02-04T00:51:17","modified_gmt":"2026-02-03T21:51:17","slug":"ovo-tv-book-case-dark-concrete-primeval-oak","status":"publish","type":"product","link":"https:\/\/baldumarket.lt\/ru\/product\/ovo-tv-book-case-dark-concrete-primeval-oak\/","title":{"rendered":"OVO TV knyg\u0173 lentyna, tamsus betonas\/pirmyk\u0161tis \u0105\u017euolas"},"content":{"rendered":"<h5><span style=\"color: #54859b\">\u041f\u043e\u0441\u0435\u0442\u0438\u0442\u0435 \u043d\u0430\u0448 \u0432\u0438\u0440\u0442\u0443\u0430\u043b\u044c\u043d\u044b\u0439 \u043c\u0430\u0433\u0430\u0437\u0438\u043d \u0431\u0440\u0435\u043d\u0434\u0430 HALMAR MEBLE.<\/span><\/h5>\n<p> <a href=\"https:\/\/my.matterport.com\/show\/?m=A37Zvh6YfmB\" target=\"_blank\" rel=\"noopener\"><span style=\"color: #e47025\">https:\/\/my.matterport.com\/<\/span><\/a><\/p>","protected":false},"excerpt":{"rendered":"<p>\u0420\u0430\u0437\u043c\u0435\u0440\u044b: \u0432\u044b\u0441\u043e\u0442\u0430\/\u0448\u0438\u0440\u0438\u043d\u0430\/\u0433\u043b\u0443\u0431\u0438\u043d\u0430 182 \u0441\u043c\/50 \u0441\u043c\/38 \u0441\u043c; \u043c\u0430\u0442\u0435\u0440\u0438\u0430\u043b: \u0432\u0435\u0440\u0445\u043d\u0438\u0439 \u0438 \u043d\u0438\u0436\u043d\u0438\u0439 \u043e\u0431\u043e\u0434\u043e\u043a: \u043b\u0430\u043c\u0438\u043d\u0438\u0440\u043e\u0432\u0430\u043d\u043d\u044b\u0439 \u043c\u0430\u0442\u043e\u0432\u044b\u0439 \u0414\u0421\u041f 16 \u043c\u043c; \u0431\u043e\u043a\u043e\u0432\u044b\u0435 \u0441\u0442\u043e\u0440\u043e\u043d\u044b: \u043b\u0430\u043c\u0438\u043d\u0438\u0440\u043e\u0432\u0430\u043d\u043d\u044b\u0439 \u043c\u0430\u0442\u043e\u0432\u044b\u0439 \u0414\u0421\u041f 16 \u043c\u043c; \u043f\u0435\u0440\u0435\u0434\u043d\u044f\u044f \u043f\u0430\u043d\u0435\u043b\u044c: \u043b\u0430\u043c\u0438\u043d\u0438\u0440\u043e\u0432\u0430\u043d\u043d\u044b\u0439 \u043c\u0430\u0442\u043e\u0432\u044b\u0439 \u0414\u0421\u041f 16 \u043c\u043c; \u043d\u043e\u0436\u043a\u0438: \u043f\u043b\u0430\u0441\u0442\u0438\u043a, \u0432\u044b\u0441\u043e\u0442\u0430 120 \u043c\u043c; \u0440\u0443\u0447\u043a\u0438: \u043e\u0442\u043a\u0440\u044b\u0432\u0430\u044e\u0442\u0441\u044f \u043d\u0430\u0436\u0430\u0442\u0438\u0435\u043c<\/p>","protected":false},"featured_media":42667,"comment_status":"open","ping_status":"open","template":"","meta":[],"product_brand":[],"product_cat":[2013,1177],"product_tag":[],"class_list":{"0":"post-42666","1":"product","2":"type-product","3":"status-publish","4":"has-post-thumbnail","6":"product_cat-halmar","7":"product_cat-wardrobes","9":"first","10":"instock","11":"purchasable","12":"product-type-simple"},"_links":{"self":[{"href":"https:\/\/baldumarket.lt\/ru\/wp-json\/wp\/v2\/product\/42666","targetHints":{"allow":["GET"]}}],"collection":[{"href":"https:\/\/baldumarket.lt\/ru\/wp-json\/wp\/v2\/product"}],"about":[{"href":"https:\/\/baldumarket.lt\/ru\/wp-json\/wp\/v2\/types\/product"}],"replies":[{"embeddable":true,"href":"https:\/\/baldumarket.lt\/ru\/wp-json\/wp\/v2\/comments?post=42666"}],"wp:featuredmedia":[{"embeddable":true,"href":"https:\/\/baldumarket.lt\/ru\/wp-json\/wp\/v2\/media\/42667"}],"wp:attachment":[{"href":"https:\/\/baldumarket.lt\/ru\/wp-json\/wp\/v2\/media?parent=42666"}],"wp:term":[{"taxonomy":"product_brand","embeddable":true,"href":"https:\/\/baldumarket.lt\/ru\/wp-json\/wp\/v2\/product_brand?post=42666"},{"taxonomy":"product_cat","embeddable":true,"href":"https:\/\/baldumarket.lt\/ru\/wp-json\/wp\/v2\/product_cat?post=42666"},{"taxonomy":"product_tag","embeddable":true,"href":"https:\/\/baldumarket.lt\/ru\/wp-json\/wp\/v2\/product_tag?post=42666"}],"curies":[{"name":"WP","href":"https:\/\/api.w.org\/{rel}","templated":true}]}}