{"id":41584,"date":"2025-11-21T20:08:48","date_gmt":"2025-11-21T17:08:48","guid":{"rendered":"https:\/\/baldumarket.lt\/product\/cricket-pouffe-color-light-pink\/"},"modified":"2026-02-04T00:53:37","modified_gmt":"2026-02-03T21:53:37","slug":"cricket-pouffe-color-light-pink","status":"publish","type":"product","link":"https:\/\/baldumarket.lt\/ru\/product\/cricket-pouffe-color-light-pink\/","title":{"rendered":"\u041a\u0420\u0418\u041a\u0415\u0422 pufo spalva: \u0161viesiai ro\u017ein\u0117"},"content":{"rendered":"<h5><span style=\"color: #54859b\">\u041f\u043e\u0441\u0435\u0442\u0438\u0442\u0435 \u043d\u0430\u0448 \u0432\u0438\u0440\u0442\u0443\u0430\u043b\u044c\u043d\u044b\u0439 \u043c\u0430\u0433\u0430\u0437\u0438\u043d \u0431\u0440\u0435\u043d\u0434\u0430 HALMAR MEBLE.<\/span><\/h5>\n<p> <a href=\"https:\/\/my.matterport.com\/show\/?m=A37Zvh6YfmB\" target=\"_blank\" rel=\"noopener\"><span style=\"color: #e47025\">https:\/\/my.matterport.com\/<\/span><\/a><\/p>","protected":false},"excerpt":{"rendered":"<p>\u0420\u0430\u0437\u043c\u0435\u0440\u044b: 40\/46 \u0441\u043c, \u043f\u0443\u0444 \u0441 \u0444\u0443\u043d\u043a\u0446\u0438\u0435\u0439 \u0445\u0440\u0430\u043d\u0435\u043d\u0438\u044f, \u043c\u0430\u0442\u0435\u0440\u0438\u0430\u043b: \u0431\u0430\u0440\u0445\u0430\u0442\u043d\u0430\u044f \u0442\u043a\u0430\u043d\u044c \/ \u0441\u0442\u0430\u043b\u044c \u0441 \u043f\u043e\u0440\u043e\u0448\u043a\u043e\u0432\u044b\u043c \u043f\u043e\u043a\u0440\u044b\u0442\u0438\u0435\u043c, \u0446\u0432\u0435\u0442: \u0441\u0432\u0435\u0442\u043b\u043e-\u0440\u043e\u0437\u043e\u0432\u044b\u0439<\/p>","protected":false},"featured_media":41585,"comment_status":"open","ping_status":"open","template":"","meta":[],"product_brand":[],"product_cat":[2013,826],"product_tag":[],"class_list":{"0":"post-41584","1":"product","2":"type-product","3":"status-publish","4":"has-post-thumbnail","6":"product_cat-halmar","7":"product_cat-poufs","9":"first","10":"instock","11":"purchasable","12":"product-type-simple"},"_links":{"self":[{"href":"https:\/\/baldumarket.lt\/ru\/wp-json\/wp\/v2\/product\/41584","targetHints":{"allow":["GET"]}}],"collection":[{"href":"https:\/\/baldumarket.lt\/ru\/wp-json\/wp\/v2\/product"}],"about":[{"href":"https:\/\/baldumarket.lt\/ru\/wp-json\/wp\/v2\/types\/product"}],"replies":[{"embeddable":true,"href":"https:\/\/baldumarket.lt\/ru\/wp-json\/wp\/v2\/comments?post=41584"}],"wp:featuredmedia":[{"embeddable":true,"href":"https:\/\/baldumarket.lt\/ru\/wp-json\/wp\/v2\/media\/41585"}],"wp:attachment":[{"href":"https:\/\/baldumarket.lt\/ru\/wp-json\/wp\/v2\/media?parent=41584"}],"wp:term":[{"taxonomy":"product_brand","embeddable":true,"href":"https:\/\/baldumarket.lt\/ru\/wp-json\/wp\/v2\/product_brand?post=41584"},{"taxonomy":"product_cat","embeddable":true,"href":"https:\/\/baldumarket.lt\/ru\/wp-json\/wp\/v2\/product_cat?post=41584"},{"taxonomy":"product_tag","embeddable":true,"href":"https:\/\/baldumarket.lt\/ru\/wp-json\/wp\/v2\/product_tag?post=41584"}],"curies":[{"name":"WP","href":"https:\/\/api.w.org\/{rel}","templated":true}]}}