{"id":340607,"date":"2026-04-08T19:32:06","date_gmt":"2026-04-08T16:32:06","guid":{"rendered":"https:\/\/baldumarket.lt\/product\/azuoline-lova-sarah-160\/"},"modified":"2026-04-08T21:18:06","modified_gmt":"2026-04-08T18:18:06","slug":"azuoline-lova-sarah-160","status":"publish","type":"product","link":"https:\/\/baldumarket.lt\/ru\/product\/azuoline-lova-sarah-160\/","title":{"rendered":"\u0104\u017euolin\u0117 lova SARAH 160"},"content":{"rendered":"<p>\u041a\u0440\u043e\u0432\u0430\u0442\u044c \u0441\u0434\u0435\u043b\u0430\u043d\u0430 \u0438\u0437 \u0434\u0443\u0431\u0430.<br \/>\n\u0422\u0435\u0445\u043d\u0438\u0447\u0435\u0441\u043a\u0438\u0435 \u0445\u0430\u0440\u0430\u043a\u0442\u0435\u0440\u0438\u0441\u0442\u0438\u043a\u0438:<br \/>\n\u0422\u0438\u043f \u043a\u0440\u043e\u0432\u0430\u0442\u0438:<br \/>\n\u0421\u043f\u0430\u043b\u044c\u043d\u044f<br \/>\n\u0414\u043b\u0438\u043d\u0430:\u00a0\u00a0\u00a0\u00a0\u00a0\u00a0\u00a0<br \/>\n215 \u0441\u043c<br \/>\n\u0412\u044b\u0441\u043e\u0442\u0430:\u00a0\u00a0\u00a0\u00a0\u00a0\u00a0\u00a0\u00a0\u00a0\u00a0\u00a0\u00a0\u00a0\u00a0\u00a0\u00a0\u00a0\u00a0\u00a0\u00a0\u00a0\u00a0\u00a0\u00a0\u00a0\u00a0\u00a0\u00a0\u00a0\u00a0\u00a0\u00a0\u00a0<br \/>\n88 \u0441\u043c<br \/>\n\u0428\u0438\u0440\u0438\u043d\u0430:\u00a0\u00a0\u00a0\u00a0\u00a0\u00a0\u00a0\u00a0\u00a0\u00a0\u00a0\u00a0\u00a0\u00a0\u00a0<br \/>\n165 \u0441\u043c<br \/>\n\u0420\u0430\u0437\u043c\u0435\u0440 \u043c\u0430\u0442\u0440\u0430\u0441\u0430:<br \/>\n160x200 \u0441\u043c<br \/>\n&#8230;<\/p>","protected":false},"excerpt":{"rendered":"<p>\u041a\u0440\u043e\u0432\u0430\u0442\u044c \u0438\u0437\u0433\u043e\u0442\u043e\u0432\u043b\u0435\u043d\u0430 \u0438\u0437 \u0434\u0443\u0431\u0430. \u0422\u0435\u0445\u043d\u0438\u0447\u0435\u0441\u043a\u0438\u0435 \u0445\u0430\u0440\u0430\u043a\u0442\u0435\u0440\u0438\u0441\u0442\u0438\u043a\u0438: \u0422\u0438\u043f \u043a\u0440\u043e\u0432\u0430\u0442\u0438: \u0421\u043f\u0430\u043b\u044c\u043d\u0430\u044f \u0414\u043b\u0438\u043d\u0430: 215 \u0441\u043c \u0412\u044b\u0441\u043e\u0442\u0430: 88 \u0441\u043c \u0428\u0438\u0440\u0438\u043d\u0430: 165 \u0441\u043c \u0420\u0430\u0437\u043c\u0435\u0440 \u043c\u0430\u0442\u0440\u0430\u0441\u0430: 160x200 \u0441\u043c \u2026<\/p>","protected":false},"featured_media":340608,"comment_status":"open","ping_status":"open","template":"","meta":[],"product_brand":[],"product_cat":[10176,505],"product_tag":[],"class_list":{"0":"post-340607","1":"product","2":"type-product","3":"status-publish","4":"has-post-thumbnail","6":"product_cat-hugon-meble","7":"product_cat-bedroom-beds","9":"first","10":"instock","11":"purchasable","12":"product-type-simple"},"_links":{"self":[{"href":"https:\/\/baldumarket.lt\/ru\/wp-json\/wp\/v2\/product\/340607","targetHints":{"allow":["GET"]}}],"collection":[{"href":"https:\/\/baldumarket.lt\/ru\/wp-json\/wp\/v2\/product"}],"about":[{"href":"https:\/\/baldumarket.lt\/ru\/wp-json\/wp\/v2\/types\/product"}],"replies":[{"embeddable":true,"href":"https:\/\/baldumarket.lt\/ru\/wp-json\/wp\/v2\/comments?post=340607"}],"wp:featuredmedia":[{"embeddable":true,"href":"https:\/\/baldumarket.lt\/ru\/wp-json\/wp\/v2\/media\/340608"}],"wp:attachment":[{"href":"https:\/\/baldumarket.lt\/ru\/wp-json\/wp\/v2\/media?parent=340607"}],"wp:term":[{"taxonomy":"product_brand","embeddable":true,"href":"https:\/\/baldumarket.lt\/ru\/wp-json\/wp\/v2\/product_brand?post=340607"},{"taxonomy":"product_cat","embeddable":true,"href":"https:\/\/baldumarket.lt\/ru\/wp-json\/wp\/v2\/product_cat?post=340607"},{"taxonomy":"product_tag","embeddable":true,"href":"https:\/\/baldumarket.lt\/ru\/wp-json\/wp\/v2\/product_tag?post=340607"}],"curies":[{"name":"WP","href":"https:\/\/api.w.org\/{rel}","templated":true}]}}