{"id":340536,"date":"2026-04-08T19:30:48","date_gmt":"2026-04-08T16:30:48","guid":{"rendered":"https:\/\/baldumarket.lt\/product\/ciuzinio-ideklo-remas-140x200\/"},"modified":"2026-04-08T21:56:04","modified_gmt":"2026-04-08T18:56:04","slug":"ciuzinio-ideklo-remas-140x200","status":"publish","type":"product","link":"https:\/\/baldumarket.lt\/ru\/product\/ciuzinio-ideklo-remas-140x200\/","title":{"rendered":"\u010ciu\u017einio \u012fd\u0117klo r\u0117mas 140&#215;200"},"content":{"rendered":"<p>\u0420\u0435\u0448\u0435\u0442\u043a\u0438 \u0438\u043c\u0435\u044e\u0442 \u0448\u0438\u0440\u0438\u043d\u0443 6 \u0441\u043c \u0438 \u0442\u043e\u043b\u0449\u0438\u043d\u0443 2 \u0441\u043c.<br \/>\n\u041f\u0440\u0435\u0434\u043b\u0430\u0433\u0430\u0435\u043c\u044b\u0439 \u043d\u0430 \u044d\u0442\u043e\u043c \u0430\u0443\u043a\u0446\u0438\u043e\u043d\u0435 \u043a\u0430\u0440\u043a\u0430\u0441 \u0441\u043e\u0441\u0442\u043e\u0438\u0442 \u0438\u0437 20 \u0434\u0435\u0440\u0435\u0432\u044f\u043d\u043d\u044b\u0445 \u0440\u0435\u0435\u043a, \u0441\u043e\u0435\u0434\u0438\u043d\u0435\u043d\u043d\u044b\u0445 \u043c\u044f\u0433\u043a\u043e\u0439 \u043b\u0435\u043d\u0442\u043e\u0439, \u0438 \u043f\u0440\u0435\u0434\u043d\u0430\u0437\u043d\u0430\u0447\u0435\u043d \u0434\u043b\u044f \u0432\u0441\u0435\u0445 \u0442\u0438\u043f\u043e\u0432 \u043a\u0440\u043e\u0432\u0430\u0442\u0435\u0439 (\u0434\u0435\u0440\u0435\u0432\u044f\u043d\u043d\u044b\u0445, \u043c\u0435\u0442\u0430\u043b\u043b\u0438\u0447\u0435\u0441\u043a\u0438\u0445, \u0441 \u043e\u0431\u0438\u0432\u043a\u043e\u0439 \u0438 \u0442. \u0434.). \u041d\u0430 \u0434\u0440\u0443\u0433\u0438\u0445 \u043c\u043e\u0438\u0445 \u0430\u0443\u043a\u0446\u0438\u043e\u043d\u0430\u0445 \u043f\u0440\u0435\u0434\u0441\u0442\u0430\u0432\u043b\u0435\u043d\u044b \u043a\u0430\u0440\u043a\u0430\u0441\u044b \u0441 \u0434\u0440\u0443\u0433\u0438\u043c \u043a\u043e\u043b\u0438\u0447\u0435\u0441\u0442\u0432\u043e\u043c \u0440\u0435\u0435\u043a. \u041f\u043e \u0437\u0430\u043f\u0440\u043e\u0441\u0443 \u043c\u044b \u0442\u0430\u043a\u0436\u0435 \u043c\u043e\u0436\u0435\u043c \u0438\u0437\u0433\u043e\u0442\u043e\u0432\u0438\u0442\u044c \u043a\u0430\u0440\u043a\u0430\u0441 \u0441 \u043b\u044e\u0431\u044b\u043c \u043a\u043e\u043b\u0438\u0447\u0435\u0441\u0442\u0432\u043e\u043c \u0440\u0435\u0435\u043a.<br \/>\n\u0412 \u043a\u043e\u043c\u043f\u043b\u0435\u043a\u0442 \u0432\u0445\u043e\u0434\u0438\u0442 \u043e\u0434\u0438\u043d \u0432\u043a\u043b\u0430\u0434\u044b\u0448 \u0440\u0430\u0437\u043c\u0435\u0440\u043e\u043c 140x200 \u0441\u043c.<\/p>","protected":false},"excerpt":{"rendered":"<p>The slats are 6 cm wide and 2 cm thick. The frame I&#8217;m offering in this auction consists of 20 wooden slats connected with upholstery ribbon and is designed for all types of beds (wooden, metal, upholstered, etc.). My other auctions feature frames with a different number of slats. We can also create a frame [&hellip;]<\/p>","protected":false},"featured_media":340537,"comment_status":"open","ping_status":"open","template":"","meta":[],"product_brand":[],"product_cat":[10176,1043],"product_tag":[],"class_list":{"0":"post-340536","1":"product","2":"type-product","3":"status-publish","4":"has-post-thumbnail","6":"product_cat-hugon-meble","7":"product_cat-extras","9":"first","10":"instock","11":"purchasable","12":"product-type-simple"},"_links":{"self":[{"href":"https:\/\/baldumarket.lt\/ru\/wp-json\/wp\/v2\/product\/340536","targetHints":{"allow":["GET"]}}],"collection":[{"href":"https:\/\/baldumarket.lt\/ru\/wp-json\/wp\/v2\/product"}],"about":[{"href":"https:\/\/baldumarket.lt\/ru\/wp-json\/wp\/v2\/types\/product"}],"replies":[{"embeddable":true,"href":"https:\/\/baldumarket.lt\/ru\/wp-json\/wp\/v2\/comments?post=340536"}],"wp:featuredmedia":[{"embeddable":true,"href":"https:\/\/baldumarket.lt\/ru\/wp-json\/wp\/v2\/media\/340537"}],"wp:attachment":[{"href":"https:\/\/baldumarket.lt\/ru\/wp-json\/wp\/v2\/media?parent=340536"}],"wp:term":[{"taxonomy":"product_brand","embeddable":true,"href":"https:\/\/baldumarket.lt\/ru\/wp-json\/wp\/v2\/product_brand?post=340536"},{"taxonomy":"product_cat","embeddable":true,"href":"https:\/\/baldumarket.lt\/ru\/wp-json\/wp\/v2\/product_cat?post=340536"},{"taxonomy":"product_tag","embeddable":true,"href":"https:\/\/baldumarket.lt\/ru\/wp-json\/wp\/v2\/product_tag?post=340536"}],"curies":[{"name":"WP","href":"https:\/\/api.w.org\/{rel}","templated":true}]}}