{"id":340388,"date":"2026-04-08T19:28:38","date_gmt":"2026-04-08T16:28:38","guid":{"rendered":"https:\/\/baldumarket.lt\/product\/lola-azuoline-spinta-dviguba-auksta-vitrina\/"},"modified":"2026-04-08T21:35:44","modified_gmt":"2026-04-08T18:35:44","slug":"lola-azuoline-spinta-dviguba-auksta-vitrina","status":"publish","type":"product","link":"https:\/\/baldumarket.lt\/ru\/product\/lola-azuoline-spinta-dviguba-auksta-vitrina\/","title":{"rendered":"LOLA \u0105\u017euolin\u0117 spinta, dviguba auk\u0161ta vitrina"},"content":{"rendered":"<p>\u041a\u043e\u043b\u043b\u0435\u043a\u0446\u0438\u044f LOLA \u0441\u043e\u0447\u0435\u0442\u0430\u0435\u0442 \u0432 \u0441\u0435\u0431\u0435 \u0434\u0435\u0440\u0435\u0432\u0435\u043d\u0441\u043a\u0438\u0439 \u0441\u0442\u0438\u043b\u044c \u0441 \u043d\u043e\u0442\u043a\u0430\u043c\u0438 \u0441\u043e\u0432\u0440\u0435\u043c\u0435\u043d\u043d\u043e\u0441\u0442\u0438, \u0447\u0442\u043e \u043d\u0430\u0433\u043b\u044f\u0434\u043d\u043e \u0434\u0435\u043c\u043e\u043d\u0441\u0442\u0440\u0438\u0440\u0443\u0435\u0442\u0441\u044f \u043d\u0430 \u043f\u0440\u0438\u043b\u0430\u0433\u0430\u0435\u043c\u044b\u0445 \u0444\u043e\u0442\u043e\u0433\u0440\u0430\u0444\u0438\u044f\u0445 \u043c\u0435\u0431\u0435\u043b\u0438. \u042d\u0442\u0430 \u043a\u043e\u043b\u043b\u0435\u043a\u0446\u0438\u044f \u0441\u043e\u0441\u0442\u043e\u0438\u0442 \u0438\u0437 \u0434\u0435\u0432\u044f\u0442\u0438 \u043f\u0440\u0435\u0434\u043c\u0435\u0442\u043e\u0432, \u0434\u043e\u0441\u0442\u0443\u043f\u043d\u044b\u0445 \u0432 \u0440\u0430\u0437\u043b\u0438\u0447\u043d\u044b\u0445 \u0440\u0430\u0437\u043c\u0435\u0440\u0430\u0445 \u0438 \u0432\u044b\u0441\u043e\u0442\u0430\u0445. \u0412\u0441\u0435 \u043f\u0440\u0435\u0434\u043c\u0435\u0442\u044b \u044d\u0442\u043e\u0439 \u043a\u043e\u043b\u043b\u0435\u043a\u0446\u0438\u0438 \u0438\u0437\u0433\u043e\u0442\u043e\u0432\u043b\u0435\u043d\u044b \u0438\u0437 \u043e\u0442\u0431\u043e\u0440\u043d\u043e\u0433\u043e \u0434\u0443\u0431\u0430 \u0432\u044b\u0441\u0448\u0435\u0433\u043e \u043a\u0430\u0447\u0435\u0441\u0442\u0432\u0430 \u0438 \u0442\u0449\u0430\u0442\u0435\u043b\u044c\u043d\u043e \u043e\u0431\u0440\u0430\u0431\u043e\u0442\u0430\u043d\u044b \u043d\u0430\u0442\u0443\u0440\u0430\u043b\u044c\u043d\u044b\u043c\u0438 \u0440\u0430\u0441\u0442\u0438\u0442\u0435\u043b\u044c\u043d\u044b\u043c\u0438 \u043c\u0430\u0441\u043b\u0430\u043c\u0438. \u041c\u043e\u0442\u0438\u0432 \u0442\u043e\u043d\u0438\u0440\u043e\u0432\u0430\u043d\u043d\u044b\u0445 \u0434\u043e\u0441\u043e\u043a \u0438 \u043c\u0435\u0442\u0430\u043b\u043b\u0438\u0447\u0435\u0441\u043a\u0438\u0435 \u0440\u0443\u0447\u043a\u0438, \u043a\u043e\u0442\u043e\u0440\u044b\u0435 \u0435\u0449\u0435 \u0431\u043e\u043b\u044c\u0448\u0435 \u043f\u043e\u0434\u0447\u0435\u0440\u043a\u0438\u0432\u0430\u044e\u0442 \u043a\u0440\u0430\u0441\u043e\u0442\u0443 \u043c\u0435\u0431\u0435\u043b\u0438, \u043f\u0440\u0438\u0432\u043b\u0435\u043a\u0430\u044e\u0442 \u0432\u043d\u0438\u043c\u0430\u043d\u0438\u0435. \u0412\u0441\u044f \u043a\u043e\u043b\u043b\u0435\u043a\u0446\u0438\u044f \u043e\u0442\u043b\u0438\u0447\u0430\u0435\u0442\u0441\u044f \u0431\u0435\u0437\u0443\u043f\u0440\u0435\u0447\u043d\u043e\u0439 \u044d\u0441\u0442\u0435\u0442\u0438\u043a\u043e\u0439 \u0438 \u0432\u044b\u0441\u043e\u043a\u0438\u043c \u043a\u0430\u0447\u0435\u0441\u0442\u0432\u043e\u043c \u0438\u0437\u0433\u043e\u0442\u043e\u0432\u043b\u0435\u043d\u0438\u044f. \u041a\u0430\u043a \u0438\u0437\u0432\u0435\u0441\u0442\u043d\u043e, \u0434\u0435\u0440\u0435\u0432\u044f\u043d\u043d\u044b\u0435 \u0434\u043e\u0441\u043a\u0438 \u043d\u0438\u043a\u043e\u0433\u0434\u0430 \u043d\u0435 \u0432\u044b\u0433\u043b\u044f\u0434\u044f\u0442 \u043e\u0434\u0438\u043d\u0430\u043a\u043e\u0432\u043e, \u0447\u0442\u043e \u0434\u0435\u043b\u0430\u0435\u0442 \u043a\u0430\u0436\u0434\u0443\u044e \u043a\u043e\u043b\u043b\u0435\u043a\u0446\u0438\u044e \u0443\u043d\u0438\u043a\u0430\u043b\u044c\u043d\u043e\u0439 \u043f\u043e-\u0441\u0432\u043e\u0435\u043c\u0443.<br \/>\n\u0412\u0438\u0442\u0440\u0438\u043d\u0430 LOLA 3993 \u2014 \u044d\u0442\u043e \u0432\u044b\u0441\u043e\u043a\u0438\u0439, \u043f\u0440\u043e\u0447\u043d\u044b\u0439 \u0438 \u043d\u0430\u0434\u0435\u0436\u043d\u044b\u0439 \u0448\u043a\u0430\u0444. \u0411\u043b\u0430\u0433\u043e\u0434\u0430\u0440\u044f \u0441\u0432\u043e\u0438\u043c \u0440\u0430\u0437\u043c\u0435\u0440\u0430\u043c \u043e\u043d \u043f\u043e\u0434\u043e\u0439\u0434\u0435\u0442 \u043d\u0435 \u0442\u043e\u043b\u044c\u043a\u043e \u0434\u043b\u044f \u043f\u0440\u043e\u0441\u0442\u043e\u0440\u043d\u043e\u0439 \u0433\u043e\u0441\u0442\u0438\u043d\u043e\u0439, \u043d\u043e \u0438 \u0434\u043b\u044f \u0431\u043e\u043b\u044c\u0448\u043e\u0439 \u0433\u043e\u0441\u0442\u0438\u043d\u043e\u0439 \u0438\u043b\u0438 \u043e\u0442\u0434\u0435\u043b\u044c\u043d\u043e\u0439 \u043e\u0431\u0435\u0434\u0435\u043d\u043d\u043e\u0439 \u0437\u043e\u043d\u044b. \u0428\u043a\u0430\u0444 \u0441\u043e\u0441\u0442\u043e\u0438\u0442 \u0438\u0437 \u0441\u0442\u0435\u043a\u043b\u044f\u043d\u043d\u043e\u0439 \u0441\u0435\u043a\u0446\u0438\u0438 \u0441 \u0434\u0432\u0443\u043c\u044f \u0441\u0442\u0435\u043a\u043b\u044f\u043d\u043d\u044b\u043c\u0438 \u043f\u043e\u043b\u043a\u0430\u043c\u0438. \u0412 \u043d\u0438\u0436\u043d\u0435\u0439 \u0441\u0435\u043a\u0446\u0438\u0438 \u0440\u0430\u0441\u043f\u043e\u043b\u043e\u0436\u0435\u043d\u044b \u0434\u0432\u0435 \u043f\u043e\u043b\u043a\u0438, \u043a\u0430\u0436\u0434\u0430\u044f \u0438\u0437 \u043a\u043e\u0442\u043e\u0440\u044b\u0445 \u0437\u0430\u043a\u0440\u044b\u0442\u0430 \u0434\u0435\u0440\u0435\u0432\u044f\u043d\u043d\u043e\u0439 \u0434\u0432\u0435\u0440\u0446\u0435\u0439. \u041c\u0435\u0431\u0435\u043b\u044c \u0438\u0437\u0433\u043e\u0442\u043e\u0432\u043b\u0435\u043d\u0430 \u0438\u0437 \u043c\u0430\u0441\u0441\u0438\u0432\u0430 \u0434\u0443\u0431\u0430, \u043a\u043e\u0440\u043f\u0443\u0441 \u043e\u0442\u0434\u0435\u043b\u0430\u043d \u0448\u043f\u043e\u043d\u043e\u043c, \u0430 \u043f\u043e\u043b\u043a\u0438 \u2014 \u043b\u0430\u043c\u0438\u043d\u0438\u0440\u043e\u0432\u0430\u043d\u043d\u044b\u043c\u0438 \u0434\u043e\u0441\u043a\u0430\u043c\u0438.<\/p>\n<p>\u0424\u0443\u043d\u043a\u0446\u0438\u0438:<br \/>\n\u0412\u044b\u0441\u043e\u0442\u0430: 196,5 \u0441\u043c<br \/>\n\u0428\u0438\u0440\u0438\u043d\u0430: 102,5 \u0441\u043c<br \/>\n\u0413\u043b\u0443\u0431\u0438\u043d\u0430: 40,5 \u0441\u043c<\/p>","protected":false},"excerpt":{"rendered":"<p>The LOLA collection combines rustic style with a touch of modernity, as clearly demonstrated in the accompanying furniture photos. This collection consists of nine pieces, available in various sizes and heights. All pieces in this collection are crafted from selected, top-quality oak and carefully protected with natural vegetable oils. The shaded plank motif and metal [&hellip;]<\/p>","protected":false},"featured_media":340389,"comment_status":"open","ping_status":"open","template":"","meta":[],"product_brand":[],"product_cat":[10176,1177],"product_tag":[],"class_list":{"0":"post-340388","1":"product","2":"type-product","3":"status-publish","4":"has-post-thumbnail","6":"product_cat-hugon-meble","7":"product_cat-wardrobes","9":"first","10":"instock","11":"purchasable","12":"product-type-simple"},"_links":{"self":[{"href":"https:\/\/baldumarket.lt\/ru\/wp-json\/wp\/v2\/product\/340388","targetHints":{"allow":["GET"]}}],"collection":[{"href":"https:\/\/baldumarket.lt\/ru\/wp-json\/wp\/v2\/product"}],"about":[{"href":"https:\/\/baldumarket.lt\/ru\/wp-json\/wp\/v2\/types\/product"}],"replies":[{"embeddable":true,"href":"https:\/\/baldumarket.lt\/ru\/wp-json\/wp\/v2\/comments?post=340388"}],"wp:featuredmedia":[{"embeddable":true,"href":"https:\/\/baldumarket.lt\/ru\/wp-json\/wp\/v2\/media\/340389"}],"wp:attachment":[{"href":"https:\/\/baldumarket.lt\/ru\/wp-json\/wp\/v2\/media?parent=340388"}],"wp:term":[{"taxonomy":"product_brand","embeddable":true,"href":"https:\/\/baldumarket.lt\/ru\/wp-json\/wp\/v2\/product_brand?post=340388"},{"taxonomy":"product_cat","embeddable":true,"href":"https:\/\/baldumarket.lt\/ru\/wp-json\/wp\/v2\/product_cat?post=340388"},{"taxonomy":"product_tag","embeddable":true,"href":"https:\/\/baldumarket.lt\/ru\/wp-json\/wp\/v2\/product_tag?post=340388"}],"curies":[{"name":"WP","href":"https:\/\/api.w.org\/{rel}","templated":true}]}}