{"id":340384,"date":"2026-04-08T19:28:35","date_gmt":"2026-04-08T16:28:35","guid":{"rendered":"https:\/\/baldumarket.lt\/product\/2d-azuoline-spinta\/"},"modified":"2026-04-08T21:35:44","modified_gmt":"2026-04-08T18:35:44","slug":"2d-azuoline-spinta","status":"publish","type":"product","link":"https:\/\/baldumarket.lt\/ru\/product\/2d-azuoline-spinta\/","title":{"rendered":"2D \u0105\u017euolin\u0117 spinta"},"content":{"rendered":"<p>\u0414\u0432\u0443\u0445\u0434\u0432\u0435\u0440\u043d\u044b\u0439 \u0448\u043a\u0430\u0444 TONI 2. \u0424\u0430\u0441\u0430\u0434\u044b \u0448\u043a\u0430\u0444\u0430 \u0438\u0437\u0433\u043e\u0442\u043e\u0432\u043b\u0435\u043d\u044b \u0438\u0437 \u0434\u0443\u0431\u0430, \u0430 \u043a\u043e\u0440\u043f\u0443\u0441 \u2014 \u0438\u0437 \u0448\u043f\u043e\u043d\u0438\u0440\u043e\u0432\u0430\u043d\u043d\u043e\u0439 \u0414\u0421\u041f. \u0420\u0430\u0437\u043c\u0435\u0440\u044b:<br \/>\n\u2013 \u0448\u0438\u0440\u0438\u043d\u0430: 102 \u0441\u043c<br \/>\n\u2013 \u0432\u044b\u0441\u043e\u0442\u0430: 205,5 \u0441\u043c<br \/>\n\u2013 \u0433\u043b\u0443\u0431\u0438\u043d\u0430: 60 \u0441\u043c<\/p>","protected":false},"excerpt":{"rendered":"<p>TONI 2 two-door wardrobe. The wardrobe fronts are made of oak wood, and the wardrobe body is made of veneered particleboard. Dimensions: &#8211; width: 102 cm &#8211; height: 205.5 cm &#8211; depth: 60 cm<\/p>","protected":false},"featured_media":340385,"comment_status":"open","ping_status":"open","template":"","meta":[],"product_brand":[],"product_cat":[10176,1177],"product_tag":[],"class_list":{"0":"post-340384","1":"product","2":"type-product","3":"status-publish","4":"has-post-thumbnail","6":"product_cat-hugon-meble","7":"product_cat-wardrobes","9":"first","10":"instock","11":"purchasable","12":"product-type-simple"},"_links":{"self":[{"href":"https:\/\/baldumarket.lt\/ru\/wp-json\/wp\/v2\/product\/340384","targetHints":{"allow":["GET"]}}],"collection":[{"href":"https:\/\/baldumarket.lt\/ru\/wp-json\/wp\/v2\/product"}],"about":[{"href":"https:\/\/baldumarket.lt\/ru\/wp-json\/wp\/v2\/types\/product"}],"replies":[{"embeddable":true,"href":"https:\/\/baldumarket.lt\/ru\/wp-json\/wp\/v2\/comments?post=340384"}],"wp:featuredmedia":[{"embeddable":true,"href":"https:\/\/baldumarket.lt\/ru\/wp-json\/wp\/v2\/media\/340385"}],"wp:attachment":[{"href":"https:\/\/baldumarket.lt\/ru\/wp-json\/wp\/v2\/media?parent=340384"}],"wp:term":[{"taxonomy":"product_brand","embeddable":true,"href":"https:\/\/baldumarket.lt\/ru\/wp-json\/wp\/v2\/product_brand?post=340384"},{"taxonomy":"product_cat","embeddable":true,"href":"https:\/\/baldumarket.lt\/ru\/wp-json\/wp\/v2\/product_cat?post=340384"},{"taxonomy":"product_tag","embeddable":true,"href":"https:\/\/baldumarket.lt\/ru\/wp-json\/wp\/v2\/product_tag?post=340384"}],"curies":[{"name":"WP","href":"https:\/\/api.w.org\/{rel}","templated":true}]}}