{"id":340203,"date":"2026-04-08T19:25:29","date_gmt":"2026-04-08T16:25:29","guid":{"rendered":"https:\/\/baldumarket.lt\/product\/stalciaus-ideklas-azuolinems-spintoms\/"},"modified":"2026-04-08T21:35:05","modified_gmt":"2026-04-08T18:35:05","slug":"stalciaus-ideklas-azuolinems-spintoms","status":"publish","type":"product","link":"https:\/\/baldumarket.lt\/ru\/product\/stalciaus-ideklas-azuolinems-spintoms\/","title":{"rendered":"Stal\u010diaus \u012fd\u0117klas \u0105\u017euolin\u0117ms spintoms"},"content":{"rendered":"<p>\u0412\u0441\u0442\u0430\u0432\u043a\u0430 \u0434\u043b\u044f \u0432\u044b\u0434\u0432\u0438\u0436\u043d\u043e\u0433\u043e \u044f\u0449\u0438\u043a\u0430 \u0438\u0437 \u0414\u0421\u041f. \u0420\u0430\u0437\u043c\u0435\u0440\u044b:<br \/>\n\u2013 \u0448\u0438\u0440\u0438\u043d\u0430: 48 \u0441\u043c<br \/>\n\u2013 \u0432\u044b\u0441\u043e\u0442\u0430: 63 \u0441\u043c<br \/>\n\u2013 \u0433\u043b\u0443\u0431\u0438\u043d\u0430: 50 \u0441\u043c<\/p>","protected":false},"excerpt":{"rendered":"<p>\u0412\u0441\u0442\u0430\u0432\u043a\u0430 \u0434\u043b\u044f \u0432\u044b\u0434\u0432\u0438\u0436\u043d\u043e\u0433\u043e \u044f\u0449\u0438\u043a\u0430 \u0438\u0437 \u0414\u0421\u041f. \u0420\u0430\u0437\u043c\u0435\u0440\u044b: \u2013 \u0448\u0438\u0440\u0438\u043d\u0430: 48 \u0441\u043c \u2013 \u0432\u044b\u0441\u043e\u0442\u0430: 63 \u0441\u043c \u2013 \u0433\u043b\u0443\u0431\u0438\u043d\u0430: 50 \u0441\u043c<\/p>","protected":false},"featured_media":340204,"comment_status":"open","ping_status":"open","template":"","meta":[],"product_brand":[],"product_cat":[10176,1043],"product_tag":[],"class_list":{"0":"post-340203","1":"product","2":"type-product","3":"status-publish","4":"has-post-thumbnail","6":"product_cat-hugon-meble","7":"product_cat-extras","9":"first","10":"instock","11":"purchasable","12":"product-type-simple"},"_links":{"self":[{"href":"https:\/\/baldumarket.lt\/ru\/wp-json\/wp\/v2\/product\/340203","targetHints":{"allow":["GET"]}}],"collection":[{"href":"https:\/\/baldumarket.lt\/ru\/wp-json\/wp\/v2\/product"}],"about":[{"href":"https:\/\/baldumarket.lt\/ru\/wp-json\/wp\/v2\/types\/product"}],"replies":[{"embeddable":true,"href":"https:\/\/baldumarket.lt\/ru\/wp-json\/wp\/v2\/comments?post=340203"}],"wp:featuredmedia":[{"embeddable":true,"href":"https:\/\/baldumarket.lt\/ru\/wp-json\/wp\/v2\/media\/340204"}],"wp:attachment":[{"href":"https:\/\/baldumarket.lt\/ru\/wp-json\/wp\/v2\/media?parent=340203"}],"wp:term":[{"taxonomy":"product_brand","embeddable":true,"href":"https:\/\/baldumarket.lt\/ru\/wp-json\/wp\/v2\/product_brand?post=340203"},{"taxonomy":"product_cat","embeddable":true,"href":"https:\/\/baldumarket.lt\/ru\/wp-json\/wp\/v2\/product_cat?post=340203"},{"taxonomy":"product_tag","embeddable":true,"href":"https:\/\/baldumarket.lt\/ru\/wp-json\/wp\/v2\/product_tag?post=340203"}],"curies":[{"name":"WP","href":"https:\/\/api.w.org\/{rel}","templated":true}]}}