{"id":340124,"date":"2026-04-08T19:23:54","date_gmt":"2026-04-08T16:23:54","guid":{"rendered":"https:\/\/baldumarket.lt\/product\/putu-ciuzinys-140x200\/"},"modified":"2026-04-08T21:55:25","modified_gmt":"2026-04-08T18:55:25","slug":"putu-ciuzinys-140x200","status":"publish","type":"product","link":"https:\/\/baldumarket.lt\/ru\/product\/putu-ciuzinys-140x200\/","title":{"rendered":"Put\u0173 \u010diu\u017einys 140\u00d7200"},"content":{"rendered":"<p>\u042d\u0442\u043e\u0442 \u043f\u043e\u0440\u043e\u043b\u043e\u043d\u043e\u0432\u044b\u0439 \u043c\u0430\u0442\u0440\u0430\u0441 \u0438\u0437\u0433\u043e\u0442\u043e\u0432\u043b\u0435\u043d \u0438\u0437 \u0432\u044b\u0441\u043e\u043a\u043e\u043a\u0430\u0447\u0435\u0441\u0442\u0432\u0435\u043d\u043d\u043e\u0439 \u0432\u044b\u0441\u043e\u043a\u043e\u044d\u043b\u0430\u0441\u0442\u0438\u0447\u043d\u043e\u0439 \u043f\u0435\u043d\u044b T25 \u0442\u043e\u043b\u0449\u0438\u043d\u043e\u0439 12 \u0441\u043c. \u042d\u0442\u0430 \u043f\u0435\u043d\u0430 \u043e\u0431\u0435\u0441\u043f\u0435\u0447\u0438\u0432\u0430\u0435\u0442 \u0443\u043b\u0443\u0447\u0448\u0435\u043d\u043d\u043e\u0435 \u0432\u044b\u0440\u0430\u0432\u043d\u0438\u0432\u0430\u043d\u0438\u0435 \u0442\u0435\u043b\u0430 \u0438 \u043a\u043e\u043c\u0444\u043e\u0440\u0442 \u0432\u043e \u0432\u0440\u0435\u043c\u044f \u0441\u043d\u0430, \u0447\u0435\u0433\u043e \u0441\u0442\u0430\u043d\u0434\u0430\u0440\u0442\u043d\u0430\u044f \u043f\u043e\u043b\u0438\u0443\u0440\u0435\u0442\u0430\u043d\u043e\u0432\u0430\u044f \u043f\u0435\u043d\u0430 \u043f\u0440\u043e\u0441\u0442\u043e \u043d\u0435 \u043c\u043e\u0436\u0435\u0442 \u043e\u0431\u0435\u0441\u043f\u0435\u0447\u0438\u0442\u044c. \u0427\u0435\u0445\u043e\u043b \u043e\u0441\u043d\u0430\u0449\u0435\u043d \u043c\u043e\u043b\u043d\u0438\u0435\u0439, \u0447\u0442\u043e \u043f\u043e\u0437\u0432\u043e\u043b\u044f\u0435\u0442 \u043b\u0435\u0433\u043a\u043e \u0441\u043d\u0438\u043c\u0430\u0442\u044c \u0438 \u043d\u0430\u0434\u0435\u0432\u0430\u0442\u044c \u0435\u0433\u043e \u0434\u043b\u044f \u0441\u0442\u0438\u0440\u043a\u0438.<br \/>\n\u0422\u0435\u0445\u043d\u0438\u0447\u0435\u0441\u043a\u0438\u0435 \u0445\u0430\u0440\u0430\u043a\u0442\u0435\u0440\u0438\u0441\u0442\u0438\u043a\u0438:<br \/>\n\u0414\u043b\u0438\u043d\u0430: 200 \u0441\u043c<br \/>\n\u0428\u0438\u0440\u0438\u043d\u0430: 140 \u0441\u043c<br \/>\n\u0422\u043e\u043b\u0449\u0438\u043d\u0430: 12 \u0441\u043c<\/p>","protected":false},"excerpt":{"rendered":"<p>\u042d\u0442\u043e\u0442 \u043f\u043e\u0440\u043e\u043b\u043e\u043d\u043e\u0432\u044b\u0439 \u043c\u0430\u0442\u0440\u0430\u0441 \u0438\u0437\u0433\u043e\u0442\u043e\u0432\u043b\u0435\u043d \u0438\u0437 \u0432\u044b\u0441\u043e\u043a\u043e\u043a\u0430\u0447\u0435\u0441\u0442\u0432\u0435\u043d\u043d\u043e\u0433\u043e \u043f\u0435\u043d\u043e\u043f\u043e\u043b\u0438\u0443\u0440\u0435\u0442\u0430\u043d\u0430 T25 \u0442\u043e\u043b\u0449\u0438\u043d\u043e\u0439 12 \u0441\u043c, \u043e\u0431\u043b\u0430\u0434\u0430\u044e\u0449\u0435\u0433\u043e \u0432\u044b\u0441\u043e\u043a\u043e\u0439 \u0443\u043f\u0440\u0443\u0433\u043e\u0441\u0442\u044c\u044e. \u042d\u0442\u043e\u0442 \u043f\u0435\u043d\u043e\u043f\u043e\u043b\u0438\u0443\u0440\u0435\u0442\u0430\u043d \u043e\u0431\u0435\u0441\u043f\u0435\u0447\u0438\u0432\u0430\u0435\u0442 \u0443\u043b\u0443\u0447\u0448\u0435\u043d\u043d\u043e\u0435 \u0432\u044b\u0440\u0430\u0432\u043d\u0438\u0432\u0430\u043d\u0438\u0435 \u0442\u0435\u043b\u0430 \u0438 \u043a\u043e\u043c\u0444\u043e\u0440\u0442 \u0432\u043e \u0432\u0440\u0435\u043c\u044f \u0441\u043d\u0430, \u043d\u0435\u0434\u043e\u0441\u0442\u0438\u0436\u0438\u043c\u044b\u0435 \u0434\u043b\u044f \u0441\u0442\u0430\u043d\u0434\u0430\u0440\u0442\u043d\u043e\u0433\u043e \u043f\u0435\u043d\u043e\u043f\u043e\u043b\u0438\u0443\u0440\u0435\u0442\u0430\u043d\u0430. \u0427\u0435\u0445\u043e\u043b \u043e\u0441\u043d\u0430\u0449\u0435\u043d \u043c\u043e\u043b\u043d\u0438\u0435\u0439, \u0447\u0442\u043e \u043f\u043e\u0437\u0432\u043e\u043b\u044f\u0435\u0442 \u043b\u0435\u0433\u043a\u043e \u0441\u043d\u0438\u043c\u0430\u0442\u044c \u0438 \u043d\u0430\u0434\u0435\u0432\u0430\u0442\u044c \u0435\u0433\u043e \u0434\u043b\u044f \u0441\u0442\u0438\u0440\u043a\u0438. \u0422\u0435\u0445\u043d\u0438\u0447\u0435\u0441\u043a\u0438\u0435 \u0445\u0430\u0440\u0430\u043a\u0442\u0435\u0440\u0438\u0441\u0442\u0438\u043a\u0438: \u0414\u043b\u0438\u043d\u0430: 200 \u0441\u043c, \u0428\u0438\u0440\u0438\u043d\u0430: 140 \u0441\u043c, \u0422\u043e\u043b\u0449\u0438\u043d\u0430: 12 \u0441\u043c [\u2026]<\/p>","protected":false},"featured_media":340125,"comment_status":"open","ping_status":"open","template":"","meta":[],"product_brand":[],"product_cat":[10176,1043],"product_tag":[],"class_list":{"0":"post-340124","1":"product","2":"type-product","3":"status-publish","4":"has-post-thumbnail","6":"product_cat-hugon-meble","7":"product_cat-extras","9":"first","10":"instock","11":"purchasable","12":"product-type-simple"},"_links":{"self":[{"href":"https:\/\/baldumarket.lt\/ru\/wp-json\/wp\/v2\/product\/340124","targetHints":{"allow":["GET"]}}],"collection":[{"href":"https:\/\/baldumarket.lt\/ru\/wp-json\/wp\/v2\/product"}],"about":[{"href":"https:\/\/baldumarket.lt\/ru\/wp-json\/wp\/v2\/types\/product"}],"replies":[{"embeddable":true,"href":"https:\/\/baldumarket.lt\/ru\/wp-json\/wp\/v2\/comments?post=340124"}],"wp:featuredmedia":[{"embeddable":true,"href":"https:\/\/baldumarket.lt\/ru\/wp-json\/wp\/v2\/media\/340125"}],"wp:attachment":[{"href":"https:\/\/baldumarket.lt\/ru\/wp-json\/wp\/v2\/media?parent=340124"}],"wp:term":[{"taxonomy":"product_brand","embeddable":true,"href":"https:\/\/baldumarket.lt\/ru\/wp-json\/wp\/v2\/product_brand?post=340124"},{"taxonomy":"product_cat","embeddable":true,"href":"https:\/\/baldumarket.lt\/ru\/wp-json\/wp\/v2\/product_cat?post=340124"},{"taxonomy":"product_tag","embeddable":true,"href":"https:\/\/baldumarket.lt\/ru\/wp-json\/wp\/v2\/product_tag?post=340124"}],"curies":[{"name":"WP","href":"https:\/\/api.w.org\/{rel}","templated":true}]}}