{"id":340116,"date":"2026-04-08T19:23:46","date_gmt":"2026-04-08T16:23:46","guid":{"rendered":"https:\/\/baldumarket.lt\/product\/oranzine-apsaugine-lovos-pagalve\/"},"modified":"2026-04-08T21:55:25","modified_gmt":"2026-04-08T18:55:25","slug":"oranzine-apsaugine-lovos-pagalve","status":"publish","type":"product","link":"https:\/\/baldumarket.lt\/ru\/product\/oranzine-apsaugine-lovos-pagalve\/","title":{"rendered":"Oran\u017ein\u0117 apsaugin\u0117 lovos pagalv\u0117"},"content":{"rendered":"<p>This protective bed pillow offers comfort and convenience. This product is suitable for the shorter backrest of a wooden bed. This small element is designed to provide improved comfort. It can be used on a bed designed for a child or an elderly person. It also serves as a headrest when lying down. The protective pillow is filled with special foam that resists deformation. The protective material is a cotton cover that can be washed at any time. The pillow is also available in other colors. Orange protective pillow. Length 79cm x \u00d816cm. Available colors: blue, light blue, green, red, orange, pink.<br \/>\nZipper closure.<br \/>\nMaterial: &#8211; Filling: Foam<br \/>\n&#8211; Cover: cotton, wash at 30\u00b0C<\/p>","protected":false},"excerpt":{"rendered":"<p>This protective bed pillow offers comfort and convenience. This product is suitable for the shorter backrest of a wooden bed. This small element is designed to provide improved comfort. It can be used on a bed designed for a child or an elderly person. It also serves as a headrest when lying down. The protective [&hellip;]<\/p>","protected":false},"featured_media":340117,"comment_status":"open","ping_status":"open","template":"","meta":[],"product_brand":[],"product_cat":[10176,1043],"product_tag":[],"class_list":{"0":"post-340116","1":"product","2":"type-product","3":"status-publish","4":"has-post-thumbnail","6":"product_cat-hugon-meble","7":"product_cat-extras","9":"first","10":"instock","11":"purchasable","12":"product-type-simple"},"_links":{"self":[{"href":"https:\/\/baldumarket.lt\/ru\/wp-json\/wp\/v2\/product\/340116","targetHints":{"allow":["GET"]}}],"collection":[{"href":"https:\/\/baldumarket.lt\/ru\/wp-json\/wp\/v2\/product"}],"about":[{"href":"https:\/\/baldumarket.lt\/ru\/wp-json\/wp\/v2\/types\/product"}],"replies":[{"embeddable":true,"href":"https:\/\/baldumarket.lt\/ru\/wp-json\/wp\/v2\/comments?post=340116"}],"wp:featuredmedia":[{"embeddable":true,"href":"https:\/\/baldumarket.lt\/ru\/wp-json\/wp\/v2\/media\/340117"}],"wp:attachment":[{"href":"https:\/\/baldumarket.lt\/ru\/wp-json\/wp\/v2\/media?parent=340116"}],"wp:term":[{"taxonomy":"product_brand","embeddable":true,"href":"https:\/\/baldumarket.lt\/ru\/wp-json\/wp\/v2\/product_brand?post=340116"},{"taxonomy":"product_cat","embeddable":true,"href":"https:\/\/baldumarket.lt\/ru\/wp-json\/wp\/v2\/product_cat?post=340116"},{"taxonomy":"product_tag","embeddable":true,"href":"https:\/\/baldumarket.lt\/ru\/wp-json\/wp\/v2\/product_tag?post=340116"}],"curies":[{"name":"WP","href":"https:\/\/api.w.org\/{rel}","templated":true}]}}