{"id":340096,"date":"2026-04-08T19:23:23","date_gmt":"2026-04-08T16:23:23","guid":{"rendered":"https:\/\/baldumarket.lt\/product\/malin-azuoline-knygu-lentyna-3p-1d-2363\/"},"modified":"2026-04-08T21:55:14","modified_gmt":"2026-04-08T18:55:14","slug":"malin-azuoline-knygu-lentyna-3p-1d-2363","status":"publish","type":"product","link":"https:\/\/baldumarket.lt\/ru\/product\/malin-azuoline-knygu-lentyna-3p-1d-2363\/","title":{"rendered":"Malin \u0105\u017euolin\u0117 knyg\u0173 lentyna 3P\/1D &#8211; 2363"},"content":{"rendered":"<p>\u0424\u0443\u043d\u043a\u0446\u0438\u0438:<br \/>\n\u0412\u044b\u0441\u043e\u0442\u0430: 200 \u0441\u043c.,<br \/>\n\u0428\u0438\u0440\u0438\u043d\u0430: 75 \u0441\u043c.,<br \/>\n\u0413\u043b\u0443\u0431\u0438\u043d\u0430: 45 \u0441\u043c<\/p>","protected":false},"excerpt":{"rendered":"<p>\u0425\u0430\u0440\u0430\u043a\u0442\u0435\u0440\u0438\u0441\u0442\u0438\u043a\u0438: \u0412\u044b\u0441\u043e\u0442\u0430: 200 \u0441\u043c, \u0428\u0438\u0440\u0438\u043d\u0430: 75 \u0441\u043c, \u0413\u043b\u0443\u0431\u0438\u043d\u0430: 45 \u0441\u043c<\/p>","protected":false},"featured_media":340097,"comment_status":"open","ping_status":"open","template":"","meta":[],"product_brand":[],"product_cat":[10176,1987],"product_tag":[],"class_list":{"0":"post-340096","1":"product","2":"type-product","3":"status-publish","4":"has-post-thumbnail","6":"product_cat-hugon-meble","7":"product_cat-shelving-units","9":"first","10":"instock","11":"purchasable","12":"product-type-simple"},"_links":{"self":[{"href":"https:\/\/baldumarket.lt\/ru\/wp-json\/wp\/v2\/product\/340096","targetHints":{"allow":["GET"]}}],"collection":[{"href":"https:\/\/baldumarket.lt\/ru\/wp-json\/wp\/v2\/product"}],"about":[{"href":"https:\/\/baldumarket.lt\/ru\/wp-json\/wp\/v2\/types\/product"}],"replies":[{"embeddable":true,"href":"https:\/\/baldumarket.lt\/ru\/wp-json\/wp\/v2\/comments?post=340096"}],"wp:featuredmedia":[{"embeddable":true,"href":"https:\/\/baldumarket.lt\/ru\/wp-json\/wp\/v2\/media\/340097"}],"wp:attachment":[{"href":"https:\/\/baldumarket.lt\/ru\/wp-json\/wp\/v2\/media?parent=340096"}],"wp:term":[{"taxonomy":"product_brand","embeddable":true,"href":"https:\/\/baldumarket.lt\/ru\/wp-json\/wp\/v2\/product_brand?post=340096"},{"taxonomy":"product_cat","embeddable":true,"href":"https:\/\/baldumarket.lt\/ru\/wp-json\/wp\/v2\/product_cat?post=340096"},{"taxonomy":"product_tag","embeddable":true,"href":"https:\/\/baldumarket.lt\/ru\/wp-json\/wp\/v2\/product_tag?post=340096"}],"curies":[{"name":"WP","href":"https:\/\/api.w.org\/{rel}","templated":true}]}}