{"id":339938,"date":"2026-04-08T19:20:32","date_gmt":"2026-04-08T16:20:32","guid":{"rendered":"https:\/\/baldumarket.lt\/product\/alex-isskleidziamas-azuolinis-stalas-140190x80\/"},"modified":"2026-04-08T21:01:51","modified_gmt":"2026-04-08T18:01:51","slug":"alex-isskleidziamas-azuolinis-stalas-140190x80","status":"publish","type":"product","link":"https:\/\/baldumarket.lt\/ru\/product\/alex-isskleidziamas-azuolinis-stalas-140190x80\/","title":{"rendered":"Alex i\u0161skleid\u017eiamas \u0105\u017euolinis stalas 140(190)x80"},"content":{"rendered":"<p>Details: The ALEX table is perfect for any room, especially for dining. It can be used in the kitchen, dining room, and living room. The table&#8217;s versatile design makes it suitable for a variety of interior designs, from classic to more modern. It&#8217;s also easy to match chairs. The table is made of solid oak, sealed with natural vegetable oils. These oils not only protect the wood&#8217;s structure but also enhance its natural beauty. The table is available in several sizes. The table is made of solid oak in a contemporary style. The oil finish gives it the look of natural wood. Dimensions and specifications: Length \u2013 140 (190) cm Width \u2013 80 cm Height \u2013 76 cm Tabletop: 2.2 cm Legs: 6 cm x 6 cm<br \/>\nOther table sizes available in our store: 120 x 80 cm Delivery \/ Installation: \u2022 Delivered in compact boxes. \u2022 The table is easy to assemble. The number of people required for assembly is 1-2 people. \u2022\u00a0\u00a0\u00a0 Assembly instructions and mounting accessories<\/p>","protected":false},"excerpt":{"rendered":"<p>Details: The ALEX table is perfect for any room, especially for dining. It can be used in the kitchen, dining room, and living room. The table&#8217;s versatile design makes it suitable for a variety of interior designs, from classic to more modern. It&#8217;s also easy to match chairs. The table is made of solid oak, [&hellip;]<\/p>","protected":false},"featured_media":339939,"comment_status":"open","ping_status":"open","template":"","meta":[],"product_brand":[],"product_cat":[10176,1934],"product_tag":[],"class_list":{"0":"post-339938","1":"product","2":"type-product","3":"status-publish","4":"has-post-thumbnail","6":"product_cat-hugon-meble","7":"product_cat-tables","9":"first","10":"instock","11":"purchasable","12":"product-type-simple"},"_links":{"self":[{"href":"https:\/\/baldumarket.lt\/ru\/wp-json\/wp\/v2\/product\/339938","targetHints":{"allow":["GET"]}}],"collection":[{"href":"https:\/\/baldumarket.lt\/ru\/wp-json\/wp\/v2\/product"}],"about":[{"href":"https:\/\/baldumarket.lt\/ru\/wp-json\/wp\/v2\/types\/product"}],"replies":[{"embeddable":true,"href":"https:\/\/baldumarket.lt\/ru\/wp-json\/wp\/v2\/comments?post=339938"}],"wp:featuredmedia":[{"embeddable":true,"href":"https:\/\/baldumarket.lt\/ru\/wp-json\/wp\/v2\/media\/339939"}],"wp:attachment":[{"href":"https:\/\/baldumarket.lt\/ru\/wp-json\/wp\/v2\/media?parent=339938"}],"wp:term":[{"taxonomy":"product_brand","embeddable":true,"href":"https:\/\/baldumarket.lt\/ru\/wp-json\/wp\/v2\/product_brand?post=339938"},{"taxonomy":"product_cat","embeddable":true,"href":"https:\/\/baldumarket.lt\/ru\/wp-json\/wp\/v2\/product_cat?post=339938"},{"taxonomy":"product_tag","embeddable":true,"href":"https:\/\/baldumarket.lt\/ru\/wp-json\/wp\/v2\/product_tag?post=339938"}],"curies":[{"name":"WP","href":"https:\/\/api.w.org\/{rel}","templated":true}]}}