{"id":339926,"date":"2026-04-08T19:20:17","date_gmt":"2026-04-08T16:20:17","guid":{"rendered":"https:\/\/baldumarket.lt\/product\/anton-isskleidziamas-azuolinis-stalas-160230x90-naturalaus-azuolo\/"},"modified":"2026-04-08T21:01:51","modified_gmt":"2026-04-08T18:01:51","slug":"anton-isskleidziamas-azuolinis-stalas-160230x90-naturalaus-azuolo","status":"publish","type":"product","link":"https:\/\/baldumarket.lt\/ru\/product\/anton-isskleidziamas-azuolinis-stalas-160230x90-naturalaus-azuolo\/","title":{"rendered":"Anton i\u0161skleid\u017eiamas \u0105\u017euolinis stalas 160(230)x90 \u043d\u0430\u0442\u0443\u0440\u0430\u043b\u044c\u043d\u044b\u0439 \u0105\u017euolo"},"content":{"rendered":"<p>Anton Extendable Table &#8211; Natural Oak &#8211; Details<br \/>\nThe Anton wooden table is the perfect piece of furniture for a dining nook. It&#8217;s also suitable for a larger kitchen. The table is made of solid oak, sealed with vegetable oils. This not only protects the wood but also adds a beautiful look. The table can withstand heavy loads thanks to its specially reinforced top. The minimalist, unadorned design allows it to fit into a variety of interiors. It&#8217;s available in a variety of chairs from the store. Anton tables are available in several sizes. The table is made of solid oak in a contemporary style. The oil finish gives it the look of natural wood.<br \/>\nAnton Table Dimensions and Features:<br \/>\nLength \u2013 160 (230) cm<br \/>\n\u0428\u0438\u0440\u0438\u043d\u0430 \u2013 90 \u0441\u043c<br \/>\n\u0412\u044b\u0441\u043e\u0442\u0430 \u2013 76 \u0441\u043c<br \/>\nTabletop: 1.8 cm, edges thickened to 3.6 cm<br \/>\n\u041d\u043e\u0436\u043a\u0438: 12 \u0441\u043c x 12 \u0441\u043c<br \/>\n\u0412 \u043d\u0430\u0448\u0435\u043c \u043c\u0430\u0433\u0430\u0437\u0438\u043d\u0435 \u0434\u043e\u0441\u0442\u0443\u043f\u043d\u044b \u0438 \u0434\u0440\u0443\u0433\u0438\u0435 \u0440\u0430\u0437\u043c\u0435\u0440\u044b \u0441\u0442\u043e\u043b\u043e\u0432:<br \/>\n140 x 90 \u0441\u043c<br \/>\n180 x 90 cm<br \/>\n200 x 100 \u0441\u043c<br \/>\nDelivery \/ Installation of the Anton Oak Table:<br \/>\n\u2022 \u041f\u043e\u0441\u0442\u0430\u0432\u043b\u044f\u0435\u0442\u0441\u044f \u0432 \u043a\u043e\u043c\u043f\u0430\u043a\u0442\u043d\u044b\u0445 \u043a\u043e\u0440\u043e\u0431\u043a\u0430\u0445.<br \/>\n\u2022 \u0421\u0442\u043e\u043b \u043b\u0435\u0433\u043a\u043e \u0441\u043e\u0431\u0438\u0440\u0430\u0435\u0442\u0441\u044f. \u0414\u043b\u044f \u0441\u0431\u043e\u0440\u043a\u0438 \u0442\u0440\u0435\u0431\u0443\u0435\u0442\u0441\u044f 1-2 \u0447\u0435\u043b\u043e\u0432\u0435\u043a\u0430.<br \/>\n\u2022 \u0418\u043d\u0441\u0442\u0440\u0443\u043a\u0446\u0438\u044f \u043f\u043e \u0441\u0431\u043e\u0440\u043a\u0435 \u0438 \u043c\u043e\u043d\u0442\u0430\u0436\u043d\u044b\u0435 \u043f\u0440\u0438\u043d\u0430\u0434\u043b\u0435\u0436\u043d\u043e\u0441\u0442\u0438<\/p>","protected":false},"excerpt":{"rendered":"<p>Anton Extendable Table &#8211; Natural Oak &#8211; Details The Anton wooden table is the perfect piece of furniture for a dining nook. It&#8217;s also suitable for a larger kitchen. The table is made of solid oak, sealed with vegetable oils. This not only protects the wood but also adds a beautiful look. The table can [&hellip;]<\/p>","protected":false},"featured_media":339927,"comment_status":"open","ping_status":"open","template":"","meta":[],"product_brand":[],"product_cat":[10176,1934],"product_tag":[],"class_list":{"0":"post-339926","1":"product","2":"type-product","3":"status-publish","4":"has-post-thumbnail","6":"product_cat-hugon-meble","7":"product_cat-tables","9":"first","10":"instock","11":"purchasable","12":"product-type-simple"},"_links":{"self":[{"href":"https:\/\/baldumarket.lt\/ru\/wp-json\/wp\/v2\/product\/339926","targetHints":{"allow":["GET"]}}],"collection":[{"href":"https:\/\/baldumarket.lt\/ru\/wp-json\/wp\/v2\/product"}],"about":[{"href":"https:\/\/baldumarket.lt\/ru\/wp-json\/wp\/v2\/types\/product"}],"replies":[{"embeddable":true,"href":"https:\/\/baldumarket.lt\/ru\/wp-json\/wp\/v2\/comments?post=339926"}],"wp:featuredmedia":[{"embeddable":true,"href":"https:\/\/baldumarket.lt\/ru\/wp-json\/wp\/v2\/media\/339927"}],"wp:attachment":[{"href":"https:\/\/baldumarket.lt\/ru\/wp-json\/wp\/v2\/media?parent=339926"}],"wp:term":[{"taxonomy":"product_brand","embeddable":true,"href":"https:\/\/baldumarket.lt\/ru\/wp-json\/wp\/v2\/product_brand?post=339926"},{"taxonomy":"product_cat","embeddable":true,"href":"https:\/\/baldumarket.lt\/ru\/wp-json\/wp\/v2\/product_cat?post=339926"},{"taxonomy":"product_tag","embeddable":true,"href":"https:\/\/baldumarket.lt\/ru\/wp-json\/wp\/v2\/product_tag?post=339926"}],"curies":[{"name":"WP","href":"https:\/\/api.w.org\/{rel}","templated":true}]}}