{"id":334738,"date":"2026-03-07T00:46:57","date_gmt":"2026-03-06T21:46:57","guid":{"rendered":"https:\/\/baldumarket.lt\/?post_type=product&#038;p=334738"},"modified":"2026-03-28T12:25:09","modified_gmt":"2026-03-28T09:25:09","slug":"spinta-300-240-drabuziu-kabyklos-vidines-lentynos-erdvus-isoriniai-stalciai","status":"publish","type":"product","link":"https:\/\/baldumarket.lt\/ru\/product\/spinta-300-240-drabuziu-kabyklos-vidines-lentynos-erdvus-isoriniai-stalciai\/","title":{"rendered":"Spinta 300\/240 \u2013 drabu\u017ei\u0173 kabyklos, vidin\u0117s lentynos, erdv\u016bs i\u0161oriniai stal\u010diai"},"content":{"rendered":"<p>\u0418\u0449\u0435\u0442\u0435 \u0444\u0443\u043d\u043a\u0446\u0438\u043e\u043d\u0430\u043b\u044c\u043d\u044b\u0439 \u0438 \u0432\u043c\u0435\u0441\u0442\u0438\u0442\u0435\u043b\u044c\u043d\u044b\u0439 \u0448\u043a\u0430\u0444 \u0434\u043b\u044f \u0434\u043e\u043c\u0430? \u041c\u044b \u0440\u0435\u043a\u043e\u043c\u0435\u043d\u0434\u0443\u0435\u043c \u0448\u043a\u0430\u0444 300\/240 \u043e\u0442 e-meblast.pl, \u043a\u043e\u0442\u043e\u0440\u044b\u0439 \u0431\u043b\u0430\u0433\u043e\u0434\u0430\u0440\u044f \u0441\u0432\u043e\u0438\u043c \u0432\u044b\u0434\u0432\u0438\u0436\u043d\u044b\u043c \u0441\u0435\u043a\u0446\u0438\u044f\u043c \u0432\u043c\u0435\u0441\u0442\u0438\u0442 \u0435\u0449\u0435 \u0431\u043e\u043b\u044c\u0448\u0435 \u0432\u0435\u0449\u0435\u0439.<br \/>\n\u0428\u043a\u0430\u0444 300\/240 \u0443\u043a\u0440\u0430\u0441\u0438\u0442 \u0432\u0430\u0448\u0443 \u0441\u043f\u0430\u043b\u044c\u043d\u044e \u0438\u043b\u0438 \u043f\u0440\u0438\u0445\u043e\u0436\u0443\u044e. \u041e\u043d \u0441\u043e\u0447\u0435\u0442\u0430\u0435\u0442 \u0432 \u0441\u0435\u0431\u0435 \u0441\u043e\u0432\u0440\u0435\u043c\u0435\u043d\u043d\u044b\u0439 \u0441\u0442\u0438\u043b\u044c \u0438 \u0444\u0443\u043d\u043a\u0446\u0438\u043e\u043d\u0430\u043b\u044c\u043d\u043e\u0441\u0442\u044c \u0438 \u0445\u043e\u0440\u043e\u0448\u043e \u0432\u043f\u0438\u0448\u0435\u0442\u0441\u044f \u0432 \u0431\u043e\u043b\u044c\u0448\u0438\u043d\u0441\u0442\u0432\u043e \u0438\u043d\u0442\u0435\u0440\u044c\u0435\u0440\u043e\u0432. \u0412\u043d\u0443\u0442\u0440\u0438 \u0438\u043c\u0435\u0435\u0442\u0441\u044f \u043c\u043d\u043e\u0436\u0435\u0441\u0442\u0432\u043e \u043f\u043e\u043b\u043e\u043a, \u044f\u0449\u0438\u043a\u043e\u0432 \u0438 \u0432\u0435\u0448\u0430\u043b\u043e\u043a \u0434\u043b\u044f \u043e\u0434\u0435\u0436\u0434\u044b, \u0447\u0442\u043e \u043f\u043e\u0437\u0432\u043e\u043b\u0438\u0442 \u0432\u0430\u043c \u043e\u0440\u0433\u0430\u043d\u0438\u0437\u043e\u0432\u0430\u0442\u044c \u043f\u0440\u043e\u0441\u0442\u0440\u0430\u043d\u0441\u0442\u0432\u043e \u0432 \u0448\u043a\u0430\u0444\u0443.<br \/>\n\u0428\u043a\u0430\u0444 300\/240 \u0442\u0430\u043a\u0436\u0435 \u0441\u0442\u0430\u043d\u0435\u0442 \u0438\u0434\u0435\u0430\u043b\u044c\u043d\u044b\u043c \u0434\u043e\u043f\u043e\u043b\u043d\u0435\u043d\u0438\u0435\u043c \u043a \u0432\u0430\u0448\u0435\u0439 \u0433\u043e\u0441\u0442\u0438\u043d\u043e\u0439. \u041c\u043e\u0434\u0435\u043b\u044c \u0441 \u0437\u0435\u0440\u043a\u0430\u043b\u043e\u043c \u043d\u0430 \u043f\u0435\u0440\u0435\u0434\u043d\u0435\u0439 \u043f\u0430\u043d\u0435\u043b\u0438 \u0432\u0438\u0437\u0443\u0430\u043b\u044c\u043d\u043e \u0440\u0430\u0441\u0448\u0438\u0440\u0438\u0442 \u043a\u043e\u043c\u043d\u0430\u0442\u0443, \u0430 \u0432\u043d\u0443\u0442\u0440\u0435\u043d\u043d\u0435\u0435 \u043f\u0440\u043e\u0441\u0442\u0440\u0430\u043d\u0441\u0442\u0432\u043e, \u043e\u0431\u043e\u0440\u0443\u0434\u043e\u0432\u0430\u043d\u043d\u043e\u0435 \u043f\u043e\u043b\u043a\u0430\u043c\u0438 \u0438 \u0432\u0435\u0448\u0430\u043b\u043a\u0430\u043c\u0438 \u0434\u043b\u044f \u043e\u0434\u0435\u0436\u0434\u044b, \u0432\u043c\u0435\u0441\u0442\u0438\u0442 \u043d\u0435 \u0442\u043e\u043b\u044c\u043a\u043e \u043e\u0434\u0435\u0436\u0434\u0443, \u043d\u043e \u0438 \u0431\u043e\u043b\u0435\u0435 \u043a\u0440\u0443\u043f\u043d\u044b\u0435 \u043f\u0440\u0435\u0434\u043c\u0435\u0442\u044b.<br \/>\n\u0428\u043a\u0430\u0444 \u0438\u0437\u0433\u043e\u0442\u043e\u0432\u043b\u0435\u043d \u0438\u0437 \u0432\u044b\u0441\u043e\u043a\u043e\u043a\u0430\u0447\u0435\u0441\u0442\u0432\u0435\u043d\u043d\u043e\u0439 \u043b\u0430\u043c\u0438\u043d\u0438\u0440\u043e\u0432\u0430\u043d\u043d\u043e\u0439 \u043f\u043b\u0438\u0442\u044b \u0442\u043e\u043b\u0449\u0438\u043d\u043e\u0439 18 \u043c\u043c. \u041a\u043e\u043c\u043f\u043e\u043d\u0435\u043d\u0442\u044b \u0448\u043a\u0430\u0444\u0430 \u0434\u043e\u043f\u043e\u043b\u043d\u0438\u0442\u0435\u043b\u044c\u043d\u043e \u0443\u0441\u0438\u043b\u0435\u043d\u044b \u0447\u0440\u0435\u0437\u0432\u044b\u0447\u0430\u0439\u043d\u043e \u043f\u0440\u043e\u0447\u043d\u043e\u0439 \u043a\u0440\u043e\u043c\u043a\u043e\u0439 \u0438\u0437 \u041f\u0412\u0425 \u0442\u043e\u043b\u0449\u0438\u043d\u043e\u0439 0,8 \u043c\u043c, \u0447\u0442\u043e \u043e\u0431\u0435\u0441\u043f\u0435\u0447\u0438\u0432\u0430\u0435\u0442 \u0431\u043e\u043b\u0435\u0435 \u0434\u043b\u0438\u0442\u0435\u043b\u044c\u043d\u044b\u0439 \u0441\u0440\u043e\u043a \u0441\u043b\u0443\u0436\u0431\u044b. \u041a\u0440\u043e\u043c\u0435 \u0442\u043e\u0433\u043e, \u0448\u043a\u0430\u0444 \u043f\u043e\u0441\u0442\u0430\u0432\u043b\u044f\u0435\u0442\u0441\u044f \u0441 \u0434\u043e\u043f\u043e\u043b\u043d\u0438\u0442\u0435\u043b\u044c\u043d\u043e\u0439 \u0441\u0435\u043a\u0446\u0438\u0435\u0439, \u043e\u0431\u0435\u0441\u043f\u0435\u0447\u0438\u0432\u0430\u044e\u0449\u0435\u0439 \u0431\u043e\u043b\u044c\u0448\u0435 \u043c\u0435\u0441\u0442\u0430 \u0434\u043b\u044f \u0445\u0440\u0430\u043d\u0435\u043d\u0438\u044f. \u041f\u0440\u043e\u0441\u0442\u0430\u044f \u0444\u043e\u0440\u043c\u0430 \u0438 \u0441\u043e\u0432\u0440\u0435\u043c\u0435\u043d\u043d\u044b\u0439 \u0434\u0438\u0437\u0430\u0439\u043d \u043f\u0440\u0438\u0432\u043b\u0435\u043a\u0443\u0442 \u0432\u043d\u0438\u043c\u0430\u043d\u0438\u0435 \u043d\u0435 \u0442\u043e\u043b\u044c\u043a\u043e \u0433\u043e\u0441\u0442\u0435\u0439.<\/p>\n<p>\u042f \u0432\u044b\u0431\u0438\u0440\u0430\u044e \u043c\u0435\u0431\u0435\u043b\u044c \u0432 \u043d\u0435\u043f\u043e\u0434\u0432\u043b\u0430\u0441\u0442\u043d\u043e\u043c \u0432\u0440\u0435\u043c\u0435\u043d\u0438 \u043e\u0442 \u043f\u043e\u043b\u044c\u0441\u043a\u043e\u0433\u043e \u043f\u0440\u043e\u0438\u0437\u0432\u043e\u0434\u0438\u0442\u0435\u043b\u044f.<\/p>","protected":false},"excerpt":{"rendered":"<p>\u0420\u0430\u0437\u043c\u0435\u0440\u044b:<br \/>\n\u0428\u0438\u0440\u0438\u043d\u0430: 300 \u0441\u043c<br \/>\n\u0412\u044b\u0441\u043e\u0442\u0430: 240 \u0441\u043c<br \/>\n\u0413\u043b\u0443\u0431\u0438\u043d\u0430: 57 \u0441\u043c<\/p>","protected":false},"featured_media":334844,"comment_status":"open","ping_status":"closed","template":"","meta":[],"product_brand":[],"product_cat":[9857,9985,1177],"product_tag":[],"class_list":{"0":"post-334738","1":"product","2":"type-product","3":"status-publish","4":"has-post-thumbnail","6":"product_cat-meblast","7":"product_cat-sliding-wardrobes-meblast","8":"product_cat-wardrobes","10":"first","11":"instock","12":"shipping-taxable","13":"purchasable","14":"product-type-variable","15":"wvs-archive-product-wrapper"},"_links":{"self":[{"href":"https:\/\/baldumarket.lt\/ru\/wp-json\/wp\/v2\/product\/334738","targetHints":{"allow":["GET"]}}],"collection":[{"href":"https:\/\/baldumarket.lt\/ru\/wp-json\/wp\/v2\/product"}],"about":[{"href":"https:\/\/baldumarket.lt\/ru\/wp-json\/wp\/v2\/types\/product"}],"replies":[{"embeddable":true,"href":"https:\/\/baldumarket.lt\/ru\/wp-json\/wp\/v2\/comments?post=334738"}],"wp:featuredmedia":[{"embeddable":true,"href":"https:\/\/baldumarket.lt\/ru\/wp-json\/wp\/v2\/media\/334844"}],"wp:attachment":[{"href":"https:\/\/baldumarket.lt\/ru\/wp-json\/wp\/v2\/media?parent=334738"}],"wp:term":[{"taxonomy":"product_brand","embeddable":true,"href":"https:\/\/baldumarket.lt\/ru\/wp-json\/wp\/v2\/product_brand?post=334738"},{"taxonomy":"product_cat","embeddable":true,"href":"https:\/\/baldumarket.lt\/ru\/wp-json\/wp\/v2\/product_cat?post=334738"},{"taxonomy":"product_tag","embeddable":true,"href":"https:\/\/baldumarket.lt\/ru\/wp-json\/wp\/v2\/product_tag?post=334738"}],"curies":[{"name":"WP","href":"https:\/\/api.w.org\/{rel}","templated":true}]}}