{"id":334736,"date":"2026-03-07T00:46:56","date_gmt":"2026-03-06T21:46:56","guid":{"rendered":"https:\/\/baldumarket.lt\/?post_type=product&#038;p=334736"},"modified":"2026-03-29T10:27:49","modified_gmt":"2026-03-29T07:27:49","slug":"spinta-360-220-drabuziu-kabyklos-vidines-lentynos-isoriniai-stalciai-spinteles-veidrodis","status":"publish","type":"product","link":"https:\/\/baldumarket.lt\/ru\/product\/spinta-360-220-drabuziu-kabyklos-vidines-lentynos-isoriniai-stalciai-spinteles-veidrodis\/","title":{"rendered":"Spinta 360\/220 \u2013 drabu\u017ei\u0173 kabyklos, vidin\u0117s lentynos, i\u0161oriniai stal\u010diai, spintel\u0117s, veidrodis"},"content":{"rendered":"<p>\u041e\u0442\u043a\u0440\u043e\u0439\u0442\u0435 \u0434\u043b\u044f \u0441\u0435\u0431\u044f \u0441\u043e\u0432\u0440\u0435\u043c\u0435\u043d\u043d\u044b\u0439 \u0438 \u043d\u0435\u0432\u0435\u0440\u043e\u044f\u0442\u043d\u043e \u043f\u0440\u0430\u043a\u0442\u0438\u0447\u043d\u044b\u0439 \u0448\u043a\u0430\u0444 360\/220 \u0441 \u0440\u0430\u0441\u043f\u0430\u0448\u043d\u044b\u043c\u0438 \u0434\u0432\u0435\u0440\u044f\u043c\u0438.<br \/>\n\u042d\u0442\u043e\u0442 \u0444\u0443\u043d\u043a\u0446\u0438\u043e\u043d\u0430\u043b\u044c\u043d\u044b\u0439 \u0448\u043a\u0430\u0444 \u043d\u0435 \u0442\u043e\u043b\u044c\u043a\u043e \u0432\u043c\u0435\u0441\u0442\u0438\u0442\u0435\u043b\u0435\u043d, \u043d\u043e \u0438 \u0444\u0443\u043d\u043a\u0446\u0438\u043e\u043d\u0430\u043b\u0435\u043d \u2013 \u043e\u043d \u043e\u0441\u043d\u0430\u0449\u0435\u043d \u043f\u043e\u043b\u043a\u0430\u043c\u0438, \u0432\u0435\u0448\u0430\u043b\u043a\u0430\u043c\u0438 \u0438 \u044f\u0449\u0438\u043a\u0430\u043c\u0438.<br \/>\n\u041a\u043e\u043c\u043f\u043b\u0435\u043a\u0442 \u0441\u043e\u0441\u0442\u043e\u0438\u0442 \u0438\u0437 \u0447\u0435\u0442\u044b\u0440\u0435\u0445 \u043e\u0442\u0434\u0435\u043b\u044c\u043d\u044b\u0445 \u0441\u0435\u043a\u0446\u0438\u0439, \u043a\u043e\u0442\u043e\u0440\u044b\u0435 \u0432\u043c\u0435\u0441\u0442\u0435 \u043e\u0431\u0440\u0430\u0437\u0443\u044e\u0442 \u043f\u0440\u043e\u0441\u0442\u043e\u0440\u043d\u044b\u0439 \u0448\u043a\u0430\u0444. \u041f\u0440\u0438 \u043d\u0435\u043e\u0431\u0445\u043e\u0434\u0438\u043c\u043e\u0441\u0442\u0438 \u0448\u043a\u0430\u0444\u044b \u043c\u043e\u0436\u043d\u043e \u0440\u0430\u0441\u043f\u043e\u043b\u0430\u0433\u0430\u0442\u044c \u043f\u043e \u043e\u0442\u0434\u0435\u043b\u044c\u043d\u043e\u0441\u0442\u0438. \u041a\u0430\u0436\u0434\u0430\u044f \u0441\u0435\u043a\u0446\u0438\u044f \u0438\u043c\u0435\u0435\u0442 \u0441\u0432\u043e\u044e \u0444\u0443\u043d\u043a\u0446\u0438\u043e\u043d\u0430\u043b\u044c\u043d\u043e\u0441\u0442\u044c \u0438 \u043d\u0430\u0437\u043d\u0430\u0447\u0435\u043d\u0438\u0435, \u0430 \u0438\u0445 \u043e\u0431\u044a\u0435\u0434\u0438\u043d\u0435\u043d\u0438\u0435 \u0441\u043e\u0437\u0434\u0430\u0435\u0442 \u043d\u0435\u0432\u0435\u0440\u043e\u044f\u0442\u043d\u043e \u043f\u0440\u043e\u0441\u0442\u043e\u0440\u043d\u044b\u0439 \u043a\u043e\u043c\u043f\u043b\u0435\u043a\u0442, \u0432 \u043a\u043e\u0442\u043e\u0440\u043e\u043c \u043d\u0430\u0439\u0434\u0435\u0442\u0441\u044f \u043c\u0435\u0441\u0442\u043e \u0431\u0443\u043a\u0432\u0430\u043b\u044c\u043d\u043e \u0434\u043b\u044f \u0432\u0441\u0435\u0433\u043e!<br \/>\n\u0428\u043a\u0430\u0444 360\/220 \u0438\u0434\u0435\u0430\u043b\u044c\u043d\u043e \u043f\u043e\u0434\u0445\u043e\u0434\u0438\u0442 \u043a\u0430\u043a \u0434\u043b\u044f \u0441\u043f\u0430\u043b\u044c\u043d\u0438, \u0442\u0430\u043a \u0438 \u0434\u043b\u044f \u043d\u0438\u0448\u0438 \u0432 \u043f\u0440\u0438\u0445\u043e\u0436\u0435\u0439. \u0415\u0433\u043e \u0443\u043d\u0438\u0432\u0435\u0440\u0441\u0430\u043b\u044c\u043d\u043e\u0441\u0442\u044c \u0438 \u0432\u043c\u0435\u0441\u0442\u0438\u0442\u0435\u043b\u044c\u043d\u043e\u0441\u0442\u044c \u043f\u043e\u0437\u0432\u043e\u043b\u044f\u0442 \u0445\u0440\u0430\u043d\u0438\u0442\u044c \u0440\u0430\u0437\u043d\u043e\u043e\u0431\u0440\u0430\u0437\u043d\u0443\u044e \u043e\u0434\u0435\u0436\u0434\u0443 \u0438 \u0430\u043a\u0441\u0435\u0441\u0441\u0443\u0430\u0440\u044b \u0432 \u043e\u0434\u043d\u043e\u043c \u043c\u0435\u0441\u0442\u0435, \u043e\u0431\u0435\u0441\u043f\u0435\u0447\u0438\u0432\u0430\u044f \u043f\u0440\u0438 \u044d\u0442\u043e\u043c \u043b\u0435\u0433\u043a\u0438\u0439 \u0434\u043e\u0441\u0442\u0443\u043f \u043a \u043d\u0438\u043c.<br \/>\n\u041d\u0443\u0436\u043d\u0430 \u043c\u043e\u0434\u0438\u0444\u0438\u043a\u0430\u0446\u0438\u044f? \u0421\u0432\u044f\u0436\u0438\u0442\u0435\u0441\u044c \u0441 \u043d\u0430\u043c\u0438 \u0441\u0435\u0433\u043e\u0434\u043d\u044f. \u0412\u044b\u0431\u0438\u0440\u0430\u0439\u0442\u0435 \u043a\u0430\u0447\u0435\u0441\u0442\u0432\u0435\u043d\u043d\u0443\u044e \u043c\u0435\u0431\u0435\u043b\u044c \u043d\u0430 e-meblast.pl<\/p>","protected":false},"excerpt":{"rendered":"<p>\u0420\u0430\u0437\u043c\u0435\u0440\u044b:<br \/>\n\u0428\u0438\u0440\u0438\u043d\u0430: 360 \u0441\u043c<br \/>\n\u0412\u044b\u0441\u043e\u0442\u0430: 220 \u0441\u043c<br \/>\n\u0413\u043b\u0443\u0431\u0438\u043d\u0430: 57 \u0441\u043c<\/p>","protected":false},"featured_media":334837,"comment_status":"open","ping_status":"closed","template":"","meta":[],"product_brand":[],"product_cat":[9857,9985,1177],"product_tag":[],"class_list":{"0":"post-334736","1":"product","2":"type-product","3":"status-publish","4":"has-post-thumbnail","6":"product_cat-meblast","7":"product_cat-sliding-wardrobes-meblast","8":"product_cat-wardrobes","10":"first","11":"instock","12":"shipping-taxable","13":"purchasable","14":"product-type-variable","15":"wvs-archive-product-wrapper"},"_links":{"self":[{"href":"https:\/\/baldumarket.lt\/ru\/wp-json\/wp\/v2\/product\/334736","targetHints":{"allow":["GET"]}}],"collection":[{"href":"https:\/\/baldumarket.lt\/ru\/wp-json\/wp\/v2\/product"}],"about":[{"href":"https:\/\/baldumarket.lt\/ru\/wp-json\/wp\/v2\/types\/product"}],"replies":[{"embeddable":true,"href":"https:\/\/baldumarket.lt\/ru\/wp-json\/wp\/v2\/comments?post=334736"}],"wp:featuredmedia":[{"embeddable":true,"href":"https:\/\/baldumarket.lt\/ru\/wp-json\/wp\/v2\/media\/334837"}],"wp:attachment":[{"href":"https:\/\/baldumarket.lt\/ru\/wp-json\/wp\/v2\/media?parent=334736"}],"wp:term":[{"taxonomy":"product_brand","embeddable":true,"href":"https:\/\/baldumarket.lt\/ru\/wp-json\/wp\/v2\/product_brand?post=334736"},{"taxonomy":"product_cat","embeddable":true,"href":"https:\/\/baldumarket.lt\/ru\/wp-json\/wp\/v2\/product_cat?post=334736"},{"taxonomy":"product_tag","embeddable":true,"href":"https:\/\/baldumarket.lt\/ru\/wp-json\/wp\/v2\/product_tag?post=334736"}],"curies":[{"name":"WP","href":"https:\/\/api.w.org\/{rel}","templated":true}]}}