{"id":334734,"date":"2026-03-07T00:46:54","date_gmt":"2026-03-06T21:46:54","guid":{"rendered":"https:\/\/baldumarket.lt\/?post_type=product&#038;p=334734"},"modified":"2026-03-30T09:25:10","modified_gmt":"2026-03-30T06:25:10","slug":"spinta-400-220-drabuziu-kabykla-vidines-lentynos-isoriniai-stalciai-veidrodis","status":"publish","type":"product","link":"https:\/\/baldumarket.lt\/ru\/product\/spinta-400-220-drabuziu-kabykla-vidines-lentynos-isoriniai-stalciai-veidrodis\/","title":{"rendered":"Spinta 400\/220 \u2013 drabu\u017ei\u0173 kabykla, vidin\u0117s lentynos, i\u0161oriniai stal\u010diai, veidrodis"},"content":{"rendered":"<p>\u0414\u043b\u044f \u0432\u0430\u0448\u0435\u0439 \u0433\u0430\u0440\u0434\u0435\u0440\u043e\u0431\u043d\u043e\u0439, \u0441\u043f\u0430\u043b\u044c\u043d\u0438 \u0438\u043b\u0438 \u0433\u043e\u0441\u0442\u0438\u043d\u043e\u0439 \u2013 \u043d\u0435\u0432\u0435\u0440\u043e\u044f\u0442\u043d\u043e \u0432\u043c\u0435\u0441\u0442\u0438\u0442\u0435\u043b\u044c\u043d\u044b\u0439 \u0448\u043a\u0430\u0444, \u0432 \u043a\u043e\u0442\u043e\u0440\u043e\u043c \u043f\u043e\u043c\u0435\u0441\u0442\u0438\u0442\u0441\u044f \u0432\u0441\u044f \u0432\u0430\u0448\u0430 \u043e\u0434\u0435\u0436\u0434\u0430, \u043e\u0431\u0443\u0432\u044c, \u043f\u043e\u0432\u0441\u0435\u0434\u043d\u0435\u0432\u043d\u044b\u0435 \u0432\u0435\u0449\u0438 \u0438 \u043c\u0435\u043b\u043a\u0438\u0435 \u043f\u0440\u0435\u0434\u043c\u0435\u0442\u044b.<\/p>\n<p>\u041e\u0442\u043a\u0440\u043e\u0439\u0442\u0435 \u0434\u043b\u044f \u0441\u0435\u0431\u044f \u0433\u0430\u0440\u0434\u0435\u0440\u043e\u0431 400\/220 \u043e\u0442 e-meblast.pl<br \/>\n\u0428\u043a\u0430\u0444 400\/220 \u0440\u0430\u0437\u0440\u0430\u0431\u043e\u0442\u0430\u043d \u0434\u043b\u044f \u043c\u0430\u043a\u0441\u0438\u043c\u0430\u043b\u044c\u043d\u043e\u0433\u043e \u0443\u0432\u0435\u043b\u0438\u0447\u0435\u043d\u0438\u044f \u043f\u0440\u043e\u0441\u0442\u0440\u0430\u043d\u0441\u0442\u0432\u0430 \u0434\u043b\u044f \u0445\u0440\u0430\u043d\u0435\u043d\u0438\u044f. \u041e\u0441\u043d\u0430\u0449\u0435\u043d\u043d\u044b\u0439 \u043c\u043d\u043e\u0433\u043e\u0447\u0438\u0441\u043b\u0435\u043d\u043d\u044b\u043c\u0438 \u0430\u043a\u0441\u0435\u0441\u0441\u0443\u0430\u0440\u0430\u043c\u0438, \u043e\u043d \u043e\u0431\u0435\u0441\u043f\u0435\u0447\u0438\u0432\u0430\u0435\u0442 \u043f\u0440\u0435\u0432\u043e\u0441\u0445\u043e\u0434\u043d\u0443\u044e \u043e\u0440\u0433\u0430\u043d\u0438\u0437\u0430\u0446\u0438\u044e \u0438 \u0443\u0434\u043e\u0431\u043d\u044b\u0439 \u0434\u043e\u0441\u0442\u0443\u043f \u043a \u043e\u0434\u0435\u0436\u0434\u0435 \u0438 \u0434\u0440\u0443\u0433\u0438\u043c \u0432\u0435\u0449\u0430\u043c.<br \/>\n\u0412\u043d\u0443\u0442\u0440\u0438 \u0448\u043a\u0430\u0444\u0430 \u0432\u044b \u043d\u0430\u0439\u0434\u0435\u0442\u0435 \u0447\u0435\u0442\u044b\u0440\u0435 \u0432\u0435\u0448\u0430\u043b\u043a\u0438, \u0434\u0432\u0435 \u0438\u0437 \u043a\u043e\u0442\u043e\u0440\u044b\u0445 \u043f\u0440\u0435\u0434\u043d\u0430\u0437\u043d\u0430\u0447\u0435\u043d\u044b \u0434\u043b\u044f \u0434\u043b\u0438\u043d\u043d\u044b\u0445 \u0432\u0435\u0449\u0435\u0439, \u0442\u0430\u043a\u0438\u0445 \u043a\u0430\u043a \u043f\u0430\u043b\u044c\u0442\u043e \u0438\u043b\u0438 \u043f\u043b\u0430\u0442\u044c\u044f, \u0430 \u0434\u0432\u0435 \u0434\u0440\u0443\u0433\u0438\u0435 \u2014 \u0434\u043b\u044f \u043a\u043e\u0440\u043e\u0442\u043a\u0438\u0445, \u0442\u0430\u043a\u0438\u0445 \u043a\u0430\u043a \u0440\u0443\u0431\u0430\u0448\u043a\u0438 \u0438\u043b\u0438 \u044e\u0431\u043a\u0438. \u042d\u0442\u043e \u0438\u0434\u0435\u0430\u043b\u044c\u043d\u043e\u0435 \u0440\u0435\u0448\u0435\u043d\u0438\u0435 \u0434\u043b\u044f \u043f\u043e\u0434\u0434\u0435\u0440\u0436\u0430\u043d\u0438\u044f \u043f\u043e\u0440\u044f\u0434\u043a\u0430 \u0432 \u043e\u0434\u0435\u0436\u0434\u0435 \u0438 \u043f\u0440\u0435\u0434\u043e\u0442\u0432\u0440\u0430\u0449\u0435\u043d\u0438\u044f \u043e\u0431\u0440\u0430\u0437\u043e\u0432\u0430\u043d\u0438\u044f \u0441\u043a\u043b\u0430\u0434\u043e\u043a.<\/p>\n<p>\u0411\u043e\u043b\u044c\u0448\u043e\u0435 \u043a\u043e\u043b\u0438\u0447\u0435\u0441\u0442\u0432\u043e \u043f\u043e\u043b\u043e\u043a, \u0441\u043a\u0440\u044b\u0442\u044b\u0445 \u0437\u0430 \u0434\u0432\u0435\u0440\u0446\u0430\u043c\u0438, \u043f\u043e\u0437\u0432\u043e\u043b\u044f\u0435\u0442 \u043e\u0440\u0433\u0430\u043d\u0438\u0437\u043e\u0432\u0430\u043d\u043d\u043e \u0445\u0440\u0430\u043d\u0438\u0442\u044c \u0441\u0430\u043c\u044b\u0435 \u0440\u0430\u0437\u043d\u044b\u0435 \u0432\u0435\u0449\u0438. \u0411\u0443\u0434\u044c \u0442\u043e \u043e\u0431\u0443\u0432\u044c, \u0441\u0443\u043c\u043a\u0438, \u0430\u043a\u0441\u0435\u0441\u0441\u0443\u0430\u0440\u044b \u0438\u043b\u0438 \u0434\u0440\u0443\u0433\u0438\u0435 \u043c\u0435\u043b\u043a\u0438\u0435 \u043f\u0440\u0435\u0434\u043c\u0435\u0442\u044b, \u0432\u0441\u0451 \u043d\u0430\u0439\u0434\u0451\u0442 \u0441\u0432\u043e\u0451 \u043c\u0435\u0441\u0442\u043e \u0432\u043d\u0443\u0442\u0440\u0438.<br \/>\n\u041a\u0440\u043e\u043c\u0435 \u0442\u043e\u0433\u043e, \u0441\u043d\u0430\u0440\u0443\u0436\u0438 \u0448\u043a\u0430\u0444\u0430 \u0440\u0430\u0441\u043f\u043e\u043b\u043e\u0436\u0435\u043d\u044b \u0447\u0435\u0442\u044b\u0440\u0435 \u043e\u0447\u0435\u043d\u044c \u0432\u043c\u0435\u0441\u0442\u0438\u0442\u0435\u043b\u044c\u043d\u044b\u0445 \u0431\u043e\u043b\u044c\u0448\u0438\u0445 \u044f\u0449\u0438\u043a\u0430. \u042d\u0442\u043e \u0438\u0434\u0435\u0430\u043b\u044c\u043d\u043e\u0435 \u043c\u0435\u0441\u0442\u043e \u0434\u043b\u044f \u0445\u0440\u0430\u043d\u0435\u043d\u0438\u044f \u0432\u0435\u0449\u0435\u0439, \u043a\u043e\u0442\u043e\u0440\u044b\u0435 \u0432\u044b \u0445\u043e\u0442\u0438\u0442\u0435 \u0434\u0435\u0440\u0436\u0430\u0442\u044c \u043f\u043e\u0434 \u0440\u0443\u043a\u043e\u0439, \u043d\u043e \u043f\u0440\u0438 \u044d\u0442\u043e\u043c \u043d\u0435 \u043e\u0431\u044f\u0437\u0430\u0442\u0435\u043b\u044c\u043d\u043e \u0441\u043a\u0440\u044b\u0432\u0430\u0442\u044c \u043e\u0442 \u043f\u043e\u0441\u0442\u043e\u0440\u043e\u043d\u043d\u0438\u0445 \u0433\u043b\u0430\u0437. \u0412 \u044d\u0442\u0438 \u044f\u0449\u0438\u043a\u0438 \u043c\u043e\u0436\u043d\u043e \u043f\u043e\u043c\u0435\u0441\u0442\u0438\u0442\u044c \u0441\u0430\u043c\u044b\u0435 \u0440\u0430\u0437\u043d\u044b\u0435 \u0432\u0435\u0449\u0438, \u043e\u0442 \u043d\u0438\u0436\u043d\u0435\u0433\u043e \u0431\u0435\u043b\u044c\u044f \u0438 \u043d\u043e\u0441\u043a\u043e\u0432 \u0434\u043e \u0430\u043a\u0441\u0435\u0441\u0441\u0443\u0430\u0440\u043e\u0432 \u0438 \u0434\u043e\u043a\u0443\u043c\u0435\u043d\u0442\u043e\u0432.<br \/>\n\u042d\u0442\u043e\u0442 \u0432\u043c\u0435\u0441\u0442\u0438\u0442\u0435\u043b\u044c\u043d\u044b\u0439 \u0448\u043a\u0430\u0444 \u2014 \u0438\u0434\u0435\u0430\u043b\u044c\u043d\u043e\u0435 \u0440\u0435\u0448\u0435\u043d\u0438\u0435 \u0434\u043b\u044f \u0442\u0435\u0445, \u043a\u0442\u043e \u0446\u0435\u043d\u0438\u0442 \u043f\u043e\u0440\u044f\u0434\u043e\u043a, \u043e\u0440\u0433\u0430\u043d\u0438\u0437\u043e\u0432\u0430\u043d\u043d\u043e\u0441\u0442\u044c \u0438 \u0444\u0443\u043d\u043a\u0446\u0438\u043e\u043d\u0430\u043b\u044c\u043d\u043e\u0441\u0442\u044c. \u041d\u0435\u0437\u0430\u0432\u0438\u0441\u0438\u043c\u043e \u043e\u0442 \u0442\u043e\u0433\u043e, \u043d\u0443\u0436\u043d\u043e \u043b\u0438 \u0432\u0430\u043c \u043c\u0435\u0441\u0442\u043e \u0434\u043b\u044f \u043f\u043e\u0441\u0442\u043e\u044f\u043d\u043d\u043e \u0440\u0430\u0441\u0442\u0443\u0449\u0435\u0439 \u043a\u043e\u043b\u043b\u0435\u043a\u0446\u0438\u0438 \u043e\u0434\u0435\u0436\u0434\u044b \u0438\u043b\u0438 \u0432\u044b \u0445\u043e\u0442\u0438\u0442\u0435 \u0443\u043f\u043e\u0440\u044f\u0434\u043e\u0447\u0438\u0442\u044c \u0441\u0432\u043e\u0438 \u0430\u043a\u0441\u0435\u0441\u0441\u0443\u0430\u0440\u044b \u0438 \u0431\u0435\u0437\u0434\u0435\u043b\u0443\u0448\u043a\u0438, \u044d\u0442\u043e\u0442 \u0448\u043a\u0430\u0444 \u043e\u043f\u0440\u0430\u0432\u0434\u0430\u0435\u0442 \u0432\u0430\u0448\u0438 \u043e\u0436\u0438\u0434\u0430\u043d\u0438\u044f.<br \/>\n\u041d\u0435 \u0442\u0440\u0430\u0442\u044c\u0442\u0435 \u0432\u0440\u0435\u043c\u044f \u043d\u0430 \u043f\u043e\u0438\u0441\u043a\u0438 \u0438\u0434\u0435\u0430\u043b\u044c\u043d\u043e\u0433\u043e \u0448\u043a\u0430\u0444\u0430 \u2013 \u044d\u0442\u043e\u0442 \u0431\u043e\u043b\u044c\u0448\u043e\u0439 \u0438 \u043f\u0440\u043e\u0441\u0442\u043e\u0440\u043d\u044b\u0439 \u0448\u043a\u0430\u0444 \u0433\u043e\u0442\u043e\u0432 \u0432\u043c\u0435\u0441\u0442\u0438\u0442\u044c \u0432\u0441\u0435, \u0447\u0442\u043e \u0432\u044b \u043f\u043e\u0436\u0435\u043b\u0430\u0435\u0442\u0435. \u0420\u0430\u0437\u0432\u0435\u0448\u0438\u0432\u0430\u0439\u0442\u0435 \u043e\u0434\u0435\u0436\u0434\u0443 \u043d\u0430 \u0432\u0435\u0448\u0430\u043b\u043a\u0430\u0445, \u0440\u0430\u0441\u0441\u0442\u0430\u0432\u043b\u044f\u0439\u0442\u0435 \u0432\u0435\u0449\u0438 \u043d\u0430 \u043f\u043e\u043b\u043a\u0430\u0445 \u0438 \u0445\u0440\u0430\u043d\u0438\u0442\u0435 \u043c\u0435\u043b\u043a\u0438\u0435 \u043f\u0440\u0435\u0434\u043c\u0435\u0442\u044b \u0432 \u044f\u0449\u0438\u043a\u0430\u0445. \u041d\u0430\u0432\u0435\u0434\u0438\u0442\u0435 \u043f\u043e\u0440\u044f\u0434\u043e\u043a \u0432 \u0441\u0432\u043e\u0435\u043c \u043f\u0440\u043e\u0441\u0442\u0440\u0430\u043d\u0441\u0442\u0432\u0435 \u0438 \u043d\u0430\u0441\u043b\u0430\u0436\u0434\u0430\u0439\u0442\u0435\u0441\u044c \u0445\u043e\u0440\u043e\u0448\u043e \u043e\u0440\u0433\u0430\u043d\u0438\u0437\u043e\u0432\u0430\u043d\u043d\u044b\u043c \u0438\u043d\u0442\u0435\u0440\u044c\u0435\u0440\u043e\u043c \u0441 \u044d\u0442\u0438\u043c \u043f\u0440\u0435\u0432\u043e\u0441\u0445\u043e\u0434\u043d\u044b\u043c \u0448\u043a\u0430\u0444\u043e\u043c \u043e\u0442 \u043f\u043e\u043b\u044c\u0441\u043a\u043e\u0433\u043e \u043f\u0440\u043e\u0438\u0437\u0432\u043e\u0434\u0438\u0442\u0435\u043b\u044f.<\/p>","protected":false},"excerpt":{"rendered":"<p>\u0420\u0430\u0437\u043c\u0435\u0440\u044b:<br \/>\n\u0428\u0438\u0440\u0438\u043d\u0430: 400 \u0441\u043c<br \/>\n\u0412\u044b\u0441\u043e\u0442\u0430: 220 \u0441\u043c<br \/>\n\u0413\u043b\u0443\u0431\u0438\u043d\u0430: 57 \u0441\u043c<\/p>","protected":false},"featured_media":334825,"comment_status":"open","ping_status":"closed","template":"","meta":[],"product_brand":[],"product_cat":[9857,9985,1177],"product_tag":[],"class_list":{"0":"post-334734","1":"product","2":"type-product","3":"status-publish","4":"has-post-thumbnail","6":"product_cat-meblast","7":"product_cat-sliding-wardrobes-meblast","8":"product_cat-wardrobes","10":"first","11":"instock","12":"shipping-taxable","13":"purchasable","14":"product-type-variable","15":"wvs-archive-product-wrapper"},"_links":{"self":[{"href":"https:\/\/baldumarket.lt\/ru\/wp-json\/wp\/v2\/product\/334734","targetHints":{"allow":["GET"]}}],"collection":[{"href":"https:\/\/baldumarket.lt\/ru\/wp-json\/wp\/v2\/product"}],"about":[{"href":"https:\/\/baldumarket.lt\/ru\/wp-json\/wp\/v2\/types\/product"}],"replies":[{"embeddable":true,"href":"https:\/\/baldumarket.lt\/ru\/wp-json\/wp\/v2\/comments?post=334734"}],"wp:featuredmedia":[{"embeddable":true,"href":"https:\/\/baldumarket.lt\/ru\/wp-json\/wp\/v2\/media\/334825"}],"wp:attachment":[{"href":"https:\/\/baldumarket.lt\/ru\/wp-json\/wp\/v2\/media?parent=334734"}],"wp:term":[{"taxonomy":"product_brand","embeddable":true,"href":"https:\/\/baldumarket.lt\/ru\/wp-json\/wp\/v2\/product_brand?post=334734"},{"taxonomy":"product_cat","embeddable":true,"href":"https:\/\/baldumarket.lt\/ru\/wp-json\/wp\/v2\/product_cat?post=334734"},{"taxonomy":"product_tag","embeddable":true,"href":"https:\/\/baldumarket.lt\/ru\/wp-json\/wp\/v2\/product_tag?post=334734"}],"curies":[{"name":"WP","href":"https:\/\/api.w.org\/{rel}","templated":true}]}}