{"id":334412,"date":"2026-03-07T00:36:07","date_gmt":"2026-03-06T21:36:07","guid":{"rendered":"https:\/\/baldumarket.lt\/?post_type=product&#038;p=334412"},"modified":"2026-03-31T10:16:49","modified_gmt":"2026-03-31T07:16:49","slug":"moduline-kampine-spinta-270-cm-kasmyro-smelio-spalvos-max-premium-komplektas","status":"publish","type":"product","link":"https:\/\/baldumarket.lt\/ru\/product\/moduline-kampine-spinta-270-cm-kasmyro-smelio-spalvos-max-premium-komplektas\/","title":{"rendered":"Modulin\u0117 kampin\u0117 spinta 270 cm, ka\u0161myro sm\u0117lio spalvos \u2013 MAX Premium komplektas"},"content":{"rendered":"<p>\u041a\u043e\u043c\u043f\u043b\u0435\u043a\u0442 \u043c\u043e\u0434\u0443\u043b\u044c\u043d\u044b\u0445 \u0448\u043a\u0430\u0444\u043e\u0432 \u0448\u0438\u0440\u0438\u043d\u043e\u0439 270 \u0441\u043c, \u0432\u044b\u0441\u043e\u0442\u043e\u0439 224 \u0441\u043c \u0438 \u0433\u043b\u0443\u0431\u0438\u043d\u043e\u0439 54 \u0441\u043c, \u0432\u044b\u043f\u043e\u043b\u043d\u0435\u043d\u043d\u044b\u0439 \u0432 \u044d\u043b\u0435\u0433\u0430\u043d\u0442\u043d\u043e\u043c \u0431\u0435\u0436\u0435\u0432\u043e\u043c \u0446\u0432\u0435\u0442\u0435 \u201c\u041a\u0430\u0448\u0435\u043c\u0438\u0440\u201d. \u041c\u0430\u0442\u043e\u0432\u044b\u0435 \u0447\u0435\u0440\u043d\u044b\u0435 \u0440\u0443\u0447\u043a\u0438 \u0434\u043e\u043f\u043e\u043b\u043d\u044f\u044e\u0442 \u0441\u043e\u0432\u0440\u0435\u043c\u0435\u043d\u043d\u044b\u0439 \u043c\u0438\u043d\u0438\u043c\u0430\u043b\u0438\u0441\u0442\u0438\u0447\u043d\u044b\u0439 \u0445\u0430\u0440\u0430\u043a\u0442\u0435\u0440 \u043c\u0435\u0431\u0435\u043b\u0438. \u0412 \u043a\u043e\u043c\u043f\u043b\u0435\u043a\u0442 \u0432\u0445\u043e\u0434\u044f\u0442 \u0448\u043a\u0430\u0444 \u0432\u044b\u0441\u043e\u0442\u043e\u0439 100 \u0441\u043c, \u0443\u0433\u043b\u043e\u0432\u043e\u0439 \u0448\u043a\u0430\u0444 \u0441 \u0437\u0435\u0440\u043a\u0430\u043b\u043e\u043c \u0438 \u0448\u043a\u0430\u0444 \u0448\u0438\u0440\u0438\u043d\u043e\u0439 80 \u0441\u043c, \u043e\u0431\u0440\u0430\u0437\u0443\u044e\u0449\u0438\u0435 \u0443\u0433\u043b\u043e\u0432\u043e\u0439 \u0431\u043b\u043e\u043a, \u043a\u043e\u0442\u043e\u0440\u044b\u0439 \u0438\u0434\u0435\u0430\u043b\u044c\u043d\u043e \u0438\u0441\u043f\u043e\u043b\u044c\u0437\u0443\u0435\u0442 \u043f\u0440\u043e\u0441\u0442\u0440\u0430\u043d\u0441\u0442\u0432\u043e \u0432\u0434\u043e\u043b\u044c \u043e\u0431\u0435\u0438\u0445 \u0441\u0442\u0435\u043d.<\/p>\n<p>\u0412\u043d\u0443\u0442\u0440\u0435\u043d\u043d\u0435\u0435 \u0443\u0441\u0442\u0440\u043e\u0439\u0441\u0442\u0432\u043e \u0440\u0430\u0437\u0440\u0430\u0431\u043e\u0442\u0430\u043d\u043e \u0441 \u0443\u0447\u0435\u0442\u043e\u043c \u043f\u043e\u0432\u0441\u0435\u0434\u043d\u0435\u0432\u043d\u043e\u0433\u043e \u0443\u0434\u043e\u0431\u0441\u0442\u0432\u0430 \u0438 \u0438\u0434\u0435\u0430\u043b\u044c\u043d\u043e\u0439 \u043e\u0440\u0433\u0430\u043d\u0438\u0437\u0430\u0446\u0438\u0438. \u041f\u0440\u043e\u0441\u0442\u043e\u0440\u043d\u044b\u0435 \u043f\u043e\u043b\u043a\u0438 \u043f\u043e\u0437\u0432\u043e\u043b\u044f\u044e\u0442 \u0445\u0440\u0430\u043d\u0438\u0442\u044c \u043e\u0434\u0435\u0436\u0434\u0443 \u0438 \u0430\u043a\u0441\u0435\u0441\u0441\u0443\u0430\u0440\u044b, \u0432\u0435\u0448\u0430\u043b\u043a\u0438 \u043e\u0431\u0435\u0441\u043f\u0435\u0447\u0438\u0432\u0430\u044e\u0442 \u043c\u0435\u0441\u0442\u043e \u0434\u043b\u044f \u0440\u0430\u0437\u0432\u0435\u0448\u0438\u0432\u0430\u043d\u0438\u044f \u043e\u0434\u0435\u0436\u0434\u044b, \u0430 \u0444\u0443\u043d\u043a\u0446\u0438\u043e\u043d\u0430\u043b\u044c\u043d\u044b\u0435 \u044f\u0449\u0438\u043a\u0438 \u043f\u043e\u043c\u043e\u0433\u0430\u044e\u0442 \u043e\u0440\u0433\u0430\u043d\u0438\u0437\u043e\u0432\u0430\u0442\u044c \u043c\u0435\u043b\u043a\u0438\u0435 \u043f\u0440\u0435\u0434\u043c\u0435\u0442\u044b \u0433\u0430\u0440\u0434\u0435\u0440\u043e\u0431\u0430. \u0417\u0435\u0440\u043a\u0430\u043b\u043e \u043d\u0430 \u043f\u0435\u0440\u0435\u0434\u043d\u0435\u0439 \u043f\u0430\u043d\u0435\u043b\u0438 \u0432\u0438\u0437\u0443\u0430\u043b\u044c\u043d\u043e \u0440\u0430\u0441\u0448\u0438\u0440\u044f\u0435\u0442 \u0432\u043d\u0443\u0442\u0440\u0435\u043d\u043d\u0435\u0435 \u043f\u0440\u043e\u0441\u0442\u0440\u0430\u043d\u0441\u0442\u0432\u043e \u0438 \u0434\u043e\u0431\u0430\u0432\u043b\u044f\u0435\u0442 \u043b\u0435\u0433\u043a\u043e\u0441\u0442\u0438.<\/p>\n<p>\u0412\u0435\u0441\u044c \u043a\u043e\u043c\u043f\u043b\u0435\u043a\u0442 \u0438\u0437\u0433\u043e\u0442\u043e\u0432\u043b\u0435\u043d \u043f\u043e \u0441\u0442\u0430\u043d\u0434\u0430\u0440\u0442\u0443 MAX Premium \u2013 \u044f\u0449\u0438\u043a\u0438 \u043e\u0441\u043d\u0430\u0449\u0435\u043d\u044b \u043d\u0430\u043f\u0440\u0430\u0432\u043b\u044f\u044e\u0449\u0438\u043c\u0438 \u043f\u043e\u043b\u043d\u043e\u0433\u043e \u0432\u044b\u0434\u0432\u0438\u0436\u0435\u043d\u0438\u044f \u0438 \u0441\u0438\u0441\u0442\u0435\u043c\u043e\u0439 \u043f\u043b\u0430\u0432\u043d\u043e\u0433\u043e \u0437\u0430\u043a\u0440\u044b\u0432\u0430\u043d\u0438\u044f, \u043f\u0435\u0442\u043b\u0438 \u0438\u043c\u0435\u044e\u0442 \u043c\u0435\u0445\u0430\u043d\u0438\u0437\u043c\u044b \u043f\u043b\u0430\u0432\u043d\u043e\u0433\u043e \u0437\u0430\u043a\u0440\u044b\u0432\u0430\u043d\u0438\u044f, \u0430 \u043f\u0440\u043e\u0447\u043d\u044b\u0435 \u043c\u0435\u0442\u0430\u043b\u043b\u0438\u0447\u0435\u0441\u043a\u0438\u0435 \u0440\u0443\u0447\u043a\u0438 \u043e\u0431\u0435\u0441\u043f\u0435\u0447\u0438\u0432\u0430\u044e\u0442 \u043a\u043e\u043c\u0444\u043e\u0440\u0442\u043d\u043e\u0435 \u0438\u0441\u043f\u043e\u043b\u044c\u0437\u043e\u0432\u0430\u043d\u0438\u0435. \u041c\u043e\u0434\u0443\u043b\u044c\u043d\u0430\u044f \u043a\u043e\u043d\u0441\u0442\u0440\u0443\u043a\u0446\u0438\u044f \u043f\u043e\u0437\u0432\u043e\u043b\u044f\u0435\u0442 \u043a\u043e\u043c\u0431\u0438\u043d\u0438\u0440\u043e\u0432\u0430\u0442\u044c \u0435\u0433\u043e \u0441 \u0434\u0440\u0443\u0433\u0438\u043c\u0438 \u044d\u043b\u0435\u043c\u0435\u043d\u0442\u0430\u043c\u0438 \u0441\u0438\u0441\u0442\u0435\u043c\u044b, \u0441\u043e\u0437\u0434\u0430\u0432\u0430\u044f \u043a\u043e\u043d\u0441\u0442\u0440\u0443\u043a\u0446\u0438\u044e, \u0430\u0434\u0430\u043f\u0442\u0438\u0440\u043e\u0432\u0430\u043d\u043d\u0443\u044e \u043a \u0432\u0430\u0448\u0438\u043c \u0438\u043d\u0434\u0438\u0432\u0438\u0434\u0443\u0430\u043b\u044c\u043d\u044b\u043c \u043f\u043e\u0442\u0440\u0435\u0431\u043d\u043e\u0441\u0442\u044f\u043c \u0438 \u0440\u0430\u0437\u043c\u0435\u0440\u0430\u043c \u043f\u043e\u043c\u0435\u0449\u0435\u043d\u0438\u044f.<\/p>","protected":false},"excerpt":{"rendered":"<p>\u0420\u0430\u0437\u043c\u0435\u0440\u044b:<br \/>\n\u0428\u0438\u0440\u0438\u043d\u0430: 189 \u0441\u043c x 169 \u0441\u043c<br \/>\n\u0412\u044b\u0441\u043e\u0442\u0430: 225 \u0441\u043c<br \/>\n\u0413\u043b\u0443\u0431\u0438\u043d\u0430: 54 \u0441\u043c<\/p>","protected":false},"featured_media":334502,"comment_status":"open","ping_status":"closed","template":"","meta":[],"product_brand":[],"product_cat":[9990,9857,1177],"product_tag":[],"class_list":{"0":"post-334412","1":"product","2":"type-product","3":"status-publish","4":"has-post-thumbnail","6":"product_cat-furniture-system-max","7":"product_cat-meblast","8":"product_cat-wardrobes","10":"first","11":"instock","12":"shipping-taxable","13":"purchasable","14":"product-type-variable","15":"wvs-archive-product-wrapper"},"_links":{"self":[{"href":"https:\/\/baldumarket.lt\/ru\/wp-json\/wp\/v2\/product\/334412","targetHints":{"allow":["GET"]}}],"collection":[{"href":"https:\/\/baldumarket.lt\/ru\/wp-json\/wp\/v2\/product"}],"about":[{"href":"https:\/\/baldumarket.lt\/ru\/wp-json\/wp\/v2\/types\/product"}],"replies":[{"embeddable":true,"href":"https:\/\/baldumarket.lt\/ru\/wp-json\/wp\/v2\/comments?post=334412"}],"wp:featuredmedia":[{"embeddable":true,"href":"https:\/\/baldumarket.lt\/ru\/wp-json\/wp\/v2\/media\/334502"}],"wp:attachment":[{"href":"https:\/\/baldumarket.lt\/ru\/wp-json\/wp\/v2\/media?parent=334412"}],"wp:term":[{"taxonomy":"product_brand","embeddable":true,"href":"https:\/\/baldumarket.lt\/ru\/wp-json\/wp\/v2\/product_brand?post=334412"},{"taxonomy":"product_cat","embeddable":true,"href":"https:\/\/baldumarket.lt\/ru\/wp-json\/wp\/v2\/product_cat?post=334412"},{"taxonomy":"product_tag","embeddable":true,"href":"https:\/\/baldumarket.lt\/ru\/wp-json\/wp\/v2\/product_tag?post=334412"}],"curies":[{"name":"WP","href":"https:\/\/api.w.org\/{rel}","templated":true}]}}